{"id":8561,"date":"2021-11-25T14:12:38","date_gmt":"2021-11-25T13:12:38","guid":{"rendered":"https:\/\/www.upm.es\/recursosidi\/offers-resources\/sin categor\u00eda\/metodo-y-sistema-de-estimacion-de-los-esfuerzos-generados-por-el-contacto-del-neumatico-con-la-calzada-en-una-llanta-instrumentalizada\/"},"modified":"2022-08-10T02:10:59","modified_gmt":"2022-08-10T00:10:59","slug":"metodo-y-sistema-de-estimacion-de-los-esfuerzos-generados-por-el-contacto-del-neumatico-con-la-calzada-en-una-llanta-instrumentalizada","status":"publish","type":"product","link":"https:\/\/www.upm.es\/recursosidi\/offers-resources\/patentes\/metodo-y-sistema-de-estimacion-de-los-esfuerzos-generados-por-el-contacto-del-neumatico-con-la-calzada-en-una-llanta-instrumentalizada\/","title":{"rendered":"M\u00e9todo y sistema de estimaci\u00f3n de los esfuerzos generados por el contacto del neum\u00e1tico con la calzada en una llanta instrumentalizada"},"content":{"rendered":"<h5>Descripci\u00f3n de la patente <\/h5>\n<p>M\u00e9todo de medida de las fuerzas y de los momentos que se generan en<br \/>\nel contacto neum\u00e1tico\/calzada a partir de la combinaci\u00f3n de se\u00f1ales de<br \/>\ndeformaci\u00f3n unitaria medidas en diferentes posiciones angulares y radiales de<br \/>\nla llanta. Las posiciones angulares en las que se coloquen los sensores ser\u00e1n<br \/>\nlas que permita la geometr\u00eda de la llanta. Mediante la combinaci\u00f3n de las<br \/>\nse\u00f1ales de deformaci\u00f3n se obtienen seis o m\u00e1s se\u00f1ales que son<br \/>\nindependientes de la posici\u00f3n angular de los sensores de medida respecto al<br \/>\npunto de contacto neum\u00e1tico\/calzada. En las se\u00f1ales anteriores, se ha<br \/>\neliminado la contribuci\u00f3n de la temperatura y de las cargas que generan<br \/>\nse\u00f1ales de deformaci\u00f3n que no dependen de dicha posici\u00f3n angular de los<br \/>\npuntos de medida, tales como las fuerzas centr\u00edfugas. A partir de estas<br \/>\nse\u00f1ales, las cargas se estiman mediante la resoluci\u00f3n de dos sistemas de<br \/>\necuaciones lineales con tres inc\u00f3gnitas cada uno.<\/p>\n<h5>Situaci\u00f3n <\/h5>\n<p>Concedida<\/p>\n<h5>N\u00famero de solicitud<\/h5>\n<p>P201130287<\/p>\n<h5>N\u00famero de publicaci\u00f3n<\/h5>\n<p>ES2363400<\/p>\n<h5>Fecha de presentaci\u00f3n <\/h5>\n<p>03\/03\/2011<\/p>\n<h5>Fecha de concesi\u00f3n <\/h5>\n<p>07\/12\/2011<\/p>\n<h4><strong>Extensiones Internacionales<\/strong><\/h4>\n<h5>PA\u00cdSES<\/h5>\n<p><strong>Pa\u00eds: <\/strong>EEUU<br \/><strong>N\u00famero de solicitud: <\/strong>US 14\/002,858; US9404820<br \/><strong>Titulo: <\/strong>METHOD AND SYSTEM FOR ESTIMATING THE FORCES AND TORQUES GENERATED BY THE CONTACT OF A TIRE WITH THE ROAD IN AN INSTRUMENTED WHEEL<br \/><strong>Situaci\u00f3n: <\/strong>Concedida<\/p>\n<div class=\"pdfprnt-buttons pdfprnt-buttons-product pdfprnt-bottom-left\"><a href=\"https:\/\/www.upm.es\/recursosidi\/wp-json\/wp\/v2\/product\/8561?print=pdf\" class=\"pdfprnt-button pdfprnt-button-pdf\" target=\"_blank\"><span class=\"pdfprnt-button-title pdfprnt-button-pdf-title\">Descargar ficha<\/span><\/a><\/div>","protected":false},"excerpt":{"rendered":"<p>Descripci\u00f3n de la patente M\u00e9todo de medida de las fuerzas y de los momentos que se generan en el contacto neum\u00e1tico\/calzada a partir de la&hellip;<\/p>\n","protected":false},"featured_media":0,"template":"","meta":{"_acf_changed":false},"product_cat":[3946],"product_tag":[],"comunidades-upm":[],"quien":[],"mapa":[],"disponibilidad":[],"donde":[{"term_id":240,"name":"Instituto Universitario de Investigaci\u00f3n del Autom\u00f3vil (INSIA)","slug":"instituto-universitario-de-investigacion-del-automovil-insia","term_group":0,"term_taxonomy_id":240,"taxonomy":"donde","description":"","parent":0,"count":18,"filter":"raw","term_order":"0"}],"infraestructura":[],"ods":[],"origen":[{"term_id":180,"name":"Patente","slug":"patente","term_group":0,"term_taxonomy_id":180,"taxonomy":"origen","description":"","parent":0,"count":614,"filter":"raw","term_order":"0"}],"familia_tax":false,"quien_tax":false,"donde_tax":false,"year":"","contacto":"<strong>Principales: <\/strong><ul><li>FRANCISCO JAVIER GARCIA DE JALON DE LA FUENTE <blockquote><strong>javier.garciadejalon@upm.es<\/strong><\/blockquote><\/li><li>Maria Dolores Gutierrez Lopez <blockquote><strong>md.gutierrez@upm.es<\/strong><\/blockquote><\/li><\/ul>","telefono":"","pagina_web":"","email":"","id_ficha_portal":"588","video":"","adjuntos":false,"adjuntos_portal":"https:\/\/www.upm.es\/S2i\/Acuse\/recuperarArchivo.jsp?id=588&id_archivo=535&tipo=patente&extension=fichero ;https:\/\/www.upm.es\/S2i\/Acuse\/recuperarArchivo.jsp?id=588&id_archivo=7087&tipo=patente&extension=fichero ","inf":false,"departamento":"","acf":[],"lang":"es","translation":{"es":8561},"_links":{"self":[{"href":"https:\/\/www.upm.es\/recursosidi\/wp-json\/wp\/v2\/product\/8561"}],"collection":[{"href":"https:\/\/www.upm.es\/recursosidi\/wp-json\/wp\/v2\/product"}],"about":[{"href":"https:\/\/www.upm.es\/recursosidi\/wp-json\/wp\/v2\/types\/product"}],"wp:attachment":[{"href":"https:\/\/www.upm.es\/recursosidi\/wp-json\/wp\/v2\/media?parent=8561"}],"wp:term":[{"taxonomy":"product_cat","embeddable":true,"href":"https:\/\/www.upm.es\/recursosidi\/wp-json\/wp\/v2\/product_cat?post=8561"},{"taxonomy":"product_tag","embeddable":true,"href":"https:\/\/www.upm.es\/recursosidi\/wp-json\/wp\/v2\/product_tag?post=8561"},{"taxonomy":"comunidad_upm","embeddable":true,"href":"https:\/\/www.upm.es\/recursosidi\/wp-json\/wp\/v2\/comunidades-upm?post=8561"},{"taxonomy":"quien","embeddable":true,"href":"https:\/\/www.upm.es\/recursosidi\/wp-json\/wp\/v2\/quien?post=8561"},{"taxonomy":"mapa","embeddable":true,"href":"https:\/\/www.upm.es\/recursosidi\/wp-json\/wp\/v2\/mapa?post=8561"},{"taxonomy":"disponibilidad","embeddable":true,"href":"https:\/\/www.upm.es\/recursosidi\/wp-json\/wp\/v2\/disponibilidad?post=8561"},{"taxonomy":"donde","embeddable":true,"href":"https:\/\/www.upm.es\/recursosidi\/wp-json\/wp\/v2\/donde?post=8561"},{"taxonomy":"infraestructura","embeddable":true,"href":"https:\/\/www.upm.es\/recursosidi\/wp-json\/wp\/v2\/infraestructura?post=8561"},{"taxonomy":"ods","embeddable":true,"href":"https:\/\/www.upm.es\/recursosidi\/wp-json\/wp\/v2\/ods?post=8561"},{"taxonomy":"origen","embeddable":true,"href":"https:\/\/www.upm.es\/recursosidi\/wp-json\/wp\/v2\/origen?post=8561"}],"curies":[{"name":"wp","href":"https:\/\/api.w.org\/{rel}","templated":true}]}}