{"id":8565,"date":"2021-11-25T14:12:48","date_gmt":"2021-11-25T13:12:48","guid":{"rendered":"https:\/\/www.upm.es\/recursosidi\/offers-resources\/sin categor\u00eda\/dispositivo-para-ensayo-de-erosion-de-materiales-fabricados-con-tierra-cruda-mediante-pulverizado-horizontal-de-agua-a-presion\/"},"modified":"2022-08-10T02:11:10","modified_gmt":"2022-08-10T00:11:10","slug":"dispositivo-para-ensayo-de-erosion-de-materiales-fabricados-con-tierra-cruda-mediante-pulverizado-horizontal-de-agua-a-presion","status":"publish","type":"product","link":"https:\/\/www.upm.es\/recursosidi\/offers-resources\/patentes\/dispositivo-para-ensayo-de-erosion-de-materiales-fabricados-con-tierra-cruda-mediante-pulverizado-horizontal-de-agua-a-presion\/","title":{"rendered":"Dispositivo para ensayo de erosi\u00f3n de materiales fabricados con tierra cruda mediante pulverizado horizontal de agua a presi\u00f3n"},"content":{"rendered":"<h5>Descripci\u00f3n de la patente <\/h5>\n<p>Se trata de un dispositivo que permite evaluar el efecto del agua pulverizada a presi\u00f3n sobre piezas de tierra sin cocer (adobe, bloques de tierra comprimida y unidades de tapial). Ha sido dise\u00f1ado para poder ensayar piezas en el laboratorio o a pie de obra, para ello se han instalado un sencillo sistema de transporte. Adem\u00e1s de otra serie de ventajas por ser un sistema aut\u00f3nomo (ahorro de agua), v\u00e1lido para ensayar muestras de tama\u00f1o variable, tener diferentes distancias de aplicaci\u00f3n, presiones y \u00e1reas de aplicaci\u00f3n variables seg\u00fan las condiciones de ensayo a aplicar. Consta de un sistema de vaciado-filtrado-llenado, un sistema de presi\u00f3n (man\u00f3metro, orificio de salida) y una base m\u00f3vil adaptable para la colocaci\u00f3n de muestras de distintos tama\u00f1os.<\/p>\n<p>Este dispositivo o modelo de ensayo est\u00e1 dise\u00f1ado espec\u00edficamente para poder realizar ensayos de erosi\u00f3n por pulverizado de agua a presi\u00f3n en piezas de tierra sin cocer.<\/p>\n<h5>Situaci\u00f3n <\/h5>\n<p>Concedida<\/p>\n<h5>N\u00famero de solicitud<\/h5>\n<p>P201230672<\/p>\n<h5>N\u00famero de publicaci\u00f3n<\/h5>\n<p>ES2383658<\/p>\n<h5>Fecha de presentaci\u00f3n <\/h5>\n<p>04\/05\/2012<\/p>\n<h5>Fecha de concesi\u00f3n <\/h5>\n<p>11\/10\/2012<\/p>\n<div class=\"pdfprnt-buttons pdfprnt-buttons-product pdfprnt-bottom-left\"><a href=\"https:\/\/www.upm.es\/recursosidi\/wp-json\/wp\/v2\/product\/8565?print=pdf\" class=\"pdfprnt-button pdfprnt-button-pdf\" target=\"_blank\"><span class=\"pdfprnt-button-title pdfprnt-button-pdf-title\">Descargar ficha<\/span><\/a><\/div>","protected":false},"excerpt":{"rendered":"<p>Descripci\u00f3n de la patente Se trata de un dispositivo que permite evaluar el efecto del agua pulverizada a presi\u00f3n sobre piezas de tierra sin cocer&hellip;<\/p>\n","protected":false},"featured_media":0,"template":"","meta":{"_acf_changed":false},"product_cat":[3946],"product_tag":[],"comunidades-upm":[],"quien":[],"mapa":[],"disponibilidad":[],"donde":[{"term_id":306,"name":"Patrimonio, paisaje, documentaci\u00f3n gr\u00e1fica y construcci\u00f3n agroforestal","slug":"patrimonio-paisaje-documentacion-grafica-y-construccion-agroforestal","term_group":0,"term_taxonomy_id":306,"taxonomy":"donde","description":"","parent":0,"count":3,"filter":"raw","term_order":"0"}],"infraestructura":[],"ods":[],"origen":[{"term_id":180,"name":"Patente","slug":"patente","term_group":0,"term_taxonomy_id":180,"taxonomy":"origen","description":"","parent":0,"count":614,"filter":"raw","term_order":"0"}],"familia_tax":false,"quien_tax":false,"donde_tax":false,"year":"","contacto":"<strong>Principales: <\/strong><ul><li>Pablo Mosquera Arancibia <blockquote><strong><\/strong><\/blockquote><\/li><li>FERNANDO RUIZ MAZARRON <blockquote><strong>f.ruiz@upm.es<\/strong><\/blockquote><\/li><li>JAIME CID FALCETO <blockquote><strong><\/strong><\/blockquote><\/li><li>IGNACIO CA\u00d1AS GUERRERO <blockquote><strong>ignacio.canas@upm.es<\/strong><\/blockquote><\/li><\/ul>","telefono":"","pagina_web":"","email":"","id_ficha_portal":"689","video":"","adjuntos":false,"adjuntos_portal":"https:\/\/www.upm.es\/S2i\/Acuse\/recuperarArchivo.jsp?id=689&id_archivo=1765&tipo=patente&extension=fichero ","inf":false,"departamento":"","acf":[],"lang":"es","translation":{"es":8565},"_links":{"self":[{"href":"https:\/\/www.upm.es\/recursosidi\/wp-json\/wp\/v2\/product\/8565"}],"collection":[{"href":"https:\/\/www.upm.es\/recursosidi\/wp-json\/wp\/v2\/product"}],"about":[{"href":"https:\/\/www.upm.es\/recursosidi\/wp-json\/wp\/v2\/types\/product"}],"wp:attachment":[{"href":"https:\/\/www.upm.es\/recursosidi\/wp-json\/wp\/v2\/media?parent=8565"}],"wp:term":[{"taxonomy":"product_cat","embeddable":true,"href":"https:\/\/www.upm.es\/recursosidi\/wp-json\/wp\/v2\/product_cat?post=8565"},{"taxonomy":"product_tag","embeddable":true,"href":"https:\/\/www.upm.es\/recursosidi\/wp-json\/wp\/v2\/product_tag?post=8565"},{"taxonomy":"comunidad_upm","embeddable":true,"href":"https:\/\/www.upm.es\/recursosidi\/wp-json\/wp\/v2\/comunidades-upm?post=8565"},{"taxonomy":"quien","embeddable":true,"href":"https:\/\/www.upm.es\/recursosidi\/wp-json\/wp\/v2\/quien?post=8565"},{"taxonomy":"mapa","embeddable":true,"href":"https:\/\/www.upm.es\/recursosidi\/wp-json\/wp\/v2\/mapa?post=8565"},{"taxonomy":"disponibilidad","embeddable":true,"href":"https:\/\/www.upm.es\/recursosidi\/wp-json\/wp\/v2\/disponibilidad?post=8565"},{"taxonomy":"donde","embeddable":true,"href":"https:\/\/www.upm.es\/recursosidi\/wp-json\/wp\/v2\/donde?post=8565"},{"taxonomy":"infraestructura","embeddable":true,"href":"https:\/\/www.upm.es\/recursosidi\/wp-json\/wp\/v2\/infraestructura?post=8565"},{"taxonomy":"ods","embeddable":true,"href":"https:\/\/www.upm.es\/recursosidi\/wp-json\/wp\/v2\/ods?post=8565"},{"taxonomy":"origen","embeddable":true,"href":"https:\/\/www.upm.es\/recursosidi\/wp-json\/wp\/v2\/origen?post=8565"}],"curies":[{"name":"wp","href":"https:\/\/api.w.org\/{rel}","templated":true}]}}