{"id":8566,"date":"2021-11-25T14:12:51","date_gmt":"2021-11-25T13:12:51","guid":{"rendered":"https:\/\/www.upm.es\/recursosidi\/offers-resources\/sin categor\u00eda\/mezcla-de-cemento\/"},"modified":"2022-08-10T02:11:12","modified_gmt":"2022-08-10T00:11:12","slug":"mezcla-de-cemento","status":"publish","type":"product","link":"https:\/\/www.upm.es\/recursosidi\/offers-resources\/patentes\/mezcla-de-cemento\/","title":{"rendered":"Mezcla de cemento"},"content":{"rendered":"<h5>Descripci\u00f3n de la patente <\/h5>\n<p>Material para aislamiento t\u00e9rmico de base cementicia que comprende cenizas volantes, cal, polvo de aluminio, y metacaol\u00edn o sepiolita. Este material permite su uso mediante equipos neum\u00e1ticos de proyecci\u00f3n adem\u00e1s de rellenos de c\u00e1maras mediante colada o la elaboraci\u00f3n de paneles prefabricados en moldes. Permite sustituir los sistemas de aislamiento de espumas polim\u00e9ricas, que pueden producir gases t\u00f3xicos en caso de incendio y resultan especialmente peligrosos en caso de estar colocados en c\u00e1maras ventiladas exteriores de fachadas en v\u00edas de evacuaci\u00f3n de los edificios.<\/p>\n<h5>Situaci\u00f3n <\/h5>\n<p>Concedida<\/p>\n<h5>N\u00famero de solicitud<\/h5>\n<p>P201231012<\/p>\n<h5>N\u00famero de publicaci\u00f3n<\/h5>\n<p>ES2385232<\/p>\n<h5>Fecha de presentaci\u00f3n <\/h5>\n<p>29\/06\/2012<\/p>\n<h5>Fecha de concesi\u00f3n <\/h5>\n<p>30\/10\/2012<\/p>\n<div class=\"pdfprnt-buttons pdfprnt-buttons-product pdfprnt-bottom-left\"><a href=\"https:\/\/www.upm.es\/recursosidi\/wp-json\/wp\/v2\/product\/8566?print=pdf\" class=\"pdfprnt-button pdfprnt-button-pdf\" target=\"_blank\"><span class=\"pdfprnt-button-title pdfprnt-button-pdf-title\">Descargar ficha<\/span><\/a><\/div>","protected":false},"excerpt":{"rendered":"<p>Descripci\u00f3n de la patente Material para aislamiento t\u00e9rmico de base cementicia que comprende cenizas volantes, cal, polvo de aluminio, y metacaol\u00edn o sepiolita. Este material&hellip;<\/p>\n","protected":false},"featured_media":0,"template":"","meta":{"_acf_changed":false},"product_cat":[3946],"product_tag":[],"comunidades-upm":[],"quien":[],"mapa":[],"disponibilidad":[],"donde":[{"term_id":262,"name":"An\u00e1lisis e Intervenci\u00f3n en Patrimonio Arquitect\u00f3nico","slug":"analisis-e-intervencion-en-patrimonio-arquitectonico","term_group":0,"term_taxonomy_id":262,"taxonomy":"donde","description":"","parent":0,"count":6,"filter":"raw","term_order":"0"},{"term_id":276,"name":"Nuevas T\u00e9cnicas Arquitectura Ciudad","slug":"nuevas-tecnicas-arquitectura-ciudad","term_group":0,"term_taxonomy_id":276,"taxonomy":"donde","description":"","parent":0,"count":1,"filter":"raw","term_order":"0"}],"infraestructura":[],"ods":[],"origen":[{"term_id":180,"name":"Patente","slug":"patente","term_group":0,"term_taxonomy_id":180,"taxonomy":"origen","description":"","parent":0,"count":614,"filter":"raw","term_order":"0"}],"familia_tax":false,"quien_tax":false,"donde_tax":false,"year":"","contacto":"<strong>Principales: <\/strong><ul><li>FRANCISCO HERNANDEZ OLIVARES <blockquote><strong>f.hernandez@upm.es<\/strong><\/blockquote><\/li><li>ALBERTO SEPULCRE AGUILAR <blockquote><strong>alberto.sepulcre@upm.es<\/strong><\/blockquote><\/li><li>JAVIER PINILLA MELO <blockquote><strong>javier.pinilla@upm.es<\/strong><\/blockquote><\/li><\/ul>","telefono":"","pagina_web":"","email":"","id_ficha_portal":"695","video":"","adjuntos":false,"adjuntos_portal":"https:\/\/www.upm.es\/S2i\/Acuse\/recuperarArchivo.jsp?id=695&id_archivo=1528&tipo=patente&extension=fichero ","inf":false,"departamento":"","acf":[],"lang":"es","translation":{"es":8566},"_links":{"self":[{"href":"https:\/\/www.upm.es\/recursosidi\/wp-json\/wp\/v2\/product\/8566"}],"collection":[{"href":"https:\/\/www.upm.es\/recursosidi\/wp-json\/wp\/v2\/product"}],"about":[{"href":"https:\/\/www.upm.es\/recursosidi\/wp-json\/wp\/v2\/types\/product"}],"wp:attachment":[{"href":"https:\/\/www.upm.es\/recursosidi\/wp-json\/wp\/v2\/media?parent=8566"}],"wp:term":[{"taxonomy":"product_cat","embeddable":true,"href":"https:\/\/www.upm.es\/recursosidi\/wp-json\/wp\/v2\/product_cat?post=8566"},{"taxonomy":"product_tag","embeddable":true,"href":"https:\/\/www.upm.es\/recursosidi\/wp-json\/wp\/v2\/product_tag?post=8566"},{"taxonomy":"comunidad_upm","embeddable":true,"href":"https:\/\/www.upm.es\/recursosidi\/wp-json\/wp\/v2\/comunidades-upm?post=8566"},{"taxonomy":"quien","embeddable":true,"href":"https:\/\/www.upm.es\/recursosidi\/wp-json\/wp\/v2\/quien?post=8566"},{"taxonomy":"mapa","embeddable":true,"href":"https:\/\/www.upm.es\/recursosidi\/wp-json\/wp\/v2\/mapa?post=8566"},{"taxonomy":"disponibilidad","embeddable":true,"href":"https:\/\/www.upm.es\/recursosidi\/wp-json\/wp\/v2\/disponibilidad?post=8566"},{"taxonomy":"donde","embeddable":true,"href":"https:\/\/www.upm.es\/recursosidi\/wp-json\/wp\/v2\/donde?post=8566"},{"taxonomy":"infraestructura","embeddable":true,"href":"https:\/\/www.upm.es\/recursosidi\/wp-json\/wp\/v2\/infraestructura?post=8566"},{"taxonomy":"ods","embeddable":true,"href":"https:\/\/www.upm.es\/recursosidi\/wp-json\/wp\/v2\/ods?post=8566"},{"taxonomy":"origen","embeddable":true,"href":"https:\/\/www.upm.es\/recursosidi\/wp-json\/wp\/v2\/origen?post=8566"}],"curies":[{"name":"wp","href":"https:\/\/api.w.org\/{rel}","templated":true}]}}