{"id":8570,"date":"2021-11-25T14:13:01","date_gmt":"2021-11-25T13:13:01","guid":{"rendered":"https:\/\/www.upm.es\/recursosidi\/offers-resources\/sin categor\u00eda\/sistema-de-analisis-de-trastornos-del-sueno-a-partir-de-imagenes\/"},"modified":"2022-08-10T02:11:24","modified_gmt":"2022-08-10T00:11:24","slug":"sistema-de-analisis-de-trastornos-del-sueno-a-partir-de-imagenes","status":"publish","type":"product","link":"https:\/\/www.upm.es\/recursosidi\/offers-resources\/patentes\/sistema-de-analisis-de-trastornos-del-sueno-a-partir-de-imagenes\/","title":{"rendered":"Sistema de an\u00e1lisis de trastornos del sue\u00f1o a partir de im\u00e1genes"},"content":{"rendered":"<h5>Descripci\u00f3n de la patente <\/h5>\n<p>La presente invenci\u00f3n consiste en un sistema para valorar cuantitativamente la presencia del s\u00edndrome de apnea del sue\u00f1o (SAHS) a partir de im\u00e1genes de la cara y el cuello de una persona. Est\u00e1 basada en un procedimiento de procesado de im\u00e1genes digitales que comprende: seleccionar im\u00e1genes de una persona; obtener una representaci\u00f3n param\u00e9trica que refleje las caracter\u00edsticas de cara y cuello; extraer las caracter\u00edsticas m\u00e1s discriminativas asociadas al SAHS; entrenar un modelo matem\u00e1tico que represente dichas caracter\u00edsticas extra\u00eddas; construir un proceso de clasificaci\u00f3n o regresi\u00f3n que a partir del modelo anterior y un conjunto de im\u00e1genes de una persona proporcione una puntuaci\u00f3n correlacionada con la posible incidencia del SAHS en esa persona; y determinar en base a la puntuaci\u00f3n anterior una aproximaci\u00f3n num\u00e9rica a la valoraci\u00f3n diagn\u00f3stica que ofrece el \u00edndice de apnea-hipopnea (IAH).<\/p>\n<h5>N\u00famero de solicitud<\/h5>\n<p>P201132155<\/p>\n<h5>N\u00famero de publicaci\u00f3n<\/h5>\n<p>ES2386668<\/p>\n<h5>Fecha de presentaci\u00f3n <\/h5>\n<p>30\/12\/2011<\/p>\n<div class=\"pdfprnt-buttons pdfprnt-buttons-product pdfprnt-bottom-left\"><a href=\"https:\/\/www.upm.es\/recursosidi\/wp-json\/wp\/v2\/product\/8570?print=pdf\" class=\"pdfprnt-button pdfprnt-button-pdf\" target=\"_blank\"><span class=\"pdfprnt-button-title pdfprnt-button-pdf-title\">Descargar ficha<\/span><\/a><\/div>","protected":false},"excerpt":{"rendered":"<p>Descripci\u00f3n de la patente La presente invenci\u00f3n consiste en un sistema para valorar cuantitativamente la presencia del s\u00edndrome de apnea del sue\u00f1o (SAHS) a partir&hellip;<\/p>\n","protected":false},"featured_media":0,"template":"","meta":{"_acf_changed":false},"product_cat":[3946],"product_tag":[],"comunidades-upm":[],"quien":[],"mapa":[],"disponibilidad":[],"donde":[{"term_id":250,"name":"Centro de Digitalizaci\u00f3n Intermodular (CeDInt)","slug":"centro-de-digitalizacion-intermodular-cedint","term_group":0,"term_taxonomy_id":250,"taxonomy":"donde","description":"","parent":0,"count":21,"filter":"raw","term_order":"0"},{"term_id":480,"name":"Grupo de Aplicaciones del Procesado de Se\u00f1al (GAPS)","slug":"grupo-de-aplicaciones-del-procesado-de-senal-gaps","term_group":0,"term_taxonomy_id":480,"taxonomy":"donde","description":"Los miembros del grupo desarrollan su investigaci&oacute;n en el campo del tratamiento digital de se&ntilde;ales y sus aplicaciones, m&aacute;s concretamente en las siguientes l&iacute;neas de investigaci&oacute;n:\n&nbsp;\n\nRadiocomunicaciones digitales\nSistemas de banda ancha\nAn&aacute;lisis de se&ntilde;al\nInterfaces hombre-m&aacute;quina\nReconocimiento de voz\nS&iacute;ntesis de voz\nTratamiento de se&ntilde;al de audio\n","parent":0,"count":2,"filter":"raw","term_order":"0"},{"term_id":642,"name":"Information Processing and Telecommunications Center (IPTC)","slug":"information-processing-and-telecommunications-center-iptc","term_group":0,"term_taxonomy_id":642,"taxonomy":"donde","description":"","parent":0,"count":74,"filter":"raw","term_order":"0"}],"infraestructura":[],"ods":[],"origen":[{"term_id":180,"name":"Patente","slug":"patente","term_group":0,"term_taxonomy_id":180,"taxonomy":"origen","description":"","parent":0,"count":614,"filter":"raw","term_order":"0"}],"familia_tax":false,"quien_tax":false,"donde_tax":false,"year":"","contacto":"<strong>Principales: <\/strong><ul><li>LUIS ALFONSO HERNANDEZ GOMEZ <blockquote><strong>luisalfonso.hernandez@upm.es<\/strong><\/blockquote><\/li><li>JOSE LUIS BLANCO MURILLO <blockquote><strong>jl.blanco@upm.es<\/strong><\/blockquote><\/li><li>RUB\u00c9N FERN\u00c1NDEZ POZO <blockquote><strong>ruben.fernandez@upm.es<\/strong><\/blockquote><\/li><\/ul>","telefono":"","pagina_web":"","email":"","id_ficha_portal":"664","video":"","adjuntos":false,"adjuntos_portal":"","inf":false,"departamento":"","acf":[],"lang":"es","translation":{"es":8570},"_links":{"self":[{"href":"https:\/\/www.upm.es\/recursosidi\/wp-json\/wp\/v2\/product\/8570"}],"collection":[{"href":"https:\/\/www.upm.es\/recursosidi\/wp-json\/wp\/v2\/product"}],"about":[{"href":"https:\/\/www.upm.es\/recursosidi\/wp-json\/wp\/v2\/types\/product"}],"wp:attachment":[{"href":"https:\/\/www.upm.es\/recursosidi\/wp-json\/wp\/v2\/media?parent=8570"}],"wp:term":[{"taxonomy":"product_cat","embeddable":true,"href":"https:\/\/www.upm.es\/recursosidi\/wp-json\/wp\/v2\/product_cat?post=8570"},{"taxonomy":"product_tag","embeddable":true,"href":"https:\/\/www.upm.es\/recursosidi\/wp-json\/wp\/v2\/product_tag?post=8570"},{"taxonomy":"comunidad_upm","embeddable":true,"href":"https:\/\/www.upm.es\/recursosidi\/wp-json\/wp\/v2\/comunidades-upm?post=8570"},{"taxonomy":"quien","embeddable":true,"href":"https:\/\/www.upm.es\/recursosidi\/wp-json\/wp\/v2\/quien?post=8570"},{"taxonomy":"mapa","embeddable":true,"href":"https:\/\/www.upm.es\/recursosidi\/wp-json\/wp\/v2\/mapa?post=8570"},{"taxonomy":"disponibilidad","embeddable":true,"href":"https:\/\/www.upm.es\/recursosidi\/wp-json\/wp\/v2\/disponibilidad?post=8570"},{"taxonomy":"donde","embeddable":true,"href":"https:\/\/www.upm.es\/recursosidi\/wp-json\/wp\/v2\/donde?post=8570"},{"taxonomy":"infraestructura","embeddable":true,"href":"https:\/\/www.upm.es\/recursosidi\/wp-json\/wp\/v2\/infraestructura?post=8570"},{"taxonomy":"ods","embeddable":true,"href":"https:\/\/www.upm.es\/recursosidi\/wp-json\/wp\/v2\/ods?post=8570"},{"taxonomy":"origen","embeddable":true,"href":"https:\/\/www.upm.es\/recursosidi\/wp-json\/wp\/v2\/origen?post=8570"}],"curies":[{"name":"wp","href":"https:\/\/api.w.org\/{rel}","templated":true}]}}