{"id":8573,"date":"2021-11-25T14:13:08","date_gmt":"2021-11-25T13:13:08","guid":{"rendered":"https:\/\/www.upm.es\/recursosidi\/offers-resources\/sin categor\u00eda\/traviesa-aerodinamica-de-ferrocarril\/"},"modified":"2022-08-10T02:11:32","modified_gmt":"2022-08-10T00:11:32","slug":"traviesa-aerodinamica-de-ferrocarril","status":"publish","type":"product","link":"https:\/\/www.upm.es\/recursosidi\/offers-resources\/patentes\/traviesa-aerodinamica-de-ferrocarril\/","title":{"rendered":"Traviesa Aerodin\u00e1mica de Ferrocarril"},"content":{"rendered":"<h5>Descripci\u00f3n de la patente <\/h5>\n<p>La invenci\u00f3n basa su funcionamiento en la combinaci\u00f3n de una mejora de las prestaciones aerodin\u00e1micas de la traviesa, que modifica el campo de velocidades sobre el balasto en la zona entre traviesas, y una reducci\u00f3n de la superficie plana de la cara superior de la traviesa que minimiza la posibilidad de colocaci\u00f3n de part\u00edculas de balasto sobre la misma. <\/p>\n<h5>Situaci\u00f3n <\/h5>\n<p>Concedida<\/p>\n<h5>N\u00famero de solicitud<\/h5>\n<p>P201230248<\/p>\n<h5>N\u00famero de publicaci\u00f3n<\/h5>\n<p>ES 2419554 A1<br \/>\nES 2419554 B1<\/p>\n<h5>Fecha de presentaci\u00f3n <\/h5>\n<p>17\/02\/2012<\/p>\n<h5>Fecha de concesi\u00f3n <\/h5>\n<p>13\/03\/2014<\/p>\n<h4><strong>Extensiones Internacionales<\/strong><\/h4>\n<h5>EUROPA<\/h5>\n<p><strong>Referencia de la solicitud: <\/strong>13717965.1<br \/>\nn\u00ba publicacion EP2816155<br \/><strong>T\u00edtulo:\t\t\t\t\t   <\/strong>HIGH-SPEED RAILWAY AERODYNAMIC SLEEPER <br \/><strong>Situacion: \t\t\t\t   <\/strong>Concedida<\/p>\n<h5>PA\u00cdSES<\/h5>\n<p><strong>Pa\u00eds: <\/strong>Arabia Saud\u00ed<br \/><strong>N\u00famero de solicitud: <\/strong>SA113340301<br \/><strong>Situaci\u00f3n: <\/strong>Concedida<br \/><strong>Pa\u00eds: <\/strong>EEUU<br \/><strong>N\u00famero de solicitud: <\/strong>US14\/379054<br \/><strong>Titulo: <\/strong>High-speed railway aerodynamic sleeper<br \/><strong>Situaci\u00f3n: <\/strong>Presentada<br \/><strong>Pa\u00eds: <\/strong>Brasil<br \/><strong>N\u00famero de solicitud: <\/strong>BR 11 2014 0202753<br \/><strong>Titulo: <\/strong>Dormente aerodin\u00e1mico para ferrovia de alta velocidad<br \/><strong>Situaci\u00f3n: <\/strong>Presentada<br \/><strong>Pa\u00eds: <\/strong>Federaci\u00f3n Rusa<br \/><strong>N\u00famero de solicitud: <\/strong>RU2014137389A<br \/><strong>Titulo: <\/strong>\t<br \/><strong>Situaci\u00f3n: <\/strong>Presentada<\/p>\n<div class=\"pdfprnt-buttons pdfprnt-buttons-product pdfprnt-bottom-left\"><a href=\"https:\/\/www.upm.es\/recursosidi\/wp-json\/wp\/v2\/product\/8573?print=pdf\" class=\"pdfprnt-button pdfprnt-button-pdf\" target=\"_blank\"><span class=\"pdfprnt-button-title pdfprnt-button-pdf-title\">Descargar ficha<\/span><\/a><\/div>","protected":false},"excerpt":{"rendered":"<p>Descripci\u00f3n de la patente La invenci\u00f3n basa su funcionamiento en la combinaci\u00f3n de una mejora de las prestaciones aerodin\u00e1micas de la traviesa, que modifica el&hellip;<\/p>\n","protected":false},"featured_media":0,"template":"","meta":{"_acf_changed":false},"product_cat":[3946],"product_tag":[],"comunidades-upm":[],"quien":[],"mapa":[],"disponibilidad":[],"donde":[{"term_id":288,"name":"An\u00e1lisis y experimentaci\u00f3n en mec\u00e1nica de fluidos y combusti\u00f3n","slug":"analisis-y-experimentacion-en-mecanica-de-fluidos-y-combustion","term_group":0,"term_taxonomy_id":288,"taxonomy":"donde","description":"","parent":0,"count":5,"filter":"raw","term_order":"0"}],"infraestructura":[],"ods":[],"origen":[{"term_id":180,"name":"Patente","slug":"patente","term_group":0,"term_taxonomy_id":180,"taxonomy":"origen","description":"","parent":0,"count":614,"filter":"raw","term_order":"0"}],"familia_tax":false,"quien_tax":false,"donde_tax":false,"year":"","contacto":"<strong>Principales: <\/strong><ul><li>EZEQUIEL GONZALEZ MARTINEZ <blockquote><strong>ezequiel.gonzalez@upm.es<\/strong><\/blockquote><\/li><li>BENIGNO LAZARO GOMEZ <blockquote><strong>benigno.lazaro@upm.es<\/strong><\/blockquote><\/li><\/ul><strong>Otros inventores: <\/strong><ul><li>RafaelRebolo G\u00f3mez Sener Ingenier\u00eda y Sistemas S.A.<\/li> <li>\u00c1ngelPere\u00f1a Tapiador Sener Ingenier\u00eda y Sistemas S.A.<\/li> <li>DianaAlonso Gimeno ADIF - ADMINISTRADOR DE INFRAESTRUCTURAS FERROVIARIAS<\/li> <li>AlvaroMascaraque Sillero ADIF - ADMINISTRADOR DE INFRAESTRUCTURAS FERROVIARIAS<\/li> <li>Santiagodel Blanco Villalba Fundaci\u00f3n para la Investigaci\u00f3n y Desarrollo en Transporte y Energ\u00eda (CIDAUT)<\/li> <li>AlejandroIzquierdo de Francisco Fundaci\u00f3n para la Investigaci\u00f3n y Desarrollo en Transporte y Energ\u00eda (CIDAUT)<\/li> <li>Pedro Jos\u00e9Herraiz Alijas Sener Ingenier\u00eda y Sistemas S.A.<\/li> <li>Paula\u00c1lvarez Legazpi Sener Ingenier\u00eda y Sistemas S.A.<\/li> <li>MiguelRodr\u00edguez Plaza ADIF - ADMINISTRADOR DE INFRAESTRUCTURAS FERROVIARIAS<\/li> <li>ManuelRodr\u00edguez Fern\u00e1ndez Sener Ingenier\u00eda y Sistemas S.A.<\/li> <li>\u00c1lvaroAndr\u00e9s Alguacil ADIF - ADMINISTRADOR DE INFRAESTRUCTURAS FERROVIARIAS<\/li> <\/ul>","telefono":"","pagina_web":"","email":"","id_ficha_portal":"676","video":"","adjuntos":false,"adjuntos_portal":"","inf":false,"departamento":"","acf":[],"lang":"es","translation":{"es":8573},"_links":{"self":[{"href":"https:\/\/www.upm.es\/recursosidi\/wp-json\/wp\/v2\/product\/8573"}],"collection":[{"href":"https:\/\/www.upm.es\/recursosidi\/wp-json\/wp\/v2\/product"}],"about":[{"href":"https:\/\/www.upm.es\/recursosidi\/wp-json\/wp\/v2\/types\/product"}],"wp:attachment":[{"href":"https:\/\/www.upm.es\/recursosidi\/wp-json\/wp\/v2\/media?parent=8573"}],"wp:term":[{"taxonomy":"product_cat","embeddable":true,"href":"https:\/\/www.upm.es\/recursosidi\/wp-json\/wp\/v2\/product_cat?post=8573"},{"taxonomy":"product_tag","embeddable":true,"href":"https:\/\/www.upm.es\/recursosidi\/wp-json\/wp\/v2\/product_tag?post=8573"},{"taxonomy":"comunidad_upm","embeddable":true,"href":"https:\/\/www.upm.es\/recursosidi\/wp-json\/wp\/v2\/comunidades-upm?post=8573"},{"taxonomy":"quien","embeddable":true,"href":"https:\/\/www.upm.es\/recursosidi\/wp-json\/wp\/v2\/quien?post=8573"},{"taxonomy":"mapa","embeddable":true,"href":"https:\/\/www.upm.es\/recursosidi\/wp-json\/wp\/v2\/mapa?post=8573"},{"taxonomy":"disponibilidad","embeddable":true,"href":"https:\/\/www.upm.es\/recursosidi\/wp-json\/wp\/v2\/disponibilidad?post=8573"},{"taxonomy":"donde","embeddable":true,"href":"https:\/\/www.upm.es\/recursosidi\/wp-json\/wp\/v2\/donde?post=8573"},{"taxonomy":"infraestructura","embeddable":true,"href":"https:\/\/www.upm.es\/recursosidi\/wp-json\/wp\/v2\/infraestructura?post=8573"},{"taxonomy":"ods","embeddable":true,"href":"https:\/\/www.upm.es\/recursosidi\/wp-json\/wp\/v2\/ods?post=8573"},{"taxonomy":"origen","embeddable":true,"href":"https:\/\/www.upm.es\/recursosidi\/wp-json\/wp\/v2\/origen?post=8573"}],"curies":[{"name":"wp","href":"https:\/\/api.w.org\/{rel}","templated":true}]}}