{"id":8575,"date":"2021-11-25T14:13:13","date_gmt":"2021-11-25T13:13:13","guid":{"rendered":"https:\/\/www.upm.es\/recursosidi\/offers-resources\/sin categor\u00eda\/sistema-de-control-para-configuraciones-multi-hibridas-en-un-vehiculo\/"},"modified":"2022-08-10T02:11:37","modified_gmt":"2022-08-10T00:11:37","slug":"sistema-de-control-para-configuraciones-multi-hibridas-en-un-vehiculo","status":"publish","type":"product","link":"https:\/\/www.upm.es\/recursosidi\/offers-resources\/patentes\/sistema-de-control-para-configuraciones-multi-hibridas-en-un-vehiculo\/","title":{"rendered":"Sistema de control para configuraciones multi-h\u00edbridas en un veh\u00edculo"},"content":{"rendered":"<h5>Descripci\u00f3n de la patente <\/h5>\n<p>La presente invenci\u00f3n se refiere a un sistema de propulsi\u00f3n y control para veh\u00edculos autom\u00f3viles e industriales h\u00edbridos compuesto por varios sistemas de generaci\u00f3n de energ\u00eda independientes, como puede ser un motor t\u00e9rmico alimentado por hidr\u00f3geno u otros combustibles unido a un generador que transforma la energ\u00eda mec\u00e1nica en el\u00e9ctrica, una pila de combustible conectada<br \/>\nen paralelo a trav\u00e9s de un circuito o bus de potencia, un conjunto de bater\u00edas en serie o paralelo, y paneles fotovoltaicos situados en el techo del veh\u00edculo que cargan continuamente las bater\u00edas. El sistema de gesti\u00f3n y control est\u00e1<br \/>\ncompuesto por un algoritmo de c\u00e1lculo de los costes energ\u00e9ticos de ciclo de vida y de eficiencia energ\u00e9tica de los sistemas de propulsi\u00f3n, de manera que seg\u00fan estos y otros requisitos de la conducci\u00f3n y medioambientales entren en funcionamiento un sistema, el otro o los dos, de manera que se optimice la eficiencia energ\u00e9tica y el consumo de combustible.<\/p>\n<h5>N\u00famero de solicitud<\/h5>\n<p>P201230477<\/p>\n<h5>N\u00famero de publicaci\u00f3n<\/h5>\n<p>ES2383778<\/p>\n<h5>Fecha de presentaci\u00f3n <\/h5>\n<p>29\/03\/2012<\/p>\n<div class=\"pdfprnt-buttons pdfprnt-buttons-product pdfprnt-bottom-left\"><a href=\"https:\/\/www.upm.es\/recursosidi\/wp-json\/wp\/v2\/product\/8575?print=pdf\" class=\"pdfprnt-button pdfprnt-button-pdf\" target=\"_blank\"><span class=\"pdfprnt-button-title pdfprnt-button-pdf-title\">Descargar ficha<\/span><\/a><\/div>","protected":false},"excerpt":{"rendered":"<p>Descripci\u00f3n de la patente La presente invenci\u00f3n se refiere a un sistema de propulsi\u00f3n y control para veh\u00edculos autom\u00f3viles e industriales h\u00edbridos compuesto por varios&hellip;<\/p>\n","protected":false},"featured_media":0,"template":"","meta":{"_acf_changed":false},"product_cat":[3946],"product_tag":[],"comunidades-upm":[],"quien":[],"mapa":[],"disponibilidad":[],"donde":[{"term_id":376,"name":"Grupo de Inv. en Seguridad e Impacto Medioambiental de Veh\u00edculos y Transportes (GIVET)","slug":"grupo-de-inv-en-seguridad-e-impacto-medioambiental-de-vehiculos-y-transportes-givet","term_group":0,"term_taxonomy_id":376,"taxonomy":"donde","description":"Podemos resumir nuestras <strong>l\u00edneas de investigaci\u00f3n<\/strong> en:\r\n\r\nSeguridad en el transporte colectivo de personas y en el transporte de mercanc\u00edas.\r\nInvestigaci\u00f3n de accidentes de tr\u00e1fico.\r\nBiomec\u00e1nica del impacto aplicada a la mejora de la seguridad pasiva de los veh\u00edculos\r\nSistemas de asistencia al conductor (ADAS).\r\nEvaluaci\u00f3n y predicci\u00f3n de los impactos del transporte por carretera en la seguridad y medio ambiente. Desarrollo y aplicaci\u00f3n de modelos\r\nSistemas alternativos de propulsi\u00f3n e impacto medioambiental de los veh\u00edculos autom\u00f3viles\r\nMec\u00e1nica computacional aplicada al estudio del comportamiento din\u00e1mico de los veh\u00edculos","parent":0,"count":14,"filter":"raw","term_order":"0"},{"term_id":240,"name":"Instituto Universitario de Investigaci\u00f3n del Autom\u00f3vil (INSIA)","slug":"instituto-universitario-de-investigacion-del-automovil-insia","term_group":0,"term_taxonomy_id":240,"taxonomy":"donde","description":"","parent":0,"count":18,"filter":"raw","term_order":"0"},{"term_id":566,"name":"Proyectos y Calidad","slug":"proyectos-y-calidad","term_group":0,"term_taxonomy_id":566,"taxonomy":"donde","description":"Las l&iacute;neas de investigaci&oacute;n que sustentan nuestro trabajo son las siguientes:\n&nbsp;\n\nSostenibilidad en la Direcci&oacute;n de Proyectos\nCompetencias en Direcci&oacute;n de proyectos\nExtracciones de conocimiento en Procesos Industriales\nM&eacute;todos de Investigaci&oacute;n y Diagn&oacute;stico en Educaci&oacute;n\nCalidad\nEvaluaci&oacute;n ambiental de Planes, Programas y Proyectos\nIntegraci&oacute;n y recuperaci&oacute;n ambiental de espacios degradado\nEvaluaci&oacute;n de la Generaci&oacute;n de Residuos en Construcci&oacute;n\nIndicadores de Sostenibilidad en Construcci&oacute;n\nBusiness Analytics y Big Data\n\n&nbsp;\nEl trabajo se articula en relaci&oacute;n a proyectos concretos, que tienen diferentes or&iacute;genes, tanto de financiaci&oacute;n p&uacute;blica como privada. Entre estos &uacute;ltimos es de destacar la consultor&iacute;a, que ocupa de media un 15% del tiempo disponible para investigaci&oacute;n.\n&nbsp;","parent":0,"count":7,"filter":"raw","term_order":"0"}],"infraestructura":[],"ods":[],"origen":[{"term_id":180,"name":"Patente","slug":"patente","term_group":0,"term_taxonomy_id":180,"taxonomy":"origen","description":"","parent":0,"count":614,"filter":"raw","term_order":"0"}],"familia_tax":false,"quien_tax":false,"donde_tax":false,"year":"","contacto":"<strong>Principales: <\/strong><ul><li>JOSE MARIA LOPEZ MARTINEZ <blockquote><strong>josemaria.lopez@upm.es<\/strong><\/blockquote><\/li><li>FRANCISCO JAVIER SANCHEZ ALEJO <blockquote><strong>franciscojavier.sanchez@upm.es<\/strong><\/blockquote><\/li><li>FELIPE JIMENEZ ALONSO <blockquote><strong>felipe.jimenez@upm.es<\/strong><\/blockquote><\/li><\/ul><strong>Otros inventores: <\/strong><ul><li> BASILIOP\u00c9REZ L\u00d3PEZ FCC Grupo \/ CEMUSA - Corporaci\u00f3n Europea de Mobiliario Urbano S.A.<\/li> <\/ul>","telefono":"","pagina_web":"","email":"","id_ficha_portal":"683","video":"","adjuntos":false,"adjuntos_portal":"","inf":false,"departamento":"","acf":[],"lang":"es","translation":{"es":8575},"_links":{"self":[{"href":"https:\/\/www.upm.es\/recursosidi\/wp-json\/wp\/v2\/product\/8575"}],"collection":[{"href":"https:\/\/www.upm.es\/recursosidi\/wp-json\/wp\/v2\/product"}],"about":[{"href":"https:\/\/www.upm.es\/recursosidi\/wp-json\/wp\/v2\/types\/product"}],"wp:attachment":[{"href":"https:\/\/www.upm.es\/recursosidi\/wp-json\/wp\/v2\/media?parent=8575"}],"wp:term":[{"taxonomy":"product_cat","embeddable":true,"href":"https:\/\/www.upm.es\/recursosidi\/wp-json\/wp\/v2\/product_cat?post=8575"},{"taxonomy":"product_tag","embeddable":true,"href":"https:\/\/www.upm.es\/recursosidi\/wp-json\/wp\/v2\/product_tag?post=8575"},{"taxonomy":"comunidad_upm","embeddable":true,"href":"https:\/\/www.upm.es\/recursosidi\/wp-json\/wp\/v2\/comunidades-upm?post=8575"},{"taxonomy":"quien","embeddable":true,"href":"https:\/\/www.upm.es\/recursosidi\/wp-json\/wp\/v2\/quien?post=8575"},{"taxonomy":"mapa","embeddable":true,"href":"https:\/\/www.upm.es\/recursosidi\/wp-json\/wp\/v2\/mapa?post=8575"},{"taxonomy":"disponibilidad","embeddable":true,"href":"https:\/\/www.upm.es\/recursosidi\/wp-json\/wp\/v2\/disponibilidad?post=8575"},{"taxonomy":"donde","embeddable":true,"href":"https:\/\/www.upm.es\/recursosidi\/wp-json\/wp\/v2\/donde?post=8575"},{"taxonomy":"infraestructura","embeddable":true,"href":"https:\/\/www.upm.es\/recursosidi\/wp-json\/wp\/v2\/infraestructura?post=8575"},{"taxonomy":"ods","embeddable":true,"href":"https:\/\/www.upm.es\/recursosidi\/wp-json\/wp\/v2\/ods?post=8575"},{"taxonomy":"origen","embeddable":true,"href":"https:\/\/www.upm.es\/recursosidi\/wp-json\/wp\/v2\/origen?post=8575"}],"curies":[{"name":"wp","href":"https:\/\/api.w.org\/{rel}","templated":true}]}}