{"id":8577,"date":"2021-11-25T14:13:17","date_gmt":"2021-11-25T13:13:17","guid":{"rendered":"https:\/\/www.upm.es\/recursosidi\/offers-resources\/sin categor\u00eda\/juego-de-brocas\/"},"modified":"2022-08-10T02:11:43","modified_gmt":"2022-08-10T00:11:43","slug":"juego-de-brocas","status":"publish","type":"product","link":"https:\/\/www.upm.es\/recursosidi\/offers-resources\/patentes\/juego-de-brocas\/","title":{"rendered":"Juego de brocas"},"content":{"rendered":"<h5>Descripci\u00f3n de la patente <\/h5>\n<p>Juego de brocas para perforaciones en elementos de construcci\u00f3n, tales como adobes con gravas, tapial, tierra comprimida, cer\u00e1mica, hormig\u00f3n y combinaci\u00f3n de ellos, formado por una primera broca (1) y una segunda broca (2) de mayor longitud que la primera (1). Ambas brocas (1, 2) tienen una primera parte (3) para realizar el taladro, de igual di\u00e1metro en ambas brocas (1, 2), con una h\u00e9lice (5) de dos nervios a lo largo de toda la longitud de la primera parte (3), y un extremo (6) en punta de flecha con dos lados sim\u00e9tricos rectos, y una segunda parte (4) para la fijaci\u00f3n de la broca a un cabezal de taladrado. El di\u00e1metro de la segunda parte (4) es mayor que el di\u00e1metro de la primera parte (3), con una transici\u00f3n entre ambas por medio de un ensanchamiento progresivo del di\u00e1metro de las brocas (1, 2).<\/p>\n<h5>Situaci\u00f3n <\/h5>\n<p>Concedida<\/p>\n<h5>N\u00famero de solicitud<\/h5>\n<p>P201230687<\/p>\n<h5>N\u00famero de publicaci\u00f3n<\/h5>\n<p>ES2390324<\/p>\n<h5>Fecha de presentaci\u00f3n <\/h5>\n<p>08\/05\/2012<\/p>\n<h5>Fecha de concesi\u00f3n <\/h5>\n<p>05\/08\/2013<\/p>\n<div class=\"pdfprnt-buttons pdfprnt-buttons-product pdfprnt-bottom-left\"><a href=\"https:\/\/www.upm.es\/recursosidi\/wp-json\/wp\/v2\/product\/8577?print=pdf\" class=\"pdfprnt-button pdfprnt-button-pdf\" target=\"_blank\"><span class=\"pdfprnt-button-title pdfprnt-button-pdf-title\">Descargar ficha<\/span><\/a><\/div>","protected":false},"excerpt":{"rendered":"<p>Descripci\u00f3n de la patente Juego de brocas para perforaciones en elementos de construcci\u00f3n, tales como adobes con gravas, tapial, tierra comprimida, cer\u00e1mica, hormig\u00f3n y combinaci\u00f3n&hellip;<\/p>\n","protected":false},"featured_media":0,"template":"","meta":{"_acf_changed":false},"product_cat":[3946],"product_tag":[],"comunidades-upm":[],"quien":[],"mapa":[],"disponibilidad":[],"donde":[{"term_id":306,"name":"Patrimonio, paisaje, documentaci\u00f3n gr\u00e1fica y construcci\u00f3n agroforestal","slug":"patrimonio-paisaje-documentacion-grafica-y-construccion-agroforestal","term_group":0,"term_taxonomy_id":306,"taxonomy":"donde","description":"","parent":0,"count":3,"filter":"raw","term_order":"0"}],"infraestructura":[],"ods":[],"origen":[{"term_id":180,"name":"Patente","slug":"patente","term_group":0,"term_taxonomy_id":180,"taxonomy":"origen","description":"","parent":0,"count":614,"filter":"raw","term_order":"0"}],"familia_tax":false,"quien_tax":false,"donde_tax":false,"year":"","contacto":"<strong>Principales: <\/strong><ul><li>Pablo Mosquera Arancibia <blockquote><strong><\/strong><\/blockquote><\/li><li>JAIME CID FALCETO <blockquote><strong><\/strong><\/blockquote><\/li><li>IGNACIO CA\u00d1AS GUERRERO <blockquote><strong>ignacio.canas@upm.es<\/strong><\/blockquote><\/li><\/ul>","telefono":"","pagina_web":"","email":"","id_ficha_portal":"690","video":"","adjuntos":false,"adjuntos_portal":"https:\/\/www.upm.es\/S2i\/Acuse\/recuperarArchivo.jsp?id=690&id_archivo=2243&tipo=patente&extension=fichero ","inf":false,"departamento":"","acf":[],"lang":"es","translation":{"es":8577},"_links":{"self":[{"href":"https:\/\/www.upm.es\/recursosidi\/wp-json\/wp\/v2\/product\/8577"}],"collection":[{"href":"https:\/\/www.upm.es\/recursosidi\/wp-json\/wp\/v2\/product"}],"about":[{"href":"https:\/\/www.upm.es\/recursosidi\/wp-json\/wp\/v2\/types\/product"}],"wp:attachment":[{"href":"https:\/\/www.upm.es\/recursosidi\/wp-json\/wp\/v2\/media?parent=8577"}],"wp:term":[{"taxonomy":"product_cat","embeddable":true,"href":"https:\/\/www.upm.es\/recursosidi\/wp-json\/wp\/v2\/product_cat?post=8577"},{"taxonomy":"product_tag","embeddable":true,"href":"https:\/\/www.upm.es\/recursosidi\/wp-json\/wp\/v2\/product_tag?post=8577"},{"taxonomy":"comunidad_upm","embeddable":true,"href":"https:\/\/www.upm.es\/recursosidi\/wp-json\/wp\/v2\/comunidades-upm?post=8577"},{"taxonomy":"quien","embeddable":true,"href":"https:\/\/www.upm.es\/recursosidi\/wp-json\/wp\/v2\/quien?post=8577"},{"taxonomy":"mapa","embeddable":true,"href":"https:\/\/www.upm.es\/recursosidi\/wp-json\/wp\/v2\/mapa?post=8577"},{"taxonomy":"disponibilidad","embeddable":true,"href":"https:\/\/www.upm.es\/recursosidi\/wp-json\/wp\/v2\/disponibilidad?post=8577"},{"taxonomy":"donde","embeddable":true,"href":"https:\/\/www.upm.es\/recursosidi\/wp-json\/wp\/v2\/donde?post=8577"},{"taxonomy":"infraestructura","embeddable":true,"href":"https:\/\/www.upm.es\/recursosidi\/wp-json\/wp\/v2\/infraestructura?post=8577"},{"taxonomy":"ods","embeddable":true,"href":"https:\/\/www.upm.es\/recursosidi\/wp-json\/wp\/v2\/ods?post=8577"},{"taxonomy":"origen","embeddable":true,"href":"https:\/\/www.upm.es\/recursosidi\/wp-json\/wp\/v2\/origen?post=8577"}],"curies":[{"name":"wp","href":"https:\/\/api.w.org\/{rel}","templated":true}]}}