{"id":8579,"date":"2021-11-25T14:13:22","date_gmt":"2021-11-25T13:13:22","guid":{"rendered":"https:\/\/www.upm.es\/recursosidi\/offers-resources\/sin categor\u00eda\/mortero\/"},"modified":"2022-08-10T02:11:48","modified_gmt":"2022-08-10T00:11:48","slug":"mortero","status":"publish","type":"product","link":"https:\/\/www.upm.es\/recursosidi\/offers-resources\/patentes\/mortero\/","title":{"rendered":"Mortero"},"content":{"rendered":"<h5>Descripci\u00f3n de la patente <\/h5>\n<p>La invenci\u00f3n es un mortero de cal que comprende cal y diatomeas calcinadas. La cal puede ser cal a\u00e9rea hidratada calc\u00edtica o dolom\u00edtica, o bien cal hidr\u00e1ulica. Las diatomeas calcinadas pueden ser blancas o coloreadas y determinar\u00e1n las propiedades f\u00edsicas y mec\u00e1nicas del mortero obtenido, en particular la reflectancia y la emisividad, que ofrecen valores mejorados respecto de los morteros tradicionales de la t\u00e9cnica de marmolina de Macael en dosificaci\u00f3n 1:1 en volumen<\/p>\n<h5>Situaci\u00f3n <\/h5>\n<p>Concedida<\/p>\n<h5>N\u00famero de solicitud<\/h5>\n<p>P201230444<\/p>\n<h5>N\u00famero de publicaci\u00f3n<\/h5>\n<p>ES2424147<\/p>\n<h5>Fecha de presentaci\u00f3n <\/h5>\n<p>23\/03\/2012<\/p>\n<h5>Fecha de concesi\u00f3n <\/h5>\n<p>19\/02\/2014<\/p>\n<div class=\"pdfprnt-buttons pdfprnt-buttons-product pdfprnt-bottom-left\"><a href=\"https:\/\/www.upm.es\/recursosidi\/wp-json\/wp\/v2\/product\/8579?print=pdf\" class=\"pdfprnt-button pdfprnt-button-pdf\" target=\"_blank\"><span class=\"pdfprnt-button-title pdfprnt-button-pdf-title\">Descargar ficha<\/span><\/a><\/div>","protected":false},"excerpt":{"rendered":"<p>Descripci\u00f3n de la patente La invenci\u00f3n es un mortero de cal que comprende cal y diatomeas calcinadas. La cal puede ser cal a\u00e9rea hidratada calc\u00edtica&hellip;<\/p>\n","protected":false},"featured_media":0,"template":"","meta":{"_acf_changed":false},"product_cat":[3946],"product_tag":[],"comunidades-upm":[],"quien":[],"mapa":[],"disponibilidad":[],"donde":[{"term_id":260,"name":"Arquitectura Bioclim\u00e1tica en un entorno sostenible-ABIO","slug":"arquitectura-bioclimatica-en-un-entorno-sostenible-abio","term_group":0,"term_taxonomy_id":260,"taxonomy":"donde","description":"","parent":0,"count":19,"filter":"raw","term_order":"0"}],"infraestructura":[],"ods":[],"origen":[{"term_id":180,"name":"Patente","slug":"patente","term_group":0,"term_taxonomy_id":180,"taxonomy":"origen","description":"","parent":0,"count":614,"filter":"raw","term_order":"0"}],"familia_tax":false,"quien_tax":false,"donde_tax":false,"year":"","contacto":"<strong>Principales: <\/strong><ul><li>FCO. JAVIER NEILA GONZALEZ <blockquote><strong>fjavier.neila@upm.es<\/strong><\/blockquote><\/li><li>ALFONSO GARCIA SANTOS <blockquote><strong>alfonso.garciasantos@upm.es<\/strong><\/blockquote><\/li><li>MARIA DEL MAR BARBERO BARRERA <blockquote><strong>mar.barbero@upm.es<\/strong><\/blockquote><\/li><li>LUIS MALDONADO RAMOS <blockquote><strong>luis.maldonado@upm.es<\/strong><\/blockquote><\/li><\/ul>","telefono":"","pagina_web":"","email":"","id_ficha_portal":"677","video":"","adjuntos":false,"adjuntos_portal":"https:\/\/www.upm.es\/S2i\/Acuse\/recuperarArchivo.jsp?id=677&id_archivo=2416&tipo=patente&extension=fichero ","inf":false,"departamento":"","acf":[],"lang":"es","translation":{"es":8579},"_links":{"self":[{"href":"https:\/\/www.upm.es\/recursosidi\/wp-json\/wp\/v2\/product\/8579"}],"collection":[{"href":"https:\/\/www.upm.es\/recursosidi\/wp-json\/wp\/v2\/product"}],"about":[{"href":"https:\/\/www.upm.es\/recursosidi\/wp-json\/wp\/v2\/types\/product"}],"wp:attachment":[{"href":"https:\/\/www.upm.es\/recursosidi\/wp-json\/wp\/v2\/media?parent=8579"}],"wp:term":[{"taxonomy":"product_cat","embeddable":true,"href":"https:\/\/www.upm.es\/recursosidi\/wp-json\/wp\/v2\/product_cat?post=8579"},{"taxonomy":"product_tag","embeddable":true,"href":"https:\/\/www.upm.es\/recursosidi\/wp-json\/wp\/v2\/product_tag?post=8579"},{"taxonomy":"comunidad_upm","embeddable":true,"href":"https:\/\/www.upm.es\/recursosidi\/wp-json\/wp\/v2\/comunidades-upm?post=8579"},{"taxonomy":"quien","embeddable":true,"href":"https:\/\/www.upm.es\/recursosidi\/wp-json\/wp\/v2\/quien?post=8579"},{"taxonomy":"mapa","embeddable":true,"href":"https:\/\/www.upm.es\/recursosidi\/wp-json\/wp\/v2\/mapa?post=8579"},{"taxonomy":"disponibilidad","embeddable":true,"href":"https:\/\/www.upm.es\/recursosidi\/wp-json\/wp\/v2\/disponibilidad?post=8579"},{"taxonomy":"donde","embeddable":true,"href":"https:\/\/www.upm.es\/recursosidi\/wp-json\/wp\/v2\/donde?post=8579"},{"taxonomy":"infraestructura","embeddable":true,"href":"https:\/\/www.upm.es\/recursosidi\/wp-json\/wp\/v2\/infraestructura?post=8579"},{"taxonomy":"ods","embeddable":true,"href":"https:\/\/www.upm.es\/recursosidi\/wp-json\/wp\/v2\/ods?post=8579"},{"taxonomy":"origen","embeddable":true,"href":"https:\/\/www.upm.es\/recursosidi\/wp-json\/wp\/v2\/origen?post=8579"}],"curies":[{"name":"wp","href":"https:\/\/api.w.org\/{rel}","templated":true}]}}