{"id":8581,"date":"2021-11-25T14:13:27","date_gmt":"2021-11-25T13:13:27","guid":{"rendered":"https:\/\/www.upm.es\/recursosidi\/offers-resources\/sin categor\u00eda\/metodo-de-entrada-de-datos-en-dispositivos-electronicos-con-pantalla\/"},"modified":"2022-08-10T02:11:54","modified_gmt":"2022-08-10T00:11:54","slug":"metodo-de-entrada-de-datos-en-dispositivos-electronicos-con-pantalla","status":"publish","type":"product","link":"https:\/\/www.upm.es\/recursosidi\/offers-resources\/patentes\/metodo-de-entrada-de-datos-en-dispositivos-electronicos-con-pantalla\/","title":{"rendered":"M\u00e9todo de entrada de datos en dispositivos electr\u00f3nicos con pantalla"},"content":{"rendered":"<h5>Descripci\u00f3n de la patente <\/h5>\n<p>La invenci\u00f3n consiste en un m\u00e9todo que permite la entrada de \u00f3rdenes y datos<br \/>\nhaciendo uso de los cambios en la presi\u00f3n o el \u00e1rea de la superficie y su forma de uno<br \/>\no varios puntos en contacto que activan la superficie t\u00e1ctil de acuerdo a uno o m\u00e1s<br \/>\numbrales de decisi\u00f3n que diferencian la presi\u00f3n en dos o m\u00e1s niveles diferentes.<br \/>\nHaciendo el sistema sensible a los cambios de presi\u00f3n o de \u00e1reas presionadas se<br \/>\npermite una mayor funcionalidad, aumentando la capacidad de entrada del dispositivo,<br \/>\naportando mayor informaci\u00f3n sobre el entorno a dicho sistema.<\/p>\n<h5>Situaci\u00f3n <\/h5>\n<p>Concedida<\/p>\n<h5>N\u00famero de solicitud<\/h5>\n<p>P201231197<\/p>\n<h5>N\u00famero de publicaci\u00f3n<\/h5>\n<p>ES2392895<\/p>\n<h5>Fecha de presentaci\u00f3n <\/h5>\n<p>25\/07\/2012<\/p>\n<h5>Fecha de concesi\u00f3n <\/h5>\n<p>27\/01\/2014<\/p>\n<div class=\"pdfprnt-buttons pdfprnt-buttons-product pdfprnt-bottom-left\"><a href=\"https:\/\/www.upm.es\/recursosidi\/wp-json\/wp\/v2\/product\/8581?print=pdf\" class=\"pdfprnt-button pdfprnt-button-pdf\" target=\"_blank\"><span class=\"pdfprnt-button-title pdfprnt-button-pdf-title\">Descargar ficha<\/span><\/a><\/div>","protected":false},"excerpt":{"rendered":"<p>Descripci\u00f3n de la patente La invenci\u00f3n consiste en un m\u00e9todo que permite la entrada de \u00f3rdenes y datos haciendo uso de los cambios en la&hellip;<\/p>\n","protected":false},"featured_media":0,"template":"","meta":{"_acf_changed":false},"product_cat":[3946],"product_tag":[],"comunidades-upm":[],"quien":[],"mapa":[],"disponibilidad":[],"donde":[{"term_id":646,"name":"B105 Electronic Systems Lab","slug":"b105-electronic-systems-lab","term_group":0,"term_taxonomy_id":646,"taxonomy":"donde","description":"Exploraci&oacute;n de las sinergias entre hardware y software para optimizar el dise&ntilde;o (prestaciones, seguridad, consumo energ&eacute;tico, QoS) en sistemas embebidos.\n&nbsp;\nDise&ntilde;o a nivel de sistema, consumo energ&eacute;tico, radio cognitiva, optimizaci&oacute;n &ldquo;cross-layer&rdquo;, protocolos de comunicaci&oacute;n y dise&ntilde;o &ldquo;context-aware&rdquo; para Redes de Sensores Inal&aacute;mbricos (WSN).\n&nbsp;\nDise&ntilde;o de sistemas integrados para aplicaciones espec&iacute;ficas (sensores, comunicaciones, procesado e interfaces).\n&nbsp;\nNuestra principal habilidad son las pruebas de concepto y simulaciones, microcontroladores, transceptores y dispositivos cognitivos, dise&ntilde;o de sistemas electr&oacute;nicos, dise&ntilde;o de protocolos de comunicaci&oacute;n,&nbsp; integraci&oacute;n de sensores y actuadores y realizaci&oacute;n de aplicaciones (salud, obra civil, seguridad y defensa, &nbsp;etc.).","parent":0,"count":4,"filter":"raw","term_order":"0"},{"term_id":618,"name":"Centro de Investigaci\u00f3n en Simulaci\u00f3n Computacional (CCS)","slug":"centro-de-investigacion-en-simulacion-computacional-ccs","term_group":0,"term_taxonomy_id":618,"taxonomy":"donde","description":"","parent":0,"count":27,"filter":"raw","term_order":"0"},{"term_id":440,"name":"Laboratorio de Sistemas Integrados (LSI)","slug":"laboratorio-de-sistemas-integrados-lsi","term_group":0,"term_taxonomy_id":440,"taxonomy":"donde","description":"La actividad del grupo cubre las diversas etapas que van desde la I+D hasta la innovaci&oacute;n, en un amplio espectro tem&aacute;tico, a fin de proporcionar soluciones tecnol&oacute;gicas en el &aacute;rea de los sistemas integrados. As&iacute;, las principales l&iacute;neas de investigaci&oacute;n son:\n&nbsp;\n\n<strong>Microelectr&oacute;nica<\/strong>: Dise&ntilde;o de circuitos tolerantes a variaciones (proceso, temperatura, tensi&oacute;n, envejecimiento, radiaci&oacute;n) y VLSI.\n<strong>Arquitecturas digitales<\/strong> espec&iacute;ficas de altas prestaciones y sobre plataformas reconfigurables (FPGAs). Aceleraci&oacute;n Hardware.\n<strong>Herramientas EDA<\/strong> para el dise&ntilde;o de sistemas electr&oacute;nicos.\nDise&ntilde;o de <strong>sistemas embebidos, redes de sensores inal&aacute;mbricos, radio cognitiva<\/strong> y aplicaciones con estas tecnolog&iacute;as, incluyendo optimizaci&oacute;n de prestaciones, seguridad y consumo energ&eacute;tico.\n<strong>Optimizaci&oacute;n energ&eacute;tica<\/strong> de centros de datos.\n","parent":0,"count":13,"filter":"raw","term_order":"0"}],"infraestructura":[],"ods":[],"origen":[{"term_id":180,"name":"Patente","slug":"patente","term_group":0,"term_taxonomy_id":180,"taxonomy":"origen","description":"","parent":0,"count":614,"filter":"raw","term_order":"0"}],"familia_tax":false,"quien_tax":false,"donde_tax":false,"year":"","contacto":"<strong>Principales: <\/strong><ul><li>DANIEL VILLANUEVA GONZ\u00c1LEZ <blockquote><strong><\/strong><\/blockquote><\/li><li>DAVID FRAGA AYDILLO <blockquote><strong><\/strong><\/blockquote><\/li><li>ELENA ROMERO PERALES <blockquote><strong>elena.romero@upm.es<\/strong><\/blockquote><\/li><li>JAVIER BLESA MARTINEZ <blockquote><strong>j.blesa@upm.es<\/strong><\/blockquote><\/li><li>MARINA ZAPATER SANCHO <blockquote><strong>marina.zapater@upm.es<\/strong><\/blockquote><\/li><li>JOSE MANUEL MOYA FERNANDEZ <blockquote><strong>jm.moya@upm.es<\/strong><\/blockquote><\/li><li>JUAN CARLOS VALLEJO L\u00d3PEZ <blockquote><strong>jc.vallejo@upm.es<\/strong><\/blockquote><\/li><li>Zorana Bankovic . <blockquote><strong><\/strong><\/blockquote><\/li><li>PEDRO JOSE MALAGON MARZO <blockquote><strong>pedro.malagon.marzo@upm.es<\/strong><\/blockquote><\/li><li>OCTAVIO NIETO-TALADRIZ GARCIA <blockquote><strong>octavio.nieto-taladriz@upm.es<\/strong><\/blockquote><\/li><li>ALVARO ARAUJO PINTO <blockquote><strong>alvaro.araujo@upm.es<\/strong><\/blockquote><\/li><\/ul><strong>Otros inventores UPM: <\/strong><ul><li>Patricia<\/li><li>Francisco<\/li><\/ul>","telefono":"","pagina_web":"","email":"","id_ficha_portal":"703","video":"","adjuntos":false,"adjuntos_portal":"https:\/\/www.upm.es\/S2i\/Acuse\/recuperarArchivo.jsp?id=703&id_archivo=2499&tipo=patente&extension=fichero ","inf":false,"departamento":"","acf":[],"lang":"es","translation":{"es":8581},"_links":{"self":[{"href":"https:\/\/www.upm.es\/recursosidi\/wp-json\/wp\/v2\/product\/8581"}],"collection":[{"href":"https:\/\/www.upm.es\/recursosidi\/wp-json\/wp\/v2\/product"}],"about":[{"href":"https:\/\/www.upm.es\/recursosidi\/wp-json\/wp\/v2\/types\/product"}],"wp:attachment":[{"href":"https:\/\/www.upm.es\/recursosidi\/wp-json\/wp\/v2\/media?parent=8581"}],"wp:term":[{"taxonomy":"product_cat","embeddable":true,"href":"https:\/\/www.upm.es\/recursosidi\/wp-json\/wp\/v2\/product_cat?post=8581"},{"taxonomy":"product_tag","embeddable":true,"href":"https:\/\/www.upm.es\/recursosidi\/wp-json\/wp\/v2\/product_tag?post=8581"},{"taxonomy":"comunidad_upm","embeddable":true,"href":"https:\/\/www.upm.es\/recursosidi\/wp-json\/wp\/v2\/comunidades-upm?post=8581"},{"taxonomy":"quien","embeddable":true,"href":"https:\/\/www.upm.es\/recursosidi\/wp-json\/wp\/v2\/quien?post=8581"},{"taxonomy":"mapa","embeddable":true,"href":"https:\/\/www.upm.es\/recursosidi\/wp-json\/wp\/v2\/mapa?post=8581"},{"taxonomy":"disponibilidad","embeddable":true,"href":"https:\/\/www.upm.es\/recursosidi\/wp-json\/wp\/v2\/disponibilidad?post=8581"},{"taxonomy":"donde","embeddable":true,"href":"https:\/\/www.upm.es\/recursosidi\/wp-json\/wp\/v2\/donde?post=8581"},{"taxonomy":"infraestructura","embeddable":true,"href":"https:\/\/www.upm.es\/recursosidi\/wp-json\/wp\/v2\/infraestructura?post=8581"},{"taxonomy":"ods","embeddable":true,"href":"https:\/\/www.upm.es\/recursosidi\/wp-json\/wp\/v2\/ods?post=8581"},{"taxonomy":"origen","embeddable":true,"href":"https:\/\/www.upm.es\/recursosidi\/wp-json\/wp\/v2\/origen?post=8581"}],"curies":[{"name":"wp","href":"https:\/\/api.w.org\/{rel}","templated":true}]}}