{"id":8584,"date":"2021-11-25T14:13:35","date_gmt":"2021-11-25T13:13:35","guid":{"rendered":"https:\/\/www.upm.es\/recursosidi\/offers-resources\/sin categor\u00eda\/sistema-y-metodo-de-filtrado-mediante-desplazamiento-en-frecuencia-realimentado\/"},"modified":"2022-08-10T02:12:02","modified_gmt":"2022-08-10T00:12:02","slug":"sistema-y-metodo-de-filtrado-mediante-desplazamiento-en-frecuencia-realimentado","status":"publish","type":"product","link":"https:\/\/www.upm.es\/recursosidi\/offers-resources\/patentes\/sistema-y-metodo-de-filtrado-mediante-desplazamiento-en-frecuencia-realimentado\/","title":{"rendered":"SISTEMA Y M\u00c9TODO DE FILTRADO MEDIANTE DESPLAZAMIENTO EN FRECUENCIA REALIMENTADO"},"content":{"rendered":"<h5>Descripci\u00f3n de la patente <\/h5>\n<p>El filtro de Wiener c\u00edclico es el estimador lineal \u00f3ptimo de una se\u00f1al deseada cuando la se\u00f1al deseada y la se\u00f1al observada son conjuntamente cicloestacionarias. El filtro de Wiener c\u00edclico es un filtro lineal variante en el tiempo con una implementaci\u00f3n directa de complejidad excesiva. La invenci\u00f3n consiste en una implementaci\u00f3n del filtro mediante s\u00f3lo dos filtros lineales invariantes en el tiempo, un sumador, un mezclador, y un oscilador.<\/p>\n<h5>Situaci\u00f3n <\/h5>\n<p>Concedida<\/p>\n<h5>N\u00famero de solicitud<\/h5>\n<p>P201231331<\/p>\n<h5>N\u00famero de publicaci\u00f3n<\/h5>\n<p>ES 2444973_A2<br \/>\nES 2444973_R1<br \/>\nES 2444933_B2<\/p>\n<h5>Fecha de presentaci\u00f3n <\/h5>\n<p>28\/08\/2012<\/p>\n<h5>Fecha de publicaci\u00f3n <\/h5>\n<p>27\/02\/2014<\/p>\n<h5>Fecha de concesi\u00f3n <\/h5>\n<p>26\/09\/2014<\/p>\n<div class=\"pdfprnt-buttons pdfprnt-buttons-product pdfprnt-bottom-left\"><a href=\"https:\/\/www.upm.es\/recursosidi\/wp-json\/wp\/v2\/product\/8584?print=pdf\" class=\"pdfprnt-button pdfprnt-button-pdf\" target=\"_blank\"><span class=\"pdfprnt-button-title pdfprnt-button-pdf-title\">Descargar ficha<\/span><\/a><\/div>","protected":false},"excerpt":{"rendered":"<p>Descripci\u00f3n de la patente El filtro de Wiener c\u00edclico es el estimador lineal \u00f3ptimo de una se\u00f1al deseada cuando la se\u00f1al deseada y la se\u00f1al&hellip;<\/p>\n","protected":false},"featured_media":0,"template":"","meta":{"_acf_changed":false},"product_cat":[3946],"product_tag":[],"comunidades-upm":[],"quien":[],"mapa":[],"disponibilidad":[],"donde":[{"term_id":642,"name":"Information Processing and Telecommunications Center (IPTC)","slug":"information-processing-and-telecommunications-center-iptc","term_group":0,"term_taxonomy_id":642,"taxonomy":"donde","description":"","parent":0,"count":74,"filter":"raw","term_order":"0"},{"term_id":464,"name":"Microondas y Radar","slug":"microondas-y-radar","term_group":0,"term_taxonomy_id":464,"taxonomy":"donde","description":"Dise&ntilde;amos, fabricamos y evaluamos componentes, subsistemas y sistemas de radiocomunicaciones y radiodeterminaci&oacute;n trabajando hasta 300 GHz.\n&nbsp;\nNuestras <strong>l&iacute;neas de investigaci&oacute;n<\/strong> son:\n&nbsp;\n\nDise&ntilde;o, desarrollo y caracterizaci&oacute;n experimental de circuitos, subsistemas y sistemas de microondas, ondas milim&eacute;tricas y submilim&eacute;tricas.\nAn&aacute;lisis, simulaci&oacute;n, especificaci&oacute;n y evaluaci&oacute;n de sistemas radar y de radiocomunicaciones.\nAplicaciones de las t&eacute;cnicas y tecnolog&iacute;as de RF y proceso de se&ntilde;al al sector de la Defensa y la Seguridad: radares de vigilancia, sistemas IFF, radares imagen, formaci&oacute;n pasiva de im&aacute;genes, detecci&oacute;n de objetos ocultos, visi&oacute;n a trav&eacute;s de paredes, transmisores de estado s&oacute;lido, sensores de proximidad, guerra electr&oacute;nica, etc.\nAplicaciones de las t&eacute;cnicas y tecnolog&iacute;as de RF y proceso de se&ntilde;al a los sectores del Transporte y Espacio: equipos para sistemas de radionavegaci&oacute;n y control de tr&aacute;fico a&eacute;reo, GPS, sensores radar para carreteras inteligentes, transpondedores TT&amp;C, enlaces de datos para sistemas a&eacute;reos no tripulados (UAS), sistemas LTE en entornos ferroviarios y para posicionamiento en interiores, etc.\n","parent":0,"count":7,"filter":"raw","term_order":"0"}],"infraestructura":[],"ods":[],"origen":[{"term_id":180,"name":"Patente","slug":"patente","term_group":0,"term_taxonomy_id":180,"taxonomy":"origen","description":"","parent":0,"count":614,"filter":"raw","term_order":"0"}],"familia_tax":false,"quien_tax":false,"donde_tax":false,"year":"","contacto":"<strong>Principales: <\/strong><ul><li>JESUS GRAJAL DE LA FUENTE <blockquote><strong>jesus.grajal@upm.es<\/strong><\/blockquote><\/li><li>OMAR ARTEMI YESTE OJEDA <blockquote><strong>omarartemi.yeste@upm.es<\/strong><\/blockquote><\/li><\/ul>","telefono":"","pagina_web":"","email":"","id_ficha_portal":"713","video":"","adjuntos":false,"adjuntos_portal":"https:\/\/www.upm.es\/S2i\/Acuse\/recuperarArchivo.jsp?id=713&id_archivo=2555&tipo=patente&extension=fichero ","inf":false,"departamento":"","acf":[],"lang":"es","translation":{"es":8584},"_links":{"self":[{"href":"https:\/\/www.upm.es\/recursosidi\/wp-json\/wp\/v2\/product\/8584"}],"collection":[{"href":"https:\/\/www.upm.es\/recursosidi\/wp-json\/wp\/v2\/product"}],"about":[{"href":"https:\/\/www.upm.es\/recursosidi\/wp-json\/wp\/v2\/types\/product"}],"wp:attachment":[{"href":"https:\/\/www.upm.es\/recursosidi\/wp-json\/wp\/v2\/media?parent=8584"}],"wp:term":[{"taxonomy":"product_cat","embeddable":true,"href":"https:\/\/www.upm.es\/recursosidi\/wp-json\/wp\/v2\/product_cat?post=8584"},{"taxonomy":"product_tag","embeddable":true,"href":"https:\/\/www.upm.es\/recursosidi\/wp-json\/wp\/v2\/product_tag?post=8584"},{"taxonomy":"comunidad_upm","embeddable":true,"href":"https:\/\/www.upm.es\/recursosidi\/wp-json\/wp\/v2\/comunidades-upm?post=8584"},{"taxonomy":"quien","embeddable":true,"href":"https:\/\/www.upm.es\/recursosidi\/wp-json\/wp\/v2\/quien?post=8584"},{"taxonomy":"mapa","embeddable":true,"href":"https:\/\/www.upm.es\/recursosidi\/wp-json\/wp\/v2\/mapa?post=8584"},{"taxonomy":"disponibilidad","embeddable":true,"href":"https:\/\/www.upm.es\/recursosidi\/wp-json\/wp\/v2\/disponibilidad?post=8584"},{"taxonomy":"donde","embeddable":true,"href":"https:\/\/www.upm.es\/recursosidi\/wp-json\/wp\/v2\/donde?post=8584"},{"taxonomy":"infraestructura","embeddable":true,"href":"https:\/\/www.upm.es\/recursosidi\/wp-json\/wp\/v2\/infraestructura?post=8584"},{"taxonomy":"ods","embeddable":true,"href":"https:\/\/www.upm.es\/recursosidi\/wp-json\/wp\/v2\/ods?post=8584"},{"taxonomy":"origen","embeddable":true,"href":"https:\/\/www.upm.es\/recursosidi\/wp-json\/wp\/v2\/origen?post=8584"}],"curies":[{"name":"wp","href":"https:\/\/api.w.org\/{rel}","templated":true}]}}