{"id":8585,"date":"2021-11-25T14:13:38","date_gmt":"2021-11-25T13:13:38","guid":{"rendered":"https:\/\/www.upm.es\/recursosidi\/offers-resources\/sin%20categor\u00eda\/bovedilla-para-forjados\/"},"modified":"2023-01-18T09:33:59","modified_gmt":"2023-01-18T08:33:59","slug":"bovedilla-para-forjados","status":"publish","type":"product","link":"https:\/\/www.upm.es\/recursosidi\/offers-resources\/patentes\/bovedilla-para-forjados\/","title":{"rendered":"Bovedilla para forjados"},"content":{"rendered":"<h5>Descripci\u00f3n de la patente <\/h5>\n<p>La invenci\u00f3n se refiere a una bovedilla para forjados, de naturaleza cer\u00e1mica y del tipo constituidas por una pieza hueca, de configuraci\u00f3n prism\u00e1tica recta, de planta rectangular, con bases planas y paralelas y abiertas por dos de sus paredes opuestas, entre las que discurren tabiques perpendiculares a las bases.<br \/>\nLa bovedilla de la invenci\u00f3n est\u00e1 concebida para servir como pieza de entrevigado, con funci\u00f3n aligerante en forjados de hormig\u00f3n armado, especialmente en forjados unidireccionales prefabricados.<\/p>\n<h5>N\u00famero de solicitud<\/h5>\n<p>U201231189<\/p>\n<h5>N\u00famero de publicaci\u00f3n<\/h5>\n<p>1018738<\/p>\n<h5>Fecha de presentaci\u00f3n <\/h5>\n<p>12\/11\/2012<\/p>\n<h5>Fecha de publicaci\u00f3n <\/h5>\n<p>28\/02\/2013<\/p>\n<h5>Fecha de concesi\u00f3n <\/h5>\n<p>03\/06\/2013<\/p>\n<div class=\"pdfprnt-buttons pdfprnt-buttons-product pdfprnt-bottom-left\"><a href=\"https:\/\/www.upm.es\/recursosidi\/wp-json\/wp\/v2\/product\/8585?print=pdf\" class=\"pdfprnt-button pdfprnt-button-pdf\" target=\"_blank\"><span class=\"pdfprnt-button-title pdfprnt-button-pdf-title\">Descargar ficha<\/span><\/a><\/div>","protected":false},"excerpt":{"rendered":"<p>Descripci\u00f3n de la patente La invenci\u00f3n se refiere a una bovedilla para forjados, de naturaleza cer\u00e1mica y del tipo constituidas por una pieza hueca, de&hellip;<\/p>\n","protected":false},"featured_media":0,"template":"","meta":{"_acf_changed":false},"product_cat":[3946],"product_tag":[],"comunidades-upm":[],"quien":[],"mapa":[],"disponibilidad":[],"donde":[{"term_id":270,"name":"Ac\u00fastica Arquitect\u00f3nica","slug":"acustica-arquitectonica","term_group":0,"term_taxonomy_id":270,"taxonomy":"donde","description":"","parent":0,"count":3,"filter":"raw","term_order":"0"}],"infraestructura":[],"ods":[],"origen":[{"term_id":180,"name":"Patente","slug":"patente","term_group":0,"term_taxonomy_id":180,"taxonomy":"origen","description":"","parent":0,"count":614,"filter":"raw","term_order":"0"}],"familia_tax":false,"quien_tax":false,"donde_tax":false,"year":"","contacto":"<strong>Principales: <\/strong><ul><li>ANTONIO RODRIGUEZ SANCHEZ <blockquote><strong>antonio.rodriguezs@upm.es<\/strong><\/blockquote><\/li><li>JULIAN CESAR DIAZ SANCHIDRIAN <blockquote><strong>cesar.diaz.sanchidrian@upm.es<\/strong><\/blockquote><\/li><li>DAVID CABALLOL BARTOLOME <blockquote><strong>david.caballol@upm.es<\/strong><\/blockquote><\/li><li>EDUARDO MEDINA SANCHEZ <blockquote><strong>eduardo.medina@upm.es<\/strong><\/blockquote><\/li><\/ul>","telefono":"","pagina_web":"","email":"","id_ficha_portal":"729","video":"","adjuntos":false,"adjuntos_portal":"","inf":false,"departamento":"","acf":[],"lang":"es","translation":{"es":8585},"_links":{"self":[{"href":"https:\/\/www.upm.es\/recursosidi\/wp-json\/wp\/v2\/product\/8585"}],"collection":[{"href":"https:\/\/www.upm.es\/recursosidi\/wp-json\/wp\/v2\/product"}],"about":[{"href":"https:\/\/www.upm.es\/recursosidi\/wp-json\/wp\/v2\/types\/product"}],"wp:attachment":[{"href":"https:\/\/www.upm.es\/recursosidi\/wp-json\/wp\/v2\/media?parent=8585"}],"wp:term":[{"taxonomy":"product_cat","embeddable":true,"href":"https:\/\/www.upm.es\/recursosidi\/wp-json\/wp\/v2\/product_cat?post=8585"},{"taxonomy":"product_tag","embeddable":true,"href":"https:\/\/www.upm.es\/recursosidi\/wp-json\/wp\/v2\/product_tag?post=8585"},{"taxonomy":"comunidad_upm","embeddable":true,"href":"https:\/\/www.upm.es\/recursosidi\/wp-json\/wp\/v2\/comunidades-upm?post=8585"},{"taxonomy":"quien","embeddable":true,"href":"https:\/\/www.upm.es\/recursosidi\/wp-json\/wp\/v2\/quien?post=8585"},{"taxonomy":"mapa","embeddable":true,"href":"https:\/\/www.upm.es\/recursosidi\/wp-json\/wp\/v2\/mapa?post=8585"},{"taxonomy":"disponibilidad","embeddable":true,"href":"https:\/\/www.upm.es\/recursosidi\/wp-json\/wp\/v2\/disponibilidad?post=8585"},{"taxonomy":"donde","embeddable":true,"href":"https:\/\/www.upm.es\/recursosidi\/wp-json\/wp\/v2\/donde?post=8585"},{"taxonomy":"infraestructura","embeddable":true,"href":"https:\/\/www.upm.es\/recursosidi\/wp-json\/wp\/v2\/infraestructura?post=8585"},{"taxonomy":"ods","embeddable":true,"href":"https:\/\/www.upm.es\/recursosidi\/wp-json\/wp\/v2\/ods?post=8585"},{"taxonomy":"origen","embeddable":true,"href":"https:\/\/www.upm.es\/recursosidi\/wp-json\/wp\/v2\/origen?post=8585"}],"curies":[{"name":"wp","href":"https:\/\/api.w.org\/{rel}","templated":true}]}}