{"id":8586,"date":"2021-11-25T14:13:40","date_gmt":"2021-11-25T13:13:40","guid":{"rendered":"https:\/\/www.upm.es\/recursosidi\/offers-resources\/sin%20categor\u00eda\/forjado-prefabricado\/"},"modified":"2023-01-18T09:34:06","modified_gmt":"2023-01-18T08:34:06","slug":"forjado-prefabricado","status":"publish","type":"product","link":"https:\/\/www.upm.es\/recursosidi\/offers-resources\/patentes\/forjado-prefabricado\/","title":{"rendered":"Forjado prefabricado"},"content":{"rendered":"<h5>Descripci\u00f3n de la patente <\/h5>\n<p>Forjado prefabricado, compuesto a base de alineaciones de piezas cer\u00e1micas que<br \/>\nconforman un canal longitudinal central, un escal\u00f3n superior a lo largo de uno de los<br \/>\nlaterales, y un escal\u00f3n inferior a lo largo del lateral opuesto. El canal longitudinal aloja<br \/>\nuna armadura y va relleno de hormig\u00f3n hasta enrasar con la superficie superior de las<br \/>\nbovedillas, definiendo una superficie continua sobre la que va dispuesta una capa de<br \/>\npolietileno expandido no reticulado y de celdas cerradas.<\/p>\n<h5>N\u00famero de solicitud<\/h5>\n<p>U201430112<\/p>\n<h5>N\u00famero de publicaci\u00f3n<\/h5>\n<p>ES_1103313_U<\/p>\n<h5>Fecha de presentaci\u00f3n <\/h5>\n<p>21\/11\/2012<\/p>\n<h5>Fecha de concesi\u00f3n <\/h5>\n<p>04\/06\/2014<\/p>\n<div class=\"pdfprnt-buttons pdfprnt-buttons-product pdfprnt-bottom-left\"><a href=\"https:\/\/www.upm.es\/recursosidi\/wp-json\/wp\/v2\/product\/8586?print=pdf\" class=\"pdfprnt-button pdfprnt-button-pdf\" target=\"_blank\"><span class=\"pdfprnt-button-title pdfprnt-button-pdf-title\">Descargar ficha<\/span><\/a><\/div>","protected":false},"excerpt":{"rendered":"<p>Descripci\u00f3n de la patente Forjado prefabricado, compuesto a base de alineaciones de piezas cer\u00e1micas que conforman un canal longitudinal central, un escal\u00f3n superior a lo&hellip;<\/p>\n","protected":false},"featured_media":0,"template":"","meta":{"_acf_changed":false},"product_cat":[3946],"product_tag":[],"comunidades-upm":[],"quien":[],"mapa":[],"disponibilidad":[],"donde":[{"term_id":270,"name":"Ac\u00fastica Arquitect\u00f3nica","slug":"acustica-arquitectonica","term_group":0,"term_taxonomy_id":270,"taxonomy":"donde","description":"","parent":0,"count":3,"filter":"raw","term_order":"0"}],"infraestructura":[],"ods":[],"origen":[{"term_id":180,"name":"Patente","slug":"patente","term_group":0,"term_taxonomy_id":180,"taxonomy":"origen","description":"","parent":0,"count":614,"filter":"raw","term_order":"0"}],"familia_tax":false,"quien_tax":false,"donde_tax":false,"year":"","contacto":"<strong>Principales: <\/strong><ul><li>ANTONIO RODRIGUEZ SANCHEZ <blockquote><strong>antonio.rodriguezs@upm.es<\/strong><\/blockquote><\/li><li>JULIAN CESAR DIAZ SANCHIDRIAN <blockquote><strong>cesar.diaz.sanchidrian@upm.es<\/strong><\/blockquote><\/li><li>DAVID CABALLOL BARTOLOME <blockquote><strong>david.caballol@upm.es<\/strong><\/blockquote><\/li><li>EDUARDO MEDINA SANCHEZ <blockquote><strong>eduardo.medina@upm.es<\/strong><\/blockquote><\/li><\/ul>","telefono":"","pagina_web":"","email":"","id_ficha_portal":"732","video":"","adjuntos":false,"adjuntos_portal":"https:\/\/www.upm.es\/S2i\/Acuse\/recuperarArchivo.jsp?id=732&id_archivo=2393&tipo=patente&extension=fichero ","inf":false,"departamento":"","acf":[],"lang":"es","translation":{"es":8586},"_links":{"self":[{"href":"https:\/\/www.upm.es\/recursosidi\/wp-json\/wp\/v2\/product\/8586"}],"collection":[{"href":"https:\/\/www.upm.es\/recursosidi\/wp-json\/wp\/v2\/product"}],"about":[{"href":"https:\/\/www.upm.es\/recursosidi\/wp-json\/wp\/v2\/types\/product"}],"wp:attachment":[{"href":"https:\/\/www.upm.es\/recursosidi\/wp-json\/wp\/v2\/media?parent=8586"}],"wp:term":[{"taxonomy":"product_cat","embeddable":true,"href":"https:\/\/www.upm.es\/recursosidi\/wp-json\/wp\/v2\/product_cat?post=8586"},{"taxonomy":"product_tag","embeddable":true,"href":"https:\/\/www.upm.es\/recursosidi\/wp-json\/wp\/v2\/product_tag?post=8586"},{"taxonomy":"comunidad_upm","embeddable":true,"href":"https:\/\/www.upm.es\/recursosidi\/wp-json\/wp\/v2\/comunidades-upm?post=8586"},{"taxonomy":"quien","embeddable":true,"href":"https:\/\/www.upm.es\/recursosidi\/wp-json\/wp\/v2\/quien?post=8586"},{"taxonomy":"mapa","embeddable":true,"href":"https:\/\/www.upm.es\/recursosidi\/wp-json\/wp\/v2\/mapa?post=8586"},{"taxonomy":"disponibilidad","embeddable":true,"href":"https:\/\/www.upm.es\/recursosidi\/wp-json\/wp\/v2\/disponibilidad?post=8586"},{"taxonomy":"donde","embeddable":true,"href":"https:\/\/www.upm.es\/recursosidi\/wp-json\/wp\/v2\/donde?post=8586"},{"taxonomy":"infraestructura","embeddable":true,"href":"https:\/\/www.upm.es\/recursosidi\/wp-json\/wp\/v2\/infraestructura?post=8586"},{"taxonomy":"ods","embeddable":true,"href":"https:\/\/www.upm.es\/recursosidi\/wp-json\/wp\/v2\/ods?post=8586"},{"taxonomy":"origen","embeddable":true,"href":"https:\/\/www.upm.es\/recursosidi\/wp-json\/wp\/v2\/origen?post=8586"}],"curies":[{"name":"wp","href":"https:\/\/api.w.org\/{rel}","templated":true}]}}