{"id":8587,"date":"2021-11-25T14:13:42","date_gmt":"2021-11-25T13:13:42","guid":{"rendered":"https:\/\/www.upm.es\/recursosidi\/offers-resources\/sin categor\u00eda\/sistema-y-metodo-de-limitacion-de-la-corriente-de-inducido-en-caso-de-defecto-en-maquinas-sincronas\/"},"modified":"2022-08-10T02:12:10","modified_gmt":"2022-08-10T00:12:10","slug":"sistema-y-metodo-de-limitacion-de-la-corriente-de-inducido-en-caso-de-defecto-en-maquinas-sincronas","status":"publish","type":"product","link":"https:\/\/www.upm.es\/recursosidi\/offers-resources\/patentes\/sistema-y-metodo-de-limitacion-de-la-corriente-de-inducido-en-caso-de-defecto-en-maquinas-sincronas\/","title":{"rendered":"Sistema y m\u00e9todo de limitaci\u00f3n de la corriente de inducido en caso de defecto en m\u00e1quinas s\u00edncronas"},"content":{"rendered":"<h5>Descripci\u00f3n de la patente <\/h5>\n<p>Sistema y m\u00e9todo de limitaci\u00f3n de la corriente de inducido en caso de defecto en m\u00e1quinas s\u00edncronas excitadas mediante un regulador de tensi\u00f3n. El m\u00e9todo comprende:medir la corriente de cada una de las fases del inducido de la m\u00e1quina<br \/>\ns\u00edncrona; si la corriente de inducido I de una de las fases de la m\u00e1quina s\u00edncrona es superior a un umbral de activaci\u00f3n del limitador Ilim ON, activar un proceso de limitaci\u00f3n de la corriente de excitaci\u00f3n de la m\u00e1quina s\u00edncrona mediante el cual se realiza una regulaci\u00f3n del error entre la corriente de inducido I y un valor l\u00edmite de<br \/>\ncorriente de inducido ILIM y se resta la se\u00f1al regulada a la tensi\u00f3n de consigna del<br \/>\nregulador de tensi\u00f3n. El proceso de limitaci\u00f3n se puede desactivar cuando la intensidad de inducido I disminuya por debajo de un umbral de desactivaci\u00f3n del limitador Ilim OFF.<\/p>\n<h5>N\u00famero de solicitud<\/h5>\n<p>P201231736<\/p>\n<h5>N\u00famero de publicaci\u00f3n<\/h5>\n<p>ES2411099_A1<\/p>\n<h5>Fecha de presentaci\u00f3n <\/h5>\n<p>12\/11\/2012<\/p>\n<h5>Fecha de publicaci\u00f3n <\/h5>\n<p>04\/07\/2013<\/p>\n<div class=\"pdfprnt-buttons pdfprnt-buttons-product pdfprnt-bottom-left\"><a href=\"https:\/\/www.upm.es\/recursosidi\/wp-json\/wp\/v2\/product\/8587?print=pdf\" class=\"pdfprnt-button pdfprnt-button-pdf\" target=\"_blank\"><span class=\"pdfprnt-button-title pdfprnt-button-pdf-title\">Descargar ficha<\/span><\/a><\/div>","protected":false},"excerpt":{"rendered":"<p>Descripci\u00f3n de la patente Sistema y m\u00e9todo de limitaci\u00f3n de la corriente de inducido en caso de defecto en m\u00e1quinas s\u00edncronas excitadas mediante un regulador&hellip;<\/p>\n","protected":false},"featured_media":0,"template":"","meta":{"_acf_changed":false},"product_cat":[3946],"product_tag":[],"comunidades-upm":[],"quien":[],"mapa":[],"disponibilidad":[],"donde":[{"term_id":374,"name":"Generaci\u00f3n el\u00e9ctrica con energ\u00eda e\u00f3lica","slug":"generacion-electrica-con-energia-eolica","term_group":0,"term_taxonomy_id":374,"taxonomy":"donde","description":"","parent":0,"count":70,"filter":"raw","term_order":"0"},{"term_id":656,"name":"Redes e instalaciones de baja y alta tensi\u00f3n","slug":"redes-e-instalaciones-de-baja-y-alta-tension","term_group":0,"term_taxonomy_id":656,"taxonomy":"donde","description":"","parent":0,"count":16,"filter":"raw","term_order":"0"}],"infraestructura":[],"ods":[],"origen":[{"term_id":180,"name":"Patente","slug":"patente","term_group":0,"term_taxonomy_id":180,"taxonomy":"origen","description":"","parent":0,"count":614,"filter":"raw","term_order":"0"}],"familia_tax":false,"quien_tax":false,"donde_tax":false,"year":"","contacto":"<strong>Principales: <\/strong><ul><li>EMILIO DAVID REBOLLO LOPEZ <blockquote><strong>emilio.rebollo.lopez@upm.es<\/strong><\/blockquote><\/li><li>Francisco Bl\u00e1nquez Delgado <blockquote><strong><\/strong><\/blockquote><\/li><li>RICARDO GRANIZO ARRABE <blockquote><strong>ricardo.granizo@upm.es<\/strong><\/blockquote><\/li><li>CARLOS ANTONIO PLATERO GAONA <blockquote><strong>carlosantonio.platero@upm.es<\/strong><\/blockquote><\/li><\/ul>","telefono":"","pagina_web":"","email":"","id_ficha_portal":"733","video":"","adjuntos":false,"adjuntos_portal":"","inf":false,"departamento":"","acf":[],"lang":"es","translation":{"es":8587},"_links":{"self":[{"href":"https:\/\/www.upm.es\/recursosidi\/wp-json\/wp\/v2\/product\/8587"}],"collection":[{"href":"https:\/\/www.upm.es\/recursosidi\/wp-json\/wp\/v2\/product"}],"about":[{"href":"https:\/\/www.upm.es\/recursosidi\/wp-json\/wp\/v2\/types\/product"}],"wp:attachment":[{"href":"https:\/\/www.upm.es\/recursosidi\/wp-json\/wp\/v2\/media?parent=8587"}],"wp:term":[{"taxonomy":"product_cat","embeddable":true,"href":"https:\/\/www.upm.es\/recursosidi\/wp-json\/wp\/v2\/product_cat?post=8587"},{"taxonomy":"product_tag","embeddable":true,"href":"https:\/\/www.upm.es\/recursosidi\/wp-json\/wp\/v2\/product_tag?post=8587"},{"taxonomy":"comunidad_upm","embeddable":true,"href":"https:\/\/www.upm.es\/recursosidi\/wp-json\/wp\/v2\/comunidades-upm?post=8587"},{"taxonomy":"quien","embeddable":true,"href":"https:\/\/www.upm.es\/recursosidi\/wp-json\/wp\/v2\/quien?post=8587"},{"taxonomy":"mapa","embeddable":true,"href":"https:\/\/www.upm.es\/recursosidi\/wp-json\/wp\/v2\/mapa?post=8587"},{"taxonomy":"disponibilidad","embeddable":true,"href":"https:\/\/www.upm.es\/recursosidi\/wp-json\/wp\/v2\/disponibilidad?post=8587"},{"taxonomy":"donde","embeddable":true,"href":"https:\/\/www.upm.es\/recursosidi\/wp-json\/wp\/v2\/donde?post=8587"},{"taxonomy":"infraestructura","embeddable":true,"href":"https:\/\/www.upm.es\/recursosidi\/wp-json\/wp\/v2\/infraestructura?post=8587"},{"taxonomy":"ods","embeddable":true,"href":"https:\/\/www.upm.es\/recursosidi\/wp-json\/wp\/v2\/ods?post=8587"},{"taxonomy":"origen","embeddable":true,"href":"https:\/\/www.upm.es\/recursosidi\/wp-json\/wp\/v2\/origen?post=8587"}],"curies":[{"name":"wp","href":"https:\/\/api.w.org\/{rel}","templated":true}]}}