{"id":8591,"date":"2021-11-25T14:13:53","date_gmt":"2021-11-25T13:13:53","guid":{"rendered":"https:\/\/www.upm.es\/recursosidi\/offers-resources\/sin categor\u00eda\/metodo-de-localizacion-de-faltas-a-tierra-en-devanados-de-inducido-de-maquinas-sincronas-mediante-un-ensayo-en-vacio-postfalta\/"},"modified":"2022-08-10T02:12:21","modified_gmt":"2022-08-10T00:12:21","slug":"metodo-de-localizacion-de-faltas-a-tierra-en-devanados-de-inducido-de-maquinas-sincronas-mediante-un-ensayo-en-vacio-postfalta","status":"publish","type":"product","link":"https:\/\/www.upm.es\/recursosidi\/offers-resources\/patentes\/metodo-de-localizacion-de-faltas-a-tierra-en-devanados-de-inducido-de-maquinas-sincronas-mediante-un-ensayo-en-vacio-postfalta\/","title":{"rendered":"M\u00e9todo de localizaci\u00f3n de faltas a tierra en devanados de inducido de m\u00e1quinas s\u00edncronas mediante un ensayo en vac\u00edo postfalta"},"content":{"rendered":"<h5>Descripci\u00f3n de la patente <\/h5>\n<p>M\u00e9todo de localizaci\u00f3n de faltas a tierra en devanados de inducido de m\u00e1quinas s\u00edncronas, que comprende: alimentaci\u00f3n con tensi\u00f3n continua del devanado inductor con la m\u00e1quina girando; medida de la tensi\u00f3n inducida en la fase o rama con defecto con respecto a tierra, estando desconectada de la puesta a tierra de la m\u00e1quina<br \/>\ns\u00edncrona; medida de una tensi\u00f3n inducida en las fases sin defecto; c\u00e1lculo del porcentaje de la amplitud de la tensi\u00f3n inducida en la fase o<br \/>\nrama con defecto a tierra con respecto a la tensi\u00f3n inducida en cualquiera de las fases o ramas sanas; c\u00e1lculo del porcentaje del devanado donde est\u00e1 el defecto a tierra basado<br \/>\nen el porcentaje de la amplitud de la tensi\u00f3n inducida en la fase con defecto a tierra con respecto a la tensi\u00f3n inducida en cualquiera de las fases o ramas sanas.<\/p>\n<h5>N\u00famero de solicitud<\/h5>\n<p>P201231181<\/p>\n<h5>Fecha de presentaci\u00f3n <\/h5>\n<p>24\/07\/2012<\/p>\n<div class=\"pdfprnt-buttons pdfprnt-buttons-product pdfprnt-bottom-left\"><a href=\"https:\/\/www.upm.es\/recursosidi\/wp-json\/wp\/v2\/product\/8591?print=pdf\" class=\"pdfprnt-button pdfprnt-button-pdf\" target=\"_blank\"><span class=\"pdfprnt-button-title pdfprnt-button-pdf-title\">Descargar ficha<\/span><\/a><\/div>","protected":false},"excerpt":{"rendered":"<p>Descripci\u00f3n de la patente M\u00e9todo de localizaci\u00f3n de faltas a tierra en devanados de inducido de m\u00e1quinas s\u00edncronas, que comprende: alimentaci\u00f3n con tensi\u00f3n continua del&hellip;<\/p>\n","protected":false},"featured_media":0,"template":"","meta":{"_acf_changed":false},"product_cat":[3946],"product_tag":[],"comunidades-upm":[],"quien":[],"mapa":[],"disponibilidad":[],"donde":[{"term_id":374,"name":"Generaci\u00f3n el\u00e9ctrica con energ\u00eda e\u00f3lica","slug":"generacion-electrica-con-energia-eolica","term_group":0,"term_taxonomy_id":374,"taxonomy":"donde","description":"","parent":0,"count":70,"filter":"raw","term_order":"0"},{"term_id":656,"name":"Redes e instalaciones de baja y alta tensi\u00f3n","slug":"redes-e-instalaciones-de-baja-y-alta-tension","term_group":0,"term_taxonomy_id":656,"taxonomy":"donde","description":"","parent":0,"count":16,"filter":"raw","term_order":"0"}],"infraestructura":[],"ods":[],"origen":[{"term_id":180,"name":"Patente","slug":"patente","term_group":0,"term_taxonomy_id":180,"taxonomy":"origen","description":"","parent":0,"count":614,"filter":"raw","term_order":"0"}],"familia_tax":false,"quien_tax":false,"donde_tax":false,"year":"","contacto":"<strong>Principales: <\/strong><ul><li>EMILIO DAVID REBOLLO LOPEZ <blockquote><strong>emilio.rebollo.lopez@upm.es<\/strong><\/blockquote><\/li><li>Francisco Bl\u00e1nquez Delgado <blockquote><strong><\/strong><\/blockquote><\/li><li>MIGUEL ANGEL PARDO VICENTE <blockquote><strong>ma.pardo@alumnos.upm.es<\/strong><\/blockquote><\/li><li>RICARDO GRANIZO ARRABE <blockquote><strong>ricardo.granizo@upm.es<\/strong><\/blockquote><\/li><li>CARLOS ANTONIO PLATERO GAONA <blockquote><strong>carlosantonio.platero@upm.es<\/strong><\/blockquote><\/li><\/ul>","telefono":"","pagina_web":"","email":"","id_ficha_portal":"701","video":"","adjuntos":false,"adjuntos_portal":"","inf":false,"departamento":"","acf":[],"lang":"es","translation":{"es":8591},"_links":{"self":[{"href":"https:\/\/www.upm.es\/recursosidi\/wp-json\/wp\/v2\/product\/8591"}],"collection":[{"href":"https:\/\/www.upm.es\/recursosidi\/wp-json\/wp\/v2\/product"}],"about":[{"href":"https:\/\/www.upm.es\/recursosidi\/wp-json\/wp\/v2\/types\/product"}],"wp:attachment":[{"href":"https:\/\/www.upm.es\/recursosidi\/wp-json\/wp\/v2\/media?parent=8591"}],"wp:term":[{"taxonomy":"product_cat","embeddable":true,"href":"https:\/\/www.upm.es\/recursosidi\/wp-json\/wp\/v2\/product_cat?post=8591"},{"taxonomy":"product_tag","embeddable":true,"href":"https:\/\/www.upm.es\/recursosidi\/wp-json\/wp\/v2\/product_tag?post=8591"},{"taxonomy":"comunidad_upm","embeddable":true,"href":"https:\/\/www.upm.es\/recursosidi\/wp-json\/wp\/v2\/comunidades-upm?post=8591"},{"taxonomy":"quien","embeddable":true,"href":"https:\/\/www.upm.es\/recursosidi\/wp-json\/wp\/v2\/quien?post=8591"},{"taxonomy":"mapa","embeddable":true,"href":"https:\/\/www.upm.es\/recursosidi\/wp-json\/wp\/v2\/mapa?post=8591"},{"taxonomy":"disponibilidad","embeddable":true,"href":"https:\/\/www.upm.es\/recursosidi\/wp-json\/wp\/v2\/disponibilidad?post=8591"},{"taxonomy":"donde","embeddable":true,"href":"https:\/\/www.upm.es\/recursosidi\/wp-json\/wp\/v2\/donde?post=8591"},{"taxonomy":"infraestructura","embeddable":true,"href":"https:\/\/www.upm.es\/recursosidi\/wp-json\/wp\/v2\/infraestructura?post=8591"},{"taxonomy":"ods","embeddable":true,"href":"https:\/\/www.upm.es\/recursosidi\/wp-json\/wp\/v2\/ods?post=8591"},{"taxonomy":"origen","embeddable":true,"href":"https:\/\/www.upm.es\/recursosidi\/wp-json\/wp\/v2\/origen?post=8591"}],"curies":[{"name":"wp","href":"https:\/\/api.w.org\/{rel}","templated":true}]}}