{"id":8594,"date":"2021-11-25T14:14:00","date_gmt":"2021-11-25T13:14:00","guid":{"rendered":"https:\/\/www.upm.es\/recursosidi\/offers-resources\/sin categor\u00eda\/dispositivo-de-captacion-de-la-radiacion-solar-concentrada-con-drenaje-del-fluido-calorifero\/"},"modified":"2022-08-10T02:12:30","modified_gmt":"2022-08-10T00:12:30","slug":"dispositivo-de-captacion-de-la-radiacion-solar-concentrada-con-drenaje-del-fluido-calorifero","status":"publish","type":"product","link":"https:\/\/www.upm.es\/recursosidi\/offers-resources\/patentes\/dispositivo-de-captacion-de-la-radiacion-solar-concentrada-con-drenaje-del-fluido-calorifero\/","title":{"rendered":"Dispositivo de captaci\u00f3n de la radiaci\u00f3n solar concentrada, con drenaje del fluido calor\u00edfero"},"content":{"rendered":"<h5>Descripci\u00f3n de la patente <\/h5>\n<p>Dispositivo de captaci\u00f3n de la radiaci\u00f3n solar concentrada, con drenaje del fluido calor\u00edfero, consistente en un conjunto alineado e inclinado de carcasas herm\u00e9ticas con una ventana transparente para el paso de la radiaci\u00f3n concentrada, existiendo al menos un haz de al menos un tubo absorbedor, y disponi\u00e9ndose en la mitad longitudinal del haz dentro de la carcasa de un latiguillo de  dilataci\u00f3n, que forma con los tubos un conducto de desag\u00fce en el que no hay pelda\u00f1os ni resaltes, y que acaba en una tuber\u00eda vertical de vaciado, habitualmente cerrada por una v\u00e1lvula. La tuber\u00eda descarga en un dep\u00f3sito aislado de almacenamiento del fluido, desde el cual se bombea cuando hay que rellenar la instalaci\u00f3n. Para compensar las presiones durante el vaciado, se emplea un gas inerte inyectado a presi\u00f3n moderada. <\/p>\n<h5>Situaci\u00f3n <\/h5>\n<p>Concedida<\/p>\n<h5>N\u00famero de solicitud<\/h5>\n<p>P201201057<\/p>\n<h5>N\u00famero de publicaci\u00f3n<\/h5>\n<p>ES2396078<\/p>\n<h5>Fecha de presentaci\u00f3n <\/h5>\n<p>23\/10\/2012<\/p>\n<h5>Fecha de concesi\u00f3n <\/h5>\n<p>10\/06\/2013<\/p>\n<div class=\"pdfprnt-buttons pdfprnt-buttons-product pdfprnt-bottom-left\"><a href=\"https:\/\/www.upm.es\/recursosidi\/wp-json\/wp\/v2\/product\/8594?print=pdf\" class=\"pdfprnt-button pdfprnt-button-pdf\" target=\"_blank\"><span class=\"pdfprnt-button-title pdfprnt-button-pdf-title\">Descargar ficha<\/span><\/a><\/div>","protected":false},"excerpt":{"rendered":"<p>Descripci\u00f3n de la patente Dispositivo de captaci\u00f3n de la radiaci\u00f3n solar concentrada, con drenaje del fluido calor\u00edfero, consistente en un conjunto alineado e inclinado de&hellip;<\/p>\n","protected":false},"featured_media":0,"template":"","meta":{"_acf_changed":false},"product_cat":[3946],"product_tag":[],"comunidades-upm":[],"quien":[],"mapa":[],"disponibilidad":[],"donde":[{"term_id":238,"name":"Instituto de Fusi\u00f3n Nuclear \"Guillermo Velarde\" (IFN-GV)","slug":"instituto-de-fusion-nuclear-guillermo-velarde-ifn-gv","term_group":0,"term_taxonomy_id":238,"taxonomy":"donde","description":"","parent":0,"count":57,"filter":"raw","term_order":"0"},{"term_id":390,"name":"Thermal Energy for Sustainability","slug":"thermal-energy-for-sustainability","term_group":0,"term_taxonomy_id":390,"taxonomy":"donde","description":"","parent":0,"count":57,"filter":"raw","term_order":"0"}],"infraestructura":[],"ods":[],"origen":[{"term_id":180,"name":"Patente","slug":"patente","term_group":0,"term_taxonomy_id":180,"taxonomy":"origen","description":"","parent":0,"count":614,"filter":"raw","term_order":"0"}],"familia_tax":false,"quien_tax":false,"donde_tax":false,"year":"","contacto":"<strong>Principales: <\/strong><ul><li>ALBERTO RAMOS MILLAN <blockquote><strong>alberto.ramos@upm.es<\/strong><\/blockquote><\/li><li>JOSE MARIA MARTINEZ-VAL PE\u00d1ALOSA <blockquote><strong>josemaria.martinezval@upm.es<\/strong><\/blockquote><\/li><li>ALBERTO ABANADES VELASCO <blockquote><strong>alberto.abanades@upm.es<\/strong><\/blockquote><\/li><li>JAVIER MU\u00d1OZ ANTON <blockquote><strong>javier.munoz.anton@upm.es<\/strong><\/blockquote><\/li><li>RUBEN ABBAS CAMARA <blockquote><strong>ruben.abbas@upm.es<\/strong><\/blockquote><\/li><li>RAFAEL RUBEN AMENGUAL MATAS <blockquote><strong>ruben.amengual@upm.es<\/strong><\/blockquote><\/li><li>MANUEL VALDES DEL FRESNO <blockquote><strong>manuel.valdes@upm.es<\/strong><\/blockquote><\/li><\/ul><strong>Otros inventores: <\/strong><ul><li>MireiaPiera Carret\u00e9 Universidad Nacional de Educacion a Distancia (UNED)<\/li> <li>Antonio J.Rovira de Antonio Universidad Nacional de Educacion a Distancia (UNED)<\/li> <li>Mar\u00eda Jos\u00e9Montes Pita Universidad Nacional de Educacion a Distancia (UNED)<\/li> <\/ul>","telefono":"","pagina_web":"","email":"","id_ficha_portal":"726","video":"","adjuntos":false,"adjuntos_portal":"https:\/\/www.upm.es\/S2i\/Acuse\/recuperarArchivo.jsp?id=726&id_archivo=2216&tipo=patente&extension=fichero ","inf":false,"departamento":"","acf":[],"lang":"es","translation":{"es":8594},"_links":{"self":[{"href":"https:\/\/www.upm.es\/recursosidi\/wp-json\/wp\/v2\/product\/8594"}],"collection":[{"href":"https:\/\/www.upm.es\/recursosidi\/wp-json\/wp\/v2\/product"}],"about":[{"href":"https:\/\/www.upm.es\/recursosidi\/wp-json\/wp\/v2\/types\/product"}],"wp:attachment":[{"href":"https:\/\/www.upm.es\/recursosidi\/wp-json\/wp\/v2\/media?parent=8594"}],"wp:term":[{"taxonomy":"product_cat","embeddable":true,"href":"https:\/\/www.upm.es\/recursosidi\/wp-json\/wp\/v2\/product_cat?post=8594"},{"taxonomy":"product_tag","embeddable":true,"href":"https:\/\/www.upm.es\/recursosidi\/wp-json\/wp\/v2\/product_tag?post=8594"},{"taxonomy":"comunidad_upm","embeddable":true,"href":"https:\/\/www.upm.es\/recursosidi\/wp-json\/wp\/v2\/comunidades-upm?post=8594"},{"taxonomy":"quien","embeddable":true,"href":"https:\/\/www.upm.es\/recursosidi\/wp-json\/wp\/v2\/quien?post=8594"},{"taxonomy":"mapa","embeddable":true,"href":"https:\/\/www.upm.es\/recursosidi\/wp-json\/wp\/v2\/mapa?post=8594"},{"taxonomy":"disponibilidad","embeddable":true,"href":"https:\/\/www.upm.es\/recursosidi\/wp-json\/wp\/v2\/disponibilidad?post=8594"},{"taxonomy":"donde","embeddable":true,"href":"https:\/\/www.upm.es\/recursosidi\/wp-json\/wp\/v2\/donde?post=8594"},{"taxonomy":"infraestructura","embeddable":true,"href":"https:\/\/www.upm.es\/recursosidi\/wp-json\/wp\/v2\/infraestructura?post=8594"},{"taxonomy":"ods","embeddable":true,"href":"https:\/\/www.upm.es\/recursosidi\/wp-json\/wp\/v2\/ods?post=8594"},{"taxonomy":"origen","embeddable":true,"href":"https:\/\/www.upm.es\/recursosidi\/wp-json\/wp\/v2\/origen?post=8594"}],"curies":[{"name":"wp","href":"https:\/\/api.w.org\/{rel}","templated":true}]}}