{"id":8596,"date":"2021-11-25T14:14:05","date_gmt":"2021-11-25T13:14:05","guid":{"rendered":"https:\/\/www.upm.es\/recursosidi\/offers-resources\/sin categor\u00eda\/aerogenerador-con-carena-de-direccion\/"},"modified":"2022-08-10T02:12:35","modified_gmt":"2022-08-10T00:12:35","slug":"aerogenerador-con-carena-de-direccion","status":"publish","type":"product","link":"https:\/\/www.upm.es\/recursosidi\/offers-resources\/patentes\/aerogenerador-con-carena-de-direccion\/","title":{"rendered":"Aerogenerador con carena de direcci\u00f3n"},"content":{"rendered":"<h5>Descripci\u00f3n de la patente <\/h5>\n<p>Aerogenerador con carena de direcci\u00f3n est\u00e1 formado por un rotor o h\u00e9lice, que de forma preferente tiene cinco palas, con un cono central, unido mediante un eje al cuerpo central, que contiene un generador el\u00e9ctrico de tipo dinamo o alternador, que soporta una carena de direcci\u00f3n, que orienta el aerogenerador espont\u00e1neamente hacia el viento por su efecto aerodin\u00e1mico. La carena de direcci\u00f3n est\u00e1 unida al cuerpo central mediante soportes delanteros y traseros. El aerogenerador se apoya en un m\u00e1stil, que est\u00e1 unido a la carena, permitiendo su giro 360\u00ba para conseguir su orientaci\u00f3n \u00f3ptima hacia el viento.<\/p>\n<h5>Situaci\u00f3n <\/h5>\n<p>Concedida<\/p>\n<h5>N\u00famero de solicitud<\/h5>\n<p>P201201272<\/p>\n<h5>N\u00famero de publicaci\u00f3n<\/h5>\n<p>ES2471718_A1<\/p>\n<h5>Fecha de presentaci\u00f3n <\/h5>\n<p>24\/12\/2012<\/p>\n<h5>Fecha de publicaci\u00f3n <\/h5>\n<p>26\/06\/2014<\/p>\n<h5>Fecha de concesi\u00f3n <\/h5>\n<p>18\/02\/2015<\/p>\n<div class=\"pdfprnt-buttons pdfprnt-buttons-product pdfprnt-bottom-left\"><a href=\"https:\/\/www.upm.es\/recursosidi\/wp-json\/wp\/v2\/product\/8596?print=pdf\" class=\"pdfprnt-button pdfprnt-button-pdf\" target=\"_blank\"><span class=\"pdfprnt-button-title pdfprnt-button-pdf-title\">Descargar ficha<\/span><\/a><\/div>","protected":false},"excerpt":{"rendered":"<p>Descripci\u00f3n de la patente Aerogenerador con carena de direcci\u00f3n est\u00e1 formado por un rotor o h\u00e9lice, que de forma preferente tiene cinco palas, con un&hellip;<\/p>\n","protected":false},"featured_media":0,"template":"","meta":{"_acf_changed":false},"product_cat":[3946],"product_tag":[],"comunidades-upm":[],"quien":[],"mapa":[],"disponibilidad":[],"donde":[{"term_id":258,"name":"Innovaci\u00f3n en procesos urbanos y tecnolog\u00edas de la edificaci\u00f3n","slug":"innovacion-en-procesos-urbanos-y-tecnologias-de-la-edificacion","term_group":0,"term_taxonomy_id":258,"taxonomy":"donde","description":"","parent":0,"count":5,"filter":"raw","term_order":"0"}],"infraestructura":[],"ods":[],"origen":[{"term_id":180,"name":"Patente","slug":"patente","term_group":0,"term_taxonomy_id":180,"taxonomy":"origen","description":"","parent":0,"count":614,"filter":"raw","term_order":"0"}],"familia_tax":false,"quien_tax":false,"donde_tax":false,"year":"","contacto":"<strong>Principales: <\/strong><ul><li>BENITO LAURET AGUIRREGABIRIA <blockquote><strong>benito.lauret@upm.es<\/strong><\/blockquote><\/li><li>BELEN PEREZ-PUJAZON MILLAN <blockquote><strong>b.perez-pujazon@alumnos.upm.es<\/strong><\/blockquote><\/li><li>LUIS JES\u00faS CLAROS MARFIL <blockquote><strong>lj.claros@alumnos.upm.es<\/strong><\/blockquote><\/li><li>GRACIELA OVANDO VACAREZZA <blockquote><strong>graciela.ovando@upm.es<\/strong><\/blockquote><\/li><li>JUAN MIGUEL LIROLA PEREZ <blockquote><strong>juanmi.lirolaperez@upm.es<\/strong><\/blockquote><\/li><li>Luis Alberto Alonso Pastor <blockquote><strong>luisalberto.alonso.pastor@upm.es<\/strong><\/blockquote><\/li><\/ul><strong>Otros inventores UPM: <\/strong><ul><li>Est\u00e9fana Casta\u00f1eda Vergara<\/li><li>Mar\u00eda Ma\u00f1anas \u00c1lvaro<\/li><\/ul><strong>Otros inventores: <\/strong><ul><li>Mohamed KhayetSouhaimi Universidad Complutense de Madrid (UCM)<\/li> <\/ul>","telefono":"","pagina_web":"","email":"","id_ficha_portal":"743","video":"","adjuntos":false,"adjuntos_portal":"","inf":false,"departamento":"","acf":[],"lang":"es","translation":{"es":8596},"_links":{"self":[{"href":"https:\/\/www.upm.es\/recursosidi\/wp-json\/wp\/v2\/product\/8596"}],"collection":[{"href":"https:\/\/www.upm.es\/recursosidi\/wp-json\/wp\/v2\/product"}],"about":[{"href":"https:\/\/www.upm.es\/recursosidi\/wp-json\/wp\/v2\/types\/product"}],"wp:attachment":[{"href":"https:\/\/www.upm.es\/recursosidi\/wp-json\/wp\/v2\/media?parent=8596"}],"wp:term":[{"taxonomy":"product_cat","embeddable":true,"href":"https:\/\/www.upm.es\/recursosidi\/wp-json\/wp\/v2\/product_cat?post=8596"},{"taxonomy":"product_tag","embeddable":true,"href":"https:\/\/www.upm.es\/recursosidi\/wp-json\/wp\/v2\/product_tag?post=8596"},{"taxonomy":"comunidad_upm","embeddable":true,"href":"https:\/\/www.upm.es\/recursosidi\/wp-json\/wp\/v2\/comunidades-upm?post=8596"},{"taxonomy":"quien","embeddable":true,"href":"https:\/\/www.upm.es\/recursosidi\/wp-json\/wp\/v2\/quien?post=8596"},{"taxonomy":"mapa","embeddable":true,"href":"https:\/\/www.upm.es\/recursosidi\/wp-json\/wp\/v2\/mapa?post=8596"},{"taxonomy":"disponibilidad","embeddable":true,"href":"https:\/\/www.upm.es\/recursosidi\/wp-json\/wp\/v2\/disponibilidad?post=8596"},{"taxonomy":"donde","embeddable":true,"href":"https:\/\/www.upm.es\/recursosidi\/wp-json\/wp\/v2\/donde?post=8596"},{"taxonomy":"infraestructura","embeddable":true,"href":"https:\/\/www.upm.es\/recursosidi\/wp-json\/wp\/v2\/infraestructura?post=8596"},{"taxonomy":"ods","embeddable":true,"href":"https:\/\/www.upm.es\/recursosidi\/wp-json\/wp\/v2\/ods?post=8596"},{"taxonomy":"origen","embeddable":true,"href":"https:\/\/www.upm.es\/recursosidi\/wp-json\/wp\/v2\/origen?post=8596"}],"curies":[{"name":"wp","href":"https:\/\/api.w.org\/{rel}","templated":true}]}}