{"id":8600,"date":"2021-11-25T14:14:14","date_gmt":"2021-11-25T13:14:14","guid":{"rendered":"https:\/\/www.upm.es\/recursosidi\/offers-resources\/sin%20categor\u00eda\/adicion-a-la-patente-de-invencion-p200930426-por-procedimiento-para-la-obtencion-a-gran-escala-de-inoculo-miceliar-de-basidiomicetos\/"},"modified":"2022-08-10T02:12:46","modified_gmt":"2022-08-10T00:12:46","slug":"adicion-a-la-patente-de-invencion-p200930426-por-procedimiento-para-la-obtencion-a-gran-escala-de-inoculo-miceliar-de-basidiomicetos","status":"publish","type":"product","link":"https:\/\/www.upm.es\/recursosidi\/offers-resources\/patentes\/adicion-a-la-patente-de-invencion-p200930426-por-procedimiento-para-la-obtencion-a-gran-escala-de-inoculo-miceliar-de-basidiomicetos\/","title":{"rendered":"Adici\u00f3n a la patente de invenci\u00f3n P200930426 por &#8220;Procedimiento para la obtenci\u00f3n a gran escala de in\u00f3culo miceliar de basidiomicetos&#8221;"},"content":{"rendered":"<h5>Descripci\u00f3n de la patente <\/h5>\n<p>Adici\u00f3n a la patente de invenci\u00f3n P200930246, que describe la aplicaci\u00f3n del procedimiento patentado a la producci\u00f3n de Ascomicetos. La producci\u00f3n a gran escala de Ascomicetos resulta de gran inter\u00e9s comercial, y en particular de importantes especies pertenecientes a los g\u00e9neros Tuber, Terfezia o Morchella, como son, entre otras, Tuber melanosporum &#8220;trufa negra&#8221; o &#8220;trufa de P\u00e9rigord&#8221;, Tuber magnatum &#8220;trufa blanca del Piamonte&#8221;, Terfezia arenaria &#8220;trufa del desierto&#8221; o Morchella esculenta &#8220;colmenilla&#8221;.<\/p>\n<h5>Situaci\u00f3n <\/h5>\n<p>Concedida<\/p>\n<h5>N\u00famero de solicitud<\/h5>\n<p>P201231240<\/p>\n<h5>Fecha de presentaci\u00f3n <\/h5>\n<p>31\/07\/2012<\/p>\n<h5>Fecha de concesi\u00f3n <\/h5>\n<p>14\/01\/2013<\/p>\n<div class=\"pdfprnt-buttons pdfprnt-buttons-product pdfprnt-bottom-left\"><a href=\"https:\/\/www.upm.es\/recursosidi\/wp-json\/wp\/v2\/product\/8600?print=pdf\" class=\"pdfprnt-button pdfprnt-button-pdf\" target=\"_blank\"><span class=\"pdfprnt-button-title pdfprnt-button-pdf-title\">Descargar ficha<\/span><\/a><\/div>","protected":false},"excerpt":{"rendered":"<p>Descripci\u00f3n de la patente Adici\u00f3n a la patente de invenci\u00f3n P200930246, que describe la aplicaci\u00f3n del procedimiento patentado a la producci\u00f3n de Ascomicetos. La producci\u00f3n&hellip;<\/p>\n","protected":false},"featured_media":0,"template":"","meta":{"_acf_changed":false},"product_cat":[3946],"product_tag":[],"comunidades-upm":[],"quien":[],"mapa":[],"disponibilidad":[],"donde":[{"term_id":42,"name":"UPM","slug":"upm","term_group":0,"term_taxonomy_id":42,"taxonomy":"donde","description":"Universidad Polit\u00e9cnica de Madrid\r\nHTML \"Lorem ipsum dolor sit amet, consectetur adipiscing elit, sed do eiusmod tempor incididunt ut labore et dolore magna aliqua. Ut enim ad minim veniam, quis nostrud exercitation ullamco laboris nisi ut aliquip ex ea commodo consequat. Duis aute irure dolor in reprehenderit in voluptate velit esse cillum dolore eu fugiat nulla pariatur. Excepteur sint occaecat cupidatat non proident, sunt in culpa qui officia deserunt mollit anim id est laborum.\"","parent":0,"count":146,"filter":"raw","term_order":"0"}],"infraestructura":[],"ods":[],"origen":[{"term_id":180,"name":"Patente","slug":"patente","term_group":0,"term_taxonomy_id":180,"taxonomy":"origen","description":"","parent":0,"count":614,"filter":"raw","term_order":"0"}],"familia_tax":false,"quien_tax":false,"donde_tax":false,"year":"","contacto":"<ul><li><blockquote><strong>otri.investigacion@upm.es<\/strong><\/blockquote><\/li><\/ul>","telefono":"","pagina_web":"","email":"","id_ficha_portal":"712","video":"","adjuntos":false,"adjuntos_portal":"https:\/\/www.upm.es\/S2i\/Acuse\/recuperarArchivo.jsp?id=712&id_archivo=2067&tipo=patente&extension=fichero ","inf":false,"departamento":"","acf":[],"lang":"es","translation":{"es":8600},"_links":{"self":[{"href":"https:\/\/www.upm.es\/recursosidi\/wp-json\/wp\/v2\/product\/8600"}],"collection":[{"href":"https:\/\/www.upm.es\/recursosidi\/wp-json\/wp\/v2\/product"}],"about":[{"href":"https:\/\/www.upm.es\/recursosidi\/wp-json\/wp\/v2\/types\/product"}],"wp:attachment":[{"href":"https:\/\/www.upm.es\/recursosidi\/wp-json\/wp\/v2\/media?parent=8600"}],"wp:term":[{"taxonomy":"product_cat","embeddable":true,"href":"https:\/\/www.upm.es\/recursosidi\/wp-json\/wp\/v2\/product_cat?post=8600"},{"taxonomy":"product_tag","embeddable":true,"href":"https:\/\/www.upm.es\/recursosidi\/wp-json\/wp\/v2\/product_tag?post=8600"},{"taxonomy":"comunidad_upm","embeddable":true,"href":"https:\/\/www.upm.es\/recursosidi\/wp-json\/wp\/v2\/comunidades-upm?post=8600"},{"taxonomy":"quien","embeddable":true,"href":"https:\/\/www.upm.es\/recursosidi\/wp-json\/wp\/v2\/quien?post=8600"},{"taxonomy":"mapa","embeddable":true,"href":"https:\/\/www.upm.es\/recursosidi\/wp-json\/wp\/v2\/mapa?post=8600"},{"taxonomy":"disponibilidad","embeddable":true,"href":"https:\/\/www.upm.es\/recursosidi\/wp-json\/wp\/v2\/disponibilidad?post=8600"},{"taxonomy":"donde","embeddable":true,"href":"https:\/\/www.upm.es\/recursosidi\/wp-json\/wp\/v2\/donde?post=8600"},{"taxonomy":"infraestructura","embeddable":true,"href":"https:\/\/www.upm.es\/recursosidi\/wp-json\/wp\/v2\/infraestructura?post=8600"},{"taxonomy":"ods","embeddable":true,"href":"https:\/\/www.upm.es\/recursosidi\/wp-json\/wp\/v2\/ods?post=8600"},{"taxonomy":"origen","embeddable":true,"href":"https:\/\/www.upm.es\/recursosidi\/wp-json\/wp\/v2\/origen?post=8600"}],"curies":[{"name":"wp","href":"https:\/\/api.w.org\/{rel}","templated":true}]}}