{"id":8604,"date":"2021-11-25T14:14:24","date_gmt":"2021-11-25T13:14:24","guid":{"rendered":"https:\/\/www.upm.es\/recursosidi\/offers-resources\/sin categor\u00eda\/sistema-automatico-de-recirculacion-de-agua-potable-y-metodo-de-funcionamiento\/"},"modified":"2022-08-10T02:12:59","modified_gmt":"2022-08-10T00:12:59","slug":"sistema-automatico-de-recirculacion-de-agua-potable-y-metodo-de-funcionamiento","status":"publish","type":"product","link":"https:\/\/www.upm.es\/recursosidi\/offers-resources\/patentes\/sistema-automatico-de-recirculacion-de-agua-potable-y-metodo-de-funcionamiento\/","title":{"rendered":"Sistema autom\u00e1tico de recirculaci\u00f3n de agua potable y m\u00e9todo de funcionamiento"},"content":{"rendered":"<h5>Descripci\u00f3n de la patente <\/h5>\n<p>El objeto de la presente invenci\u00f3n se refiere a un nuevo sistema autom\u00e1tico que interconecta los circuitos de agua fr\u00eda y agua caliente sanitaria (ACS), de manera que al demandar (el usuario) ACS el sistema hace que recircule el agua fr\u00eda contenida en la tuber\u00eda de agua caliente y la suministrada por la caldera hasta que la temperatura del ACS sea la prefijada, de forma completamente autom\u00e1tica. El sistema interrumpe autom\u00e1ticamente la recirculaci\u00f3n en caso de que el usuario interrumpa la demanda antes de que el ACS alcance la temperatura prefijada o en caso de que la temperatura de ACS no se alcance en un tiempo adecuado (que se puede prefijar en cada sistema). El sistema se puede comunicar con sistemas dom\u00f3ticos del inmueble.<br \/>\nEsto permite que el sistema pueda ser utilizado en instalaciones de agua dom\u00e9sticas e industriales. <\/p>\n<h5>Situaci\u00f3n <\/h5>\n<p>Concedida<\/p>\n<h5>N\u00famero de solicitud<\/h5>\n<p>P201300125<\/p>\n<h5>N\u00famero de publicaci\u00f3n<\/h5>\n<p>ES 2482941_A2<br \/>\nES 2482941_B2<\/p>\n<h5>Fecha de presentaci\u00f3n <\/h5>\n<p>05\/02\/2013<\/p>\n<h5>Fecha de publicaci\u00f3n <\/h5>\n<p>05\/08\/2014<\/p>\n<h5>Fecha de concesi\u00f3n <\/h5>\n<p>30\/10\/2014<\/p>\n<div class=\"pdfprnt-buttons pdfprnt-buttons-product pdfprnt-bottom-left\"><a href=\"https:\/\/www.upm.es\/recursosidi\/wp-json\/wp\/v2\/product\/8604?print=pdf\" class=\"pdfprnt-button pdfprnt-button-pdf\" target=\"_blank\"><span class=\"pdfprnt-button-title pdfprnt-button-pdf-title\">Descargar ficha<\/span><\/a><\/div>","protected":false},"excerpt":{"rendered":"<p>Descripci\u00f3n de la patente El objeto de la presente invenci\u00f3n se refiere a un nuevo sistema autom\u00e1tico que interconecta los circuitos de agua fr\u00eda y&hellip;<\/p>\n","protected":false},"featured_media":0,"template":"","meta":{"_acf_changed":false},"product_cat":[3946],"product_tag":[],"comunidades-upm":[],"quien":[],"mapa":[],"disponibilidad":[],"donde":[{"term_id":3423,"name":"Monitorizaci\u00f3n e Innovaci\u00f3n Tecnol\u00f3gica en Edificaci\u00f3n (MITE)","slug":"monitorizacion-e-innovacion-tecnologica-en-edificacion-mite","term_group":0,"term_taxonomy_id":3423,"taxonomy":"donde","description":"","parent":0,"count":26,"filter":"raw","term_order":"0"}],"infraestructura":[],"ods":[],"origen":[{"term_id":180,"name":"Patente","slug":"patente","term_group":0,"term_taxonomy_id":180,"taxonomy":"origen","description":"","parent":0,"count":614,"filter":"raw","term_order":"0"}],"familia_tax":false,"quien_tax":false,"donde_tax":false,"year":"","contacto":"<strong>Principales: <\/strong><ul><li>ALFONSO GARCIA GARCIA <blockquote><strong>alfonso.garciag@upm.es<\/strong><\/blockquote><\/li><li>ENRIQUE TREMPS GUERRA <blockquote><strong>enrique.tremps@upm.es<\/strong><\/blockquote><\/li><li>CARLOS MORON FERNANDEZ <blockquote><strong>carlos.moron@upm.es<\/strong><\/blockquote><\/li><\/ul><strong>Otros inventores UPM: <\/strong><ul><li>\u00c1ngel G\u00f3mez Fern\u00e1ndez<\/li><\/ul>","telefono":"","pagina_web":"","email":"","id_ficha_portal":"749","video":"","adjuntos":false,"adjuntos_portal":"https:\/\/www.upm.es\/S2i\/Acuse\/recuperarArchivo.jsp?id=749&id_archivo=2687&tipo=patente&extension=fichero ","inf":false,"departamento":"","acf":[],"lang":"es","translation":{"es":8604},"_links":{"self":[{"href":"https:\/\/www.upm.es\/recursosidi\/wp-json\/wp\/v2\/product\/8604"}],"collection":[{"href":"https:\/\/www.upm.es\/recursosidi\/wp-json\/wp\/v2\/product"}],"about":[{"href":"https:\/\/www.upm.es\/recursosidi\/wp-json\/wp\/v2\/types\/product"}],"wp:attachment":[{"href":"https:\/\/www.upm.es\/recursosidi\/wp-json\/wp\/v2\/media?parent=8604"}],"wp:term":[{"taxonomy":"product_cat","embeddable":true,"href":"https:\/\/www.upm.es\/recursosidi\/wp-json\/wp\/v2\/product_cat?post=8604"},{"taxonomy":"product_tag","embeddable":true,"href":"https:\/\/www.upm.es\/recursosidi\/wp-json\/wp\/v2\/product_tag?post=8604"},{"taxonomy":"comunidad_upm","embeddable":true,"href":"https:\/\/www.upm.es\/recursosidi\/wp-json\/wp\/v2\/comunidades-upm?post=8604"},{"taxonomy":"quien","embeddable":true,"href":"https:\/\/www.upm.es\/recursosidi\/wp-json\/wp\/v2\/quien?post=8604"},{"taxonomy":"mapa","embeddable":true,"href":"https:\/\/www.upm.es\/recursosidi\/wp-json\/wp\/v2\/mapa?post=8604"},{"taxonomy":"disponibilidad","embeddable":true,"href":"https:\/\/www.upm.es\/recursosidi\/wp-json\/wp\/v2\/disponibilidad?post=8604"},{"taxonomy":"donde","embeddable":true,"href":"https:\/\/www.upm.es\/recursosidi\/wp-json\/wp\/v2\/donde?post=8604"},{"taxonomy":"infraestructura","embeddable":true,"href":"https:\/\/www.upm.es\/recursosidi\/wp-json\/wp\/v2\/infraestructura?post=8604"},{"taxonomy":"ods","embeddable":true,"href":"https:\/\/www.upm.es\/recursosidi\/wp-json\/wp\/v2\/ods?post=8604"},{"taxonomy":"origen","embeddable":true,"href":"https:\/\/www.upm.es\/recursosidi\/wp-json\/wp\/v2\/origen?post=8604"}],"curies":[{"name":"wp","href":"https:\/\/api.w.org\/{rel}","templated":true}]}}