{"id":8605,"date":"2021-11-25T14:14:27","date_gmt":"2021-11-25T13:14:27","guid":{"rendered":"https:\/\/www.upm.es\/recursosidi\/offers-resources\/sin categor\u00eda\/procedimiento-de-obtencion-de-una-enzima-inmovilizada-en-un-soporte-renovable-derivado-de-un-residuo-agroalimentario\/"},"modified":"2022-08-10T02:13:01","modified_gmt":"2022-08-10T00:13:01","slug":"procedimiento-de-obtencion-de-una-enzima-inmovilizada-en-un-soporte-renovable-derivado-de-un-residuo-agroalimentario","status":"publish","type":"product","link":"https:\/\/www.upm.es\/recursosidi\/offers-resources\/patentes\/procedimiento-de-obtencion-de-una-enzima-inmovilizada-en-un-soporte-renovable-derivado-de-un-residuo-agroalimentario\/","title":{"rendered":"PROCEDIMIENTO DE OBTENCI\u00d3N DE UNA ENZIMA INMOVILIZADA EN UN SOPORTE RENOVABLE DERIVADO DE UN RESIDUO AGROALIMENTARIO"},"content":{"rendered":"<h5>Descripci\u00f3n de la patente <\/h5>\n<p>Procedimiento de obtenci\u00f3n de una enzima inmovilizada en un soporte, caracterizado porque comprende: a)obtener un soporte renovable por tratamiento t\u00e9rmico de un residuo agroalimentario que comprende un compuesto seleccionado del grupo que consiste en s\u00edlice, \u00f3xido de cati\u00f3n alcalino, \u00f3xido de cati\u00f3n alcalinot\u00e9rreo y mezcla de los anteriores, e b) inmovilizar la enzima en el soporte obtenido en la etapa anterior. Preferiblemente, la enzima es lipasa recombinante del hongo Rhizopus oryzae (SEQ ID N\u00ba 1) y el residuo agroalimentario es c\u00e1scara de arroz. As\u00ed como el soporte obtenido en la etapa a), la enzima inmovilizada obtenida en la etapa b) y su uso para obtener biodiesel.<\/p>\n<h5>Situaci\u00f3n <\/h5>\n<p>Concedida<\/p>\n<h5>N\u00famero de solicitud<\/h5>\n<p>P201330114<\/p>\n<h5>N\u00famero de publicaci\u00f3n<\/h5>\n<p>ES-2482890_A2<br \/>\nES_2482890_R1<br \/>\nES2482890B1<\/p>\n<h5>Fecha de presentaci\u00f3n <\/h5>\n<p>01\/02\/2013<\/p>\n<h5>Fecha de publicaci\u00f3n <\/h5>\n<p>04\/08\/2014<\/p>\n<h5>Fecha de concesi\u00f3n <\/h5>\n<p>23\/12\/2015<\/p>\n<div class=\"pdfprnt-buttons pdfprnt-buttons-product pdfprnt-bottom-left\"><a href=\"https:\/\/www.upm.es\/recursosidi\/wp-json\/wp\/v2\/product\/8605?print=pdf\" class=\"pdfprnt-button pdfprnt-button-pdf\" target=\"_blank\"><span class=\"pdfprnt-button-title pdfprnt-button-pdf-title\">Descargar ficha<\/span><\/a><\/div>","protected":false},"excerpt":{"rendered":"<p>Descripci\u00f3n de la patente Procedimiento de obtenci\u00f3n de una enzima inmovilizada en un soporte, caracterizado porque comprende: a)obtener un soporte renovable por tratamiento t\u00e9rmico de&hellip;<\/p>\n","protected":false},"featured_media":0,"template":"","meta":{"_acf_changed":false},"product_cat":[3946],"product_tag":[],"comunidades-upm":[],"quien":[],"mapa":[],"disponibilidad":[],"donde":[{"term_id":556,"name":"Centro de Tecnolog\u00eda Biom\u00e9dica (CTB)","slug":"centro-de-tecnologia-biomedica-ctb","term_group":0,"term_taxonomy_id":556,"taxonomy":"donde","description":"","parent":0,"count":84,"filter":"raw","term_order":"0"},{"term_id":620,"name":"Tecnolog\u00edas para Ciencias de la Salud","slug":"tecnologias-para-ciencias-de-la-salud","term_group":0,"term_taxonomy_id":620,"taxonomy":"donde","description":"","parent":0,"count":21,"filter":"raw","term_order":"0"}],"infraestructura":[],"ods":[],"origen":[{"term_id":180,"name":"Patente","slug":"patente","term_group":0,"term_taxonomy_id":180,"taxonomy":"origen","description":"","parent":0,"count":614,"filter":"raw","term_order":"0"}],"familia_tax":false,"quien_tax":false,"donde_tax":false,"year":"","contacto":"<strong>Principales: <\/strong><ul><li>MILAGROS RAMOS GOMEZ <blockquote><strong>milagros.ramos@upm.es<\/strong><\/blockquote><\/li><\/ul><strong>Otros inventores: <\/strong><ul><li>Maria de Los \u00c1ngelesMart\u00edn Luengo CSIC - Consejo Superior de Investigaciones Cient\u00edficas<\/li> <li>MalcolmYates Buxcey CSIC - Consejo Superior de Investigaciones Cient\u00edficas<\/li> <li>FranciscoPou Gasca CSIC - Consejo Superior de Investigaciones Cient\u00edficas<\/li> <li>RafaelLozano Pirrongelli CSIC - Consejo Superior de Investigaciones Cient\u00edficas<\/li> <li>EduardoSaez Rojo CSIC - Consejo Superior de Investigaciones Cient\u00edficas<\/li> <li>Ana Mar\u00edaMart\u00ednez Serrano CSIC - Consejo Superior de Investigaciones Cient\u00edficas<\/li> <li>LorenaVega Argomaniz CSIC - Consejo Superior de Investigaciones Cient\u00edficas<\/li> <li>LauraMedina Trujillo CSIC - Consejo Superior de Investigaciones Cient\u00edficas<\/li> <li>VioletaZurdo CSIC - Consejo Superior de Investigaciones Cient\u00edficas<\/li> <li>FranciscoValero Barranco Universitat Autonoma de Barcelona (UAB)<\/li> <li>Maria DolorsBenalges Massa Universitat Autonoma de Barcelona (UAB)<\/li> <\/ul>","telefono":"","pagina_web":"","email":"","id_ficha_portal":"750","video":"","adjuntos":false,"adjuntos_portal":"","inf":false,"departamento":"","acf":[],"lang":"es","translation":{"es":8605},"_links":{"self":[{"href":"https:\/\/www.upm.es\/recursosidi\/wp-json\/wp\/v2\/product\/8605"}],"collection":[{"href":"https:\/\/www.upm.es\/recursosidi\/wp-json\/wp\/v2\/product"}],"about":[{"href":"https:\/\/www.upm.es\/recursosidi\/wp-json\/wp\/v2\/types\/product"}],"wp:attachment":[{"href":"https:\/\/www.upm.es\/recursosidi\/wp-json\/wp\/v2\/media?parent=8605"}],"wp:term":[{"taxonomy":"product_cat","embeddable":true,"href":"https:\/\/www.upm.es\/recursosidi\/wp-json\/wp\/v2\/product_cat?post=8605"},{"taxonomy":"product_tag","embeddable":true,"href":"https:\/\/www.upm.es\/recursosidi\/wp-json\/wp\/v2\/product_tag?post=8605"},{"taxonomy":"comunidad_upm","embeddable":true,"href":"https:\/\/www.upm.es\/recursosidi\/wp-json\/wp\/v2\/comunidades-upm?post=8605"},{"taxonomy":"quien","embeddable":true,"href":"https:\/\/www.upm.es\/recursosidi\/wp-json\/wp\/v2\/quien?post=8605"},{"taxonomy":"mapa","embeddable":true,"href":"https:\/\/www.upm.es\/recursosidi\/wp-json\/wp\/v2\/mapa?post=8605"},{"taxonomy":"disponibilidad","embeddable":true,"href":"https:\/\/www.upm.es\/recursosidi\/wp-json\/wp\/v2\/disponibilidad?post=8605"},{"taxonomy":"donde","embeddable":true,"href":"https:\/\/www.upm.es\/recursosidi\/wp-json\/wp\/v2\/donde?post=8605"},{"taxonomy":"infraestructura","embeddable":true,"href":"https:\/\/www.upm.es\/recursosidi\/wp-json\/wp\/v2\/infraestructura?post=8605"},{"taxonomy":"ods","embeddable":true,"href":"https:\/\/www.upm.es\/recursosidi\/wp-json\/wp\/v2\/ods?post=8605"},{"taxonomy":"origen","embeddable":true,"href":"https:\/\/www.upm.es\/recursosidi\/wp-json\/wp\/v2\/origen?post=8605"}],"curies":[{"name":"wp","href":"https:\/\/api.w.org\/{rel}","templated":true}]}}