{"id":8609,"date":"2021-11-25T14:14:37","date_gmt":"2021-11-25T13:14:37","guid":{"rendered":"https:\/\/www.upm.es\/recursosidi\/offers-resources\/sin%20categor\u00eda\/carro-alimentador-para-maquina-compresora-y-uso-del-mismo\/"},"modified":"2022-08-10T02:13:12","modified_gmt":"2022-08-10T00:13:12","slug":"carro-alimentador-para-maquina-compresora-y-uso-del-mismo","status":"publish","type":"product","link":"https:\/\/www.upm.es\/recursosidi\/offers-resources\/patentes\/carro-alimentador-para-maquina-compresora-y-uso-del-mismo\/","title":{"rendered":"Carro alimentador para m\u00e1quina compresora y uso del mismo"},"content":{"rendered":"<h5>Descripci\u00f3n de la patente <\/h5>\n<p>La invenci\u00f3n describe un carro alimentador para m\u00e1quina compresora, del tipo que presenta un extremo superior de llenado por el que se introduce un material particulado destinado a comprimirse en una matriz de la m\u00e1quina compresora y un extremo inferior de descarga de dicho material particulado hacia dicha matriz. Al menos parte de los elementos constituyentes de dicho carro alimentador pueden desplazarse unos con respecto a otros, permitiendo as\u00ed modificar la geometr\u00eda de al menos uno de dicho extremo inferior de descarga, dicho extremo superior de llenado y una parte intermedia del carro alimentador entre ambos extremos. La invenci\u00f3n tambi\u00e9n describe el uso de un carro alimentador de este tipo, que comprende las etapas iniciales de determinar la geometr\u00eda de carro \u00f3ptima para un material particulado que se desea comprimir y aplicar dicha geometr\u00eda de carro \u00f3ptima al carro alimentador.<\/p>\n<h5>Situaci\u00f3n <\/h5>\n<p>Concedida<\/p>\n<h5>N\u00famero de solicitud<\/h5>\n<p>P201300551<\/p>\n<h5>N\u00famero de publicaci\u00f3n<\/h5>\n<p>ES2424568<\/p>\n<h5>Fecha de presentaci\u00f3n <\/h5>\n<p>04\/06\/2013<\/p>\n<h5>Fecha de concesi\u00f3n <\/h5>\n<p>21\/04\/2014<\/p>\n<h4><strong>Extensiones Internacionales<\/strong><\/h4>\n<h5>EUROPA<\/h5>\n<p><strong>Referencia de la solicitud: <\/strong>EP14807935.3<br \/>\nEP2949440B1<br \/><strong>T\u00edtulo:\t\t\t\t\t   <\/strong>Feeding carriage for compressor machine and use of same<br \/><strong>Situacion: \t\t\t\t   <\/strong>Concedida<\/p>\n<h5>PA\u00cdSES<\/h5>\n<p><strong>Pa\u00eds: <\/strong>EEUU<br \/><strong>N\u00famero de solicitud: <\/strong>US14\/892,313<br \/><strong>Titulo: <\/strong>FEEDING CARRIAGE FOR COMPRESSOR MACHINE AND USE OF SAME<br \/><strong>Situaci\u00f3n: <\/strong>Concedida<br \/><strong>Pa\u00eds: <\/strong>Jap\u00f3n<br \/><strong>N\u00famero de solicitud: <\/strong>2015-558512;  JP2016511153 <br \/><strong>Titulo: <\/strong>FEEDING CARRIAGE FOR COMPRESSOR MACHINE AND USE OF SAME<br \/><strong>Situaci\u00f3n: <\/strong>Concedida<br \/><strong>Pa\u00eds: <\/strong>ALEMANIA<br \/><strong>N\u00famero de solicitud: <\/strong>DE602014069216.8<br \/><strong>Situaci\u00f3n: <\/strong>Concedida<br \/><strong>Pa\u00eds: <\/strong>FRANCIA<br \/><strong>N\u00famero de solicitud: <\/strong>EP14807935.3<br \/><strong>Situaci\u00f3n: <\/strong>Concedida<br \/><strong>Pa\u00eds: <\/strong>ITALIA<br \/><strong>N\u00famero de solicitud: <\/strong>IT502020000101875<br \/><strong>Situaci\u00f3n: <\/strong>Concedida<\/p>\n<div class=\"pdfprnt-buttons pdfprnt-buttons-product pdfprnt-bottom-left\"><a href=\"https:\/\/www.upm.es\/recursosidi\/wp-json\/wp\/v2\/product\/8609?print=pdf\" class=\"pdfprnt-button pdfprnt-button-pdf\" target=\"_blank\"><span class=\"pdfprnt-button-title pdfprnt-button-pdf-title\">Descargar ficha<\/span><\/a><\/div>","protected":false},"excerpt":{"rendered":"<p>Descripci\u00f3n de la patente La invenci\u00f3n describe un carro alimentador para m\u00e1quina compresora, del tipo que presenta un extremo superior de llenado por el que&hellip;<\/p>\n","protected":false},"featured_media":0,"template":"","meta":{"_acf_changed":false},"product_cat":[3946],"product_tag":[],"comunidades-upm":[],"quien":[],"mapa":[],"disponibilidad":[],"donde":[{"term_id":566,"name":"Proyectos y Calidad","slug":"proyectos-y-calidad","term_group":0,"term_taxonomy_id":566,"taxonomy":"donde","description":"Las l&iacute;neas de investigaci&oacute;n que sustentan nuestro trabajo son las siguientes:\n&nbsp;\n\nSostenibilidad en la Direcci&oacute;n de Proyectos\nCompetencias en Direcci&oacute;n de proyectos\nExtracciones de conocimiento en Procesos Industriales\nM&eacute;todos de Investigaci&oacute;n y Diagn&oacute;stico en Educaci&oacute;n\nCalidad\nEvaluaci&oacute;n ambiental de Planes, Programas y Proyectos\nIntegraci&oacute;n y recuperaci&oacute;n ambiental de espacios degradado\nEvaluaci&oacute;n de la Generaci&oacute;n de Residuos en Construcci&oacute;n\nIndicadores de Sostenibilidad en Construcci&oacute;n\nBusiness Analytics y Big Data\n\n&nbsp;\nEl trabajo se articula en relaci&oacute;n a proyectos concretos, que tienen diferentes or&iacute;genes, tanto de financiaci&oacute;n p&uacute;blica como privada. Entre estos &uacute;ltimos es de destacar la consultor&iacute;a, que ocupa de media un 15% del tiempo disponible para investigaci&oacute;n.\n&nbsp;","parent":0,"count":7,"filter":"raw","term_order":"0"}],"infraestructura":[],"ods":[],"origen":[{"term_id":180,"name":"Patente","slug":"patente","term_group":0,"term_taxonomy_id":180,"taxonomy":"origen","description":"","parent":0,"count":614,"filter":"raw","term_order":"0"}],"familia_tax":false,"quien_tax":false,"donde_tax":false,"year":"","contacto":"<strong>Principales: <\/strong><ul><li>JOAQUIN BIENVENIDO ORDIERES MERE <blockquote><strong>j.ordieres@upm.es<\/strong><\/blockquote><\/li><\/ul><strong>Otros inventores: <\/strong><ul><li>AnaGonz\u00e1lez Marcos Universidad de la Rioja<\/li> <li>FernandoAlba El\u00edas Universidad de la Rioja<\/li> <li>LauraMart\u00ednez Mart\u00ednez Universidad de la Rioja<\/li> <\/ul>","telefono":"","pagina_web":"","email":"","id_ficha_portal":"794","video":"","adjuntos":false,"adjuntos_portal":"https:\/\/www.upm.es\/S2i\/Acuse\/recuperarArchivo.jsp?id=794&id_archivo=2505&tipo=patente&extension=fichero ;https:\/\/www.upm.es\/S2i\/Acuse\/recuperarArchivo.jsp?id=794&id_archivo=6693&tipo=patente&extension=fichero ","inf":false,"departamento":"","acf":[],"lang":"es","translation":{"es":8609},"_links":{"self":[{"href":"https:\/\/www.upm.es\/recursosidi\/wp-json\/wp\/v2\/product\/8609"}],"collection":[{"href":"https:\/\/www.upm.es\/recursosidi\/wp-json\/wp\/v2\/product"}],"about":[{"href":"https:\/\/www.upm.es\/recursosidi\/wp-json\/wp\/v2\/types\/product"}],"wp:attachment":[{"href":"https:\/\/www.upm.es\/recursosidi\/wp-json\/wp\/v2\/media?parent=8609"}],"wp:term":[{"taxonomy":"product_cat","embeddable":true,"href":"https:\/\/www.upm.es\/recursosidi\/wp-json\/wp\/v2\/product_cat?post=8609"},{"taxonomy":"product_tag","embeddable":true,"href":"https:\/\/www.upm.es\/recursosidi\/wp-json\/wp\/v2\/product_tag?post=8609"},{"taxonomy":"comunidad_upm","embeddable":true,"href":"https:\/\/www.upm.es\/recursosidi\/wp-json\/wp\/v2\/comunidades-upm?post=8609"},{"taxonomy":"quien","embeddable":true,"href":"https:\/\/www.upm.es\/recursosidi\/wp-json\/wp\/v2\/quien?post=8609"},{"taxonomy":"mapa","embeddable":true,"href":"https:\/\/www.upm.es\/recursosidi\/wp-json\/wp\/v2\/mapa?post=8609"},{"taxonomy":"disponibilidad","embeddable":true,"href":"https:\/\/www.upm.es\/recursosidi\/wp-json\/wp\/v2\/disponibilidad?post=8609"},{"taxonomy":"donde","embeddable":true,"href":"https:\/\/www.upm.es\/recursosidi\/wp-json\/wp\/v2\/donde?post=8609"},{"taxonomy":"infraestructura","embeddable":true,"href":"https:\/\/www.upm.es\/recursosidi\/wp-json\/wp\/v2\/infraestructura?post=8609"},{"taxonomy":"ods","embeddable":true,"href":"https:\/\/www.upm.es\/recursosidi\/wp-json\/wp\/v2\/ods?post=8609"},{"taxonomy":"origen","embeddable":true,"href":"https:\/\/www.upm.es\/recursosidi\/wp-json\/wp\/v2\/origen?post=8609"}],"curies":[{"name":"wp","href":"https:\/\/api.w.org\/{rel}","templated":true}]}}