{"id":8611,"date":"2021-11-25T14:14:41","date_gmt":"2021-11-25T13:14:41","guid":{"rendered":"https:\/\/www.upm.es\/recursosidi\/offers-resources\/sin categor\u00eda\/junta-para-trabar-muros-de-fabrica-con-distinta-altura-de-hilada\/"},"modified":"2022-08-10T02:13:18","modified_gmt":"2022-08-10T00:13:18","slug":"junta-para-trabar-muros-de-fabrica-con-distinta-altura-de-hilada","status":"publish","type":"product","link":"https:\/\/www.upm.es\/recursosidi\/offers-resources\/patentes\/junta-para-trabar-muros-de-fabrica-con-distinta-altura-de-hilada\/","title":{"rendered":"Junta para trabar muros de f\u00e1brica con distinta altura de hilada"},"content":{"rendered":"<h5>Descripci\u00f3n de la patente <\/h5>\n<p>La invenci\u00f3n permite trabar muros de f\u00e1brica de distinta altura y compuestos por materiales de diferentes dimensiones y naturaleza, mediante la introducci\u00f3n de una junta de encuentro, constituida por un componente vertical y dos o m\u00e1s que deslizan a lo largo del mismo. El primero se dispone a lo largo de la uni\u00f3n entre los dos muros, mientras que los segundos se insertan por la parte superior del componente vertical y se deslizan verticalmente por \u00e9l pero sin posibilidad de desplazamiento horizontal. Ambos componentes van colocados entre los dos muros de f\u00e1brica, impidiendo su desplazamiento vertical y horizontal una vez ejecutados los mismos. El componente vertical puede ser continuo o estar formado por elementos discontinuos, alineados a lo largo de la uni\u00f3n entre f\u00e1bricas. El n\u00famero de elementos que deslizan a lo largo del componente vertical estar\u00e1 en funci\u00f3n de la rigidez que se quiera dar a la uni\u00f3n y de la normativa t\u00e9cnica aplicable, en funci\u00f3n de los materiales a utilizar. <\/p>\n<h5>Situaci\u00f3n <\/h5>\n<p>Concedida<\/p>\n<h5>N\u00famero de solicitud<\/h5>\n<p>P201300492<\/p>\n<h5>N\u00famero de publicaci\u00f3n<\/h5>\n<p>ES2523396<\/p>\n<h5>Fecha de presentaci\u00f3n <\/h5>\n<p>22\/05\/2013<\/p>\n<h5>Fecha de publicaci\u00f3n <\/h5>\n<p>25\/11\/2014<\/p>\n<h5>Fecha de concesi\u00f3n <\/h5>\n<p>04\/03\/2015<\/p>\n<div class=\"pdfprnt-buttons pdfprnt-buttons-product pdfprnt-bottom-left\"><a href=\"https:\/\/www.upm.es\/recursosidi\/wp-json\/wp\/v2\/product\/8611?print=pdf\" class=\"pdfprnt-button pdfprnt-button-pdf\" target=\"_blank\"><span class=\"pdfprnt-button-title pdfprnt-button-pdf-title\">Descargar ficha<\/span><\/a><\/div>","protected":false},"excerpt":{"rendered":"<p>Descripci\u00f3n de la patente La invenci\u00f3n permite trabar muros de f\u00e1brica de distinta altura y compuestos por materiales de diferentes dimensiones y naturaleza, mediante la&hellip;<\/p>\n","protected":false},"featured_media":0,"template":"","meta":{"_acf_changed":false},"product_cat":[3946],"product_tag":[],"comunidades-upm":[],"quien":[],"mapa":[],"disponibilidad":[],"donde":[{"term_id":458,"name":"Grupo de Automatizaci\u00f3n en Se\u00f1al y Comunicaciones (GASC)","slug":"grupo-de-automatizacion-en-senal-y-comunicaciones-gasc","term_group":0,"term_taxonomy_id":458,"taxonomy":"donde","description":"","parent":0,"count":11,"filter":"raw","term_order":"0"},{"term_id":548,"name":"Grupo de Investigaci\u00f3n en Ingenier\u00eda Mar\u00edtima y Portuaria","slug":"grupo-de-investigacion-en-ingenieria-maritima-y-portuaria","term_group":0,"term_taxonomy_id":548,"taxonomy":"donde","description":"","parent":0,"count":16,"filter":"raw","term_order":"0"},{"term_id":3423,"name":"Monitorizaci\u00f3n e Innovaci\u00f3n Tecnol\u00f3gica en Edificaci\u00f3n (MITE)","slug":"monitorizacion-e-innovacion-tecnologica-en-edificacion-mite","term_group":0,"term_taxonomy_id":3423,"taxonomy":"donde","description":"","parent":0,"count":26,"filter":"raw","term_order":"0"}],"infraestructura":[],"ods":[],"origen":[{"term_id":180,"name":"Patente","slug":"patente","term_group":0,"term_taxonomy_id":180,"taxonomy":"origen","description":"","parent":0,"count":614,"filter":"raw","term_order":"0"}],"familia_tax":false,"quien_tax":false,"donde_tax":false,"year":"","contacto":"<strong>Principales: <\/strong><ul><li>TOMAS GIL LOPEZ <blockquote><strong>tomas.gill@upm.es<\/strong><\/blockquote><\/li><li>OSCAR LOPEZ ZALDIVAR <blockquote><strong>oscar.lopezz@upm.es<\/strong><\/blockquote><\/li><li>FIDEL CARRASCO ANDRES <blockquote><strong>fidel.carrasco@upm.es<\/strong><\/blockquote><\/li><li>MARIA AMPARO VERDU VAZQUEZ <blockquote><strong>amparo.verdu@upm.es<\/strong><\/blockquote><\/li><\/ul>","telefono":"","pagina_web":"","email":"","id_ficha_portal":"772","video":"","adjuntos":false,"adjuntos_portal":"https:\/\/www.upm.es\/S2i\/Acuse\/recuperarArchivo.jsp?id=772&id_archivo=3207&tipo=patente&extension=fichero ","inf":false,"departamento":"","acf":[],"lang":"es","translation":{"es":8611},"_links":{"self":[{"href":"https:\/\/www.upm.es\/recursosidi\/wp-json\/wp\/v2\/product\/8611"}],"collection":[{"href":"https:\/\/www.upm.es\/recursosidi\/wp-json\/wp\/v2\/product"}],"about":[{"href":"https:\/\/www.upm.es\/recursosidi\/wp-json\/wp\/v2\/types\/product"}],"wp:attachment":[{"href":"https:\/\/www.upm.es\/recursosidi\/wp-json\/wp\/v2\/media?parent=8611"}],"wp:term":[{"taxonomy":"product_cat","embeddable":true,"href":"https:\/\/www.upm.es\/recursosidi\/wp-json\/wp\/v2\/product_cat?post=8611"},{"taxonomy":"product_tag","embeddable":true,"href":"https:\/\/www.upm.es\/recursosidi\/wp-json\/wp\/v2\/product_tag?post=8611"},{"taxonomy":"comunidad_upm","embeddable":true,"href":"https:\/\/www.upm.es\/recursosidi\/wp-json\/wp\/v2\/comunidades-upm?post=8611"},{"taxonomy":"quien","embeddable":true,"href":"https:\/\/www.upm.es\/recursosidi\/wp-json\/wp\/v2\/quien?post=8611"},{"taxonomy":"mapa","embeddable":true,"href":"https:\/\/www.upm.es\/recursosidi\/wp-json\/wp\/v2\/mapa?post=8611"},{"taxonomy":"disponibilidad","embeddable":true,"href":"https:\/\/www.upm.es\/recursosidi\/wp-json\/wp\/v2\/disponibilidad?post=8611"},{"taxonomy":"donde","embeddable":true,"href":"https:\/\/www.upm.es\/recursosidi\/wp-json\/wp\/v2\/donde?post=8611"},{"taxonomy":"infraestructura","embeddable":true,"href":"https:\/\/www.upm.es\/recursosidi\/wp-json\/wp\/v2\/infraestructura?post=8611"},{"taxonomy":"ods","embeddable":true,"href":"https:\/\/www.upm.es\/recursosidi\/wp-json\/wp\/v2\/ods?post=8611"},{"taxonomy":"origen","embeddable":true,"href":"https:\/\/www.upm.es\/recursosidi\/wp-json\/wp\/v2\/origen?post=8611"}],"curies":[{"name":"wp","href":"https:\/\/api.w.org\/{rel}","templated":true}]}}