{"id":8616,"date":"2021-11-25T14:14:54","date_gmt":"2021-11-25T13:14:54","guid":{"rendered":"https:\/\/www.upm.es\/recursosidi\/offers-resources\/sin categor\u00eda\/extractor-de-muestras-de-madera-mediante-taladro\/"},"modified":"2022-08-10T02:13:33","modified_gmt":"2022-08-10T00:13:33","slug":"extractor-de-muestras-de-madera-mediante-taladro","status":"publish","type":"product","link":"https:\/\/www.upm.es\/recursosidi\/offers-resources\/patentes\/extractor-de-muestras-de-madera-mediante-taladro\/","title":{"rendered":"Extractor de muestras de madera mediante taladro"},"content":{"rendered":"<h5>Descripci\u00f3n de la patente <\/h5>\n<p>La invenci\u00f3n se encuadra en el sector de tecnolog\u00eda de la madera, en la inspecci\u00f3n de elementos y estructuras de madera. Se trata de un dispositivo que, acoplado a una taladradora comercial, extrae un volumen de madera determinado en forma de virutas. Estas permiten estimar la densidad de la pieza de madera ensayada mediante la relaci\u00f3n entre su masa y el volumen del hueco generado. Las virutas que se producen durante el taladrado se recogen en una bolsa de papel filtro monouso. La t\u00e9cnica de uso implica fijar el di\u00e1metro de broca y la profundidad de taladrado estableciendo as\u00ed un volumen conocido de extracci\u00f3n, para la estimaci\u00f3n de la densidad de la madera. De esta forma se puede correlacionar con sus propiedades f\u00edsico-mec\u00e1nicas. <\/p>\n<h5>Situaci\u00f3n <\/h5>\n<p>Concedida<\/p>\n<h5>N\u00famero de solicitud<\/h5>\n<p>P201330890<\/p>\n<h5>N\u00famero de publicaci\u00f3n<\/h5>\n<p>ES 2525504<\/p>\n<h5>Fecha de presentaci\u00f3n <\/h5>\n<p>14\/06\/2013<\/p>\n<h5>Fecha de publicaci\u00f3n <\/h5>\n<p>23\/12\/2014<\/p>\n<h5>Fecha de concesi\u00f3n <\/h5>\n<p>16\/11\/2015<\/p>\n<div class=\"pdfprnt-buttons pdfprnt-buttons-product pdfprnt-bottom-left\"><a href=\"https:\/\/www.upm.es\/recursosidi\/wp-json\/wp\/v2\/product\/8616?print=pdf\" class=\"pdfprnt-button pdfprnt-button-pdf\" target=\"_blank\"><span class=\"pdfprnt-button-title pdfprnt-button-pdf-title\">Descargar ficha<\/span><\/a><\/div>","protected":false},"excerpt":{"rendered":"<p>Descripci\u00f3n de la patente La invenci\u00f3n se encuadra en el sector de tecnolog\u00eda de la madera, en la inspecci\u00f3n de elementos y estructuras de madera.&hellip;<\/p>\n","protected":false},"featured_media":0,"template":"","meta":{"_acf_changed":false},"product_cat":[3946],"product_tag":[],"comunidades-upm":[],"quien":[],"mapa":[],"disponibilidad":[],"donde":[{"term_id":4594,"name":"Centro de I+D+i para la Conservaci\u00f3n de la Biodiversidad y el Desarrollo Sostenible (CBDS)","slug":"centro-de-idi-para-la-conservacion-de-la-biodiversidad-y-el-desarrollo-sostenible-cbds","term_group":0,"term_taxonomy_id":4594,"taxonomy":"donde","description":"","parent":0,"count":10,"filter":"raw","term_order":"0"},{"term_id":340,"name":"Construcci\u00f3n con Madera","slug":"construccion-con-madera","term_group":0,"term_taxonomy_id":340,"taxonomy":"donde","description":"","parent":0,"count":6,"filter":"raw","term_order":"0"}],"infraestructura":[],"ods":[],"origen":[{"term_id":180,"name":"Patente","slug":"patente","term_group":0,"term_taxonomy_id":180,"taxonomy":"origen","description":"","parent":0,"count":614,"filter":"raw","term_order":"0"}],"familia_tax":false,"quien_tax":false,"donde_tax":false,"year":"","contacto":"<strong>Principales: <\/strong><ul><li>IGNACIO BOBADILLA MALDONADO <blockquote><strong>i.bobadilla@upm.es<\/strong><\/blockquote><\/li><li>ROBERTO DIEGO MARTINEZ LOPEZ <blockquote><strong>roberto.martinez.lopez@upm.es<\/strong><\/blockquote><\/li><\/ul>","telefono":"","pagina_web":"","email":"","id_ficha_portal":"775","video":"","adjuntos":false,"adjuntos_portal":"https:\/\/www.upm.es\/S2i\/Acuse\/recuperarArchivo.jsp?id=775&id_archivo=5017&tipo=patente&extension=fichero ","inf":false,"departamento":"","acf":[],"lang":"es","translation":{"es":8616},"_links":{"self":[{"href":"https:\/\/www.upm.es\/recursosidi\/wp-json\/wp\/v2\/product\/8616"}],"collection":[{"href":"https:\/\/www.upm.es\/recursosidi\/wp-json\/wp\/v2\/product"}],"about":[{"href":"https:\/\/www.upm.es\/recursosidi\/wp-json\/wp\/v2\/types\/product"}],"wp:attachment":[{"href":"https:\/\/www.upm.es\/recursosidi\/wp-json\/wp\/v2\/media?parent=8616"}],"wp:term":[{"taxonomy":"product_cat","embeddable":true,"href":"https:\/\/www.upm.es\/recursosidi\/wp-json\/wp\/v2\/product_cat?post=8616"},{"taxonomy":"product_tag","embeddable":true,"href":"https:\/\/www.upm.es\/recursosidi\/wp-json\/wp\/v2\/product_tag?post=8616"},{"taxonomy":"comunidad_upm","embeddable":true,"href":"https:\/\/www.upm.es\/recursosidi\/wp-json\/wp\/v2\/comunidades-upm?post=8616"},{"taxonomy":"quien","embeddable":true,"href":"https:\/\/www.upm.es\/recursosidi\/wp-json\/wp\/v2\/quien?post=8616"},{"taxonomy":"mapa","embeddable":true,"href":"https:\/\/www.upm.es\/recursosidi\/wp-json\/wp\/v2\/mapa?post=8616"},{"taxonomy":"disponibilidad","embeddable":true,"href":"https:\/\/www.upm.es\/recursosidi\/wp-json\/wp\/v2\/disponibilidad?post=8616"},{"taxonomy":"donde","embeddable":true,"href":"https:\/\/www.upm.es\/recursosidi\/wp-json\/wp\/v2\/donde?post=8616"},{"taxonomy":"infraestructura","embeddable":true,"href":"https:\/\/www.upm.es\/recursosidi\/wp-json\/wp\/v2\/infraestructura?post=8616"},{"taxonomy":"ods","embeddable":true,"href":"https:\/\/www.upm.es\/recursosidi\/wp-json\/wp\/v2\/ods?post=8616"},{"taxonomy":"origen","embeddable":true,"href":"https:\/\/www.upm.es\/recursosidi\/wp-json\/wp\/v2\/origen?post=8616"}],"curies":[{"name":"wp","href":"https:\/\/api.w.org\/{rel}","templated":true}]}}