{"id":8619,"date":"2021-11-25T14:15:02","date_gmt":"2021-11-25T13:15:02","guid":{"rendered":"https:\/\/www.upm.es\/recursosidi\/offers-resources\/sin categor\u00eda\/multiplexor-optico-pasivo\/"},"modified":"2022-08-10T02:13:43","modified_gmt":"2022-08-10T00:13:43","slug":"multiplexor-optico-pasivo","status":"publish","type":"product","link":"https:\/\/www.upm.es\/recursosidi\/offers-resources\/patentes\/multiplexor-optico-pasivo\/","title":{"rendered":"Multiplexor \u00f3ptico pasivo"},"content":{"rendered":"<h5>Descripci\u00f3n de la patente <\/h5>\n<p>Multiplexor \u00f3ptico pasivo de tipo \u00bfadd-drop\u00bf para sistemas de telecomunicaci\u00f3n basados en la transmisi\u00f3n de m\u00faltiples se\u00f1ales \u00f3pticas por medio de su multiplexaci\u00f3n por divisi\u00f3n en longitud de onda (WDM). El dispositivo distingue entre se\u00f1ales transmitidas en conjuntos de uno o m\u00e1s canales \u00f3pticos situados en bandas separadas del espectro \u00f3ptico.<br \/>\nIncorpora al menos dos filtros \u00f3pticos (20,30,120,130), un primer multiplexor WDM (50,150) y un combinador (40,140). El primer filtro (20,120) y el segundo filtro (30,130) est\u00e1n conectados \u00f3pticamente entre s\u00ed y tambi\u00e9n con el primer multiplexor WDM (50,150). El combinador (40,140) combina en una se\u00f1al \u00f3ptica de salida, un canal de a insertar con la se\u00f1al \u00f3ptica reflejada sin los al menos dos canales \u00f3pticos diferentes desviados por los filtros.<\/p>\n<h5>Situaci\u00f3n <\/h5>\n<p>Concedida<\/p>\n<h5>N\u00famero de solicitud<\/h5>\n<p>P201331312<\/p>\n<h5>N\u00famero de publicaci\u00f3n<\/h5>\n<p>ES2530888_A1<\/p>\n<h5>Fecha de presentaci\u00f3n <\/h5>\n<p>06\/09\/2013<\/p>\n<h5>Fecha de concesi\u00f3n <\/h5>\n<p>01\/10\/2015<\/p>\n<div class=\"pdfprnt-buttons pdfprnt-buttons-product pdfprnt-bottom-left\"><a href=\"https:\/\/www.upm.es\/recursosidi\/wp-json\/wp\/v2\/product\/8619?print=pdf\" class=\"pdfprnt-button pdfprnt-button-pdf\" target=\"_blank\"><span class=\"pdfprnt-button-title pdfprnt-button-pdf-title\">Descargar ficha<\/span><\/a><\/div>","protected":false},"excerpt":{"rendered":"<p>Descripci\u00f3n de la patente Multiplexor \u00f3ptico pasivo de tipo \u00bfadd-drop\u00bf para sistemas de telecomunicaci\u00f3n basados en la transmisi\u00f3n de m\u00faltiples se\u00f1ales \u00f3pticas por medio de&hellip;<\/p>\n","protected":false},"featured_media":0,"template":"","meta":{"_acf_changed":false},"product_cat":[3946],"product_tag":[],"comunidades-upm":[],"quien":[],"mapa":[],"disponibilidad":[],"donde":[{"term_id":618,"name":"Centro de Investigaci\u00f3n en Simulaci\u00f3n Computacional (CCS)","slug":"centro-de-investigacion-en-simulacion-computacional-ccs","term_group":0,"term_taxonomy_id":618,"taxonomy":"donde","description":"","parent":0,"count":27,"filter":"raw","term_order":"0"},{"term_id":516,"name":"Grupo de investigaci\u00f3n en Informaci\u00f3n y Computaci\u00f3n Cu\u00e1ntica (GIICC)","slug":"grupo-de-investigacion-en-informacion-y-computacion-cuantica-giicc","term_group":0,"term_taxonomy_id":516,"taxonomy":"donde","description":"El grupo es experto en la distribuci&oacute;n cu&aacute;ntica de claves (QKD). En particular, en la integraci&oacute;n de sistemas QKD en redes &oacute;pticas comerciales, as&iacute; como en el post-procesado o destilaci&oacute;n de clave secreta en QKD. Y participa en el proceso de estandarizaci&oacute;n de la QKD llevado a cabo por el Instituto Europeo de Est&aacute;ndares de Telecomunicaci&oacute;n (ETSI).\n&nbsp;\nEl grupo tambi&eacute;n es experto en t&eacute;cnicas de computaci&oacute;n de alto rendimiento, en especial aquellas aplicadas a procesos f&iacute;sicos y su an&aacute;lisis a trav&eacute;s de t&eacute;cnicas de visualizaci&oacute;n.\n&nbsp;\nLlevamos a cabo nuestro trabajo en base a las siguientes l&iacute;neas de investigaci&oacute;n:\n\nSimulaci&oacute;n de Sistemas Cu&aacute;nticos Mesosc&oacute;picos\nInformaci&oacute;n y Computaci&oacute;n Cu&aacute;nticas\nComputaci&oacute;n de alto rendimiento\n","parent":0,"count":9,"filter":"raw","term_order":"0"}],"infraestructura":[],"ods":[],"origen":[{"term_id":180,"name":"Patente","slug":"patente","term_group":0,"term_taxonomy_id":180,"taxonomy":"origen","description":"","parent":0,"count":614,"filter":"raw","term_order":"0"}],"familia_tax":false,"quien_tax":false,"donde_tax":false,"year":"","contacto":"<strong>Principales: <\/strong><ul><li>VICENTE MARTIN AYUSO <blockquote><strong>vicente.martin@upm.es<\/strong><\/blockquote><\/li><li>JESUS MARTINEZ MATEO <blockquote><strong>jesus.martinez.mateo@upm.es<\/strong><\/blockquote><\/li><li>ALEX CIURANA AGUILAR <blockquote><strong>a.ciurana@alumnos.upm.es<\/strong><\/blockquote><\/li><\/ul><strong>Otros inventores: <\/strong><ul><li>HugoZbinden Universite de Gen\u00e8ve<\/li> <\/ul>","telefono":"","pagina_web":"","email":"","id_ficha_portal":"807","video":"","adjuntos":false,"adjuntos_portal":"https:\/\/www.upm.es\/S2i\/Acuse\/recuperarArchivo.jsp?id=807&id_archivo=3859&tipo=patente&extension=fichero ","inf":false,"departamento":"","acf":[],"lang":"es","translation":{"es":8619},"_links":{"self":[{"href":"https:\/\/www.upm.es\/recursosidi\/wp-json\/wp\/v2\/product\/8619"}],"collection":[{"href":"https:\/\/www.upm.es\/recursosidi\/wp-json\/wp\/v2\/product"}],"about":[{"href":"https:\/\/www.upm.es\/recursosidi\/wp-json\/wp\/v2\/types\/product"}],"wp:attachment":[{"href":"https:\/\/www.upm.es\/recursosidi\/wp-json\/wp\/v2\/media?parent=8619"}],"wp:term":[{"taxonomy":"product_cat","embeddable":true,"href":"https:\/\/www.upm.es\/recursosidi\/wp-json\/wp\/v2\/product_cat?post=8619"},{"taxonomy":"product_tag","embeddable":true,"href":"https:\/\/www.upm.es\/recursosidi\/wp-json\/wp\/v2\/product_tag?post=8619"},{"taxonomy":"comunidad_upm","embeddable":true,"href":"https:\/\/www.upm.es\/recursosidi\/wp-json\/wp\/v2\/comunidades-upm?post=8619"},{"taxonomy":"quien","embeddable":true,"href":"https:\/\/www.upm.es\/recursosidi\/wp-json\/wp\/v2\/quien?post=8619"},{"taxonomy":"mapa","embeddable":true,"href":"https:\/\/www.upm.es\/recursosidi\/wp-json\/wp\/v2\/mapa?post=8619"},{"taxonomy":"disponibilidad","embeddable":true,"href":"https:\/\/www.upm.es\/recursosidi\/wp-json\/wp\/v2\/disponibilidad?post=8619"},{"taxonomy":"donde","embeddable":true,"href":"https:\/\/www.upm.es\/recursosidi\/wp-json\/wp\/v2\/donde?post=8619"},{"taxonomy":"infraestructura","embeddable":true,"href":"https:\/\/www.upm.es\/recursosidi\/wp-json\/wp\/v2\/infraestructura?post=8619"},{"taxonomy":"ods","embeddable":true,"href":"https:\/\/www.upm.es\/recursosidi\/wp-json\/wp\/v2\/ods?post=8619"},{"taxonomy":"origen","embeddable":true,"href":"https:\/\/www.upm.es\/recursosidi\/wp-json\/wp\/v2\/origen?post=8619"}],"curies":[{"name":"wp","href":"https:\/\/api.w.org\/{rel}","templated":true}]}}