{"id":8620,"date":"2021-11-25T14:15:04","date_gmt":"2021-11-25T13:15:04","guid":{"rendered":"https:\/\/www.upm.es\/recursosidi\/offers-resources\/sin categor\u00eda\/reagents-and-methods-for-the-expression-of-oxygen-sensitive-proteins\/"},"modified":"2022-08-10T02:13:46","modified_gmt":"2022-08-10T00:13:46","slug":"reagents-and-methods-for-the-expression-of-oxygen-sensitive-proteins","status":"publish","type":"product","link":"https:\/\/www.upm.es\/recursosidi\/offers-resources\/patentes\/reagents-and-methods-for-the-expression-of-oxygen-sensitive-proteins\/","title":{"rendered":"Reagents and methods for the expression of oxygen-sensitive proteins"},"content":{"rendered":"<h5>Descripci\u00f3n de la patente <\/h5>\n<p>The invention relates to a polynucleotide encoding an oxygen-sensitive protein and a<br \/>\nmitochondrial targeting peptide which can be expressed in a eukaryotic cell under<br \/>\naerobic conditions. The invention also refers to a method for expressing said oxygen-<br \/>\n5 sensitive protein in a eukaryotic cell as well as to a method for in vitro reconstitution of<br \/>\nactive nitrogenase protein complex.<\/p>\n<h5>N\u00famero de solicitud<\/h5>\n<p>EP13382352.6<\/p>\n<h5>N\u00famero de publicaci\u00f3n<\/h5>\n<p>EP2848684<\/p>\n<h5>Fecha de presentaci\u00f3n <\/h5>\n<p>11\/09\/2013<\/p>\n<h5>Fecha de publicaci\u00f3n <\/h5>\n<p>18\/03\/2015<\/p>\n<h4><strong>Extensiones Internacionales<\/strong><\/h4>\n<h5>EUROPA<\/h5>\n<p><strong>Referencia de la solicitud: <\/strong>EP14761658.5<br \/><strong>T\u00edtulo:\t\t\t\t\t   <\/strong>Reagents and methods for the expression of oxygen-sensitive proteins<br \/><strong>Situacion: \t\t\t\t   <\/strong>Concedida<\/p>\n<h5>PA\u00cdSES<\/h5>\n<p><strong>Pa\u00eds: <\/strong>Reino Unido<br \/><strong>N\u00famero de solicitud: <\/strong>EP(UK)3044312<br \/><strong>Titulo: <\/strong>Reagents and methods for the expression of oxygen-sensitive proteins<br \/><strong>Situaci\u00f3n: <\/strong>Concedida<br \/><strong>Pa\u00eds: <\/strong>Espa\u00f1a<br \/><strong>N\u00famero de solicitud: <\/strong>E14761658<br \/><strong>Titulo: <\/strong>Reactivos y m\u00e9todos para la expresi\u00f3n de prote\u00ednas sensibles a ox\u00edgeno<br \/><strong>Situaci\u00f3n: <\/strong>Concedida<\/p>\n<div class=\"pdfprnt-buttons pdfprnt-buttons-product pdfprnt-bottom-left\"><a href=\"https:\/\/www.upm.es\/recursosidi\/wp-json\/wp\/v2\/product\/8620?print=pdf\" class=\"pdfprnt-button pdfprnt-button-pdf\" target=\"_blank\"><span class=\"pdfprnt-button-title pdfprnt-button-pdf-title\">Descargar ficha<\/span><\/a><\/div>","protected":false},"excerpt":{"rendered":"<p>Descripci\u00f3n de la patente The invention relates to a polynucleotide encoding an oxygen-sensitive protein and a mitochondrial targeting peptide which can be expressed in a&hellip;<\/p>\n","protected":false},"featured_media":0,"template":"","meta":{"_acf_changed":false},"product_cat":[3946],"product_tag":[],"comunidades-upm":[],"quien":[],"mapa":[],"disponibilidad":[],"donde":[{"term_id":626,"name":"Abordajes Multidisciplinares en la Interfaz Planta-Microorganismo","slug":"abordajes-multidisciplinares-en-la-interfaz-planta-microorganismo","term_group":0,"term_taxonomy_id":626,"taxonomy":"donde","description":"","parent":0,"count":3,"filter":"raw","term_order":"0"},{"term_id":252,"name":"Centro de Biotecnolog\u00eda y Gen\u00f3mica de Plantas (CBGP)","slug":"centro-de-biotecnologia-y-genomica-de-plantas-cbgp","term_group":0,"term_taxonomy_id":252,"taxonomy":"donde","description":"","parent":0,"count":19,"filter":"raw","term_order":"0"}],"infraestructura":[],"ods":[],"origen":[{"term_id":180,"name":"Patente","slug":"patente","term_group":0,"term_taxonomy_id":180,"taxonomy":"origen","description":"","parent":0,"count":614,"filter":"raw","term_order":"0"}],"familia_tax":false,"quien_tax":false,"donde_tax":false,"year":"","contacto":"<strong>Principales: <\/strong><ul><li>GEMA LOPEZ TORREJON <blockquote><strong>gema.lopez@upm.es<\/strong><\/blockquote><\/li><li>JOS\u00c9 MAR\u00cdA BUESA GALIANO <blockquote><strong>jm.buesa@upm.es<\/strong><\/blockquote><\/li><li>LUIS MANUEL RUBIO HERRERO <blockquote><strong>lm.rubio@upm.es<\/strong><\/blockquote><\/li><li>EMILIO JIMENEZ VICENTE <blockquote><strong>emilio.jimenez@upm.es<\/strong><\/blockquote><\/li><\/ul>","telefono":"","pagina_web":"","email":"","id_ficha_portal":"816","video":"","adjuntos":false,"adjuntos_portal":"","inf":false,"departamento":"","acf":[],"lang":"es","translation":{"es":8620},"_links":{"self":[{"href":"https:\/\/www.upm.es\/recursosidi\/wp-json\/wp\/v2\/product\/8620"}],"collection":[{"href":"https:\/\/www.upm.es\/recursosidi\/wp-json\/wp\/v2\/product"}],"about":[{"href":"https:\/\/www.upm.es\/recursosidi\/wp-json\/wp\/v2\/types\/product"}],"wp:attachment":[{"href":"https:\/\/www.upm.es\/recursosidi\/wp-json\/wp\/v2\/media?parent=8620"}],"wp:term":[{"taxonomy":"product_cat","embeddable":true,"href":"https:\/\/www.upm.es\/recursosidi\/wp-json\/wp\/v2\/product_cat?post=8620"},{"taxonomy":"product_tag","embeddable":true,"href":"https:\/\/www.upm.es\/recursosidi\/wp-json\/wp\/v2\/product_tag?post=8620"},{"taxonomy":"comunidad_upm","embeddable":true,"href":"https:\/\/www.upm.es\/recursosidi\/wp-json\/wp\/v2\/comunidades-upm?post=8620"},{"taxonomy":"quien","embeddable":true,"href":"https:\/\/www.upm.es\/recursosidi\/wp-json\/wp\/v2\/quien?post=8620"},{"taxonomy":"mapa","embeddable":true,"href":"https:\/\/www.upm.es\/recursosidi\/wp-json\/wp\/v2\/mapa?post=8620"},{"taxonomy":"disponibilidad","embeddable":true,"href":"https:\/\/www.upm.es\/recursosidi\/wp-json\/wp\/v2\/disponibilidad?post=8620"},{"taxonomy":"donde","embeddable":true,"href":"https:\/\/www.upm.es\/recursosidi\/wp-json\/wp\/v2\/donde?post=8620"},{"taxonomy":"infraestructura","embeddable":true,"href":"https:\/\/www.upm.es\/recursosidi\/wp-json\/wp\/v2\/infraestructura?post=8620"},{"taxonomy":"ods","embeddable":true,"href":"https:\/\/www.upm.es\/recursosidi\/wp-json\/wp\/v2\/ods?post=8620"},{"taxonomy":"origen","embeddable":true,"href":"https:\/\/www.upm.es\/recursosidi\/wp-json\/wp\/v2\/origen?post=8620"}],"curies":[{"name":"wp","href":"https:\/\/api.w.org\/{rel}","templated":true}]}}