{"id":8623,"date":"2021-11-25T14:15:11","date_gmt":"2021-11-25T13:15:11","guid":{"rendered":"https:\/\/www.upm.es\/recursosidi\/offers-resources\/sin categor\u00eda\/metodo-de-bloqueo-de-la-proteccion-diferencial-para-evitar-disparos-no-deseados-basado-en-supervision-de-la-componente-homopolar\/"},"modified":"2022-08-10T02:13:55","modified_gmt":"2022-08-10T00:13:55","slug":"metodo-de-bloqueo-de-la-proteccion-diferencial-para-evitar-disparos-no-deseados-basado-en-supervision-de-la-componente-homopolar","status":"publish","type":"product","link":"https:\/\/www.upm.es\/recursosidi\/offers-resources\/patentes\/metodo-de-bloqueo-de-la-proteccion-diferencial-para-evitar-disparos-no-deseados-basado-en-supervision-de-la-componente-homopolar\/","title":{"rendered":"M\u00e9todo de bloqueo de la protecci\u00f3n diferencial para evitar disparos no deseados basado en supervisi\u00f3n de la componente homopolar"},"content":{"rendered":"<h5>Descripci\u00f3n de la patente <\/h5>\n<p>M\u00e9todo que permite evitar disparos no deseados de la protecci\u00f3n diferencial de generadores con neutro aislado o puestos a tierra a trav\u00e9s de una impedancia de alto valor \u00f3hmico.<\/p>\n<p>\tEste m\u00e9todo se basa en la supervisi\u00f3n de la componente homopolar tanto en el lado del neutro como en el lado de los terminales de la m\u00e1quina, de modo que si \u00e9sta toma un valor superior al umbral fijado previamente, es un claro indicio de que al menos ha saturado un transformador de corriente y podr\u00eda derivar en una mala actuaci\u00f3n de la protecci\u00f3n diferencial.<\/p>\n<p>\tPor ello, cuando la componente homopolar supera el umbral fijado, los ajustes de la curva de disparo se modifican para establecer una caracter\u00edstica menos restrictiva que impida la mala operaci\u00f3n de la protecci\u00f3n.<\/p>\n<h5>N\u00famero de solicitud<\/h5>\n<p>P201300863<\/p>\n<h5>N\u00famero de publicaci\u00f3n<\/h5>\n<p>ES2464193<\/p>\n<h5>Fecha de presentaci\u00f3n <\/h5>\n<p>19\/09\/2013<\/p>\n<div class=\"pdfprnt-buttons pdfprnt-buttons-product pdfprnt-bottom-left\"><a href=\"https:\/\/www.upm.es\/recursosidi\/wp-json\/wp\/v2\/product\/8623?print=pdf\" class=\"pdfprnt-button pdfprnt-button-pdf\" target=\"_blank\"><span class=\"pdfprnt-button-title pdfprnt-button-pdf-title\">Descargar ficha<\/span><\/a><\/div>","protected":false},"excerpt":{"rendered":"<p>Descripci\u00f3n de la patente M\u00e9todo que permite evitar disparos no deseados de la protecci\u00f3n diferencial de generadores con neutro aislado o puestos a tierra a&hellip;<\/p>\n","protected":false},"featured_media":0,"template":"","meta":{"_acf_changed":false},"product_cat":[3946],"product_tag":[],"comunidades-upm":[],"quien":[],"mapa":[],"disponibilidad":[],"donde":[{"term_id":374,"name":"Generaci\u00f3n el\u00e9ctrica con energ\u00eda e\u00f3lica","slug":"generacion-electrica-con-energia-eolica","term_group":0,"term_taxonomy_id":374,"taxonomy":"donde","description":"","parent":0,"count":70,"filter":"raw","term_order":"0"}],"infraestructura":[],"ods":[],"origen":[{"term_id":180,"name":"Patente","slug":"patente","term_group":0,"term_taxonomy_id":180,"taxonomy":"origen","description":"","parent":0,"count":614,"filter":"raw","term_order":"0"}],"familia_tax":false,"quien_tax":false,"donde_tax":false,"year":"","contacto":"<strong>Principales: <\/strong><ul><li>EMILIO DAVID REBOLLO LOPEZ <blockquote><strong>emilio.rebollo.lopez@upm.es<\/strong><\/blockquote><\/li><li>Francisco Bl\u00e1nquez Delgado <blockquote><strong><\/strong><\/blockquote><\/li><li>Ruben Martinez Caballero <blockquote><strong><\/strong><\/blockquote><\/li><li>CARLOS ANTONIO PLATERO GAONA <blockquote><strong>carlosantonio.platero@upm.es<\/strong><\/blockquote><\/li><\/ul>","telefono":"","pagina_web":"","email":"","id_ficha_portal":"805","video":"","adjuntos":false,"adjuntos_portal":"","inf":false,"departamento":"","acf":[],"lang":"es","translation":{"es":8623},"_links":{"self":[{"href":"https:\/\/www.upm.es\/recursosidi\/wp-json\/wp\/v2\/product\/8623"}],"collection":[{"href":"https:\/\/www.upm.es\/recursosidi\/wp-json\/wp\/v2\/product"}],"about":[{"href":"https:\/\/www.upm.es\/recursosidi\/wp-json\/wp\/v2\/types\/product"}],"wp:attachment":[{"href":"https:\/\/www.upm.es\/recursosidi\/wp-json\/wp\/v2\/media?parent=8623"}],"wp:term":[{"taxonomy":"product_cat","embeddable":true,"href":"https:\/\/www.upm.es\/recursosidi\/wp-json\/wp\/v2\/product_cat?post=8623"},{"taxonomy":"product_tag","embeddable":true,"href":"https:\/\/www.upm.es\/recursosidi\/wp-json\/wp\/v2\/product_tag?post=8623"},{"taxonomy":"comunidad_upm","embeddable":true,"href":"https:\/\/www.upm.es\/recursosidi\/wp-json\/wp\/v2\/comunidades-upm?post=8623"},{"taxonomy":"quien","embeddable":true,"href":"https:\/\/www.upm.es\/recursosidi\/wp-json\/wp\/v2\/quien?post=8623"},{"taxonomy":"mapa","embeddable":true,"href":"https:\/\/www.upm.es\/recursosidi\/wp-json\/wp\/v2\/mapa?post=8623"},{"taxonomy":"disponibilidad","embeddable":true,"href":"https:\/\/www.upm.es\/recursosidi\/wp-json\/wp\/v2\/disponibilidad?post=8623"},{"taxonomy":"donde","embeddable":true,"href":"https:\/\/www.upm.es\/recursosidi\/wp-json\/wp\/v2\/donde?post=8623"},{"taxonomy":"infraestructura","embeddable":true,"href":"https:\/\/www.upm.es\/recursosidi\/wp-json\/wp\/v2\/infraestructura?post=8623"},{"taxonomy":"ods","embeddable":true,"href":"https:\/\/www.upm.es\/recursosidi\/wp-json\/wp\/v2\/ods?post=8623"},{"taxonomy":"origen","embeddable":true,"href":"https:\/\/www.upm.es\/recursosidi\/wp-json\/wp\/v2\/origen?post=8623"}],"curies":[{"name":"wp","href":"https:\/\/api.w.org\/{rel}","templated":true}]}}