{"id":8628,"date":"2021-11-25T14:15:23","date_gmt":"2021-11-25T13:15:23","guid":{"rendered":"https:\/\/www.upm.es\/recursosidi\/offers-resources\/sin categor\u00eda\/generador-de-perturbaciones-de-tension-para-ensayo-de-equipos-electricos-y-su-procedimiento-de-operacion-en-redes-con-generacion-distribuida\/"},"modified":"2022-08-10T02:14:09","modified_gmt":"2022-08-10T00:14:09","slug":"generador-de-perturbaciones-de-tension-para-ensayo-de-equipos-electricos-y-su-procedimiento-de-operacion-en-redes-con-generacion-distribuida","status":"publish","type":"product","link":"https:\/\/www.upm.es\/recursosidi\/offers-resources\/patentes\/generador-de-perturbaciones-de-tension-para-ensayo-de-equipos-electricos-y-su-procedimiento-de-operacion-en-redes-con-generacion-distribuida\/","title":{"rendered":"Generador de perturbaciones de tensi\u00f3n para ensayo de equipos el\u00e9ctricos y su procedimiento de operaci\u00f3n en redes con generaci\u00f3n distribuida"},"content":{"rendered":"<h5>Descripci\u00f3n de la patente <\/h5>\n<p>Equipo generador perturbaciones de tensi\u00f3n que genera una tensi\u00f3n donde se puede modificar la amplitud, la frecuencia y la fase. As\u00ed se puede reproducir una perturbaci\u00f3n similar a las que ocurren en redes d\u00e9biles, en caso de defectos como cortocircuitos o maniobras bruscas de conexi\u00f3n o desconexi\u00f3n de carga.<br \/>\nSe basa en la utilizaci\u00f3n de dos m\u00e1quinas de inducci\u00f3n de rotor bobinado, una en la que se modifica la frecuencia de su tensi\u00f3n de salida mediante el control de la velocidad de giro, y otra que se utiliza como regulador de inducci\u00f3n. Adicionalmente dispone de un equipo de conexi\u00f3n y un sistema de control.<br \/>\nConstituye una herramienta de ensayo de equipos el\u00e9ctricos, para evaluar su funcionamiento ante perturbaciones en redes d\u00e9biles y es especialmente \u00fatil para el ensayo de aerogeneradores.<\/p>\n<h5>Situaci\u00f3n <\/h5>\n<p>Concedida<\/p>\n<h5>N\u00famero de solicitud<\/h5>\n<p>P201300167<\/p>\n<h5>N\u00famero de publicaci\u00f3n<\/h5>\n<p>ES2494592_B2<\/p>\n<h5>Fecha de presentaci\u00f3n <\/h5>\n<p>15\/02\/2013<\/p>\n<h5>Fecha de publicaci\u00f3n <\/h5>\n<p>15\/09\/2014<\/p>\n<h5>Fecha de concesi\u00f3n <\/h5>\n<p>25\/02\/2015<\/p>\n<div class=\"pdfprnt-buttons pdfprnt-buttons-product pdfprnt-bottom-left\"><a href=\"https:\/\/www.upm.es\/recursosidi\/wp-json\/wp\/v2\/product\/8628?print=pdf\" class=\"pdfprnt-button pdfprnt-button-pdf\" target=\"_blank\"><span class=\"pdfprnt-button-title pdfprnt-button-pdf-title\">Descargar ficha<\/span><\/a><\/div>","protected":false},"excerpt":{"rendered":"<p>Descripci\u00f3n de la patente Equipo generador perturbaciones de tensi\u00f3n que genera una tensi\u00f3n donde se puede modificar la amplitud, la frecuencia y la fase. As\u00ed&hellip;<\/p>\n","protected":false},"featured_media":0,"template":"","meta":{"_acf_changed":false},"product_cat":[3946],"product_tag":[],"comunidades-upm":[],"quien":[],"mapa":[],"disponibilidad":[],"donde":[{"term_id":546,"name":"Centro de Electr\u00f3nica Industrial (CEI)","slug":"centro-de-electronica-industrial-cei","term_group":0,"term_taxonomy_id":546,"taxonomy":"donde","description":"","parent":0,"count":25,"filter":"raw","term_order":"0"},{"term_id":374,"name":"Generaci\u00f3n el\u00e9ctrica con energ\u00eda e\u00f3lica","slug":"generacion-electrica-con-energia-eolica","term_group":0,"term_taxonomy_id":374,"taxonomy":"donde","description":"","parent":0,"count":70,"filter":"raw","term_order":"0"}],"infraestructura":[],"ods":[],"origen":[{"term_id":180,"name":"Patente","slug":"patente","term_group":0,"term_taxonomy_id":180,"taxonomy":"origen","description":"","parent":0,"count":614,"filter":"raw","term_order":"0"}],"familia_tax":false,"quien_tax":false,"donde_tax":false,"year":"","contacto":"<strong>Principales: <\/strong><ul><li>JAIME RODRIGUEZ ARRIBAS <blockquote><strong>jaime.rodriguez@upm.es<\/strong><\/blockquote><\/li><li>SERGIO MARTINEZ GONZALEZ <blockquote><strong>sergio.martinez@upm.es<\/strong><\/blockquote><\/li><li>NIEVES HERRERO MARTINEZ <blockquote><strong>nieves.herrero@upm.es<\/strong><\/blockquote><\/li><li>JOSE ANGEL SANCHEZ FERNANDEZ <blockquote><strong>joseangel.sanchez@upm.es<\/strong><\/blockquote><\/li><li>FRANCISCO BLAZQUEZ GARCIA <blockquote><strong>francisco.blazquez@upm.es<\/strong><\/blockquote><\/li><li>JULIA MERINO FERNANDEZ <blockquote><strong>julia.merino@upm.es<\/strong><\/blockquote><\/li><li>CARLOS VEGANZONES NICOLAS <blockquote><strong>carlos.veganzones@upm.es<\/strong><\/blockquote><\/li><li>DIONISIO RAMIREZ PRIETO <blockquote><strong>dionisio.ramirez@upm.es<\/strong><\/blockquote><\/li><li>CARLOS ANTONIO PLATERO GAONA <blockquote><strong>carlosantonio.platero@upm.es<\/strong><\/blockquote><\/li><\/ul>","telefono":"","pagina_web":"","email":"","id_ficha_portal":"755","video":"","adjuntos":false,"adjuntos_portal":"https:\/\/www.upm.es\/S2i\/Acuse\/recuperarArchivo.jsp?id=755&id_archivo=3203&tipo=patente&extension=fichero ","inf":false,"departamento":"","acf":[],"lang":"es","translation":{"es":8628},"_links":{"self":[{"href":"https:\/\/www.upm.es\/recursosidi\/wp-json\/wp\/v2\/product\/8628"}],"collection":[{"href":"https:\/\/www.upm.es\/recursosidi\/wp-json\/wp\/v2\/product"}],"about":[{"href":"https:\/\/www.upm.es\/recursosidi\/wp-json\/wp\/v2\/types\/product"}],"wp:attachment":[{"href":"https:\/\/www.upm.es\/recursosidi\/wp-json\/wp\/v2\/media?parent=8628"}],"wp:term":[{"taxonomy":"product_cat","embeddable":true,"href":"https:\/\/www.upm.es\/recursosidi\/wp-json\/wp\/v2\/product_cat?post=8628"},{"taxonomy":"product_tag","embeddable":true,"href":"https:\/\/www.upm.es\/recursosidi\/wp-json\/wp\/v2\/product_tag?post=8628"},{"taxonomy":"comunidad_upm","embeddable":true,"href":"https:\/\/www.upm.es\/recursosidi\/wp-json\/wp\/v2\/comunidades-upm?post=8628"},{"taxonomy":"quien","embeddable":true,"href":"https:\/\/www.upm.es\/recursosidi\/wp-json\/wp\/v2\/quien?post=8628"},{"taxonomy":"mapa","embeddable":true,"href":"https:\/\/www.upm.es\/recursosidi\/wp-json\/wp\/v2\/mapa?post=8628"},{"taxonomy":"disponibilidad","embeddable":true,"href":"https:\/\/www.upm.es\/recursosidi\/wp-json\/wp\/v2\/disponibilidad?post=8628"},{"taxonomy":"donde","embeddable":true,"href":"https:\/\/www.upm.es\/recursosidi\/wp-json\/wp\/v2\/donde?post=8628"},{"taxonomy":"infraestructura","embeddable":true,"href":"https:\/\/www.upm.es\/recursosidi\/wp-json\/wp\/v2\/infraestructura?post=8628"},{"taxonomy":"ods","embeddable":true,"href":"https:\/\/www.upm.es\/recursosidi\/wp-json\/wp\/v2\/ods?post=8628"},{"taxonomy":"origen","embeddable":true,"href":"https:\/\/www.upm.es\/recursosidi\/wp-json\/wp\/v2\/origen?post=8628"}],"curies":[{"name":"wp","href":"https:\/\/api.w.org\/{rel}","templated":true}]}}