{"id":8629,"date":"2021-11-25T14:15:26","date_gmt":"2021-11-25T13:15:26","guid":{"rendered":"https:\/\/www.upm.es\/recursosidi\/offers-resources\/sin categor\u00eda\/equipo-para-controlar-automaticamente-la-direccion-de-un-vehiculo\/"},"modified":"2022-08-10T02:14:12","modified_gmt":"2022-08-10T00:14:12","slug":"equipo-para-controlar-automaticamente-la-direccion-de-un-vehiculo","status":"publish","type":"product","link":"https:\/\/www.upm.es\/recursosidi\/offers-resources\/patentes\/equipo-para-controlar-automaticamente-la-direccion-de-un-vehiculo\/","title":{"rendered":"Equipo para controlar autom\u00e1ticamente la direcci\u00f3n de un veh\u00edculo"},"content":{"rendered":"<h5>Descripci\u00f3n de la patente <\/h5>\n<p>Equipo para controlar autom\u00e1ticamente la direcci\u00f3n de un veh\u00edculo, que comprende un<br \/>\nmotor el\u00e9ctrico (6) que va relacionado con la columna (2) de la direcci\u00f3n 5 a trav\u00e9s de una<br \/>\ntransmisi\u00f3n mec\u00e1nica, un embrague electromagn\u00e9tico que va dispuesto entre el eje del<br \/>\nmotor el\u00e9ctrico (6) y la transmisi\u00f3n mec\u00e1nica, y medios de control autom\u00e1tico del motor<br \/>\nel\u00e9ctrico y electroim\u00e1n (12).<\/p>\n<h5>Situaci\u00f3n <\/h5>\n<p>Concedida<\/p>\n<h5>N\u00famero de solicitud<\/h5>\n<p>P201330627<\/p>\n<h5>N\u00famero de publicaci\u00f3n<\/h5>\n<p>ES 2516568<\/p>\n<h5>Fecha de presentaci\u00f3n <\/h5>\n<p>30\/04\/2013<\/p>\n<h5>Fecha de publicaci\u00f3n <\/h5>\n<p>30\/10\/2014<\/p>\n<h5>Fecha de concesi\u00f3n <\/h5>\n<p>22\/09\/2015<\/p>\n<div class=\"pdfprnt-buttons pdfprnt-buttons-product pdfprnt-bottom-left\"><a href=\"https:\/\/www.upm.es\/recursosidi\/wp-json\/wp\/v2\/product\/8629?print=pdf\" class=\"pdfprnt-button pdfprnt-button-pdf\" target=\"_blank\"><span class=\"pdfprnt-button-title pdfprnt-button-pdf-title\">Descargar ficha<\/span><\/a><\/div>","protected":false},"excerpt":{"rendered":"<p>Descripci\u00f3n de la patente Equipo para controlar autom\u00e1ticamente la direcci\u00f3n de un veh\u00edculo, que comprende un motor el\u00e9ctrico (6) que va relacionado con la columna&hellip;<\/p>\n","protected":false},"featured_media":0,"template":"","meta":{"_acf_changed":false},"product_cat":[3946],"product_tag":[],"comunidades-upm":[],"quien":[],"mapa":[],"disponibilidad":[],"donde":[{"term_id":376,"name":"Grupo de Inv. en Seguridad e Impacto Medioambiental de Veh\u00edculos y Transportes (GIVET)","slug":"grupo-de-inv-en-seguridad-e-impacto-medioambiental-de-vehiculos-y-transportes-givet","term_group":0,"term_taxonomy_id":376,"taxonomy":"donde","description":"Podemos resumir nuestras <strong>l\u00edneas de investigaci\u00f3n<\/strong> en:\r\n\r\nSeguridad en el transporte colectivo de personas y en el transporte de mercanc\u00edas.\r\nInvestigaci\u00f3n de accidentes de tr\u00e1fico.\r\nBiomec\u00e1nica del impacto aplicada a la mejora de la seguridad pasiva de los veh\u00edculos\r\nSistemas de asistencia al conductor (ADAS).\r\nEvaluaci\u00f3n y predicci\u00f3n de los impactos del transporte por carretera en la seguridad y medio ambiente. Desarrollo y aplicaci\u00f3n de modelos\r\nSistemas alternativos de propulsi\u00f3n e impacto medioambiental de los veh\u00edculos autom\u00f3viles\r\nMec\u00e1nica computacional aplicada al estudio del comportamiento din\u00e1mico de los veh\u00edculos","parent":0,"count":14,"filter":"raw","term_order":"0"},{"term_id":240,"name":"Instituto Universitario de Investigaci\u00f3n del Autom\u00f3vil (INSIA)","slug":"instituto-universitario-de-investigacion-del-automovil-insia","term_group":0,"term_taxonomy_id":240,"taxonomy":"donde","description":"","parent":0,"count":18,"filter":"raw","term_order":"0"},{"term_id":544,"name":"MERCATOR: Tecnolog\u00edas de la GeoInformaci\u00f3n y Sistemas Inteligentes","slug":"mercator-tecnologias-de-la-geoinformacion-y-sistemas-inteligentes","term_group":0,"term_taxonomy_id":544,"taxonomy":"donde","description":"Los miembros del grupo desarrollan su actividad en &aacute;mbitos vinculados con la informaci&oacute;n geogr&aacute;fica y sistemas inteligentes con <em>soft-computing<\/em> a trav&eacute;s de las siguientes l&iacute;neas de investigaci&oacute;n:\n&nbsp;\n\nInfraestructuras de Datos Espaciales (IDE) y SIG.\nIngenier&iacute;a de Servicios Basados en Localizaci&oacute;n (LBS) y Control Inteligente.\nModelizaci&oacute;n y gesti&oacute;n de grandes bases de datos Espacio-temporales: clim&aacute;ticas, meteorol&oacute;gicas, tur&iacute;sticas y catastrales.\nIncentivaci&oacute;n y explotaci&oacute;n de Informaci&oacute;n Geogr&aacute;fica Voluntaria.\nAgentes de informaci&oacute;n, redes de neuronas, computaci&oacute;n evolutiva, l&oacute;gica borrosa, sistemas de recomendaci&oacute;n, sistemas Bioinspirados y Vida Artificial.\n","parent":0,"count":6,"filter":"raw","term_order":"0"}],"infraestructura":[],"ods":[],"origen":[{"term_id":180,"name":"Patente","slug":"patente","term_group":0,"term_taxonomy_id":180,"taxonomy":"origen","description":"","parent":0,"count":614,"filter":"raw","term_order":"0"}],"familia_tax":false,"quien_tax":false,"donde_tax":false,"year":"","contacto":"<strong>Principales: <\/strong><ul><li>JOSE EUGENIO NARANJO HERNANDEZ <blockquote><strong>joseeugenio.naranjo@upm.es<\/strong><\/blockquote><\/li><li>MIGUEL GONZALEZ CAMPA <blockquote><strong>miguel.gonzalez@upm.es<\/strong><\/blockquote><\/li><li>Oscar Gomez Casado <blockquote><strong><\/strong><\/blockquote><\/li><li>FELIPE JIMENEZ ALONSO <blockquote><strong>felipe.jimenez@upm.es<\/strong><\/blockquote><\/li><\/ul>","telefono":"","pagina_web":"","email":"","id_ficha_portal":"763","video":"","adjuntos":false,"adjuntos_portal":"","inf":false,"departamento":"","acf":[],"lang":"es","translation":{"es":8629},"_links":{"self":[{"href":"https:\/\/www.upm.es\/recursosidi\/wp-json\/wp\/v2\/product\/8629"}],"collection":[{"href":"https:\/\/www.upm.es\/recursosidi\/wp-json\/wp\/v2\/product"}],"about":[{"href":"https:\/\/www.upm.es\/recursosidi\/wp-json\/wp\/v2\/types\/product"}],"wp:attachment":[{"href":"https:\/\/www.upm.es\/recursosidi\/wp-json\/wp\/v2\/media?parent=8629"}],"wp:term":[{"taxonomy":"product_cat","embeddable":true,"href":"https:\/\/www.upm.es\/recursosidi\/wp-json\/wp\/v2\/product_cat?post=8629"},{"taxonomy":"product_tag","embeddable":true,"href":"https:\/\/www.upm.es\/recursosidi\/wp-json\/wp\/v2\/product_tag?post=8629"},{"taxonomy":"comunidad_upm","embeddable":true,"href":"https:\/\/www.upm.es\/recursosidi\/wp-json\/wp\/v2\/comunidades-upm?post=8629"},{"taxonomy":"quien","embeddable":true,"href":"https:\/\/www.upm.es\/recursosidi\/wp-json\/wp\/v2\/quien?post=8629"},{"taxonomy":"mapa","embeddable":true,"href":"https:\/\/www.upm.es\/recursosidi\/wp-json\/wp\/v2\/mapa?post=8629"},{"taxonomy":"disponibilidad","embeddable":true,"href":"https:\/\/www.upm.es\/recursosidi\/wp-json\/wp\/v2\/disponibilidad?post=8629"},{"taxonomy":"donde","embeddable":true,"href":"https:\/\/www.upm.es\/recursosidi\/wp-json\/wp\/v2\/donde?post=8629"},{"taxonomy":"infraestructura","embeddable":true,"href":"https:\/\/www.upm.es\/recursosidi\/wp-json\/wp\/v2\/infraestructura?post=8629"},{"taxonomy":"ods","embeddable":true,"href":"https:\/\/www.upm.es\/recursosidi\/wp-json\/wp\/v2\/ods?post=8629"},{"taxonomy":"origen","embeddable":true,"href":"https:\/\/www.upm.es\/recursosidi\/wp-json\/wp\/v2\/origen?post=8629"}],"curies":[{"name":"wp","href":"https:\/\/api.w.org\/{rel}","templated":true}]}}