{"id":8630,"date":"2021-11-25T14:15:28","date_gmt":"2021-11-25T13:15:28","guid":{"rendered":"https:\/\/www.upm.es\/recursosidi\/offers-resources\/sin categor\u00eda\/dispositivo-y-metodo-para-la-medicion-de-corrientes-de-fluidos-mediante-mecanismo-paralelo-esferico-actuado-por-fuerzas-de-arrastre\/"},"modified":"2022-08-10T02:14:15","modified_gmt":"2022-08-10T00:14:15","slug":"dispositivo-y-metodo-para-la-medicion-de-corrientes-de-fluidos-mediante-mecanismo-paralelo-esferico-actuado-por-fuerzas-de-arrastre","status":"publish","type":"product","link":"https:\/\/www.upm.es\/recursosidi\/offers-resources\/patentes\/dispositivo-y-metodo-para-la-medicion-de-corrientes-de-fluidos-mediante-mecanismo-paralelo-esferico-actuado-por-fuerzas-de-arrastre\/","title":{"rendered":"Dispositivo y m\u00e9todo para la medici\u00f3n de corrientes de fluidos mediante mecanismo paralelo esf\u00e9rico actuado por fuerzas de arrastre"},"content":{"rendered":"<h5>Descripci\u00f3n de la patente <\/h5>\n<p>La presente invenci\u00f3n consiste en un medidor de corrientes de fluidos que calcula la velocidad y direcci\u00f3n de un fluido seg\u00fan la fuerza de arrastre que \u00e9ste ejerce sobre un cuerpo s\u00f3lido. Consta de un mecanismo paralelo esf\u00e9rico formado por una base fija (1) que permite movimiento esf\u00e9rico a una plataforma m\u00f3vil (7) mediante un m\u00e1stil (2) y dos cadenas cinem\u00e1ticas (3). Solidaria a la plataforma (7) un tubo (8) soporta un recipiente esf\u00e9rico (9) provisto en su interior de una unidad de medici\u00f3n inercial (10), que registra la orientaci\u00f3n espacial de la plataforma (7) respecto de la base fija (1) generada por acci\u00f3n del fluido sobre el recipiente esf\u00e9rico (9). Este dispositivo puede utilizarse para medici\u00f3n de corrientes de agua o aire, como instrumento de apoyo en navegaci\u00f3n de embarcaciones y para medici\u00f3n de corrientes de fluidos en canales o tuber\u00edas.<\/p>\n<h5>Situaci\u00f3n <\/h5>\n<p>Concedida<\/p>\n<h5>N\u00famero de solicitud<\/h5>\n<p>P201330923<\/p>\n<h5>N\u00famero de publicaci\u00f3n<\/h5>\n<p>ES 2525394<\/p>\n<h5>Fecha de presentaci\u00f3n <\/h5>\n<p>20\/06\/2013<\/p>\n<h5>Fecha de publicaci\u00f3n <\/h5>\n<p>22\/12\/2014<\/p>\n<h5>Fecha de concesi\u00f3n <\/h5>\n<p>10\/07\/2015<\/p>\n<div class=\"pdfprnt-buttons pdfprnt-buttons-product pdfprnt-bottom-left\"><a href=\"https:\/\/www.upm.es\/recursosidi\/wp-json\/wp\/v2\/product\/8630?print=pdf\" class=\"pdfprnt-button pdfprnt-button-pdf\" target=\"_blank\"><span class=\"pdfprnt-button-title pdfprnt-button-pdf-title\">Descargar ficha<\/span><\/a><\/div>","protected":false},"excerpt":{"rendered":"<p>Descripci\u00f3n de la patente La presente invenci\u00f3n consiste en un medidor de corrientes de fluidos que calcula la velocidad y direcci\u00f3n de un fluido seg\u00fan&hellip;<\/p>\n","protected":false},"featured_media":0,"template":"","meta":{"_acf_changed":false},"product_cat":[3946],"product_tag":[],"comunidades-upm":[],"quien":[],"mapa":[],"disponibilidad":[],"donde":[{"term_id":576,"name":"Centro de Autom\u00e1tica y Rob\u00f3tica (CAR). Centro Mixto UPM-CSIC","slug":"centro-de-automatica-y-robotica-car-centro-mixto-upm-csic","term_group":0,"term_taxonomy_id":576,"taxonomy":"donde","description":"","parent":0,"count":42,"filter":"raw","term_order":"0"},{"term_id":360,"name":"Robots y m\u00e1quinas inteligentes","slug":"robots-y-maquinas-inteligentes","term_group":0,"term_taxonomy_id":360,"taxonomy":"donde","description":"","parent":0,"count":22,"filter":"raw","term_order":"0"}],"infraestructura":[],"ods":[],"origen":[{"term_id":180,"name":"Patente","slug":"patente","term_group":0,"term_taxonomy_id":180,"taxonomy":"origen","description":"","parent":0,"count":614,"filter":"raw","term_order":"0"}],"familia_tax":false,"quien_tax":false,"donde_tax":false,"year":"","contacto":"<strong>Principales: <\/strong><ul><li>RAFAEL ARACIL SANTONJA <blockquote><strong>rafael.aracil@upm.es<\/strong><\/blockquote><\/li><li>Gabriel Armando Poletti Ruiz <blockquote><strong>gabriel.poletti.ruiz@alumnos.upm.es<\/strong><\/blockquote><\/li><li>Gonzalo Emmanuel Ejarque Rinaldini <blockquote><strong>ge.ejarque@alumnos.upm.es<\/strong><\/blockquote><\/li><li>ROQUE JACINTO SALTAREN PAZMI\u00d1O <blockquote><strong>roquejacinto.saltaren@upm.es<\/strong><\/blockquote><\/li><\/ul>","telefono":"","pagina_web":"","email":"","id_ficha_portal":"779","video":"","adjuntos":false,"adjuntos_portal":"","inf":false,"departamento":"","acf":[],"lang":"es","translation":{"es":8630},"_links":{"self":[{"href":"https:\/\/www.upm.es\/recursosidi\/wp-json\/wp\/v2\/product\/8630"}],"collection":[{"href":"https:\/\/www.upm.es\/recursosidi\/wp-json\/wp\/v2\/product"}],"about":[{"href":"https:\/\/www.upm.es\/recursosidi\/wp-json\/wp\/v2\/types\/product"}],"wp:attachment":[{"href":"https:\/\/www.upm.es\/recursosidi\/wp-json\/wp\/v2\/media?parent=8630"}],"wp:term":[{"taxonomy":"product_cat","embeddable":true,"href":"https:\/\/www.upm.es\/recursosidi\/wp-json\/wp\/v2\/product_cat?post=8630"},{"taxonomy":"product_tag","embeddable":true,"href":"https:\/\/www.upm.es\/recursosidi\/wp-json\/wp\/v2\/product_tag?post=8630"},{"taxonomy":"comunidad_upm","embeddable":true,"href":"https:\/\/www.upm.es\/recursosidi\/wp-json\/wp\/v2\/comunidades-upm?post=8630"},{"taxonomy":"quien","embeddable":true,"href":"https:\/\/www.upm.es\/recursosidi\/wp-json\/wp\/v2\/quien?post=8630"},{"taxonomy":"mapa","embeddable":true,"href":"https:\/\/www.upm.es\/recursosidi\/wp-json\/wp\/v2\/mapa?post=8630"},{"taxonomy":"disponibilidad","embeddable":true,"href":"https:\/\/www.upm.es\/recursosidi\/wp-json\/wp\/v2\/disponibilidad?post=8630"},{"taxonomy":"donde","embeddable":true,"href":"https:\/\/www.upm.es\/recursosidi\/wp-json\/wp\/v2\/donde?post=8630"},{"taxonomy":"infraestructura","embeddable":true,"href":"https:\/\/www.upm.es\/recursosidi\/wp-json\/wp\/v2\/infraestructura?post=8630"},{"taxonomy":"ods","embeddable":true,"href":"https:\/\/www.upm.es\/recursosidi\/wp-json\/wp\/v2\/ods?post=8630"},{"taxonomy":"origen","embeddable":true,"href":"https:\/\/www.upm.es\/recursosidi\/wp-json\/wp\/v2\/origen?post=8630"}],"curies":[{"name":"wp","href":"https:\/\/api.w.org\/{rel}","templated":true}]}}