{"id":8631,"date":"2021-11-25T14:15:30","date_gmt":"2021-11-25T13:15:30","guid":{"rendered":"https:\/\/www.upm.es\/recursosidi\/offers-resources\/sin categor\u00eda\/sistema-vestible-para-interaccion-con-entornos-remotos-mediante-informacion-gestual-y-sensaciones-tactiles-y-procedimiento-de-uso\/"},"modified":"2022-08-10T02:14:17","modified_gmt":"2022-08-10T00:14:17","slug":"sistema-vestible-para-interaccion-con-entornos-remotos-mediante-informacion-gestual-y-sensaciones-tactiles-y-procedimiento-de-uso","status":"publish","type":"product","link":"https:\/\/www.upm.es\/recursosidi\/offers-resources\/patentes\/sistema-vestible-para-interaccion-con-entornos-remotos-mediante-informacion-gestual-y-sensaciones-tactiles-y-procedimiento-de-uso\/","title":{"rendered":"SISTEMA VESTIBLE PARA INTERACCI\u00d3N CON ENTORNOS REMOTOS MEDIANTE INFORMACI\u00d3N GESTUAL Y SENSACIONES T\u00c1CTILES Y PROCEDIMIENTO DE USO"},"content":{"rendered":"<h5>Descripci\u00f3n de la patente <\/h5>\n<p>La presente invenci\u00f3n consiste en un sistema vestible (1) que interact\u00faa con un sistema remoto (2) intercambiando informaci\u00f3n gestual y sensaciones t\u00e1ctiles. El sistema vestible (1) env\u00eda informaci\u00f3n gestual que aporta un usuario humano (3) a trav\u00e9s de un traje h\u00e1ptico de captura de movimiento (4) y guantes h\u00e1pticos de datos (5). El sistema remoto (2) es estimulado por la informaci\u00f3n gestual recibida y env\u00eda al sistema vestible (1) sensaciones t\u00e1ctiles relacionadas a la reacci\u00f3n ante dichos est\u00edmulos. El sistema vestible (1) puede utilizarse para tareas de operaci\u00f3n remota de m\u00e1quinas (9) como manipuladores, veh\u00edculos aut\u00f3nomos o simuladores de realidad virtual (10). Tambi\u00e9n puede aplicarse en el an\u00e1lisis de procedimientos de rehabilitaci\u00f3n. Adicionalmente, dos o m\u00e1s sistemas vestibles (1) pueden utilizarse para complementar la interacci\u00f3n social a distancia entre dos o m\u00e1s usuarios humanos (3). <\/p>\n<h5>Situaci\u00f3n <\/h5>\n<p>Concedida<\/p>\n<h5>N\u00famero de solicitud<\/h5>\n<p>U201531083<\/p>\n<h5>N\u00famero de publicaci\u00f3n<\/h5>\n<p>ES1162933<\/p>\n<h5>Fecha de presentaci\u00f3n <\/h5>\n<p>20\/09\/2013<\/p>\n<h5>Fecha de publicaci\u00f3n <\/h5>\n<p>17\/08\/2016<\/p>\n<h5>Fecha de concesi\u00f3n <\/h5>\n<p>02\/11\/2016<\/p>\n<div class=\"pdfprnt-buttons pdfprnt-buttons-product pdfprnt-bottom-left\"><a href=\"https:\/\/www.upm.es\/recursosidi\/wp-json\/wp\/v2\/product\/8631?print=pdf\" class=\"pdfprnt-button pdfprnt-button-pdf\" target=\"_blank\"><span class=\"pdfprnt-button-title pdfprnt-button-pdf-title\">Descargar ficha<\/span><\/a><\/div>","protected":false},"excerpt":{"rendered":"<p>Descripci\u00f3n de la patente La presente invenci\u00f3n consiste en un sistema vestible (1) que interact\u00faa con un sistema remoto (2) intercambiando informaci\u00f3n gestual y sensaciones&hellip;<\/p>\n","protected":false},"featured_media":0,"template":"","meta":{"_acf_changed":false},"product_cat":[3946],"product_tag":[],"comunidades-upm":[],"quien":[],"mapa":[],"disponibilidad":[],"donde":[{"term_id":576,"name":"Centro de Autom\u00e1tica y Rob\u00f3tica (CAR). Centro Mixto UPM-CSIC","slug":"centro-de-automatica-y-robotica-car-centro-mixto-upm-csic","term_group":0,"term_taxonomy_id":576,"taxonomy":"donde","description":"","parent":0,"count":42,"filter":"raw","term_order":"0"},{"term_id":360,"name":"Robots y m\u00e1quinas inteligentes","slug":"robots-y-maquinas-inteligentes","term_group":0,"term_taxonomy_id":360,"taxonomy":"donde","description":"","parent":0,"count":22,"filter":"raw","term_order":"0"}],"infraestructura":[],"ods":[],"origen":[{"term_id":180,"name":"Patente","slug":"patente","term_group":0,"term_taxonomy_id":180,"taxonomy":"origen","description":"","parent":0,"count":614,"filter":"raw","term_order":"0"}],"familia_tax":false,"quien_tax":false,"donde_tax":false,"year":"","contacto":"<strong>Principales: <\/strong><ul><li>RAFAEL ARACIL SANTONJA <blockquote><strong>rafael.aracil@upm.es<\/strong><\/blockquote><\/li><li>Gabriel Armando Poletti Ruiz <blockquote><strong>gabriel.poletti.ruiz@alumnos.upm.es<\/strong><\/blockquote><\/li><li>Gonzalo Emmanuel Ejarque Rinaldini <blockquote><strong>ge.ejarque@alumnos.upm.es<\/strong><\/blockquote><\/li><li>ROQUE JACINTO SALTAREN PAZMI\u00d1O <blockquote><strong>roquejacinto.saltaren@upm.es<\/strong><\/blockquote><\/li><\/ul>","telefono":"","pagina_web":"","email":"","id_ficha_portal":"821","video":"","adjuntos":false,"adjuntos_portal":"","inf":false,"departamento":"","acf":[],"lang":"es","translation":{"es":8631},"_links":{"self":[{"href":"https:\/\/www.upm.es\/recursosidi\/wp-json\/wp\/v2\/product\/8631"}],"collection":[{"href":"https:\/\/www.upm.es\/recursosidi\/wp-json\/wp\/v2\/product"}],"about":[{"href":"https:\/\/www.upm.es\/recursosidi\/wp-json\/wp\/v2\/types\/product"}],"wp:attachment":[{"href":"https:\/\/www.upm.es\/recursosidi\/wp-json\/wp\/v2\/media?parent=8631"}],"wp:term":[{"taxonomy":"product_cat","embeddable":true,"href":"https:\/\/www.upm.es\/recursosidi\/wp-json\/wp\/v2\/product_cat?post=8631"},{"taxonomy":"product_tag","embeddable":true,"href":"https:\/\/www.upm.es\/recursosidi\/wp-json\/wp\/v2\/product_tag?post=8631"},{"taxonomy":"comunidad_upm","embeddable":true,"href":"https:\/\/www.upm.es\/recursosidi\/wp-json\/wp\/v2\/comunidades-upm?post=8631"},{"taxonomy":"quien","embeddable":true,"href":"https:\/\/www.upm.es\/recursosidi\/wp-json\/wp\/v2\/quien?post=8631"},{"taxonomy":"mapa","embeddable":true,"href":"https:\/\/www.upm.es\/recursosidi\/wp-json\/wp\/v2\/mapa?post=8631"},{"taxonomy":"disponibilidad","embeddable":true,"href":"https:\/\/www.upm.es\/recursosidi\/wp-json\/wp\/v2\/disponibilidad?post=8631"},{"taxonomy":"donde","embeddable":true,"href":"https:\/\/www.upm.es\/recursosidi\/wp-json\/wp\/v2\/donde?post=8631"},{"taxonomy":"infraestructura","embeddable":true,"href":"https:\/\/www.upm.es\/recursosidi\/wp-json\/wp\/v2\/infraestructura?post=8631"},{"taxonomy":"ods","embeddable":true,"href":"https:\/\/www.upm.es\/recursosidi\/wp-json\/wp\/v2\/ods?post=8631"},{"taxonomy":"origen","embeddable":true,"href":"https:\/\/www.upm.es\/recursosidi\/wp-json\/wp\/v2\/origen?post=8631"}],"curies":[{"name":"wp","href":"https:\/\/api.w.org\/{rel}","templated":true}]}}