{"id":8632,"date":"2021-11-25T14:15:33","date_gmt":"2021-11-25T13:15:33","guid":{"rendered":"https:\/\/www.upm.es\/recursosidi\/offers-resources\/sin categor\u00eda\/metodo-de-localizacion-de-interiores-basado-en-deteccion-y-emparejamiento-de-puntos-de-luz\/"},"modified":"2022-08-10T02:14:20","modified_gmt":"2022-08-10T00:14:20","slug":"metodo-de-localizacion-de-interiores-basado-en-deteccion-y-emparejamiento-de-puntos-de-luz","status":"publish","type":"product","link":"https:\/\/www.upm.es\/recursosidi\/offers-resources\/patentes\/metodo-de-localizacion-de-interiores-basado-en-deteccion-y-emparejamiento-de-puntos-de-luz\/","title":{"rendered":"M\u00e9todo de localizaci\u00f3n de interiores basado en detecci\u00f3n y emparejamiento de puntos de luz"},"content":{"rendered":"<h5>Descripci\u00f3n de la patente <\/h5>\n<p>Esta patente presenta un m\u00e9todo para mejorar la localizaci\u00f3n de usuarios en el interior de<br \/>\nedificios basado en la detecci\u00f3n de luces (no modificadas) con un sensor luminoso y sensores<br \/>\nde tipo inercial. El m\u00e9todo utilizado, que se puede denominar \u00bfemparejamiento de luces\u00bf,<br \/>\npermite conseguir una localizaci\u00f3n de personas de tipo f\u00edsico (precisiones del orden del metro)<br \/>\nmediante una estrategia que puede ser implementada en un dispositivo portable est\u00e1ndar (p.ej.<br \/>\nsmartphone, tablet, laptop, etc..) u otro equipo a medida, que incorpore como sensores<br \/>\nfundamentales un sensor luminoso, una unidad de medida inercial (IMU) con aceler\u00f3metros y<br \/>\ngir\u00f3scopos, y que posea un procesador adecuado para realizar el c\u00e1lculo de las estimaciones de<br \/>\nposici\u00f3n.<\/p>\n<h5>N\u00famero de solicitud<\/h5>\n<p>P201331563<\/p>\n<h5>N\u00famero de publicaci\u00f3n<\/h5>\n<p>ES2536586<\/p>\n<h5>Fecha de presentaci\u00f3n <\/h5>\n<p>24\/10\/2013<\/p>\n<h5>Fecha de publicaci\u00f3n <\/h5>\n<p>26\/05\/2015<\/p>\n<h5>Fecha de concesi\u00f3n <\/h5>\n<p>24\/02\/2016<\/p>\n<div class=\"pdfprnt-buttons pdfprnt-buttons-product pdfprnt-bottom-left\"><a href=\"https:\/\/www.upm.es\/recursosidi\/wp-json\/wp\/v2\/product\/8632?print=pdf\" class=\"pdfprnt-button pdfprnt-button-pdf\" target=\"_blank\"><span class=\"pdfprnt-button-title pdfprnt-button-pdf-title\">Descargar ficha<\/span><\/a><\/div>","protected":false},"excerpt":{"rendered":"<p>Descripci\u00f3n de la patente Esta patente presenta un m\u00e9todo para mejorar la localizaci\u00f3n de usuarios en el interior de edificios basado en la detecci\u00f3n de&hellip;<\/p>\n","protected":false},"featured_media":0,"template":"","meta":{"_acf_changed":false},"product_cat":[3946],"product_tag":[],"comunidades-upm":[],"quien":[],"mapa":[],"disponibilidad":[],"donde":[{"term_id":42,"name":"UPM","slug":"upm","term_group":0,"term_taxonomy_id":42,"taxonomy":"donde","description":"Universidad Polit\u00e9cnica de Madrid\r\nHTML \"Lorem ipsum dolor sit amet, consectetur adipiscing elit, sed do eiusmod tempor incididunt ut labore et dolore magna aliqua. Ut enim ad minim veniam, quis nostrud exercitation ullamco laboris nisi ut aliquip ex ea commodo consequat. Duis aute irure dolor in reprehenderit in voluptate velit esse cillum dolore eu fugiat nulla pariatur. Excepteur sint occaecat cupidatat non proident, sunt in culpa qui officia deserunt mollit anim id est laborum.\"","parent":0,"count":146,"filter":"raw","term_order":"0"}],"infraestructura":[],"ods":[],"origen":[{"term_id":180,"name":"Patente","slug":"patente","term_group":0,"term_taxonomy_id":180,"taxonomy":"origen","description":"","parent":0,"count":614,"filter":"raw","term_order":"0"}],"familia_tax":false,"quien_tax":false,"donde_tax":false,"year":"","contacto":"<ul><li><blockquote><strong>otri.investigacion@upm.es<\/strong><\/blockquote><\/li><\/ul>","telefono":"","pagina_web":"","email":"","id_ficha_portal":"836","video":"","adjuntos":false,"adjuntos_portal":"","inf":false,"departamento":"","acf":[],"lang":"es","translation":{"es":8632},"_links":{"self":[{"href":"https:\/\/www.upm.es\/recursosidi\/wp-json\/wp\/v2\/product\/8632"}],"collection":[{"href":"https:\/\/www.upm.es\/recursosidi\/wp-json\/wp\/v2\/product"}],"about":[{"href":"https:\/\/www.upm.es\/recursosidi\/wp-json\/wp\/v2\/types\/product"}],"wp:attachment":[{"href":"https:\/\/www.upm.es\/recursosidi\/wp-json\/wp\/v2\/media?parent=8632"}],"wp:term":[{"taxonomy":"product_cat","embeddable":true,"href":"https:\/\/www.upm.es\/recursosidi\/wp-json\/wp\/v2\/product_cat?post=8632"},{"taxonomy":"product_tag","embeddable":true,"href":"https:\/\/www.upm.es\/recursosidi\/wp-json\/wp\/v2\/product_tag?post=8632"},{"taxonomy":"comunidad_upm","embeddable":true,"href":"https:\/\/www.upm.es\/recursosidi\/wp-json\/wp\/v2\/comunidades-upm?post=8632"},{"taxonomy":"quien","embeddable":true,"href":"https:\/\/www.upm.es\/recursosidi\/wp-json\/wp\/v2\/quien?post=8632"},{"taxonomy":"mapa","embeddable":true,"href":"https:\/\/www.upm.es\/recursosidi\/wp-json\/wp\/v2\/mapa?post=8632"},{"taxonomy":"disponibilidad","embeddable":true,"href":"https:\/\/www.upm.es\/recursosidi\/wp-json\/wp\/v2\/disponibilidad?post=8632"},{"taxonomy":"donde","embeddable":true,"href":"https:\/\/www.upm.es\/recursosidi\/wp-json\/wp\/v2\/donde?post=8632"},{"taxonomy":"infraestructura","embeddable":true,"href":"https:\/\/www.upm.es\/recursosidi\/wp-json\/wp\/v2\/infraestructura?post=8632"},{"taxonomy":"ods","embeddable":true,"href":"https:\/\/www.upm.es\/recursosidi\/wp-json\/wp\/v2\/ods?post=8632"},{"taxonomy":"origen","embeddable":true,"href":"https:\/\/www.upm.es\/recursosidi\/wp-json\/wp\/v2\/origen?post=8632"}],"curies":[{"name":"wp","href":"https:\/\/api.w.org\/{rel}","templated":true}]}}