{"id":8635,"date":"2021-11-25T14:15:40","date_gmt":"2021-11-25T13:15:40","guid":{"rendered":"https:\/\/www.upm.es\/recursosidi\/offers-resources\/sin categor\u00eda\/cepa-de-hongo-cect-13092-y-procedimiento-de-aplicacion-para-la-deslignificacion-de-biomasa-lignocelulosica\/"},"modified":"2022-08-10T02:14:28","modified_gmt":"2022-08-10T00:14:28","slug":"cepa-de-hongo-cect-13092-y-procedimiento-de-aplicacion-para-la-deslignificacion-de-biomasa-lignocelulosica","status":"publish","type":"product","link":"https:\/\/www.upm.es\/recursosidi\/offers-resources\/patentes\/cepa-de-hongo-cect-13092-y-procedimiento-de-aplicacion-para-la-deslignificacion-de-biomasa-lignocelulosica\/","title":{"rendered":"Cepa de hongo CECT 13092 y procedimiento de aplicaci\u00f3n para la deslignificaci\u00f3n de biomasa lignocelul\u00f3sica"},"content":{"rendered":"<h5>Descripci\u00f3n de la patente <\/h5>\n<p>Cepa de hongo depositada con el n\u00famero de dep\u00f3sito CECT 13092 y procedimiento de<br \/>\ndeslignificaci\u00f3n de biomasa lignocelul\u00f3sica, en el que se aplica a dicha biomasa<br \/>\nlignocelul\u00f3sica una cepa de hongo depositada con el n\u00famero de dep\u00f3sito CECT 13092 o un<br \/>\ncrudo enzim\u00e1tico aislado de una cepa de hongo depositada con el n\u00famero de dep\u00f3sito<br \/>\nCECT 13092. En dicho procedimiento, se biopulpea la biomasa realizando un pasteado<br \/>\nkraft, se bioblanquea realizando un blanqueo con per\u00f3xido de hidr\u00f3geno o se utiliza la<br \/>\nbiomasa deslignificada para producir bioetanol.<\/p>\n<h5>Situaci\u00f3n <\/h5>\n<p>Concedida<\/p>\n<h5>N\u00famero de solicitud<\/h5>\n<p>P201430065<\/p>\n<h5>N\u00famero de publicaci\u00f3n<\/h5>\n<p>ES 2455491_A1<\/p>\n<h5>Fecha de presentaci\u00f3n <\/h5>\n<p>23\/01\/2014<\/p>\n<h5>Fecha de publicaci\u00f3n <\/h5>\n<p>15\/04\/2014<\/p>\n<h5>Fecha de concesi\u00f3n <\/h5>\n<p>30\/07\/2014<\/p>\n<div class=\"pdfprnt-buttons pdfprnt-buttons-product pdfprnt-bottom-left\"><a href=\"https:\/\/www.upm.es\/recursosidi\/wp-json\/wp\/v2\/product\/8635?print=pdf\" class=\"pdfprnt-button pdfprnt-button-pdf\" target=\"_blank\"><span class=\"pdfprnt-button-title pdfprnt-button-pdf-title\">Descargar ficha<\/span><\/a><\/div>","protected":false},"excerpt":{"rendered":"<p>Descripci\u00f3n de la patente Cepa de hongo depositada con el n\u00famero de dep\u00f3sito CECT 13092 y procedimiento de deslignificaci\u00f3n de biomasa lignocelul\u00f3sica, en el que&hellip;<\/p>\n","protected":false},"featured_media":0,"template":"","meta":{"_acf_changed":false},"product_cat":[3946],"product_tag":[],"comunidades-upm":[],"quien":[],"mapa":[],"disponibilidad":[],"donde":[{"term_id":4594,"name":"Centro de I+D+i para la Conservaci\u00f3n de la Biodiversidad y el Desarrollo Sostenible (CBDS)","slug":"centro-de-idi-para-la-conservacion-de-la-biodiversidad-y-el-desarrollo-sostenible-cbds","term_group":0,"term_taxonomy_id":4594,"taxonomy":"donde","description":"","parent":0,"count":10,"filter":"raw","term_order":"0"},{"term_id":4604,"name":"Functioning of fOREst Systems in a Changing EnvironmeNT (FORESCENT)","slug":"functioning-of-forest-systems-in-a-changing-environment-forescent","term_group":0,"term_taxonomy_id":4604,"taxonomy":"donde","description":"","parent":0,"count":3,"filter":"raw","term_order":"0"}],"infraestructura":[],"ods":[],"origen":[{"term_id":180,"name":"Patente","slug":"patente","term_group":0,"term_taxonomy_id":180,"taxonomy":"origen","description":"","parent":0,"count":614,"filter":"raw","term_order":"0"}],"familia_tax":false,"quien_tax":false,"donde_tax":false,"year":"","contacto":"<strong>Principales: <\/strong><ul><li>JUAN ANTONIO MARTIN GARCIA <blockquote><strong>juan.martin.garcia@upm.es<\/strong><\/blockquote><\/li><li>DAVID MACAYA SANZ <blockquote><strong>david.macaya.sanz@alumnos.upm.es<\/strong><\/blockquote><\/li><\/ul><strong>Otros inventores: <\/strong><ul><li>RAQUELMART\u00cdN SAMPEDRO INIA - Instituto Nacional de Investigacion y Tecnologia Agraria y Alimentaria<\/li> <li>\u00daRSULAFILLAT LATORRE INIA - Instituto Nacional de Investigacion y Tecnologia Agraria y Alimentaria<\/li> <li>DAVIDIBARRA TREJO INIA - Instituto Nacional de Investigacion y Tecnologia Agraria y Alimentaria<\/li> <li>Mar\u00eda EugeniaEUGENIO MART\u00cdN INIA - Instituto Nacional de Investigacion y Tecnologia Agraria y Alimentaria<\/li> <\/ul>","telefono":"","pagina_web":"","email":"","id_ficha_portal":"864","video":"","adjuntos":false,"adjuntos_portal":"https:\/\/www.upm.es\/S2i\/Acuse\/recuperarArchivo.jsp?id=864&id_archivo=2403&tipo=patente&extension=fichero ","inf":false,"departamento":"","acf":[],"lang":"es","translation":{"es":8635},"_links":{"self":[{"href":"https:\/\/www.upm.es\/recursosidi\/wp-json\/wp\/v2\/product\/8635"}],"collection":[{"href":"https:\/\/www.upm.es\/recursosidi\/wp-json\/wp\/v2\/product"}],"about":[{"href":"https:\/\/www.upm.es\/recursosidi\/wp-json\/wp\/v2\/types\/product"}],"wp:attachment":[{"href":"https:\/\/www.upm.es\/recursosidi\/wp-json\/wp\/v2\/media?parent=8635"}],"wp:term":[{"taxonomy":"product_cat","embeddable":true,"href":"https:\/\/www.upm.es\/recursosidi\/wp-json\/wp\/v2\/product_cat?post=8635"},{"taxonomy":"product_tag","embeddable":true,"href":"https:\/\/www.upm.es\/recursosidi\/wp-json\/wp\/v2\/product_tag?post=8635"},{"taxonomy":"comunidad_upm","embeddable":true,"href":"https:\/\/www.upm.es\/recursosidi\/wp-json\/wp\/v2\/comunidades-upm?post=8635"},{"taxonomy":"quien","embeddable":true,"href":"https:\/\/www.upm.es\/recursosidi\/wp-json\/wp\/v2\/quien?post=8635"},{"taxonomy":"mapa","embeddable":true,"href":"https:\/\/www.upm.es\/recursosidi\/wp-json\/wp\/v2\/mapa?post=8635"},{"taxonomy":"disponibilidad","embeddable":true,"href":"https:\/\/www.upm.es\/recursosidi\/wp-json\/wp\/v2\/disponibilidad?post=8635"},{"taxonomy":"donde","embeddable":true,"href":"https:\/\/www.upm.es\/recursosidi\/wp-json\/wp\/v2\/donde?post=8635"},{"taxonomy":"infraestructura","embeddable":true,"href":"https:\/\/www.upm.es\/recursosidi\/wp-json\/wp\/v2\/infraestructura?post=8635"},{"taxonomy":"ods","embeddable":true,"href":"https:\/\/www.upm.es\/recursosidi\/wp-json\/wp\/v2\/ods?post=8635"},{"taxonomy":"origen","embeddable":true,"href":"https:\/\/www.upm.es\/recursosidi\/wp-json\/wp\/v2\/origen?post=8635"}],"curies":[{"name":"wp","href":"https:\/\/api.w.org\/{rel}","templated":true}]}}