{"id":8637,"date":"2021-11-25T14:15:44","date_gmt":"2021-11-25T13:15:44","guid":{"rendered":"https:\/\/www.upm.es\/recursosidi\/offers-resources\/sin categor\u00eda\/sistema-y-procedimiento-de-deteccion-automatica-y-diagnostico-de-fallos-de-operacion-en-instalaciones-solares-fotovoltaicas-distribuidas-basado-en-la-comparacion-de-sus-producciones-de-energia\/"},"modified":"2022-08-10T02:14:34","modified_gmt":"2022-08-10T00:14:34","slug":"sistema-y-procedimiento-de-deteccion-automatica-y-diagnostico-de-fallos-de-operacion-en-instalaciones-solares-fotovoltaicas-distribuidas-basado-en-la-comparacion-de-sus-producciones-de-energia","status":"publish","type":"product","link":"https:\/\/www.upm.es\/recursosidi\/offers-resources\/patentes\/sistema-y-procedimiento-de-deteccion-automatica-y-diagnostico-de-fallos-de-operacion-en-instalaciones-solares-fotovoltaicas-distribuidas-basado-en-la-comparacion-de-sus-producciones-de-energia\/","title":{"rendered":"Sistema y procedimiento de detecci\u00f3n autom\u00e1tica y diagn\u00f3stico de fallos de operaci\u00f3n en instalaciones solares fotovoltaicas distribuidas basado en la comparaci\u00f3n de sus producciones de energ\u00eda"},"content":{"rendered":"<h5>Descripci\u00f3n de la patente <\/h5>\n<p>La invenci\u00f3n consiste en un sistema y procedimiento para la detecci\u00f3n autom\u00e1tica de fallos en sistemas fotovoltaicos distribuidos que s\u00f3lo requiere la medida de los datos de producci\u00f3n de energ\u00eda.<br \/>\nEl procedimiento desarrollado es capaz de detectar problemas de funcionamiento \u00fanicamente en la identificaci\u00f3n de las variaciones anormales de un indicador de productividad que caracteriza el buen funcionamiento de la instalaci\u00f3n, y cuya construcci\u00f3n no requiere el conocimiento de sus condiciones de funcionamiento. Un requisito particular, por lo tanto, para este indicador, es su estabilidad durante el funcionamiento normal de la instalaci\u00f3n. Este procedimiento hace un uso extensivo de las correlaciones espaciales y temporales entre los datos de producci\u00f3n de energ\u00eda de los sistemas fotovoltaicos vecinos, y el indicador resultante ha sido denominado como \u00bf\u00cdndice de Productividad Relativa\u00bf (IPR), ya que se basa en la comparaci\u00f3n entre las instalaciones vecinas y similares, es decir, semejantes.<\/p>\n<h5>Situaci\u00f3n <\/h5>\n<p>Concedida<\/p>\n<h5>N\u00famero de solicitud<\/h5>\n<p>P201430369<\/p>\n<h5>N\u00famero de publicaci\u00f3n<\/h5>\n<p>ES2533317_A1<\/p>\n<h5>Fecha de presentaci\u00f3n <\/h5>\n<p>18\/03\/2014<\/p>\n<h5>Fecha de concesi\u00f3n <\/h5>\n<p>15\/06\/2016<\/p>\n<div class=\"pdfprnt-buttons pdfprnt-buttons-product pdfprnt-bottom-left\"><a href=\"https:\/\/www.upm.es\/recursosidi\/wp-json\/wp\/v2\/product\/8637?print=pdf\" class=\"pdfprnt-button pdfprnt-button-pdf\" target=\"_blank\"><span class=\"pdfprnt-button-title pdfprnt-button-pdf-title\">Descargar ficha<\/span><\/a><\/div>","protected":false},"excerpt":{"rendered":"<p>Descripci\u00f3n de la patente La invenci\u00f3n consiste en un sistema y procedimiento para la detecci\u00f3n autom\u00e1tica de fallos en sistemas fotovoltaicos distribuidos que s\u00f3lo requiere&hellip;<\/p>\n","protected":false},"featured_media":0,"template":"","meta":{"_acf_changed":false},"product_cat":[3946],"product_tag":[],"comunidades-upm":[],"quien":[],"mapa":[],"disponibilidad":[],"donde":[{"term_id":236,"name":"Instituto de Energ\u00eda Solar (IES)","slug":"instituto-de-energia-solar-ies","term_group":0,"term_taxonomy_id":236,"taxonomy":"donde","description":"","parent":0,"count":41,"filter":"raw","term_order":"0"},{"term_id":554,"name":"Sistemas Fotovoltaicos","slug":"sistemas-fotovoltaicos","term_group":0,"term_taxonomy_id":554,"taxonomy":"donde","description":"","parent":0,"count":10,"filter":"raw","term_order":"0"}],"infraestructura":[],"ods":[],"origen":[{"term_id":180,"name":"Patente","slug":"patente","term_group":0,"term_taxonomy_id":180,"taxonomy":"origen","description":"","parent":0,"count":614,"filter":"raw","term_order":"0"}],"familia_tax":false,"quien_tax":false,"donde_tax":false,"year":"","contacto":"<strong>Principales: <\/strong><ul><li>ANTONIO-P.EDUARDO LORENZO PIGUEIRAS <blockquote><strong>antonio.lorenzo@upm.es<\/strong><\/blockquote><\/li><li>LUIS NARVARTE FERNANDEZ <blockquote><strong>luis.narvarte@upm.es<\/strong><\/blockquote><\/li><li>RODRIGO MORETON VILLAGRA <blockquote><strong>rodrigo.moreton@upm.es<\/strong><\/blockquote><\/li><li>JONATHAN LELOUX . <blockquote><strong>jonathan.leloux@upm.es<\/strong><\/blockquote><\/li><\/ul>","telefono":"","pagina_web":"","email":"","id_ficha_portal":"872","video":"","adjuntos":false,"adjuntos_portal":"https:\/\/www.upm.es\/S2i\/Acuse\/recuperarArchivo.jsp?id=872&id_archivo=5522&tipo=patente&extension=fichero ","inf":false,"departamento":"","acf":[],"lang":"es","translation":{"es":8637},"_links":{"self":[{"href":"https:\/\/www.upm.es\/recursosidi\/wp-json\/wp\/v2\/product\/8637"}],"collection":[{"href":"https:\/\/www.upm.es\/recursosidi\/wp-json\/wp\/v2\/product"}],"about":[{"href":"https:\/\/www.upm.es\/recursosidi\/wp-json\/wp\/v2\/types\/product"}],"wp:attachment":[{"href":"https:\/\/www.upm.es\/recursosidi\/wp-json\/wp\/v2\/media?parent=8637"}],"wp:term":[{"taxonomy":"product_cat","embeddable":true,"href":"https:\/\/www.upm.es\/recursosidi\/wp-json\/wp\/v2\/product_cat?post=8637"},{"taxonomy":"product_tag","embeddable":true,"href":"https:\/\/www.upm.es\/recursosidi\/wp-json\/wp\/v2\/product_tag?post=8637"},{"taxonomy":"comunidad_upm","embeddable":true,"href":"https:\/\/www.upm.es\/recursosidi\/wp-json\/wp\/v2\/comunidades-upm?post=8637"},{"taxonomy":"quien","embeddable":true,"href":"https:\/\/www.upm.es\/recursosidi\/wp-json\/wp\/v2\/quien?post=8637"},{"taxonomy":"mapa","embeddable":true,"href":"https:\/\/www.upm.es\/recursosidi\/wp-json\/wp\/v2\/mapa?post=8637"},{"taxonomy":"disponibilidad","embeddable":true,"href":"https:\/\/www.upm.es\/recursosidi\/wp-json\/wp\/v2\/disponibilidad?post=8637"},{"taxonomy":"donde","embeddable":true,"href":"https:\/\/www.upm.es\/recursosidi\/wp-json\/wp\/v2\/donde?post=8637"},{"taxonomy":"infraestructura","embeddable":true,"href":"https:\/\/www.upm.es\/recursosidi\/wp-json\/wp\/v2\/infraestructura?post=8637"},{"taxonomy":"ods","embeddable":true,"href":"https:\/\/www.upm.es\/recursosidi\/wp-json\/wp\/v2\/ods?post=8637"},{"taxonomy":"origen","embeddable":true,"href":"https:\/\/www.upm.es\/recursosidi\/wp-json\/wp\/v2\/origen?post=8637"}],"curies":[{"name":"wp","href":"https:\/\/api.w.org\/{rel}","templated":true}]}}