{"id":8638,"date":"2021-11-25T14:15:47","date_gmt":"2021-11-25T13:15:47","guid":{"rendered":"https:\/\/www.upm.es\/recursosidi\/offers-resources\/sin categor\u00eda\/dispositivo-para-medir-la-posicion-de-la-punta-de-una-herramienta-o-elemento-de-maquina\/"},"modified":"2022-08-10T02:14:37","modified_gmt":"2022-08-10T00:14:37","slug":"dispositivo-para-medir-la-posicion-de-la-punta-de-una-herramienta-o-elemento-de-maquina","status":"publish","type":"product","link":"https:\/\/www.upm.es\/recursosidi\/offers-resources\/patentes\/dispositivo-para-medir-la-posicion-de-la-punta-de-una-herramienta-o-elemento-de-maquina\/","title":{"rendered":"Dispositivo para medir la posici\u00f3n de la punta de una herramienta o elemento de m\u00e1quina"},"content":{"rendered":"<h5>Descripci\u00f3n de la patente <\/h5>\n<p>Dispositivo para medir la posici\u00f3n de la punta de una herramienta o elemento de m\u00e1quina y m\u00e9todo de aplicaci\u00f3n; el dispositivo mide la posici\u00f3n de la punta de una herramienta o un \u00fatil de una m\u00e1quina, en especial de una m\u00e1quina-herramienta, caracterizado por la incorporaci\u00f3n de sensores que realizan la medida simult\u00e1nea y continua de fuerzas y par para obtener la magnitud exacta del descentramiento de la punta de una herramienta de manera que se posibilita el control en l\u00ednea con precisi\u00f3n de la posici\u00f3n exacta de la punta o \u00fatil.<\/p>\n<p>Para ello se realiza el montaje colineal respecto a su eje de todos los componentes sobre una base de fijaci\u00f3n y una plataforma superior ensamblados colinealmente. El dispositivo de soporte est\u00e1 unido al dispositivo de captura y procesamiento de datos para calcular la posici\u00f3n de la punta de la herramienta o \u00fatil de m\u00e1quinas sobre la base de que el objeto, al desplazarse sobre la superficie plana, produce una fuerza cuyas proyecciones en el plano perpendicular al eje del dispositivo est\u00e1n relacionadas con la posici\u00f3n exacta de la herramienta.<\/p>\n<h5>Situaci\u00f3n <\/h5>\n<p>Concedida<\/p>\n<h5>N\u00famero de solicitud<\/h5>\n<p>P201331600<\/p>\n<h5>N\u00famero de publicaci\u00f3n<\/h5>\n<p>ES2535057<\/p>\n<h5>Fecha de presentaci\u00f3n <\/h5>\n<p>31\/10\/2013<\/p>\n<h5>Fecha de publicaci\u00f3n <\/h5>\n<p>04\/05\/2015<\/p>\n<h5>Fecha de concesi\u00f3n <\/h5>\n<p>27\/10\/2015<\/p>\n<div class=\"pdfprnt-buttons pdfprnt-buttons-product pdfprnt-bottom-left\"><a href=\"https:\/\/www.upm.es\/recursosidi\/wp-json\/wp\/v2\/product\/8638?print=pdf\" class=\"pdfprnt-button pdfprnt-button-pdf\" target=\"_blank\"><span class=\"pdfprnt-button-title pdfprnt-button-pdf-title\">Descargar ficha<\/span><\/a><\/div>","protected":false},"excerpt":{"rendered":"<p>Descripci\u00f3n de la patente Dispositivo para medir la posici\u00f3n de la punta de una herramienta o elemento de m\u00e1quina y m\u00e9todo de aplicaci\u00f3n; el dispositivo&hellip;<\/p>\n","protected":false},"featured_media":0,"template":"","meta":{"_acf_changed":false},"product_cat":[3946],"product_tag":[],"comunidades-upm":[],"quien":[],"mapa":[],"disponibilidad":[],"donde":[{"term_id":378,"name":"Ingenier\u00eda de Fabricaci\u00f3n","slug":"ingenieria-de-fabricacion","term_group":0,"term_taxonomy_id":378,"taxonomy":"donde","description":"","parent":0,"count":21,"filter":"raw","term_order":"0"}],"infraestructura":[],"ods":[],"origen":[{"term_id":180,"name":"Patente","slug":"patente","term_group":0,"term_taxonomy_id":180,"taxonomy":"origen","description":"","parent":0,"count":614,"filter":"raw","term_order":"0"}],"familia_tax":false,"quien_tax":false,"donde_tax":false,"year":"","contacto":"<strong>Principales: <\/strong><ul><li>JUAN CARLOS HERNANDEZ MATIAS <blockquote><strong>jc.hernandez@upm.es<\/strong><\/blockquote><\/li><li>HILDE PEREZ GARCIA <blockquote><strong>hilde.perez@unileon.es<\/strong><\/blockquote><\/li><li>EDUARDO DIEZ CIFUENTES <blockquote><strong>e.diezc@alumnos.upm.es<\/strong><\/blockquote><\/li><li>ANTONIO VIZAN IDOIPE <blockquote><strong>antonio.vizan@upm.es<\/strong><\/blockquote><\/li><\/ul>","telefono":"","pagina_web":"","email":"","id_ficha_portal":"799","video":"","adjuntos":false,"adjuntos_portal":"https:\/\/www.upm.es\/S2i\/Acuse\/recuperarArchivo.jsp?id=799&id_archivo=5008&tipo=patente&extension=fichero ","inf":false,"departamento":"","acf":[],"lang":"es","translation":{"es":8638},"_links":{"self":[{"href":"https:\/\/www.upm.es\/recursosidi\/wp-json\/wp\/v2\/product\/8638"}],"collection":[{"href":"https:\/\/www.upm.es\/recursosidi\/wp-json\/wp\/v2\/product"}],"about":[{"href":"https:\/\/www.upm.es\/recursosidi\/wp-json\/wp\/v2\/types\/product"}],"wp:attachment":[{"href":"https:\/\/www.upm.es\/recursosidi\/wp-json\/wp\/v2\/media?parent=8638"}],"wp:term":[{"taxonomy":"product_cat","embeddable":true,"href":"https:\/\/www.upm.es\/recursosidi\/wp-json\/wp\/v2\/product_cat?post=8638"},{"taxonomy":"product_tag","embeddable":true,"href":"https:\/\/www.upm.es\/recursosidi\/wp-json\/wp\/v2\/product_tag?post=8638"},{"taxonomy":"comunidad_upm","embeddable":true,"href":"https:\/\/www.upm.es\/recursosidi\/wp-json\/wp\/v2\/comunidades-upm?post=8638"},{"taxonomy":"quien","embeddable":true,"href":"https:\/\/www.upm.es\/recursosidi\/wp-json\/wp\/v2\/quien?post=8638"},{"taxonomy":"mapa","embeddable":true,"href":"https:\/\/www.upm.es\/recursosidi\/wp-json\/wp\/v2\/mapa?post=8638"},{"taxonomy":"disponibilidad","embeddable":true,"href":"https:\/\/www.upm.es\/recursosidi\/wp-json\/wp\/v2\/disponibilidad?post=8638"},{"taxonomy":"donde","embeddable":true,"href":"https:\/\/www.upm.es\/recursosidi\/wp-json\/wp\/v2\/donde?post=8638"},{"taxonomy":"infraestructura","embeddable":true,"href":"https:\/\/www.upm.es\/recursosidi\/wp-json\/wp\/v2\/infraestructura?post=8638"},{"taxonomy":"ods","embeddable":true,"href":"https:\/\/www.upm.es\/recursosidi\/wp-json\/wp\/v2\/ods?post=8638"},{"taxonomy":"origen","embeddable":true,"href":"https:\/\/www.upm.es\/recursosidi\/wp-json\/wp\/v2\/origen?post=8638"}],"curies":[{"name":"wp","href":"https:\/\/api.w.org\/{rel}","templated":true}]}}