{"id":8640,"date":"2021-11-25T14:15:52","date_gmt":"2021-11-25T13:15:52","guid":{"rendered":"https:\/\/www.upm.es\/recursosidi\/offers-resources\/sin categor\u00eda\/un-material-que-flota-en-agua-y-que-comprende-un-nucleo-de-corcho-recubierto-por-una-capa-de-carbon-activo-y-una-capa-de-dioxido-de-titanio-procedimiento-de-obtencion-y-uso\/"},"modified":"2022-08-10T02:14:42","modified_gmt":"2022-08-10T00:14:42","slug":"un-material-que-flota-en-agua-y-que-comprende-un-nucleo-de-corcho-recubierto-por-una-capa-de-carbon-activo-y-una-capa-de-dioxido-de-titanio-procedimiento-de-obtencion-y-uso","status":"publish","type":"product","link":"https:\/\/www.upm.es\/recursosidi\/offers-resources\/patentes\/un-material-que-flota-en-agua-y-que-comprende-un-nucleo-de-corcho-recubierto-por-una-capa-de-carbon-activo-y-una-capa-de-dioxido-de-titanio-procedimiento-de-obtencion-y-uso\/","title":{"rendered":"Un material que flota en agua y que comprende un n\u00facleo de corcho recubierto por una capa de carb\u00f3n activo y una capa de di\u00f3xido de titanio, procedimiento de obtenci\u00f3n y uso"},"content":{"rendered":"<h5>Descripci\u00f3n de la patente <\/h5>\n<p>Un material que flota en agua y que comprende un n\u00facleo de corcho recubierto<br \/>\nsuperficialmente por una capa de carb\u00f3n activo de estructura amorfa y una capa<br \/>\ndiscontinua de di\u00f3xido de titanio sobre dicha capa de carb\u00f3n activo. La invenci\u00f3n<br \/>\ntambi\u00e9n describe el procedimiento de obtenci\u00f3n de dicho material, que comprende<br \/>\nrealizar una activaci\u00f3n f\u00edsica o qu\u00edmica del corcho calcinando el material a una<br \/>\ntemperatura entre 500 y 850 \u00baC en atm\u00f3sfera inerte, impregnar el material resultante<br \/>\nde la etapa anterior con agua pulverizada y a continuaci\u00f3n con un compuesto de<br \/>\ntitanio y secar el material resultante de la etapa anterior. La invenci\u00f3n tambi\u00e9n<br \/>\ndescribe el uso de dicho material como adsorbente y descontaminante fotocatal\u00edtico<br \/>\nen el tratamiento de corrientes gaseosas y l\u00edquidas que comprenden compuestos<br \/>\ncontaminantes org\u00e1nicos.<\/p>\n<h5>Situaci\u00f3n <\/h5>\n<p>Concedida<\/p>\n<h5>N\u00famero de solicitud<\/h5>\n<p>P201331720<\/p>\n<h5>N\u00famero de publicaci\u00f3n<\/h5>\n<p>ES2536664<\/p>\n<h5>Fecha de presentaci\u00f3n <\/h5>\n<p>26\/11\/2013<\/p>\n<h5>Fecha de publicaci\u00f3n <\/h5>\n<p>27\/05\/2015<\/p>\n<h5>Fecha de concesi\u00f3n <\/h5>\n<p>31\/08\/2015<\/p>\n<div class=\"pdfprnt-buttons pdfprnt-buttons-product pdfprnt-bottom-left\"><a href=\"https:\/\/www.upm.es\/recursosidi\/wp-json\/wp\/v2\/product\/8640?print=pdf\" class=\"pdfprnt-button pdfprnt-button-pdf\" target=\"_blank\"><span class=\"pdfprnt-button-title pdfprnt-button-pdf-title\">Descargar ficha<\/span><\/a><\/div>","protected":false},"excerpt":{"rendered":"<p>Descripci\u00f3n de la patente Un material que flota en agua y que comprende un n\u00facleo de corcho recubierto superficialmente por una capa de carb\u00f3n activo&hellip;<\/p>\n","protected":false},"featured_media":0,"template":"","meta":{"_acf_changed":false},"product_cat":[3946],"product_tag":[],"comunidades-upm":[],"quien":[],"mapa":[],"disponibilidad":[],"donde":[{"term_id":608,"name":"An\u00e1lisis y Caracterizaci\u00f3n \u00d3ptica de Materiales","slug":"analisis-y-caracterizacion-optica-de-materiales","term_group":0,"term_taxonomy_id":608,"taxonomy":"donde","description":"","parent":0,"count":15,"filter":"raw","term_order":"0"}],"infraestructura":[],"ods":[],"origen":[{"term_id":180,"name":"Patente","slug":"patente","term_group":0,"term_taxonomy_id":180,"taxonomy":"origen","description":"","parent":0,"count":614,"filter":"raw","term_order":"0"}],"familia_tax":false,"quien_tax":false,"donde_tax":false,"year":"","contacto":"<strong>Principales: <\/strong><ul><li>FRANCISCO FERNANDEZ MARTINEZ <blockquote><strong>francisco.fernandezm@upm.es<\/strong><\/blockquote><\/li><li>EVANGELINA ATANES SANCHEZ <blockquote><strong>evangelina.atanes@upm.es<\/strong><\/blockquote><\/li><li>ANTONIO NIETO-MARQUEZ BALLESTEROS <blockquote><strong>antonio.nieto@upm.es<\/strong><\/blockquote><\/li><li>ALBERTO CAMBRA PEREIRA <blockquote><strong>alberto.cambra@upm.es<\/strong><\/blockquote><\/li><\/ul><strong>Otros inventores: <\/strong><ul><li>Christophe Dagot Universite de Limoges<\/li> <li>FabriceRossignol CNRS - National Council for Scientific Research<\/li> <\/ul>","telefono":"","pagina_web":"","email":"","id_ficha_portal":"818","video":"","adjuntos":false,"adjuntos_portal":"https:\/\/www.upm.es\/S2i\/Acuse\/recuperarArchivo.jsp?id=818&id_archivo=3654&tipo=patente&extension=fichero ","inf":false,"departamento":"","acf":[],"lang":"es","translation":{"es":8640},"_links":{"self":[{"href":"https:\/\/www.upm.es\/recursosidi\/wp-json\/wp\/v2\/product\/8640"}],"collection":[{"href":"https:\/\/www.upm.es\/recursosidi\/wp-json\/wp\/v2\/product"}],"about":[{"href":"https:\/\/www.upm.es\/recursosidi\/wp-json\/wp\/v2\/types\/product"}],"wp:attachment":[{"href":"https:\/\/www.upm.es\/recursosidi\/wp-json\/wp\/v2\/media?parent=8640"}],"wp:term":[{"taxonomy":"product_cat","embeddable":true,"href":"https:\/\/www.upm.es\/recursosidi\/wp-json\/wp\/v2\/product_cat?post=8640"},{"taxonomy":"product_tag","embeddable":true,"href":"https:\/\/www.upm.es\/recursosidi\/wp-json\/wp\/v2\/product_tag?post=8640"},{"taxonomy":"comunidad_upm","embeddable":true,"href":"https:\/\/www.upm.es\/recursosidi\/wp-json\/wp\/v2\/comunidades-upm?post=8640"},{"taxonomy":"quien","embeddable":true,"href":"https:\/\/www.upm.es\/recursosidi\/wp-json\/wp\/v2\/quien?post=8640"},{"taxonomy":"mapa","embeddable":true,"href":"https:\/\/www.upm.es\/recursosidi\/wp-json\/wp\/v2\/mapa?post=8640"},{"taxonomy":"disponibilidad","embeddable":true,"href":"https:\/\/www.upm.es\/recursosidi\/wp-json\/wp\/v2\/disponibilidad?post=8640"},{"taxonomy":"donde","embeddable":true,"href":"https:\/\/www.upm.es\/recursosidi\/wp-json\/wp\/v2\/donde?post=8640"},{"taxonomy":"infraestructura","embeddable":true,"href":"https:\/\/www.upm.es\/recursosidi\/wp-json\/wp\/v2\/infraestructura?post=8640"},{"taxonomy":"ods","embeddable":true,"href":"https:\/\/www.upm.es\/recursosidi\/wp-json\/wp\/v2\/ods?post=8640"},{"taxonomy":"origen","embeddable":true,"href":"https:\/\/www.upm.es\/recursosidi\/wp-json\/wp\/v2\/origen?post=8640"}],"curies":[{"name":"wp","href":"https:\/\/api.w.org\/{rel}","templated":true}]}}