{"id":8641,"date":"2021-11-25T14:15:55","date_gmt":"2021-11-25T13:15:55","guid":{"rendered":""},"modified":"2022-08-10T02:14:45","modified_gmt":"2022-08-10T00:14:45","slug":"procedimiento-de-medida-de-parametros-magneticos-y-de-los-armonicos-temporales-tanto-en-fase-como-en-cudratura-del-momento-magnetico-de-pequenas-muestras-excitadas-con-campos-magneticos-alternos-o-con","status":"publish","type":"product","link":"https:\/\/www.upm.es\/recursosidi\/offers-resources\/patentes\/procedimiento-de-medida-de-parametros-magneticos-y-de-los-armonicos-temporales-tanto-en-fase-como-en-cudratura-del-momento-magnetico-de-pequenas-muestras-excitadas-con-campos-magneticos-alternos-o-con\/","title":{"rendered":"Procedimiento de medida de par\u00e1metros magn\u00e9ticos y de los arm\u00f3nicos temporales tanto en fase como en cudratura del momento magn\u00e9tico de peque\u00f1as muestras excitadas con campos magn\u00e9ticos alternos o continuos  y dispositivo la puesta en pr\u00e1ctica del procedimiento"},"content":{"rendered":"<h5>Descripci\u00f3n de la patente <\/h5>\n<p>El procedimiento permite caracterizar materiales magn\u00e9ticos aplicando campos magn\u00e9ticos<br \/>\nalternos en un amplio rango de frecuencias utilizando un sistema mec\u00e1nico resonante. El<br \/>\nsistema tiene una elevada sensibilidad y permite medir la imanaci\u00f3n de muestras muy<br \/>\npeque\u00f1as, del orden de \u00bfg y la permeabilidad o susceptibilidad magn\u00e9tica de la muestra,<br \/>\ntanto su parte real como su parte imaginaria. Esta gran variedad de medidas se puede<br \/>\nrealizar porque la caracterizaci\u00f3n se hace con campos magn\u00e9ticos creados con corrientes<br \/>\nalternas. El dispositivo que se prev\u00e9 define un suscept\u00f3metro de gradiente de campo<br \/>\nalterno que puede trabajar con campos excitadores de cualquier frecuencia. Para ello, el<br \/>\ndispositivo consta de un electroim\u00e1n (11) de ferrita capaz de generar campos tanto<br \/>\ncontinuos como alternos del orden de 0,3 T, un sistema mec\u00e1nico resonante de microleng\u00fceta<br \/>\n(2) oscilante, un sistema de detecci\u00f3n (4) de posici\u00f3n del sistema resonante y unos<br \/>\ncarretes de hilo de cobre (6), capaces de generar un gradiente alterno de campo magn\u00e9tico.<\/p>\n<h5>Situaci\u00f3n <\/h5>\n<p>Concedida<\/p>\n<h5>N\u00famero de solicitud<\/h5>\n<p>P201331745<\/p>\n<h5>N\u00famero de publicaci\u00f3n<\/h5>\n<p>ES2536940<\/p>\n<h5>Fecha de presentaci\u00f3n <\/h5>\n<p>29\/11\/2013<\/p>\n<h5>Fecha de publicaci\u00f3n <\/h5>\n<p>29\/05\/2015<\/p>\n<h5>Fecha de concesi\u00f3n <\/h5>\n<p>10\/06\/2016<\/p>\n<div class=\"pdfprnt-buttons pdfprnt-buttons-product pdfprnt-bottom-left\"><a href=\"https:\/\/www.upm.es\/recursosidi\/wp-json\/wp\/v2\/product\/8641?print=pdf\" class=\"pdfprnt-button pdfprnt-button-pdf\" target=\"_blank\"><span class=\"pdfprnt-button-title pdfprnt-button-pdf-title\">Descargar ficha<\/span><\/a><\/div>","protected":false},"excerpt":{"rendered":"<p>Descripci\u00f3n de la patente El procedimiento permite caracterizar materiales magn\u00e9ticos aplicando campos magn\u00e9ticos alternos en un amplio rango de frecuencias utilizando un sistema mec\u00e1nico resonante.&hellip;<\/p>\n","protected":false},"featured_media":0,"template":"","meta":{"_acf_changed":false},"product_cat":[3946],"product_tag":[],"comunidades-upm":[],"quien":[],"mapa":[],"disponibilidad":[],"donde":[{"term_id":250,"name":"Centro de Digitalizaci\u00f3n Intermodular (CeDInt)","slug":"centro-de-digitalizacion-intermodular-cedint","term_group":0,"term_taxonomy_id":250,"taxonomy":"donde","description":"","parent":0,"count":21,"filter":"raw","term_order":"0"},{"term_id":478,"name":"Grupo de dispositivos magn\u00e9ticos del ISOM","slug":"grupo-de-dispositivos-magneticos-del-isom","term_group":0,"term_taxonomy_id":478,"taxonomy":"donde","description":"Nuestro trabajo se centra en los materiales magn&eacute;ticos y su aplicaci&oacute;n en sensores y dispositivos. Hemos buscado siempre compaginar temas de investigaci&oacute;n b&aacute;sica con temas de investigaci&oacute;n aplicada muy relacionados con empresas. Las <strong>l&iacute;neas de trabajo<\/strong> actuales pueden agruparse en:\n&nbsp;\n\nSensores magn&eacute;ticos (detecci&oacute;n de veh&iacute;culos, motores lineales, fraudes en contadores, &hellip;),\nInstrumentaci&oacute;n (magnetrones y suscept&oacute;metros)\nTarjetas inteligentes de baja frecuencia,\nMulticapas magn&eacute;ticas met&aacute;licas. V&aacute;lvulas de Spin. Medidas CPP,\nDin&aacute;mica de paredes de dominio magn&eacute;tico,\nTransferencia de esp&iacute;n en paredes magn&eacute;ticas y nanoestructuras magn&eacute;ticas,\nNanopart&iacute;culas y nanocintas magn&eacute;ticas para aplicaciones biom&eacute;dicas\n","parent":0,"count":5,"filter":"raw","term_order":"0"},{"term_id":604,"name":"Grupo de Ingenier\u00eda de Redes y Servicios Avanzados de Telecomunicaci\u00f3n","slug":"grupo-de-ingenieria-de-redes-y-servicios-avanzados-de-telecomunicacion","term_group":0,"term_taxonomy_id":604,"taxonomy":"donde","description":"","parent":0,"count":3,"filter":"raw","term_order":"0"},{"term_id":244,"name":"Instituto Universitario de Sistemas Optoelectr\u00f3nicos y Microtecnolog\u00eda (ISOM)","slug":"instituto-universitario-de-sistemas-optoelectronicos-y-microtecnologia-isom","term_group":0,"term_taxonomy_id":244,"taxonomy":"donde","description":"","parent":0,"count":33,"filter":"raw","term_order":"0"}],"infraestructura":[],"ods":[],"origen":[{"term_id":180,"name":"Patente","slug":"patente","term_group":0,"term_taxonomy_id":180,"taxonomy":"origen","description":"","parent":0,"count":614,"filter":"raw","term_order":"0"}],"familia_tax":false,"quien_tax":false,"donde_tax":false,"year":"","contacto":"<strong>Principales: <\/strong><ul><li>CLAUDIO AROCA HERNANDEZ-ROS <blockquote><strong>claudio.aroca@upm.es<\/strong><\/blockquote><\/li><li>MARINA PEREZ JIMENEZ <blockquote><strong>marina.perez@upm.es<\/strong><\/blockquote><\/li><li>IGNACIO DE MENDIZABAL VAZQUEZ <blockquote><strong><\/strong><\/blockquote><\/li><li>PEDRO COBOS ARRIBAS <blockquote><strong>pedro.cobos@upm.es<\/strong><\/blockquote><\/li><\/ul>","telefono":"","pagina_web":"","email":"","id_ficha_portal":"839","video":"","adjuntos":false,"adjuntos_portal":"https:\/\/www.upm.es\/S2i\/Acuse\/recuperarArchivo.jsp?id=839&id_archivo=5519&tipo=patente&extension=fichero ","inf":false,"departamento":"","acf":[],"lang":"es","translation":{"es":8641},"_links":{"self":[{"href":"https:\/\/www.upm.es\/recursosidi\/wp-json\/wp\/v2\/product\/8641"}],"collection":[{"href":"https:\/\/www.upm.es\/recursosidi\/wp-json\/wp\/v2\/product"}],"about":[{"href":"https:\/\/www.upm.es\/recursosidi\/wp-json\/wp\/v2\/types\/product"}],"wp:attachment":[{"href":"https:\/\/www.upm.es\/recursosidi\/wp-json\/wp\/v2\/media?parent=8641"}],"wp:term":[{"taxonomy":"product_cat","embeddable":true,"href":"https:\/\/www.upm.es\/recursosidi\/wp-json\/wp\/v2\/product_cat?post=8641"},{"taxonomy":"product_tag","embeddable":true,"href":"https:\/\/www.upm.es\/recursosidi\/wp-json\/wp\/v2\/product_tag?post=8641"},{"taxonomy":"comunidad_upm","embeddable":true,"href":"https:\/\/www.upm.es\/recursosidi\/wp-json\/wp\/v2\/comunidades-upm?post=8641"},{"taxonomy":"quien","embeddable":true,"href":"https:\/\/www.upm.es\/recursosidi\/wp-json\/wp\/v2\/quien?post=8641"},{"taxonomy":"mapa","embeddable":true,"href":"https:\/\/www.upm.es\/recursosidi\/wp-json\/wp\/v2\/mapa?post=8641"},{"taxonomy":"disponibilidad","embeddable":true,"href":"https:\/\/www.upm.es\/recursosidi\/wp-json\/wp\/v2\/disponibilidad?post=8641"},{"taxonomy":"donde","embeddable":true,"href":"https:\/\/www.upm.es\/recursosidi\/wp-json\/wp\/v2\/donde?post=8641"},{"taxonomy":"infraestructura","embeddable":true,"href":"https:\/\/www.upm.es\/recursosidi\/wp-json\/wp\/v2\/infraestructura?post=8641"},{"taxonomy":"ods","embeddable":true,"href":"https:\/\/www.upm.es\/recursosidi\/wp-json\/wp\/v2\/ods?post=8641"},{"taxonomy":"origen","embeddable":true,"href":"https:\/\/www.upm.es\/recursosidi\/wp-json\/wp\/v2\/origen?post=8641"}],"curies":[{"name":"wp","href":"https:\/\/api.w.org\/{rel}","templated":true}]}}