{"id":8642,"date":"2021-11-25T14:15:57","date_gmt":"2021-11-25T13:15:57","guid":{"rendered":"https:\/\/www.upm.es\/recursosidi\/offers-resources\/sin%20categor\u00eda\/sistema-y-procedimiento-para-la-deteccion-automatica-de-fallos-en-el-funcionamiento-de-sistemas-fotovoltaicos-centralizados\/"},"modified":"2022-08-10T02:14:48","modified_gmt":"2022-08-10T00:14:48","slug":"sistema-y-procedimiento-para-la-deteccion-automatica-de-fallos-en-el-funcionamiento-de-sistemas-fotovoltaicos-centralizados","status":"publish","type":"product","link":"https:\/\/www.upm.es\/recursosidi\/offers-resources\/patentes\/sistema-y-procedimiento-para-la-deteccion-automatica-de-fallos-en-el-funcionamiento-de-sistemas-fotovoltaicos-centralizados\/","title":{"rendered":"Sistema y procedimiento para la detecci\u00f3n autom\u00e1tica de fallos en el funcionamiento de sistemas fotovoltaicos centralizados"},"content":{"rendered":"<h5>Descripci\u00f3n de la patente <\/h5>\n<p>El procedimiento se basa en el an\u00e1lisis de un par\u00e1metro denominado &#8220;disponibilidad energ\u00e9tica&#8221;, que se calcula para cada unidad de generaci\u00f3n que compone un sistema fotovoltaico centralizado. Para ello, se instalan una serie de equipos que registren la energ\u00eda generada por cada unidad de producci\u00f3n. A partir de estos datos se calcula, la disponibilidad energ\u00e9tica para cada unidad, que relaciona la cantidad de energ\u00eda producida con la que hubiera producido ese mismo sistema si no hubiera sufrido ning\u00fan fallo en su funcionamiento. Para definir esta energ\u00eda de referencia nos aprovechamos del hecho de estar analizando muchas unidades de generaci\u00f3n id\u00e9nticas. De hecho, los fallos se identifican como la falta de estabilidad en la evoluci\u00f3n temporal del funcionamiento de dichas unidades. <\/p>\n<h5>N\u00famero de solicitud<\/h5>\n<p>P201430361<\/p>\n<h5>N\u00famero de publicaci\u00f3n<\/h5>\n<p>ES2481091<\/p>\n<h5>Fecha de presentaci\u00f3n <\/h5>\n<p>17\/03\/2014<\/p>\n<h5>Fecha de publicaci\u00f3n <\/h5>\n<p>29\/07\/2014<\/p>\n<div class=\"pdfprnt-buttons pdfprnt-buttons-product pdfprnt-bottom-left\"><a href=\"https:\/\/www.upm.es\/recursosidi\/wp-json\/wp\/v2\/product\/8642?print=pdf\" class=\"pdfprnt-button pdfprnt-button-pdf\" target=\"_blank\"><span class=\"pdfprnt-button-title pdfprnt-button-pdf-title\">Descargar ficha<\/span><\/a><\/div>","protected":false},"excerpt":{"rendered":"<p>Descripci\u00f3n de la patente El procedimiento se basa en el an\u00e1lisis de un par\u00e1metro denominado &#8220;disponibilidad energ\u00e9tica&#8221;, que se calcula para cada unidad de generaci\u00f3n&hellip;<\/p>\n","protected":false},"featured_media":0,"template":"","meta":{"_acf_changed":false},"product_cat":[3946],"product_tag":[],"comunidades-upm":[],"quien":[],"mapa":[],"disponibilidad":[],"donde":[{"term_id":236,"name":"Instituto de Energ\u00eda Solar (IES)","slug":"instituto-de-energia-solar-ies","term_group":0,"term_taxonomy_id":236,"taxonomy":"donde","description":"","parent":0,"count":41,"filter":"raw","term_order":"0"},{"term_id":554,"name":"Sistemas Fotovoltaicos","slug":"sistemas-fotovoltaicos","term_group":0,"term_taxonomy_id":554,"taxonomy":"donde","description":"","parent":0,"count":10,"filter":"raw","term_order":"0"}],"infraestructura":[],"ods":[],"origen":[{"term_id":180,"name":"Patente","slug":"patente","term_group":0,"term_taxonomy_id":180,"taxonomy":"origen","description":"","parent":0,"count":614,"filter":"raw","term_order":"0"}],"familia_tax":false,"quien_tax":false,"donde_tax":false,"year":"","contacto":"<strong>Principales: <\/strong><ul><li>ANTONIO-P.EDUARDO LORENZO PIGUEIRAS <blockquote><strong>antonio.lorenzo@upm.es<\/strong><\/blockquote><\/li><li>LUIS NARVARTE FERNANDEZ <blockquote><strong>luis.narvarte@upm.es<\/strong><\/blockquote><\/li><li>RODRIGO MORETON VILLAGRA <blockquote><strong>rodrigo.moreton@upm.es<\/strong><\/blockquote><\/li><li>JONATHAN LELOUX . <blockquote><strong>jonathan.leloux@upm.es<\/strong><\/blockquote><\/li><\/ul>","telefono":"","pagina_web":"","email":"","id_ficha_portal":"873","video":"","adjuntos":false,"adjuntos_portal":"","inf":false,"departamento":"","acf":[],"lang":"es","translation":{"es":8642},"_links":{"self":[{"href":"https:\/\/www.upm.es\/recursosidi\/wp-json\/wp\/v2\/product\/8642"}],"collection":[{"href":"https:\/\/www.upm.es\/recursosidi\/wp-json\/wp\/v2\/product"}],"about":[{"href":"https:\/\/www.upm.es\/recursosidi\/wp-json\/wp\/v2\/types\/product"}],"wp:attachment":[{"href":"https:\/\/www.upm.es\/recursosidi\/wp-json\/wp\/v2\/media?parent=8642"}],"wp:term":[{"taxonomy":"product_cat","embeddable":true,"href":"https:\/\/www.upm.es\/recursosidi\/wp-json\/wp\/v2\/product_cat?post=8642"},{"taxonomy":"product_tag","embeddable":true,"href":"https:\/\/www.upm.es\/recursosidi\/wp-json\/wp\/v2\/product_tag?post=8642"},{"taxonomy":"comunidad_upm","embeddable":true,"href":"https:\/\/www.upm.es\/recursosidi\/wp-json\/wp\/v2\/comunidades-upm?post=8642"},{"taxonomy":"quien","embeddable":true,"href":"https:\/\/www.upm.es\/recursosidi\/wp-json\/wp\/v2\/quien?post=8642"},{"taxonomy":"mapa","embeddable":true,"href":"https:\/\/www.upm.es\/recursosidi\/wp-json\/wp\/v2\/mapa?post=8642"},{"taxonomy":"disponibilidad","embeddable":true,"href":"https:\/\/www.upm.es\/recursosidi\/wp-json\/wp\/v2\/disponibilidad?post=8642"},{"taxonomy":"donde","embeddable":true,"href":"https:\/\/www.upm.es\/recursosidi\/wp-json\/wp\/v2\/donde?post=8642"},{"taxonomy":"infraestructura","embeddable":true,"href":"https:\/\/www.upm.es\/recursosidi\/wp-json\/wp\/v2\/infraestructura?post=8642"},{"taxonomy":"ods","embeddable":true,"href":"https:\/\/www.upm.es\/recursosidi\/wp-json\/wp\/v2\/ods?post=8642"},{"taxonomy":"origen","embeddable":true,"href":"https:\/\/www.upm.es\/recursosidi\/wp-json\/wp\/v2\/origen?post=8642"}],"curies":[{"name":"wp","href":"https:\/\/api.w.org\/{rel}","templated":true}]}}