{"id":8643,"date":"2021-11-25T14:16:00","date_gmt":"2021-11-25T13:16:00","guid":{"rendered":"https:\/\/www.upm.es\/recursosidi\/offers-resources\/sin categor\u00eda\/dispositivo-de-silicio-para-la-deteccion-de-radiacion-infrarroja-a-temperatura-ambiente\/"},"modified":"2022-08-10T02:14:51","modified_gmt":"2022-08-10T00:14:51","slug":"dispositivo-de-silicio-para-la-deteccion-de-radiacion-infrarroja-a-temperatura-ambiente","status":"publish","type":"product","link":"https:\/\/www.upm.es\/recursosidi\/offers-resources\/patentes\/dispositivo-de-silicio-para-la-deteccion-de-radiacion-infrarroja-a-temperatura-ambiente\/","title":{"rendered":"Dispositivo de silicio para la detecci\u00f3n de radiaci\u00f3n infrarroja a temperatura ambiente"},"content":{"rendered":"<h5>Descripci\u00f3n de la patente <\/h5>\n<p>Dispositivo de silicio para la detecci\u00f3n de radiaci\u00f3n visible e infrarroja a temperatura ambiente. La presente invenci\u00f3n se refiere a un dispositivo con tres capas: dos semiconductores, (1) y (2), y una capa intermedia (3) aislante que est\u00e1n basadas en silicio cristalino. La implantaci\u00f3n de impurezas con una concentraci\u00f3n que supera la solubilidad s\u00f3lida de dicha impureza en silicio confiere al dispositivo la capacidad de detectar radiaci\u00f3n infrarroja a temperatura ambiente. La invenci\u00f3n tambi\u00e9n se refiere al m\u00e9todo para fabricar el dispositivo de la invenci\u00f3n, que incluye t\u00e9cnicas de fabricaci\u00f3n fuera del equilibrio termodin\u00e1mico.<\/p>\n<h5>Situaci\u00f3n <\/h5>\n<p>Concedida<\/p>\n<h5>N\u00famero de solicitud<\/h5>\n<p>P201400241<\/p>\n<h5>N\u00famero de publicaci\u00f3n<\/h5>\n<p>ES2546917<\/p>\n<h5>Fecha de presentaci\u00f3n <\/h5>\n<p>27\/03\/2014<\/p>\n<h5>Fecha de concesi\u00f3n <\/h5>\n<p>01\/02\/2016<\/p>\n<div class=\"pdfprnt-buttons pdfprnt-buttons-product pdfprnt-bottom-left\"><a href=\"https:\/\/www.upm.es\/recursosidi\/wp-json\/wp\/v2\/product\/8643?print=pdf\" class=\"pdfprnt-button pdfprnt-button-pdf\" target=\"_blank\"><span class=\"pdfprnt-button-title pdfprnt-button-pdf-title\">Descargar ficha<\/span><\/a><\/div>","protected":false},"excerpt":{"rendered":"<p>Descripci\u00f3n de la patente Dispositivo de silicio para la detecci\u00f3n de radiaci\u00f3n visible e infrarroja a temperatura ambiente. La presente invenci\u00f3n se refiere a un&hellip;<\/p>\n","protected":false},"featured_media":0,"template":"","meta":{"_acf_changed":false},"product_cat":[3946],"product_tag":[],"comunidades-upm":[],"quien":[],"mapa":[],"disponibilidad":[],"donde":[{"term_id":236,"name":"Instituto de Energ\u00eda Solar (IES)","slug":"instituto-de-energia-solar-ies","term_group":0,"term_taxonomy_id":236,"taxonomy":"donde","description":"","parent":0,"count":41,"filter":"raw","term_order":"0"},{"term_id":432,"name":"Silicio y Nuevos Conceptos para C\u00e9lulas Solares","slug":"silicio-y-nuevos-conceptos-para-celulas-solares","term_group":0,"term_taxonomy_id":432,"taxonomy":"donde","description":"Uno de nuestros objetivos es el estudio de los l&iacute;mites de conversi&oacute;n de la energ&iacute;a solar fotovoltaica, con especial &eacute;nfasis en identificar mecanismos que puedan mejorar dr&aacute;sticamente el rendimiento actual de esta conversi&oacute;n. Entre &eacute;stos, promovemos las C&eacute;lulas Solares de Banda Intermedia, un &aacute;mbito de investigaci&oacute;n iniciado por nosotros que ha tenido mucha repercusi&oacute;n internacional.\n&nbsp;\nPor otro lado, la investigaci&oacute;n que realizamos tiene por objeto el apoyo a la industria espa&ntilde;ola y europea de c&eacute;lulas solares de silicio cristalino (que son la mayor&iacute;a de las presentes en el mercado), con objeto de abaratar costes y desarrollar nuevos productos.\n&nbsp;\nTodo esto lo llevamos a cabo a trav&eacute;s de tres l&iacute;neas de Investigaci&oacute;n:\n\nC&aacute;lculos cu&aacute;nticos para c&eacute;lulas solares\nNuevos conceptos en c&eacute;lulas solares\nTecnolog&iacute;a de silicio cristalino\n","parent":0,"count":17,"filter":"raw","term_order":"0"}],"infraestructura":[],"ods":[],"origen":[{"term_id":180,"name":"Patente","slug":"patente","term_group":0,"term_taxonomy_id":180,"taxonomy":"origen","description":"","parent":0,"count":614,"filter":"raw","term_order":"0"}],"familia_tax":false,"quien_tax":false,"donde_tax":false,"year":"","contacto":"<strong>Principales: <\/strong><ul><li>JAVIER OLEA ARIZA <blockquote><strong>j.olea@upm.es<\/strong><\/blockquote><\/li><li>ANTONIO MARTI VEGA <blockquote><strong>antonio.marti@upm.es<\/strong><\/blockquote><\/li><li>ANTONIO LUQUE LOPEZ <blockquote><strong>a.luque@upm.es<\/strong><\/blockquote><\/li><\/ul><strong>Otros inventores: <\/strong><ul><li>JavierOlea Ariza <blockquote><strong>Comparte autor\u00eda entre la UPM y la UCM<\/strong><\/blockquote> Universidad Complutense de Madrid (UCM)<\/li> <li>Germ\u00e1nGonz\u00e1lez D\u00edaz Universidad Complutense de Madrid (UCM)<\/li> <li>DavidPastor Pastor Universidad Complutense de Madrid (UCM)<\/li> <li>EricGarc\u00eda Hemme Universidad Complutense de Madrid (UCM)<\/li> <li>IgnacioM\u00e1rtil de la Plaza Universidad Complutense de Madrid (UCM)<\/li> <li>RodrigoGarc\u00eda Hernansanz Universidad Complutense de Madrid (UCM)<\/li> <li>\u00c1lvarodel Prado Mill\u00e1n Universidad Complutense de Madrid (UCM)<\/li> <li>PabloFern\u00e1ndez S\u00e1ez Universidad Complutense de Madrid (UCM)<\/li> <li>RosaCimas Cuevas Universidad Complutense de Madrid (UCM)<\/li> <\/ul>","telefono":"","pagina_web":"","email":"","id_ficha_portal":"899","video":"","adjuntos":false,"adjuntos_portal":"https:\/\/www.upm.es\/S2i\/Acuse\/recuperarArchivo.jsp?id=899&id_archivo=5113&tipo=patente&extension=fichero ","inf":false,"departamento":"","acf":[],"lang":"es","translation":{"es":8643},"_links":{"self":[{"href":"https:\/\/www.upm.es\/recursosidi\/wp-json\/wp\/v2\/product\/8643"}],"collection":[{"href":"https:\/\/www.upm.es\/recursosidi\/wp-json\/wp\/v2\/product"}],"about":[{"href":"https:\/\/www.upm.es\/recursosidi\/wp-json\/wp\/v2\/types\/product"}],"wp:attachment":[{"href":"https:\/\/www.upm.es\/recursosidi\/wp-json\/wp\/v2\/media?parent=8643"}],"wp:term":[{"taxonomy":"product_cat","embeddable":true,"href":"https:\/\/www.upm.es\/recursosidi\/wp-json\/wp\/v2\/product_cat?post=8643"},{"taxonomy":"product_tag","embeddable":true,"href":"https:\/\/www.upm.es\/recursosidi\/wp-json\/wp\/v2\/product_tag?post=8643"},{"taxonomy":"comunidad_upm","embeddable":true,"href":"https:\/\/www.upm.es\/recursosidi\/wp-json\/wp\/v2\/comunidades-upm?post=8643"},{"taxonomy":"quien","embeddable":true,"href":"https:\/\/www.upm.es\/recursosidi\/wp-json\/wp\/v2\/quien?post=8643"},{"taxonomy":"mapa","embeddable":true,"href":"https:\/\/www.upm.es\/recursosidi\/wp-json\/wp\/v2\/mapa?post=8643"},{"taxonomy":"disponibilidad","embeddable":true,"href":"https:\/\/www.upm.es\/recursosidi\/wp-json\/wp\/v2\/disponibilidad?post=8643"},{"taxonomy":"donde","embeddable":true,"href":"https:\/\/www.upm.es\/recursosidi\/wp-json\/wp\/v2\/donde?post=8643"},{"taxonomy":"infraestructura","embeddable":true,"href":"https:\/\/www.upm.es\/recursosidi\/wp-json\/wp\/v2\/infraestructura?post=8643"},{"taxonomy":"ods","embeddable":true,"href":"https:\/\/www.upm.es\/recursosidi\/wp-json\/wp\/v2\/ods?post=8643"},{"taxonomy":"origen","embeddable":true,"href":"https:\/\/www.upm.es\/recursosidi\/wp-json\/wp\/v2\/origen?post=8643"}],"curies":[{"name":"wp","href":"https:\/\/api.w.org\/{rel}","templated":true}]}}