{"id":8644,"date":"2021-11-25T14:16:03","date_gmt":"2021-11-25T13:16:03","guid":{"rendered":""},"modified":"2022-08-10T02:14:54","modified_gmt":"2022-08-10T00:14:54","slug":"sistema-y-metodo-de-localizacion-de-defectos-a-tierra-en-devanados-estatoricos-de-maquinas-sincronas-puestas-a-tierra-mediante-una-impedancia-de-elevado-valor-basado-en-la-estimacion-de-la-resistencia","status":"publish","type":"product","link":"https:\/\/www.upm.es\/recursosidi\/offers-resources\/patentes\/sistema-y-metodo-de-localizacion-de-defectos-a-tierra-en-devanados-estatoricos-de-maquinas-sincronas-puestas-a-tierra-mediante-una-impedancia-de-elevado-valor-basado-en-la-estimacion-de-la-resistencia\/","title":{"rendered":"Sistema y m\u00e9todo de localizaci\u00f3n de defectos a tierra en devanados estat\u00f3ricos de m\u00e1quinas s\u00edncronas puestas a tierra mediante una impedancia de elevado valor basado en la estimaci\u00f3n de la resistencia de defectos a baja frecuencia"},"content":{"rendered":"<h5>Descripci\u00f3n de la patente <\/h5>\n<p>La presente invenci\u00f3n est\u00e1 dirigida a un m\u00e9todo de localizaci\u00f3n de defectos a tierra en el estator de una m\u00e1quina s\u00edncrona, por ejemplo un generador, y a una planta de generaci\u00f3n de energ\u00eda el\u00e9ctrica para alimentar una red el\u00e9ctrica. El m\u00e9todo se basa principalmente en la localizaci\u00f3n de la falta mediante la utilizaci\u00f3n de variables obtenidas en la etapa de medida y el valor de resistencia de defecto estimado. La obtenci\u00f3n de la resistencia de defecto se lleva a cabo a trav\u00e9s de la informaci\u00f3n que proporciona un sistema de inyecci\u00f3n de tensi\u00f3n en la impedancia de puesta a tierra a baja frecuencia.<\/p>\n<h5>Situaci\u00f3n <\/h5>\n<p>Concedida<\/p>\n<h5>N\u00famero de solicitud<\/h5>\n<p>P201331852<\/p>\n<h5>N\u00famero de publicaci\u00f3n<\/h5>\n<p>ES2454045<\/p>\n<h5>Fecha de presentaci\u00f3n <\/h5>\n<p>18\/12\/2013<\/p>\n<h5>Fecha de publicaci\u00f3n <\/h5>\n<p>09\/04\/2014<\/p>\n<h5>Fecha de concesi\u00f3n <\/h5>\n<p>13\/03\/2015<\/p>\n<div class=\"pdfprnt-buttons pdfprnt-buttons-product pdfprnt-bottom-left\"><a href=\"https:\/\/www.upm.es\/recursosidi\/wp-json\/wp\/v2\/product\/8644?print=pdf\" class=\"pdfprnt-button pdfprnt-button-pdf\" target=\"_blank\"><span class=\"pdfprnt-button-title pdfprnt-button-pdf-title\">Descargar ficha<\/span><\/a><\/div>","protected":false},"excerpt":{"rendered":"<p>Descripci\u00f3n de la patente La presente invenci\u00f3n est\u00e1 dirigida a un m\u00e9todo de localizaci\u00f3n de defectos a tierra en el estator de una m\u00e1quina s\u00edncrona,&hellip;<\/p>\n","protected":false},"featured_media":0,"template":"","meta":{"_acf_changed":false},"product_cat":[3946],"product_tag":[],"comunidades-upm":[],"quien":[],"mapa":[],"disponibilidad":[],"donde":[{"term_id":374,"name":"Generaci\u00f3n el\u00e9ctrica con energ\u00eda e\u00f3lica","slug":"generacion-electrica-con-energia-eolica","term_group":0,"term_taxonomy_id":374,"taxonomy":"donde","description":"","parent":0,"count":70,"filter":"raw","term_order":"0"}],"infraestructura":[],"ods":[],"origen":[{"term_id":180,"name":"Patente","slug":"patente","term_group":0,"term_taxonomy_id":180,"taxonomy":"origen","description":"","parent":0,"count":614,"filter":"raw","term_order":"0"}],"familia_tax":false,"quien_tax":false,"donde_tax":false,"year":"","contacto":"<strong>Principales: <\/strong><ul><li>EMILIO DAVID REBOLLO LOPEZ <blockquote><strong>emilio.rebollo.lopez@upm.es<\/strong><\/blockquote><\/li><li>Francisco Bl\u00e1nquez Delgado <blockquote><strong><\/strong><\/blockquote><\/li><li>CARLOS ANTONIO PLATERO GAONA <blockquote><strong>carlosantonio.platero@upm.es<\/strong><\/blockquote><\/li><\/ul>","telefono":"","pagina_web":"","email":"","id_ficha_portal":"852","video":"","adjuntos":false,"adjuntos_portal":"","inf":false,"departamento":"","acf":[],"lang":"es","translation":{"es":8644},"_links":{"self":[{"href":"https:\/\/www.upm.es\/recursosidi\/wp-json\/wp\/v2\/product\/8644"}],"collection":[{"href":"https:\/\/www.upm.es\/recursosidi\/wp-json\/wp\/v2\/product"}],"about":[{"href":"https:\/\/www.upm.es\/recursosidi\/wp-json\/wp\/v2\/types\/product"}],"wp:attachment":[{"href":"https:\/\/www.upm.es\/recursosidi\/wp-json\/wp\/v2\/media?parent=8644"}],"wp:term":[{"taxonomy":"product_cat","embeddable":true,"href":"https:\/\/www.upm.es\/recursosidi\/wp-json\/wp\/v2\/product_cat?post=8644"},{"taxonomy":"product_tag","embeddable":true,"href":"https:\/\/www.upm.es\/recursosidi\/wp-json\/wp\/v2\/product_tag?post=8644"},{"taxonomy":"comunidad_upm","embeddable":true,"href":"https:\/\/www.upm.es\/recursosidi\/wp-json\/wp\/v2\/comunidades-upm?post=8644"},{"taxonomy":"quien","embeddable":true,"href":"https:\/\/www.upm.es\/recursosidi\/wp-json\/wp\/v2\/quien?post=8644"},{"taxonomy":"mapa","embeddable":true,"href":"https:\/\/www.upm.es\/recursosidi\/wp-json\/wp\/v2\/mapa?post=8644"},{"taxonomy":"disponibilidad","embeddable":true,"href":"https:\/\/www.upm.es\/recursosidi\/wp-json\/wp\/v2\/disponibilidad?post=8644"},{"taxonomy":"donde","embeddable":true,"href":"https:\/\/www.upm.es\/recursosidi\/wp-json\/wp\/v2\/donde?post=8644"},{"taxonomy":"infraestructura","embeddable":true,"href":"https:\/\/www.upm.es\/recursosidi\/wp-json\/wp\/v2\/infraestructura?post=8644"},{"taxonomy":"ods","embeddable":true,"href":"https:\/\/www.upm.es\/recursosidi\/wp-json\/wp\/v2\/ods?post=8644"},{"taxonomy":"origen","embeddable":true,"href":"https:\/\/www.upm.es\/recursosidi\/wp-json\/wp\/v2\/origen?post=8644"}],"curies":[{"name":"wp","href":"https:\/\/api.w.org\/{rel}","templated":true}]}}