{"id":8645,"date":"2021-11-25T14:16:05","date_gmt":"2021-11-25T13:16:05","guid":{"rendered":"https:\/\/www.upm.es\/recursosidi\/offers-resources\/sin categor\u00eda\/mortero-de-cemento-de-sulfoaluminato-de-calcio-mejorado-con-cenizas-volantes-de-rsu-inertizadas-en-forma-de-carbonatos\/"},"modified":"2022-08-10T02:14:58","modified_gmt":"2022-08-10T00:14:58","slug":"mortero-de-cemento-de-sulfoaluminato-de-calcio-mejorado-con-cenizas-volantes-de-rsu-inertizadas-en-forma-de-carbonatos","status":"publish","type":"product","link":"https:\/\/www.upm.es\/recursosidi\/offers-resources\/patentes\/mortero-de-cemento-de-sulfoaluminato-de-calcio-mejorado-con-cenizas-volantes-de-rsu-inertizadas-en-forma-de-carbonatos\/","title":{"rendered":"Mortero de cemento de sulfoaluminato de calcio mejorado con cenizas volantes de RSU inertizadas en forma de carbonatos"},"content":{"rendered":"<h5>Descripci\u00f3n de la patente <\/h5>\n<p>La invenci\u00f3n se refiere a un mortero mejorado que comprende cementos de sulfoaluminato<br \/>\nde calcio, \u00e1ridos sil\u00edceos y agua, en donde dichos \u00e1ridos sil\u00edceos se encuentran<br \/>\nparcialmente sustituidos por cenizas volantes procedentes de la incineraci\u00f3n de residuos<br \/>\ns\u00f3lidos urbanos, inertizadas en forma de carbonatos. Estas cenizas inertizadas tienen un<br \/>\ncontenido en cloruros inferior al 1% en peso con respecto al peso total las cenizas. Tambi\u00e9n<br \/>\nse describen los m\u00e9todos de fabricaci\u00f3n de los mismos y otros materiales de construcci\u00f3n<br \/>\nfabricados a partir de mortero.<\/p>\n<h5>Situaci\u00f3n <\/h5>\n<p>Concedida<\/p>\n<h5>N\u00famero de solicitud<\/h5>\n<p>P201430598<\/p>\n<h5>N\u00famero de publicaci\u00f3n<\/h5>\n<p>ES2470468_A1<\/p>\n<h5>Fecha de presentaci\u00f3n <\/h5>\n<p>23\/04\/2014<\/p>\n<h5>Fecha de publicaci\u00f3n <\/h5>\n<p>23\/06\/2014<\/p>\n<h5>Fecha de concesi\u00f3n <\/h5>\n<p>07\/11\/2014<\/p>\n<div class=\"pdfprnt-buttons pdfprnt-buttons-product pdfprnt-bottom-left\"><a href=\"https:\/\/www.upm.es\/recursosidi\/wp-json\/wp\/v2\/product\/8645?print=pdf\" class=\"pdfprnt-button pdfprnt-button-pdf\" target=\"_blank\"><span class=\"pdfprnt-button-title pdfprnt-button-pdf-title\">Descargar ficha<\/span><\/a><\/div>","protected":false},"excerpt":{"rendered":"<p>Descripci\u00f3n de la patente La invenci\u00f3n se refiere a un mortero mejorado que comprende cementos de sulfoaluminato de calcio, \u00e1ridos sil\u00edceos y agua, en donde&hellip;<\/p>\n","protected":false},"featured_media":0,"template":"","meta":{"_acf_changed":false},"product_cat":[3946],"product_tag":[],"comunidades-upm":[],"quien":[],"mapa":[],"disponibilidad":[],"donde":[{"term_id":608,"name":"An\u00e1lisis y Caracterizaci\u00f3n \u00d3ptica de Materiales","slug":"analisis-y-caracterizacion-optica-de-materiales","term_group":0,"term_taxonomy_id":608,"taxonomy":"donde","description":"","parent":0,"count":15,"filter":"raw","term_order":"0"},{"term_id":458,"name":"Grupo de Automatizaci\u00f3n en Se\u00f1al y Comunicaciones (GASC)","slug":"grupo-de-automatizacion-en-senal-y-comunicaciones-gasc","term_group":0,"term_taxonomy_id":458,"taxonomy":"donde","description":"","parent":0,"count":11,"filter":"raw","term_order":"0"}],"infraestructura":[],"ods":[],"origen":[{"term_id":180,"name":"Patente","slug":"patente","term_group":0,"term_taxonomy_id":180,"taxonomy":"origen","description":"","parent":0,"count":614,"filter":"raw","term_order":"0"}],"familia_tax":false,"quien_tax":false,"donde_tax":false,"year":"","contacto":"<strong>Principales: <\/strong><ul><li>FRANCISCO FERNANDEZ MARTINEZ <blockquote><strong>francisco.fernandezm@upm.es<\/strong><\/blockquote><\/li><li>FRANCISCO HERNANDEZ OLIVARES <blockquote><strong>f.hernandez@upm.es<\/strong><\/blockquote><\/li><li>PABLO LUIS MAYOR LOBO <blockquote><strong>pabloluis.mayor@upm.es<\/strong><\/blockquote><\/li><li>OSCAR LOPEZ ZALDIVAR <blockquote><strong>oscar.lopezz@upm.es<\/strong><\/blockquote><\/li><\/ul>","telefono":"","pagina_web":"","email":"","id_ficha_portal":"880","video":"","adjuntos":false,"adjuntos_portal":"https:\/\/www.upm.es\/S2i\/Acuse\/recuperarArchivo.jsp?id=880&id_archivo=2692&tipo=patente&extension=fichero ","inf":false,"departamento":"","acf":[],"lang":"es","translation":{"es":8645},"_links":{"self":[{"href":"https:\/\/www.upm.es\/recursosidi\/wp-json\/wp\/v2\/product\/8645"}],"collection":[{"href":"https:\/\/www.upm.es\/recursosidi\/wp-json\/wp\/v2\/product"}],"about":[{"href":"https:\/\/www.upm.es\/recursosidi\/wp-json\/wp\/v2\/types\/product"}],"wp:attachment":[{"href":"https:\/\/www.upm.es\/recursosidi\/wp-json\/wp\/v2\/media?parent=8645"}],"wp:term":[{"taxonomy":"product_cat","embeddable":true,"href":"https:\/\/www.upm.es\/recursosidi\/wp-json\/wp\/v2\/product_cat?post=8645"},{"taxonomy":"product_tag","embeddable":true,"href":"https:\/\/www.upm.es\/recursosidi\/wp-json\/wp\/v2\/product_tag?post=8645"},{"taxonomy":"comunidad_upm","embeddable":true,"href":"https:\/\/www.upm.es\/recursosidi\/wp-json\/wp\/v2\/comunidades-upm?post=8645"},{"taxonomy":"quien","embeddable":true,"href":"https:\/\/www.upm.es\/recursosidi\/wp-json\/wp\/v2\/quien?post=8645"},{"taxonomy":"mapa","embeddable":true,"href":"https:\/\/www.upm.es\/recursosidi\/wp-json\/wp\/v2\/mapa?post=8645"},{"taxonomy":"disponibilidad","embeddable":true,"href":"https:\/\/www.upm.es\/recursosidi\/wp-json\/wp\/v2\/disponibilidad?post=8645"},{"taxonomy":"donde","embeddable":true,"href":"https:\/\/www.upm.es\/recursosidi\/wp-json\/wp\/v2\/donde?post=8645"},{"taxonomy":"infraestructura","embeddable":true,"href":"https:\/\/www.upm.es\/recursosidi\/wp-json\/wp\/v2\/infraestructura?post=8645"},{"taxonomy":"ods","embeddable":true,"href":"https:\/\/www.upm.es\/recursosidi\/wp-json\/wp\/v2\/ods?post=8645"},{"taxonomy":"origen","embeddable":true,"href":"https:\/\/www.upm.es\/recursosidi\/wp-json\/wp\/v2\/origen?post=8645"}],"curies":[{"name":"wp","href":"https:\/\/api.w.org\/{rel}","templated":true}]}}