{"id":8648,"date":"2021-11-25T14:16:13","date_gmt":"2021-11-25T13:16:13","guid":{"rendered":"https:\/\/www.upm.es\/recursosidi\/offers-resources\/sin categor\u00eda\/method-and-system-for-determining-the-prognosis-of-a-patient-suffering-from-pulmonary-embolism\/"},"modified":"2022-08-10T02:15:06","modified_gmt":"2022-08-10T00:15:06","slug":"method-and-system-for-determining-the-prognosis-of-a-patient-suffering-from-pulmonary-embolism","status":"publish","type":"product","link":"https:\/\/www.upm.es\/recursosidi\/offers-resources\/patentes\/method-and-system-for-determining-the-prognosis-of-a-patient-suffering-from-pulmonary-embolism\/","title":{"rendered":"METHOD AND SYSTEM FOR DETERMINING THE PROGNOSIS OF A PATIENT SUFFERING FROM PULMONARY EMBOLISM"},"content":{"rendered":"<h5>Descripci\u00f3n de la patente <\/h5>\n<p>M\u00e9todo para determinar el pronostico de enfermedades pulmonares como la embolia pulmonar.<\/p>\n<h5>Situaci\u00f3n <\/h5>\n<p>Presentada<\/p>\n<h5>N\u00famero de solicitud<\/h5>\n<p>US61\/909,574<\/p>\n<h5>N\u00famero de publicaci\u00f3n<\/h5>\n<p>PATENTE PROVISIONAL US61\/909,574<\/p>\n<h5>Fecha de presentaci\u00f3n <\/h5>\n<p>27\/11\/2013<\/p>\n<h4><strong>Extensiones Internacionales<\/strong><\/h4>\n<h5>PA\u00cdSES<\/h5>\n<p><strong>Pa\u00eds: <\/strong>EEUU<br \/><strong>N\u00famero de solicitud: <\/strong>US15\/026,401; US20160260210A1<br \/><strong>Titulo: <\/strong>METHOD AND SYSTEM FOR DETERMINING THE PROGNOSIS OF A PATIENT SUFFERING FROM PULMONARY EMBOLISM<br \/><strong>Situaci\u00f3n: <\/strong>Concedida<\/p>\n<div class=\"pdfprnt-buttons pdfprnt-buttons-product pdfprnt-bottom-left\"><a href=\"https:\/\/www.upm.es\/recursosidi\/wp-json\/wp\/v2\/product\/8648?print=pdf\" class=\"pdfprnt-button pdfprnt-button-pdf\" target=\"_blank\"><span class=\"pdfprnt-button-title pdfprnt-button-pdf-title\">Descargar ficha<\/span><\/a><\/div>","protected":false},"excerpt":{"rendered":"<p>Descripci\u00f3n de la patente M\u00e9todo para determinar el pronostico de enfermedades pulmonares como la embolia pulmonar. Situaci\u00f3n Presentada N\u00famero de solicitud US61\/909,574 N\u00famero de publicaci\u00f3n&hellip;<\/p>\n","protected":false},"featured_media":0,"template":"","meta":{"_acf_changed":false},"product_cat":[3946],"product_tag":[],"comunidades-upm":[],"quien":[],"mapa":[],"disponibilidad":[],"donde":[{"term_id":642,"name":"Information Processing and Telecommunications Center (IPTC)","slug":"information-processing-and-telecommunications-center-iptc","term_group":0,"term_taxonomy_id":642,"taxonomy":"donde","description":"","parent":0,"count":74,"filter":"raw","term_order":"0"},{"term_id":436,"name":"Tecnolog\u00eda de im\u00e1genes biom\u00e9dicas","slug":"tecnologia-de-imagenes-biomedicas","term_group":0,"term_taxonomy_id":436,"taxonomy":"donde","description":"El objetivo de nuestro trabajo es contribuir a mejorar la atenci\u00f3n de la salud a trav\u00e9s de los avances en las tecnolog\u00edas de im\u00e1genes biom\u00e9dicas, y para ello seguimos las siguientes l\u00edneas de investigaci\u00f3n:\r\n\u00a0\r\n-\u00a0 Imagen Cardiovascular\r\n-\u00a0 Reconstrucci\u00f3n de im\u00e1genes tomogr\u00e1ficas\r\n-\u00a0 Modelado\/Simulaci\u00f3n sistemas adquisici\u00f3n\r\n-\u00a0 An\u00e1lisis de im\u00e1genes biom\u00e9dicas\r\n-\u00a0\u00a0 Imagen Molecular","parent":0,"count":13,"filter":"raw","term_order":"0"}],"infraestructura":[],"ods":[],"origen":[{"term_id":180,"name":"Patente","slug":"patente","term_group":0,"term_taxonomy_id":180,"taxonomy":"origen","description":"","parent":0,"count":614,"filter":"raw","term_order":"0"}],"familia_tax":false,"quien_tax":false,"donde_tax":false,"year":"","contacto":"<strong>Principales: <\/strong><ul><li>Daniel Jimenez Carretero <blockquote><strong>daniel.jimenezc@upm.es<\/strong><\/blockquote><\/li><li>Sara Rodr\u00edguez L\u00f3pez <blockquote><strong>sarodriguezlopez@gmail.com<\/strong><\/blockquote><\/li><li>MARIA JESUS LEDESMA CARBAYO <blockquote><strong>mj.ledesma@upm.es<\/strong><\/blockquote><\/li><\/ul><strong>Otros inventores: <\/strong><ul><li>RaulSan Jos\u00e9 Est\u00e9par Brigham and Women s Hospital<\/li> <li>FrankRybicki Brigham and Women s Hospital<\/li> <li>Germ\u00e1nGonz\u00e1lez MIT - MASSACHUSETTS INSTITUTE OF TECHNOLOGY OFFICE OF SPONSORED PROGRAMS<\/li> <\/ul>","telefono":"","pagina_web":"","email":"","id_ficha_portal":"851","video":"","adjuntos":false,"adjuntos_portal":"https:\/\/www.upm.es\/S2i\/Acuse\/recuperarArchivo.jsp?id=851&id_archivo=8256&tipo=patente&extension=fichero","inf":false,"departamento":"","acf":[],"lang":"es","translation":{"es":8648},"_links":{"self":[{"href":"https:\/\/www.upm.es\/recursosidi\/wp-json\/wp\/v2\/product\/8648"}],"collection":[{"href":"https:\/\/www.upm.es\/recursosidi\/wp-json\/wp\/v2\/product"}],"about":[{"href":"https:\/\/www.upm.es\/recursosidi\/wp-json\/wp\/v2\/types\/product"}],"wp:attachment":[{"href":"https:\/\/www.upm.es\/recursosidi\/wp-json\/wp\/v2\/media?parent=8648"}],"wp:term":[{"taxonomy":"product_cat","embeddable":true,"href":"https:\/\/www.upm.es\/recursosidi\/wp-json\/wp\/v2\/product_cat?post=8648"},{"taxonomy":"product_tag","embeddable":true,"href":"https:\/\/www.upm.es\/recursosidi\/wp-json\/wp\/v2\/product_tag?post=8648"},{"taxonomy":"comunidad_upm","embeddable":true,"href":"https:\/\/www.upm.es\/recursosidi\/wp-json\/wp\/v2\/comunidades-upm?post=8648"},{"taxonomy":"quien","embeddable":true,"href":"https:\/\/www.upm.es\/recursosidi\/wp-json\/wp\/v2\/quien?post=8648"},{"taxonomy":"mapa","embeddable":true,"href":"https:\/\/www.upm.es\/recursosidi\/wp-json\/wp\/v2\/mapa?post=8648"},{"taxonomy":"disponibilidad","embeddable":true,"href":"https:\/\/www.upm.es\/recursosidi\/wp-json\/wp\/v2\/disponibilidad?post=8648"},{"taxonomy":"donde","embeddable":true,"href":"https:\/\/www.upm.es\/recursosidi\/wp-json\/wp\/v2\/donde?post=8648"},{"taxonomy":"infraestructura","embeddable":true,"href":"https:\/\/www.upm.es\/recursosidi\/wp-json\/wp\/v2\/infraestructura?post=8648"},{"taxonomy":"ods","embeddable":true,"href":"https:\/\/www.upm.es\/recursosidi\/wp-json\/wp\/v2\/ods?post=8648"},{"taxonomy":"origen","embeddable":true,"href":"https:\/\/www.upm.es\/recursosidi\/wp-json\/wp\/v2\/origen?post=8648"}],"curies":[{"name":"wp","href":"https:\/\/api.w.org\/{rel}","templated":true}]}}