{"id":8649,"date":"2021-11-25T14:16:15","date_gmt":"2021-11-25T13:16:15","guid":{"rendered":"https:\/\/www.upm.es\/recursosidi\/offers-resources\/sin categor\u00eda\/procedimiento-para-la-valorizacion-energetica-de-solidos-organicos\/"},"modified":"2022-08-10T02:15:11","modified_gmt":"2022-08-10T00:15:11","slug":"procedimiento-para-la-valorizacion-energetica-de-solidos-organicos","status":"publish","type":"product","link":"https:\/\/www.upm.es\/recursosidi\/offers-resources\/patentes\/procedimiento-para-la-valorizacion-energetica-de-solidos-organicos\/","title":{"rendered":"Procedimiento para la valorizaci\u00f3n energ\u00e9tica de s\u00f3lidos org\u00e1nicos"},"content":{"rendered":"<h5>Descripci\u00f3n de la patente <\/h5>\n<p>La presente invenci\u00f3n es un procedimiento de<br \/>\nvalorizaci\u00f3n energ\u00e9tica de un s\u00f3lido org\u00e1nico, que<br \/>\ncomprende una etapa principal y una etapa<br \/>\nsecundaria llevadas a cabo en un sistema compacto,<br \/>\nen que la etapa principal comprende una conversi\u00f3n<br \/>\ntermoqu\u00edmica a T\u00aa de entre 450-1200\u00baC de dicho<br \/>\ns\u00f3lido org\u00e1nico en un reactor, en atm\u00f3sfera con una<br \/>\nrelaci\u00f3n estequiom\u00e9trica de ox\u00edgeno s\u00f3lido org\u00e1nico<br \/>\ninferior a 0,8, y la etapa secundaria comprende<br \/>\ntratamiento t\u00e9rmico y oxidativo a T\u00aa de entre 200-<br \/>\n1000\u00baC de los productos vol\u00e1tiles generados en la<br \/>\nconversi\u00f3n anterior en un sistema cicl\u00f3nico, y craqueo<br \/>\nt\u00e9rmico y\/o termocatal\u00edtico a T\u00aa de entre 200-1000\u00baC<br \/>\nde los productos primarios gaseosos resultantes.<\/p>\n<h5>Situaci\u00f3n <\/h5>\n<p>Concedida<\/p>\n<h5>N\u00famero de solicitud<\/h5>\n<p>P201430294<\/p>\n<h5>N\u00famero de publicaci\u00f3n<\/h5>\n<p>ES2545037_A1<\/p>\n<h5>Fecha de presentaci\u00f3n <\/h5>\n<p>05\/03\/2014<\/p>\n<h5>Fecha de publicaci\u00f3n <\/h5>\n<p>07\/09\/2015<\/p>\n<h5>Fecha de concesi\u00f3n <\/h5>\n<p>10\/12\/2015<\/p>\n<div class=\"pdfprnt-buttons pdfprnt-buttons-product pdfprnt-bottom-left\"><a href=\"https:\/\/www.upm.es\/recursosidi\/wp-json\/wp\/v2\/product\/8649?print=pdf\" class=\"pdfprnt-button pdfprnt-button-pdf\" target=\"_blank\"><span class=\"pdfprnt-button-title pdfprnt-button-pdf-title\">Descargar ficha<\/span><\/a><\/div>","protected":false},"excerpt":{"rendered":"<p>Descripci\u00f3n de la patente La presente invenci\u00f3n es un procedimiento de valorizaci\u00f3n energ\u00e9tica de un s\u00f3lido org\u00e1nico, que comprende una etapa principal y una etapa&hellip;<\/p>\n","protected":false},"featured_media":0,"template":"","meta":{"_acf_changed":false},"product_cat":[3946],"product_tag":[],"comunidades-upm":[],"quien":[],"mapa":[],"disponibilidad":[],"donde":[{"term_id":326,"name":"Grupo de Agroenerg\u00e9tica (GA-UPM)","slug":"grupo-de-agroenergetica-ga-upm","term_group":0,"term_taxonomy_id":326,"taxonomy":"donde","description":"El Grupo est&aacute; especializado en la &nbsp;I+D+i&nbsp; en el campo de la agroenerg&iacute;a, que incluye, entre otras l&iacute;neas de trabajo, la producci&oacute;n de biomasa, su caracterizaci&oacute;n, los cultivos energ&eacute;ticos, la transformaci&oacute;n de la biomasa en biocombustibles s&oacute;lidos y l&iacute;quidos, la conversi&oacute;n energ&eacute;tica y los estudios de prospectiva y evaluaci&oacute;n de potencial. \n&nbsp;\nEn paralelo, tiene otras tres importantes l&iacute;neas de investigaci&oacute;n en el campo de la fitodepuraci&oacute;n, es decir, en la utilizaci&oacute;n de especies vegetales para la depuraci&oacute;n de aguas residuales, la producci&oacute;n de microalgas para distintas aplicaciones, incluyendo la bioenerg&iacute;a y la depuraci&oacute;n de aguas residuales, y el an&aacute;lisis de ciclo de vida de sistemas energ&eacute;ticos. Otras l&iacute;neas en las que el Grupo trabaja&nbsp; son las aplicaciones no convencionales de las especies vegetales y, gen&eacute;ricamente, la producci&oacute;n vegetal.","parent":0,"count":1,"filter":"raw","term_order":"0"}],"infraestructura":[],"ods":[],"origen":[{"term_id":180,"name":"Patente","slug":"patente","term_group":0,"term_taxonomy_id":180,"taxonomy":"origen","description":"","parent":0,"count":614,"filter":"raw","term_order":"0"}],"familia_tax":false,"quien_tax":false,"donde_tax":false,"year":"","contacto":"<strong>Principales: <\/strong><ul><li>GUILLERMO SAN MIGUEL ALFARO <blockquote><strong>g.sanmiguel@upm.es<\/strong><\/blockquote><\/li><\/ul><strong>Otros inventores UPM: <\/strong><ul><li>M\u00aa Paz Dominguez Dominguez<\/li><\/ul>","telefono":"","pagina_web":"","email":"","id_ficha_portal":"815","video":"","adjuntos":false,"adjuntos_portal":"https:\/\/www.upm.es\/S2i\/Acuse\/recuperarArchivo.jsp?id=815&id_archivo=5063&tipo=patente&extension=fichero ","inf":false,"departamento":"","acf":[],"lang":"es","translation":{"es":8649},"_links":{"self":[{"href":"https:\/\/www.upm.es\/recursosidi\/wp-json\/wp\/v2\/product\/8649"}],"collection":[{"href":"https:\/\/www.upm.es\/recursosidi\/wp-json\/wp\/v2\/product"}],"about":[{"href":"https:\/\/www.upm.es\/recursosidi\/wp-json\/wp\/v2\/types\/product"}],"wp:attachment":[{"href":"https:\/\/www.upm.es\/recursosidi\/wp-json\/wp\/v2\/media?parent=8649"}],"wp:term":[{"taxonomy":"product_cat","embeddable":true,"href":"https:\/\/www.upm.es\/recursosidi\/wp-json\/wp\/v2\/product_cat?post=8649"},{"taxonomy":"product_tag","embeddable":true,"href":"https:\/\/www.upm.es\/recursosidi\/wp-json\/wp\/v2\/product_tag?post=8649"},{"taxonomy":"comunidad_upm","embeddable":true,"href":"https:\/\/www.upm.es\/recursosidi\/wp-json\/wp\/v2\/comunidades-upm?post=8649"},{"taxonomy":"quien","embeddable":true,"href":"https:\/\/www.upm.es\/recursosidi\/wp-json\/wp\/v2\/quien?post=8649"},{"taxonomy":"mapa","embeddable":true,"href":"https:\/\/www.upm.es\/recursosidi\/wp-json\/wp\/v2\/mapa?post=8649"},{"taxonomy":"disponibilidad","embeddable":true,"href":"https:\/\/www.upm.es\/recursosidi\/wp-json\/wp\/v2\/disponibilidad?post=8649"},{"taxonomy":"donde","embeddable":true,"href":"https:\/\/www.upm.es\/recursosidi\/wp-json\/wp\/v2\/donde?post=8649"},{"taxonomy":"infraestructura","embeddable":true,"href":"https:\/\/www.upm.es\/recursosidi\/wp-json\/wp\/v2\/infraestructura?post=8649"},{"taxonomy":"ods","embeddable":true,"href":"https:\/\/www.upm.es\/recursosidi\/wp-json\/wp\/v2\/ods?post=8649"},{"taxonomy":"origen","embeddable":true,"href":"https:\/\/www.upm.es\/recursosidi\/wp-json\/wp\/v2\/origen?post=8649"}],"curies":[{"name":"wp","href":"https:\/\/api.w.org\/{rel}","templated":true}]}}