{"id":8650,"date":"2021-11-25T14:16:17","date_gmt":"2021-11-25T13:16:17","guid":{"rendered":"https:\/\/www.upm.es\/recursosidi\/offers-resources\/sin categor\u00eda\/sistema-antifraude-para-detectar-la-aplicacion-de-campos-magneticos-no-deseados-a-dispositivos-sensibles\/"},"modified":"2022-08-10T02:15:14","modified_gmt":"2022-08-10T00:15:14","slug":"sistema-antifraude-para-detectar-la-aplicacion-de-campos-magneticos-no-deseados-a-dispositivos-sensibles","status":"publish","type":"product","link":"https:\/\/www.upm.es\/recursosidi\/offers-resources\/patentes\/sistema-antifraude-para-detectar-la-aplicacion-de-campos-magneticos-no-deseados-a-dispositivos-sensibles\/","title":{"rendered":"Sistema antifraude para detectar la aplicaci\u00f3n de campos magn\u00e9ticos no deseados a dispositivos sensibles"},"content":{"rendered":"<h5>Descripci\u00f3n de la patente <\/h5>\n<p>La presente invenci\u00f3n se refiere a un sistema antifraude para detectar la aplicaci\u00f3n de<br \/>\ncampos magn\u00e9ticos no deseados a dispositivos sensibles, detecci\u00f3n que puede realizarse<br \/>\ntanto de forma luminosa como de forma audible, y en donde es posible detectar si un<br \/>\ndispositivo sensible ha sido expuesto a un campo magn\u00e9tico intenso.<\/p>\n<h5>Situaci\u00f3n <\/h5>\n<p>Concedida<\/p>\n<h5>N\u00famero de solicitud<\/h5>\n<p>P201331641<\/p>\n<h5>N\u00famero de publicaci\u00f3n<\/h5>\n<p>ES2535584_A1<\/p>\n<h5>Fecha de presentaci\u00f3n <\/h5>\n<p>11\/11\/2013<\/p>\n<h5>Fecha de concesi\u00f3n <\/h5>\n<p>05\/05\/2016<\/p>\n<div class=\"pdfprnt-buttons pdfprnt-buttons-product pdfprnt-bottom-left\"><a href=\"https:\/\/www.upm.es\/recursosidi\/wp-json\/wp\/v2\/product\/8650?print=pdf\" class=\"pdfprnt-button pdfprnt-button-pdf\" target=\"_blank\"><span class=\"pdfprnt-button-title pdfprnt-button-pdf-title\">Descargar ficha<\/span><\/a><\/div>","protected":false},"excerpt":{"rendered":"<p>Descripci\u00f3n de la patente La presente invenci\u00f3n se refiere a un sistema antifraude para detectar la aplicaci\u00f3n de campos magn\u00e9ticos no deseados a dispositivos sensibles,&hellip;<\/p>\n","protected":false},"featured_media":0,"template":"","meta":{"_acf_changed":false},"product_cat":[3946],"product_tag":[],"comunidades-upm":[],"quien":[],"mapa":[],"disponibilidad":[],"donde":[{"term_id":478,"name":"Grupo de dispositivos magn\u00e9ticos del ISOM","slug":"grupo-de-dispositivos-magneticos-del-isom","term_group":0,"term_taxonomy_id":478,"taxonomy":"donde","description":"Nuestro trabajo se centra en los materiales magn&eacute;ticos y su aplicaci&oacute;n en sensores y dispositivos. Hemos buscado siempre compaginar temas de investigaci&oacute;n b&aacute;sica con temas de investigaci&oacute;n aplicada muy relacionados con empresas. Las <strong>l&iacute;neas de trabajo<\/strong> actuales pueden agruparse en:\n&nbsp;\n\nSensores magn&eacute;ticos (detecci&oacute;n de veh&iacute;culos, motores lineales, fraudes en contadores, &hellip;),\nInstrumentaci&oacute;n (magnetrones y suscept&oacute;metros)\nTarjetas inteligentes de baja frecuencia,\nMulticapas magn&eacute;ticas met&aacute;licas. V&aacute;lvulas de Spin. Medidas CPP,\nDin&aacute;mica de paredes de dominio magn&eacute;tico,\nTransferencia de esp&iacute;n en paredes magn&eacute;ticas y nanoestructuras magn&eacute;ticas,\nNanopart&iacute;culas y nanocintas magn&eacute;ticas para aplicaciones biom&eacute;dicas\n","parent":0,"count":5,"filter":"raw","term_order":"0"},{"term_id":244,"name":"Instituto Universitario de Sistemas Optoelectr\u00f3nicos y Microtecnolog\u00eda (ISOM)","slug":"instituto-universitario-de-sistemas-optoelectronicos-y-microtecnologia-isom","term_group":0,"term_taxonomy_id":244,"taxonomy":"donde","description":"","parent":0,"count":33,"filter":"raw","term_order":"0"}],"infraestructura":[],"ods":[],"origen":[{"term_id":180,"name":"Patente","slug":"patente","term_group":0,"term_taxonomy_id":180,"taxonomy":"origen","description":"","parent":0,"count":614,"filter":"raw","term_order":"0"}],"familia_tax":false,"quien_tax":false,"donde_tax":false,"year":"","contacto":"<strong>Principales: <\/strong><ul><li>CLAUDIO AROCA HERNANDEZ-ROS <blockquote><strong>claudio.aroca@upm.es<\/strong><\/blockquote><\/li><li>PEDRO COBOS ARRIBAS <blockquote><strong>pedro.cobos@upm.es<\/strong><\/blockquote><\/li><\/ul>","telefono":"","pagina_web":"","email":"","id_ficha_portal":"829","video":"","adjuntos":false,"adjuntos_portal":"","inf":false,"departamento":"","acf":[],"lang":"es","translation":{"es":8650},"_links":{"self":[{"href":"https:\/\/www.upm.es\/recursosidi\/wp-json\/wp\/v2\/product\/8650"}],"collection":[{"href":"https:\/\/www.upm.es\/recursosidi\/wp-json\/wp\/v2\/product"}],"about":[{"href":"https:\/\/www.upm.es\/recursosidi\/wp-json\/wp\/v2\/types\/product"}],"wp:attachment":[{"href":"https:\/\/www.upm.es\/recursosidi\/wp-json\/wp\/v2\/media?parent=8650"}],"wp:term":[{"taxonomy":"product_cat","embeddable":true,"href":"https:\/\/www.upm.es\/recursosidi\/wp-json\/wp\/v2\/product_cat?post=8650"},{"taxonomy":"product_tag","embeddable":true,"href":"https:\/\/www.upm.es\/recursosidi\/wp-json\/wp\/v2\/product_tag?post=8650"},{"taxonomy":"comunidad_upm","embeddable":true,"href":"https:\/\/www.upm.es\/recursosidi\/wp-json\/wp\/v2\/comunidades-upm?post=8650"},{"taxonomy":"quien","embeddable":true,"href":"https:\/\/www.upm.es\/recursosidi\/wp-json\/wp\/v2\/quien?post=8650"},{"taxonomy":"mapa","embeddable":true,"href":"https:\/\/www.upm.es\/recursosidi\/wp-json\/wp\/v2\/mapa?post=8650"},{"taxonomy":"disponibilidad","embeddable":true,"href":"https:\/\/www.upm.es\/recursosidi\/wp-json\/wp\/v2\/disponibilidad?post=8650"},{"taxonomy":"donde","embeddable":true,"href":"https:\/\/www.upm.es\/recursosidi\/wp-json\/wp\/v2\/donde?post=8650"},{"taxonomy":"infraestructura","embeddable":true,"href":"https:\/\/www.upm.es\/recursosidi\/wp-json\/wp\/v2\/infraestructura?post=8650"},{"taxonomy":"ods","embeddable":true,"href":"https:\/\/www.upm.es\/recursosidi\/wp-json\/wp\/v2\/ods?post=8650"},{"taxonomy":"origen","embeddable":true,"href":"https:\/\/www.upm.es\/recursosidi\/wp-json\/wp\/v2\/origen?post=8650"}],"curies":[{"name":"wp","href":"https:\/\/api.w.org\/{rel}","templated":true}]}}