{"id":8651,"date":"2021-11-25T14:16:20","date_gmt":"2021-11-25T13:16:20","guid":{"rendered":"https:\/\/www.upm.es\/recursosidi\/offers-resources\/sin categor\u00eda\/lente-de-reducida-aberracion-cromatica-para-concentradores-fotovoltaicos-lens-having-limited-chromatic-aberration-for-photovoltaicconcentrators\/"},"modified":"2022-08-10T02:15:17","modified_gmt":"2022-08-10T00:15:17","slug":"lente-de-reducida-aberracion-cromatica-para-concentradores-fotovoltaicos-lens-having-limited-chromatic-aberration-for-photovoltaicconcentrators","status":"publish","type":"product","link":"https:\/\/www.upm.es\/recursosidi\/offers-resources\/patentes\/lente-de-reducida-aberracion-cromatica-para-concentradores-fotovoltaicos-lens-having-limited-chromatic-aberration-for-photovoltaicconcentrators\/","title":{"rendered":"Lente de reducida aberraci\u00f3n crom\u00e1tica para concentradores fotovoltaicos\/LENS HAVING LIMITED CHROMATIC ABERRATION FOR PHOTOVOLTAIC\r\nCONCENTRATORS"},"content":{"rendered":"<h5>Descripci\u00f3n de la patente <\/h5>\n<p>Lente de reducida aberraci\u00f3n crom\u00e1tica para concentradores fotovoltaicos que permite alcanzar ratios de concentraci\u00f3n mayores. <\/p>\n<h5>N\u00famero de solicitud<\/h5>\n<p>EP13382577.8<\/p>\n<h5>Fecha de presentaci\u00f3n <\/h5>\n<p>30\/12\/2013<\/p>\n<div class=\"pdfprnt-buttons pdfprnt-buttons-product pdfprnt-bottom-left\"><a href=\"https:\/\/www.upm.es\/recursosidi\/wp-json\/wp\/v2\/product\/8651?print=pdf\" class=\"pdfprnt-button pdfprnt-button-pdf\" target=\"_blank\"><span class=\"pdfprnt-button-title pdfprnt-button-pdf-title\">Descargar ficha<\/span><\/a><\/div>","protected":false},"excerpt":{"rendered":"<p>Descripci\u00f3n de la patente Lente de reducida aberraci\u00f3n crom\u00e1tica para concentradores fotovoltaicos que permite alcanzar ratios de concentraci\u00f3n mayores. N\u00famero de solicitud EP13382577.8 Fecha de&hellip;<\/p>\n","protected":false},"featured_media":0,"template":"","meta":{"_acf_changed":false},"product_cat":[3946],"product_tag":[],"comunidades-upm":[],"quien":[],"mapa":[],"disponibilidad":[],"donde":[{"term_id":236,"name":"Instituto de Energ\u00eda Solar (IES)","slug":"instituto-de-energia-solar-ies","term_group":0,"term_taxonomy_id":236,"taxonomy":"donde","description":"","parent":0,"count":41,"filter":"raw","term_order":"0"},{"term_id":426,"name":"Integraci\u00f3n de Sistemas e Instrumentos (ISI)","slug":"integracion-de-sistemas-e-instrumentos-isi","term_group":0,"term_taxonomy_id":426,"taxonomy":"donde","description":"El objetivo de nuestro grupo de investigaci&oacute;n es el abaratamiento de la electricidad de origen solar a trav&eacute;s del desarrollo de la tecnolog&iacute;a fotovoltaica de concentraci&oacute;n (m&aacute;s conocida por las siglas del t&eacute;rmino en ingl&eacute;s <em>Concentrator Photovoltaics<\/em>, CPV). Con este fin, nuestra actividad se centra principalmente en las <strong>l&iacute;neas de investigaci&oacute;n<\/strong> siguientes:\n&nbsp;\n\nNuevos conceptos en sistemas fotovoltaicos de concentraci&oacute;n\nInstrumentaci&oacute;n &oacute;ptica y el&eacute;ctrica de sistemas fotovoltaicos\nCaracterizaci&oacute;n de m&oacute;dulos y receptores fotovoltaicos de concentraci&oacute;n\nNuevos conceptos y procesos de fabricaci&oacute;n de &oacute;pticas de concentraci&oacute;n\nFiabilidad de los sistemas fotovoltaicos de concentraci&oacute;n\n","parent":0,"count":2,"filter":"raw","term_order":"0"}],"infraestructura":[],"ods":[],"origen":[{"term_id":180,"name":"Patente","slug":"patente","term_group":0,"term_taxonomy_id":180,"taxonomy":"origen","description":"","parent":0,"count":614,"filter":"raw","term_order":"0"}],"familia_tax":false,"quien_tax":false,"donde_tax":false,"year":"","contacto":"<strong>Principales: <\/strong><ul><li>GABRIEL SALA PANO <blockquote><strong>gabriel.sala@upm.es<\/strong><\/blockquote><\/li><li>STEPHEN ASKINS . <blockquote><strong>steve.askins@upm.es<\/strong><\/blockquote><\/li><li>MARTA VICTORIA P\u00c9REZ <blockquote><strong>marta.victoria@upm.es<\/strong><\/blockquote><\/li><li>IGNACIO ANTON HERNANDEZ <blockquote><strong>i.anton@upm.es<\/strong><\/blockquote><\/li><\/ul>","telefono":"","pagina_web":"","email":"","id_ficha_portal":"845","video":"","adjuntos":false,"adjuntos_portal":"","inf":false,"departamento":"","acf":[],"lang":"es","translation":{"es":8651},"_links":{"self":[{"href":"https:\/\/www.upm.es\/recursosidi\/wp-json\/wp\/v2\/product\/8651"}],"collection":[{"href":"https:\/\/www.upm.es\/recursosidi\/wp-json\/wp\/v2\/product"}],"about":[{"href":"https:\/\/www.upm.es\/recursosidi\/wp-json\/wp\/v2\/types\/product"}],"wp:attachment":[{"href":"https:\/\/www.upm.es\/recursosidi\/wp-json\/wp\/v2\/media?parent=8651"}],"wp:term":[{"taxonomy":"product_cat","embeddable":true,"href":"https:\/\/www.upm.es\/recursosidi\/wp-json\/wp\/v2\/product_cat?post=8651"},{"taxonomy":"product_tag","embeddable":true,"href":"https:\/\/www.upm.es\/recursosidi\/wp-json\/wp\/v2\/product_tag?post=8651"},{"taxonomy":"comunidad_upm","embeddable":true,"href":"https:\/\/www.upm.es\/recursosidi\/wp-json\/wp\/v2\/comunidades-upm?post=8651"},{"taxonomy":"quien","embeddable":true,"href":"https:\/\/www.upm.es\/recursosidi\/wp-json\/wp\/v2\/quien?post=8651"},{"taxonomy":"mapa","embeddable":true,"href":"https:\/\/www.upm.es\/recursosidi\/wp-json\/wp\/v2\/mapa?post=8651"},{"taxonomy":"disponibilidad","embeddable":true,"href":"https:\/\/www.upm.es\/recursosidi\/wp-json\/wp\/v2\/disponibilidad?post=8651"},{"taxonomy":"donde","embeddable":true,"href":"https:\/\/www.upm.es\/recursosidi\/wp-json\/wp\/v2\/donde?post=8651"},{"taxonomy":"infraestructura","embeddable":true,"href":"https:\/\/www.upm.es\/recursosidi\/wp-json\/wp\/v2\/infraestructura?post=8651"},{"taxonomy":"ods","embeddable":true,"href":"https:\/\/www.upm.es\/recursosidi\/wp-json\/wp\/v2\/ods?post=8651"},{"taxonomy":"origen","embeddable":true,"href":"https:\/\/www.upm.es\/recursosidi\/wp-json\/wp\/v2\/origen?post=8651"}],"curies":[{"name":"wp","href":"https:\/\/api.w.org\/{rel}","templated":true}]}}