{"id":8652,"date":"2021-11-25T14:16:22","date_gmt":"2021-11-25T13:16:22","guid":{"rendered":"https:\/\/www.upm.es\/recursosidi\/offers-resources\/sin categor\u00eda\/precerco-registrable-y-rigidizable-para-puerta-corredera\/"},"modified":"2022-08-10T02:15:20","modified_gmt":"2022-08-10T00:15:20","slug":"precerco-registrable-y-rigidizable-para-puerta-corredera","status":"publish","type":"product","link":"https:\/\/www.upm.es\/recursosidi\/offers-resources\/patentes\/precerco-registrable-y-rigidizable-para-puerta-corredera\/","title":{"rendered":"Precerco registrable y rigidizable para puerta corredera"},"content":{"rendered":"<h5>Descripci\u00f3n de la patente <\/h5>\n<p>El precerco de la invenci\u00f3n dota de mayor rigidez a la parte del cabecero que se aloja en el<br \/>\ninterior del tabique, lo que evita su p\u00e9rdida de nivelaci\u00f3n. Concretamente, el precerco<br \/>\nincluye un larguero vertical (1) y dos largueros verticales (2) entre los que desliza la puerta,<br \/>\nde manera que entre el larguero vertical (1) y los dos largueros verticales (2) se apoya<br \/>\nencima un cabecero (3) para establecer el paso, mientras que lateralmente a los largueros<br \/>\nverticales (2) va dispuesto un cabecero (4) que es el que queda alojado en el interior del<br \/>\ntabique (10), comprendiendo este cabecero (4) una pareja de registros (5) y marcos de<br \/>\nregistro (6) con tapas (18), con una parte lisa (7) y una parte rugosa (8), permitiendo el<br \/>\nacceso para cualquier tipo de mantenimiento y proporcionando rigidez al sistema.<\/p>\n<h5>Situaci\u00f3n <\/h5>\n<p>Concedida<\/p>\n<h5>N\u00famero de solicitud<\/h5>\n<p>P201430512<\/p>\n<h5>N\u00famero de publicaci\u00f3n<\/h5>\n<p>ES2517192_A1<br \/>\nES2517192_B2<\/p>\n<h5>Fecha de presentaci\u00f3n <\/h5>\n<p>07\/04\/2014<\/p>\n<h5>Fecha de concesi\u00f3n <\/h5>\n<p>03\/02\/2015<\/p>\n<div class=\"pdfprnt-buttons pdfprnt-buttons-product pdfprnt-bottom-left\"><a href=\"https:\/\/www.upm.es\/recursosidi\/wp-json\/wp\/v2\/product\/8652?print=pdf\" class=\"pdfprnt-button pdfprnt-button-pdf\" target=\"_blank\"><span class=\"pdfprnt-button-title pdfprnt-button-pdf-title\">Descargar ficha<\/span><\/a><\/div>","protected":false},"excerpt":{"rendered":"<p>Descripci\u00f3n de la patente El precerco de la invenci\u00f3n dota de mayor rigidez a la parte del cabecero que se aloja en el interior del&hellip;<\/p>\n","protected":false},"featured_media":0,"template":"","meta":{"_acf_changed":false},"product_cat":[3946],"product_tag":[],"comunidades-upm":[],"quien":[],"mapa":[],"disponibilidad":[],"donde":[{"term_id":548,"name":"Grupo de Investigaci\u00f3n en Ingenier\u00eda Mar\u00edtima y Portuaria","slug":"grupo-de-investigacion-en-ingenieria-maritima-y-portuaria","term_group":0,"term_taxonomy_id":548,"taxonomy":"donde","description":"","parent":0,"count":16,"filter":"raw","term_order":"0"},{"term_id":3423,"name":"Monitorizaci\u00f3n e Innovaci\u00f3n Tecnol\u00f3gica en Edificaci\u00f3n (MITE)","slug":"monitorizacion-e-innovacion-tecnologica-en-edificacion-mite","term_group":0,"term_taxonomy_id":3423,"taxonomy":"donde","description":"","parent":0,"count":26,"filter":"raw","term_order":"0"}],"infraestructura":[],"ods":[],"origen":[{"term_id":180,"name":"Patente","slug":"patente","term_group":0,"term_taxonomy_id":180,"taxonomy":"origen","description":"","parent":0,"count":614,"filter":"raw","term_order":"0"}],"familia_tax":false,"quien_tax":false,"donde_tax":false,"year":"","contacto":"<strong>Principales: <\/strong><ul><li>TOMAS GIL LOPEZ <blockquote><strong>tomas.gill@upm.es<\/strong><\/blockquote><\/li><li>VALENTINA SIEGFRIED VILLAR <blockquote><strong>v.siegfried@alumnos.upm.es<\/strong><\/blockquote><\/li><li>FIDEL CARRASCO ANDRES <blockquote><strong>fidel.carrasco@upm.es<\/strong><\/blockquote><\/li><li>MARIA AMPARO VERDU VAZQUEZ <blockquote><strong>amparo.verdu@upm.es<\/strong><\/blockquote><\/li><\/ul>","telefono":"","pagina_web":"","email":"","id_ficha_portal":"869","video":"","adjuntos":false,"adjuntos_portal":"https:\/\/www.upm.es\/S2i\/Acuse\/recuperarArchivo.jsp?id=869&id_archivo=3012&tipo=patente&extension=fichero ;https:\/\/www.upm.es\/S2i\/Acuse\/recuperarArchivo.jsp?id=869&id_archivo=3018&tipo=patente&extension=fichero","inf":false,"departamento":"","acf":[],"lang":"es","translation":{"es":8652},"_links":{"self":[{"href":"https:\/\/www.upm.es\/recursosidi\/wp-json\/wp\/v2\/product\/8652"}],"collection":[{"href":"https:\/\/www.upm.es\/recursosidi\/wp-json\/wp\/v2\/product"}],"about":[{"href":"https:\/\/www.upm.es\/recursosidi\/wp-json\/wp\/v2\/types\/product"}],"wp:attachment":[{"href":"https:\/\/www.upm.es\/recursosidi\/wp-json\/wp\/v2\/media?parent=8652"}],"wp:term":[{"taxonomy":"product_cat","embeddable":true,"href":"https:\/\/www.upm.es\/recursosidi\/wp-json\/wp\/v2\/product_cat?post=8652"},{"taxonomy":"product_tag","embeddable":true,"href":"https:\/\/www.upm.es\/recursosidi\/wp-json\/wp\/v2\/product_tag?post=8652"},{"taxonomy":"comunidad_upm","embeddable":true,"href":"https:\/\/www.upm.es\/recursosidi\/wp-json\/wp\/v2\/comunidades-upm?post=8652"},{"taxonomy":"quien","embeddable":true,"href":"https:\/\/www.upm.es\/recursosidi\/wp-json\/wp\/v2\/quien?post=8652"},{"taxonomy":"mapa","embeddable":true,"href":"https:\/\/www.upm.es\/recursosidi\/wp-json\/wp\/v2\/mapa?post=8652"},{"taxonomy":"disponibilidad","embeddable":true,"href":"https:\/\/www.upm.es\/recursosidi\/wp-json\/wp\/v2\/disponibilidad?post=8652"},{"taxonomy":"donde","embeddable":true,"href":"https:\/\/www.upm.es\/recursosidi\/wp-json\/wp\/v2\/donde?post=8652"},{"taxonomy":"infraestructura","embeddable":true,"href":"https:\/\/www.upm.es\/recursosidi\/wp-json\/wp\/v2\/infraestructura?post=8652"},{"taxonomy":"ods","embeddable":true,"href":"https:\/\/www.upm.es\/recursosidi\/wp-json\/wp\/v2\/ods?post=8652"},{"taxonomy":"origen","embeddable":true,"href":"https:\/\/www.upm.es\/recursosidi\/wp-json\/wp\/v2\/origen?post=8652"}],"curies":[{"name":"wp","href":"https:\/\/api.w.org\/{rel}","templated":true}]}}