{"id":8655,"date":"2021-11-25T14:16:29","date_gmt":"2021-11-25T13:16:29","guid":{"rendered":"https:\/\/www.upm.es\/recursosidi\/offers-resources\/sin categor\u00eda\/metodo-de-micromecanizado-de-superficies-esculpidas-con-herramientas-monofilo\/"},"modified":"2022-08-10T02:15:29","modified_gmt":"2022-08-10T00:15:29","slug":"metodo-de-micromecanizado-de-superficies-esculpidas-con-herramientas-monofilo","status":"publish","type":"product","link":"https:\/\/www.upm.es\/recursosidi\/offers-resources\/patentes\/metodo-de-micromecanizado-de-superficies-esculpidas-con-herramientas-monofilo\/","title":{"rendered":"M\u00e9todo de micromecanizado de superficies esculpidas con herramientas monofilo"},"content":{"rendered":"<h5>Descripci\u00f3n de la patente <\/h5>\n<p>M\u00e9todo de micromecanizado de piezas esculpidas, basado en la utilizaci\u00f3n de herramientas  monofilo para arranque de viruta que sigan una trayectoria tridimensional controlada por ordenador y en el que el sistema de control de la m\u00e1quina sincroniza la orientaci\u00f3n de la herramienta con sus movimientos de traslaci\u00f3n para asegurar la interpolaci\u00f3n entre los ejes de rotaci\u00f3n y de traslaci\u00f3n de manera que los \u00e1ngulos de corte, los \u00e1ngulos de desprendimiento, de posici\u00f3n y de inclinaci\u00f3n se mantengan constantes a lo largo de cada pasada de mecanizado.<\/p>\n<h5>Situaci\u00f3n <\/h5>\n<p>Concedida<\/p>\n<h5>N\u00famero de solicitud<\/h5>\n<p>P201331781<\/p>\n<h5>N\u00famero de publicaci\u00f3n<\/h5>\n<p>ES2537502<\/p>\n<h5>Fecha de presentaci\u00f3n <\/h5>\n<p>05\/12\/2013<\/p>\n<h5>Fecha de publicaci\u00f3n <\/h5>\n<p>08\/06\/2015<\/p>\n<h5>Fecha de concesi\u00f3n <\/h5>\n<p>27\/10\/2015<\/p>\n<div class=\"pdfprnt-buttons pdfprnt-buttons-product pdfprnt-bottom-left\"><a href=\"https:\/\/www.upm.es\/recursosidi\/wp-json\/wp\/v2\/product\/8655?print=pdf\" class=\"pdfprnt-button pdfprnt-button-pdf\" target=\"_blank\"><span class=\"pdfprnt-button-title pdfprnt-button-pdf-title\">Descargar ficha<\/span><\/a><\/div>","protected":false},"excerpt":{"rendered":"<p>Descripci\u00f3n de la patente M\u00e9todo de micromecanizado de piezas esculpidas, basado en la utilizaci\u00f3n de herramientas monofilo para arranque de viruta que sigan una trayectoria&hellip;<\/p>\n","protected":false},"featured_media":0,"template":"","meta":{"_acf_changed":false},"product_cat":[3946],"product_tag":[],"comunidades-upm":[],"quien":[],"mapa":[],"disponibilidad":[],"donde":[{"term_id":378,"name":"Ingenier\u00eda de Fabricaci\u00f3n","slug":"ingenieria-de-fabricacion","term_group":0,"term_taxonomy_id":378,"taxonomy":"donde","description":"","parent":0,"count":21,"filter":"raw","term_order":"0"}],"infraestructura":[],"ods":[],"origen":[{"term_id":180,"name":"Patente","slug":"patente","term_group":0,"term_taxonomy_id":180,"taxonomy":"origen","description":"","parent":0,"count":614,"filter":"raw","term_order":"0"}],"familia_tax":false,"quien_tax":false,"donde_tax":false,"year":"","contacto":"<strong>Principales: <\/strong><ul><li>JUAN DE JUANES MARQUEZ SEVILLANO <blockquote><strong>juandejuanes.marquez@upm.es<\/strong><\/blockquote><\/li><li>JESUS MARIA PEREZ GARCIA <blockquote><strong>jesusmaria.perez@upm.es<\/strong><\/blockquote><\/li><li>JUAN CARLOS HERNANDEZ MATIAS <blockquote><strong>jc.hernandez@upm.es<\/strong><\/blockquote><\/li><li>ANTONIO VIZAN IDOIPE <blockquote><strong>antonio.vizan@upm.es<\/strong><\/blockquote><\/li><\/ul>","telefono":"","pagina_web":"","email":"","id_ficha_portal":"802","video":"","adjuntos":false,"adjuntos_portal":"https:\/\/www.upm.es\/S2i\/Acuse\/recuperarArchivo.jsp?id=802&id_archivo=5009&tipo=patente&extension=fichero ","inf":false,"departamento":"","acf":[],"lang":"es","translation":{"es":8655},"_links":{"self":[{"href":"https:\/\/www.upm.es\/recursosidi\/wp-json\/wp\/v2\/product\/8655"}],"collection":[{"href":"https:\/\/www.upm.es\/recursosidi\/wp-json\/wp\/v2\/product"}],"about":[{"href":"https:\/\/www.upm.es\/recursosidi\/wp-json\/wp\/v2\/types\/product"}],"wp:attachment":[{"href":"https:\/\/www.upm.es\/recursosidi\/wp-json\/wp\/v2\/media?parent=8655"}],"wp:term":[{"taxonomy":"product_cat","embeddable":true,"href":"https:\/\/www.upm.es\/recursosidi\/wp-json\/wp\/v2\/product_cat?post=8655"},{"taxonomy":"product_tag","embeddable":true,"href":"https:\/\/www.upm.es\/recursosidi\/wp-json\/wp\/v2\/product_tag?post=8655"},{"taxonomy":"comunidad_upm","embeddable":true,"href":"https:\/\/www.upm.es\/recursosidi\/wp-json\/wp\/v2\/comunidades-upm?post=8655"},{"taxonomy":"quien","embeddable":true,"href":"https:\/\/www.upm.es\/recursosidi\/wp-json\/wp\/v2\/quien?post=8655"},{"taxonomy":"mapa","embeddable":true,"href":"https:\/\/www.upm.es\/recursosidi\/wp-json\/wp\/v2\/mapa?post=8655"},{"taxonomy":"disponibilidad","embeddable":true,"href":"https:\/\/www.upm.es\/recursosidi\/wp-json\/wp\/v2\/disponibilidad?post=8655"},{"taxonomy":"donde","embeddable":true,"href":"https:\/\/www.upm.es\/recursosidi\/wp-json\/wp\/v2\/donde?post=8655"},{"taxonomy":"infraestructura","embeddable":true,"href":"https:\/\/www.upm.es\/recursosidi\/wp-json\/wp\/v2\/infraestructura?post=8655"},{"taxonomy":"ods","embeddable":true,"href":"https:\/\/www.upm.es\/recursosidi\/wp-json\/wp\/v2\/ods?post=8655"},{"taxonomy":"origen","embeddable":true,"href":"https:\/\/www.upm.es\/recursosidi\/wp-json\/wp\/v2\/origen?post=8655"}],"curies":[{"name":"wp","href":"https:\/\/api.w.org\/{rel}","templated":true}]}}