{"id":8656,"date":"2021-11-25T14:16:32","date_gmt":"2021-11-25T13:16:32","guid":{"rendered":"https:\/\/www.upm.es\/recursosidi\/offers-resources\/sin categor\u00eda\/metodo-para-incrementar-la-produccion-de-flores-semillas-y-frutos-en-plantas\/"},"modified":"2022-08-10T02:15:32","modified_gmt":"2022-08-10T00:15:32","slug":"metodo-para-incrementar-la-produccion-de-flores-semillas-y-frutos-en-plantas","status":"publish","type":"product","link":"https:\/\/www.upm.es\/recursosidi\/offers-resources\/patentes\/metodo-para-incrementar-la-produccion-de-flores-semillas-y-frutos-en-plantas\/","title":{"rendered":"M\u00e9todo para incrementar la producci\u00f3n de flores, semillas y frutos en plantas"},"content":{"rendered":"<h5>Descripci\u00f3n de la patente <\/h5>\n<p>M\u00e9todo para incrementar la producci\u00f3n de flores, semillas y\/o frutos en una planta, que comprende la etapa de poner en contacto dicha planta con una composici\u00f3n que comprende el microorganismo Colletotrichum tofieldiae y\/o extractos de dicho microorganismo y\/o filtrados de dicho microorganismo. Dicho microorganismo puede ser una cepa de Colletotrichum tofieldiae depositada con el n\u00famero de dep\u00f3sito CECT 20833, CECT 20834, CECT 20835 o CECT 20836.<\/p>\n<h5>Situaci\u00f3n <\/h5>\n<p>Concedida<\/p>\n<h5>N\u00famero de solicitud<\/h5>\n<p>P201331839<\/p>\n<h5>N\u00famero de publicaci\u00f3n<\/h5>\n<p>ES 2439393 A1<\/p>\n<h5>Fecha de presentaci\u00f3n <\/h5>\n<p>17\/12\/2013<\/p>\n<h5>Fecha de publicaci\u00f3n <\/h5>\n<p>22\/01\/2014<\/p>\n<h5>Fecha de concesi\u00f3n <\/h5>\n<p>23\/07\/2014<\/p>\n<h4><strong>Extensiones Internacionales<\/strong><\/h4>\n<h5>EUROPA<\/h5>\n<p><strong>Referencia de la solicitud: <\/strong>14835701.5<br \/><strong>T\u00edtulo:\t\t\t\t\t   <\/strong>Method for increasing the production of flowers, seeds and\/or fruit of a plant<br \/><strong>Situacion: \t\t\t\t   <\/strong>Concedida<\/p>\n<h5>PA\u00cdSES<\/h5>\n<p><strong>Pa\u00eds: <\/strong>Argentina<br \/><strong>N\u00famero de solicitud: <\/strong>20140104727<br \/><strong>Titulo: <\/strong>M\u00e9todo para incrementar la producci\u00f3n de flores, semillas y\/o frutos en una planta<br \/><strong>Situaci\u00f3n: <\/strong>Presentada<br \/><strong>Pa\u00eds: <\/strong>Brasil<br \/><strong>N\u00famero de solicitud: <\/strong>1120160143345<br \/><strong>Titulo: <\/strong>M\u00e9todo para icrementar a produ\u00e7\u00e3o de flores, sementes e\/ou frutas de uma planta<br \/><strong>Situaci\u00f3n: <\/strong>Concedida<br \/><strong>Pa\u00eds: <\/strong>Australia<br \/><strong>N\u00famero de solicitud: <\/strong>2018274842<br \/><strong>Titulo: <\/strong>METHOD FOR INCREASING THE PRODUCTION OF FLOWERS, SEEDS AND\/OR FRUIT OF A PLANT<br \/><strong>Situaci\u00f3n: <\/strong>Concedida<br \/><strong>Pa\u00eds: <\/strong>M\u00e9xico<br \/><strong>N\u00famero de solicitud: <\/strong>MX\/a\/2016\/008017<br \/><strong>Titulo: <\/strong>M\u00e9todo para incrementar la producci\u00f3n de flores, semillas y\/o frutos en una planta<br \/><strong>Situaci\u00f3n: <\/strong>Concedida<br \/><strong>Pa\u00eds: <\/strong>Australia<br \/><strong>N\u00famero de solicitud: <\/strong>2014369737<br \/><strong>Titulo: <\/strong>Method for increasing the production of flowers, seeds and\/or fruit of a plant<br \/><strong>Situaci\u00f3n: <\/strong>Concedida<br \/><strong>Pa\u00eds: <\/strong>Canad\u00e1<br \/><strong>N\u00famero de solicitud: <\/strong>CA 2,934,162<br \/><strong>Titulo: <\/strong>Method for increasing the production of flowers, seeds and\/or fruits in a plant<br \/><strong>Situaci\u00f3n: <\/strong>Presentada<br \/><strong>Pa\u00eds: <\/strong>Estados Unidos<br \/><strong>N\u00famero de solicitud: <\/strong>15\/104,138<br \/><strong>Titulo: <\/strong>METHOD FOR INCREASING THE PRODUCTION OF FLOWERS, SEEDS AND\/OR FRUIT OF A PLANT<br \/><strong>Situaci\u00f3n: <\/strong>Presentada<br \/><strong>Pa\u00eds: <\/strong>Espa\u00f1a<br \/><strong>N\u00famero de solicitud: <\/strong>E 14835701<br \/><strong>Titulo: <\/strong>M\u00e9todo para aumentar la producci\u00f3n de flores, semillas y\/o frutas en una planta<br \/><strong>Situaci\u00f3n: <\/strong>Concedida<br \/><strong>Pa\u00eds: <\/strong>Alemania<br \/><strong>N\u00famero de solicitud: <\/strong>14835701.5<br \/><strong>Titulo: <\/strong>METHOD FOR INCREASING THE PRODUCTION OF FLOWERS, SEEDS AND\/OR FRUIT OF A PLANT<br \/><strong>Situaci\u00f3n: <\/strong>Concedida<br \/><strong>Pa\u00eds: <\/strong>Francia<br \/><strong>N\u00famero de solicitud: <\/strong>14835701.5<br \/><strong>Titulo: <\/strong>METHOD FOR INCREASING THE PRODUCTION OF FLOWERS, SEEDS AND\/OR FRUIT OF A PLANT<br \/><strong>Situaci\u00f3n: <\/strong>Concedida<br \/><strong>Pa\u00eds: <\/strong>Reino Unido<br \/><strong>N\u00famero de solicitud: <\/strong>14835701.5<br \/><strong>Titulo: <\/strong>METHOD FOR INCREASING THE PRODUCTION OF FLOWERS, SEEDS AND\/OR FRUIT OF A PLANT<br \/><strong>Situaci\u00f3n: <\/strong>Concedida<br \/><strong>Pa\u00eds: <\/strong>Grecia<br \/><strong>N\u00famero de solicitud: <\/strong>14835701.5<br \/><strong>Titulo: <\/strong>METHOD FOR INCREASING THE PRODUCTION OF FLOWERS, SEEDS AND\/OR FRUIT OF A PLANT<br \/><strong>Situaci\u00f3n: <\/strong>Concedida<br \/><strong>Pa\u00eds: <\/strong>Ruman\u00eda<br \/><strong>N\u00famero de solicitud: <\/strong>14835701.5<br \/><strong>Titulo: <\/strong>METHOD FOR INCREASING THE PRODUCTION OF FLOWERS, SEEDS AND\/OR FRUIT OF A PLANT<br \/><strong>Situaci\u00f3n: <\/strong>Concedida<br \/><strong>Pa\u00eds: <\/strong>Polonia<br \/><strong>N\u00famero de solicitud: <\/strong>14835701.5<br \/><strong>Titulo: <\/strong>METHOD FOR INCREASING THE PRODUCTION OF FLOWERS, SEEDS AND\/OR FRUIT OF A PLANT<br \/><strong>Situaci\u00f3n: <\/strong>Concedida<br \/><strong>Pa\u00eds: <\/strong>Turqu\u00eda<br \/><strong>N\u00famero de solicitud: <\/strong>14835701.5<br \/><strong>Titulo: <\/strong>METHOD FOR INCREASING THE PRODUCTION OF FLOWERS, SEEDS AND\/OR FRUIT OF A PLANT<br \/><strong>Situaci\u00f3n: <\/strong>Concedida<br \/><strong>Pa\u00eds: <\/strong>Hungr\u00eda<br \/><strong>N\u00famero de solicitud: <\/strong>14835701.5<br \/><strong>Titulo: <\/strong>METHOD FOR INCREASING THE PRODUCTION OF FLOWERS, SEEDS AND\/OR FRUIT OF A PLANT<br \/><strong>Situaci\u00f3n: <\/strong>Concedida<br \/><strong>Pa\u00eds: <\/strong>Italia<br \/><strong>N\u00famero de solicitud: <\/strong>14835701.5<br \/><strong>Titulo: <\/strong>METHOD FOR INCREASING THE PRODUCTION OF FLOWERS, SEEDS AND\/OR FRUIT OF A PLANT<br \/><strong>Situaci\u00f3n: <\/strong>Concedida<br \/><strong>Pa\u00eds: <\/strong>B\u00e9lgica<br \/><strong>N\u00famero de solicitud: <\/strong>14835701.5<br \/><strong>Titulo: <\/strong>METHOD FOR INCREASING THE PRODUCTION OF FLOWERS, SEEDS AND\/OR FRUIT OF A PLANT<br \/><strong>Situaci\u00f3n: <\/strong>Concedida<br \/><strong>Pa\u00eds: <\/strong>Holanda<br \/><strong>N\u00famero de solicitud: <\/strong>14835701.5<br \/><strong>Titulo: <\/strong>METHOD FOR INCREASING THE PRODUCTION OF FLOWERS, SEEDS AND\/OR FRUIT OF A PLANT<br \/><strong>Situaci\u00f3n: <\/strong>Concedida<br \/><strong>Pa\u00eds: <\/strong>Portugal<br \/><strong>N\u00famero de solicitud: <\/strong>14835701.5<br \/><strong>Titulo: <\/strong>METHOD FOR INCREASING THE PRODUCTION OF FLOWERS, SEEDS AND\/OR FRUIT OF A PLANT<br \/><strong>Situaci\u00f3n: <\/strong>Concedida<br \/><strong>Pa\u00eds: <\/strong>Rep\u00fablica Checa<br \/><strong>N\u00famero de solicitud: <\/strong>14835701.5<br \/><strong>Titulo: <\/strong>METHOD FOR INCREASING THE PRODUCTION OF FLOWERS, SEEDS AND\/OR FRUIT OF A PLANT<br \/><strong>Situaci\u00f3n: <\/strong>Concedida<\/p>\n<div class=\"pdfprnt-buttons pdfprnt-buttons-product pdfprnt-bottom-left\"><a href=\"https:\/\/www.upm.es\/recursosidi\/wp-json\/wp\/v2\/product\/8656?print=pdf\" class=\"pdfprnt-button pdfprnt-button-pdf\" target=\"_blank\"><span class=\"pdfprnt-button-title pdfprnt-button-pdf-title\">Descargar ficha<\/span><\/a><\/div>","protected":false},"excerpt":{"rendered":"<p>Descripci\u00f3n de la patente M\u00e9todo para incrementar la producci\u00f3n de flores, semillas y\/o frutos en una planta, que comprende la etapa de poner en contacto&hellip;<\/p>\n","protected":false},"featured_media":0,"template":"","meta":{"_acf_changed":false},"product_cat":[3946],"product_tag":[],"comunidades-upm":[],"quien":[],"mapa":[],"disponibilidad":[],"donde":[{"term_id":252,"name":"Centro de Biotecnolog\u00eda y Gen\u00f3mica de Plantas (CBGP)","slug":"centro-de-biotecnologia-y-genomica-de-plantas-cbgp","term_group":0,"term_taxonomy_id":252,"taxonomy":"donde","description":"","parent":0,"count":19,"filter":"raw","term_order":"0"},{"term_id":298,"name":"Patolog\u00eda Vegetal","slug":"patologia-vegetal","term_group":0,"term_taxonomy_id":298,"taxonomy":"donde","description":"","parent":0,"count":2,"filter":"raw","term_order":"0"}],"infraestructura":[],"ods":[],"origen":[{"term_id":180,"name":"Patente","slug":"patente","term_group":0,"term_taxonomy_id":180,"taxonomy":"origen","description":"","parent":0,"count":614,"filter":"raw","term_order":"0"}],"familia_tax":false,"quien_tax":false,"donde_tax":false,"year":"","contacto":"<strong>Principales: <\/strong><ul><li>ANGELA ALONSO GONZALEZ <blockquote><strong>angela.alonso@upm.es<\/strong><\/blockquote><\/li><li>SOLEDAD SACRISTAN BENAYAS <blockquote><strong>soledad.sacristan@upm.es<\/strong><\/blockquote><\/li><\/ul><strong>Otros inventores UPM: <\/strong><ul><li>Evelin Elizeth Cueva Gonz\u00e1lez<\/li><\/ul>","telefono":"","pagina_web":"","email":"","id_ficha_portal":"812","video":"","adjuntos":false,"adjuntos_portal":"https:\/\/www.upm.es\/S2i\/Acuse\/recuperarArchivo.jsp?id=812&id_archivo=2401&tipo=patente&extension=fichero ","inf":false,"departamento":"","acf":[],"lang":"es","translation":{"es":8656},"_links":{"self":[{"href":"https:\/\/www.upm.es\/recursosidi\/wp-json\/wp\/v2\/product\/8656"}],"collection":[{"href":"https:\/\/www.upm.es\/recursosidi\/wp-json\/wp\/v2\/product"}],"about":[{"href":"https:\/\/www.upm.es\/recursosidi\/wp-json\/wp\/v2\/types\/product"}],"wp:attachment":[{"href":"https:\/\/www.upm.es\/recursosidi\/wp-json\/wp\/v2\/media?parent=8656"}],"wp:term":[{"taxonomy":"product_cat","embeddable":true,"href":"https:\/\/www.upm.es\/recursosidi\/wp-json\/wp\/v2\/product_cat?post=8656"},{"taxonomy":"product_tag","embeddable":true,"href":"https:\/\/www.upm.es\/recursosidi\/wp-json\/wp\/v2\/product_tag?post=8656"},{"taxonomy":"comunidad_upm","embeddable":true,"href":"https:\/\/www.upm.es\/recursosidi\/wp-json\/wp\/v2\/comunidades-upm?post=8656"},{"taxonomy":"quien","embeddable":true,"href":"https:\/\/www.upm.es\/recursosidi\/wp-json\/wp\/v2\/quien?post=8656"},{"taxonomy":"mapa","embeddable":true,"href":"https:\/\/www.upm.es\/recursosidi\/wp-json\/wp\/v2\/mapa?post=8656"},{"taxonomy":"disponibilidad","embeddable":true,"href":"https:\/\/www.upm.es\/recursosidi\/wp-json\/wp\/v2\/disponibilidad?post=8656"},{"taxonomy":"donde","embeddable":true,"href":"https:\/\/www.upm.es\/recursosidi\/wp-json\/wp\/v2\/donde?post=8656"},{"taxonomy":"infraestructura","embeddable":true,"href":"https:\/\/www.upm.es\/recursosidi\/wp-json\/wp\/v2\/infraestructura?post=8656"},{"taxonomy":"ods","embeddable":true,"href":"https:\/\/www.upm.es\/recursosidi\/wp-json\/wp\/v2\/ods?post=8656"},{"taxonomy":"origen","embeddable":true,"href":"https:\/\/www.upm.es\/recursosidi\/wp-json\/wp\/v2\/origen?post=8656"}],"curies":[{"name":"wp","href":"https:\/\/api.w.org\/{rel}","templated":true}]}}