{"id":8660,"date":"2021-11-25T14:16:41","date_gmt":"2021-11-25T13:16:41","guid":{"rendered":"https:\/\/www.upm.es\/recursosidi\/offers-resources\/sin%20categor\u00eda\/dispositivo-de-enlace-entre-micropilotes-y-zapata-existente-para-recalce-de-edificios\/"},"modified":"2022-08-10T02:15:43","modified_gmt":"2022-08-10T00:15:43","slug":"dispositivo-de-enlace-entre-micropilotes-y-zapata-existente-para-recalce-de-edificios","status":"publish","type":"product","link":"https:\/\/www.upm.es\/recursosidi\/offers-resources\/patentes\/dispositivo-de-enlace-entre-micropilotes-y-zapata-existente-para-recalce-de-edificios\/","title":{"rendered":"Dispositivo de enlace entre micropilotes y zapata existente para recalce de edificios"},"content":{"rendered":"<h5>Descripci\u00f3n de la patente <\/h5>\n<p>Dispositivo de enlace entre cimentaciones a recalzar y micropilotes, ambos de cualquier material. Con \u00e9l se mejora la uni\u00f3n entre ambos elementos, confiada habitualmente al simple rozamiento entre superficies de ambos materiales. <\/p>\n<h5>Situaci\u00f3n <\/h5>\n<p>Concedida<\/p>\n<h5>N\u00famero de solicitud<\/h5>\n<p>P201431661<\/p>\n<h5>N\u00famero de publicaci\u00f3n<\/h5>\n<p>ES2570029<\/p>\n<h5>Fecha de presentaci\u00f3n <\/h5>\n<p>13\/11\/2014<\/p>\n<h5>Fecha de publicaci\u00f3n <\/h5>\n<p>13\/05\/2016<\/p>\n<h5>Fecha de concesi\u00f3n <\/h5>\n<p>03\/05\/2017<\/p>\n<div class=\"pdfprnt-buttons pdfprnt-buttons-product pdfprnt-bottom-left\"><a href=\"https:\/\/www.upm.es\/recursosidi\/wp-json\/wp\/v2\/product\/8660?print=pdf\" class=\"pdfprnt-button pdfprnt-button-pdf\" target=\"_blank\"><span class=\"pdfprnt-button-title pdfprnt-button-pdf-title\">Descargar ficha<\/span><\/a><\/div>","protected":false},"excerpt":{"rendered":"<p>Descripci\u00f3n de la patente Dispositivo de enlace entre cimentaciones a recalzar y micropilotes, ambos de cualquier material. Con \u00e9l se mejora la uni\u00f3n entre ambos&hellip;<\/p>\n","protected":false},"featured_media":0,"template":"","meta":{"_acf_changed":false},"product_cat":[3946],"product_tag":[],"comunidades-upm":[],"quien":[],"mapa":[],"disponibilidad":[],"donde":[{"term_id":548,"name":"Grupo de Investigaci\u00f3n en Ingenier\u00eda Mar\u00edtima y Portuaria","slug":"grupo-de-investigacion-en-ingenieria-maritima-y-portuaria","term_group":0,"term_taxonomy_id":548,"taxonomy":"donde","description":"","parent":0,"count":16,"filter":"raw","term_order":"0"},{"term_id":3423,"name":"Monitorizaci\u00f3n e Innovaci\u00f3n Tecnol\u00f3gica en Edificaci\u00f3n (MITE)","slug":"monitorizacion-e-innovacion-tecnologica-en-edificacion-mite","term_group":0,"term_taxonomy_id":3423,"taxonomy":"donde","description":"","parent":0,"count":26,"filter":"raw","term_order":"0"}],"infraestructura":[],"ods":[],"origen":[{"term_id":180,"name":"Patente","slug":"patente","term_group":0,"term_taxonomy_id":180,"taxonomy":"origen","description":"","parent":0,"count":614,"filter":"raw","term_order":"0"}],"familia_tax":false,"quien_tax":false,"donde_tax":false,"year":"","contacto":"<strong>Principales: <\/strong><ul><li>TOMAS GIL LOPEZ <blockquote><strong>tomas.gill@upm.es<\/strong><\/blockquote><\/li><li>VALENTINA SIEGFRIED VILLAR <blockquote><strong>v.siegfried@alumnos.upm.es<\/strong><\/blockquote><\/li><li>FIDEL CARRASCO ANDRES <blockquote><strong>fidel.carrasco@upm.es<\/strong><\/blockquote><\/li><li>MARIA AMPARO VERDU VAZQUEZ <blockquote><strong>amparo.verdu@upm.es<\/strong><\/blockquote><\/li><\/ul>","telefono":"","pagina_web":"","email":"","id_ficha_portal":"929","video":"","adjuntos":false,"adjuntos_portal":"https:\/\/www.upm.es\/S2i\/Acuse\/recuperarArchivo.jsp?id=929&id_archivo=7994&tipo=patente&extension=fichero ","inf":false,"departamento":"","acf":[],"lang":"es","translation":{"es":8660},"_links":{"self":[{"href":"https:\/\/www.upm.es\/recursosidi\/wp-json\/wp\/v2\/product\/8660"}],"collection":[{"href":"https:\/\/www.upm.es\/recursosidi\/wp-json\/wp\/v2\/product"}],"about":[{"href":"https:\/\/www.upm.es\/recursosidi\/wp-json\/wp\/v2\/types\/product"}],"wp:attachment":[{"href":"https:\/\/www.upm.es\/recursosidi\/wp-json\/wp\/v2\/media?parent=8660"}],"wp:term":[{"taxonomy":"product_cat","embeddable":true,"href":"https:\/\/www.upm.es\/recursosidi\/wp-json\/wp\/v2\/product_cat?post=8660"},{"taxonomy":"product_tag","embeddable":true,"href":"https:\/\/www.upm.es\/recursosidi\/wp-json\/wp\/v2\/product_tag?post=8660"},{"taxonomy":"comunidad_upm","embeddable":true,"href":"https:\/\/www.upm.es\/recursosidi\/wp-json\/wp\/v2\/comunidades-upm?post=8660"},{"taxonomy":"quien","embeddable":true,"href":"https:\/\/www.upm.es\/recursosidi\/wp-json\/wp\/v2\/quien?post=8660"},{"taxonomy":"mapa","embeddable":true,"href":"https:\/\/www.upm.es\/recursosidi\/wp-json\/wp\/v2\/mapa?post=8660"},{"taxonomy":"disponibilidad","embeddable":true,"href":"https:\/\/www.upm.es\/recursosidi\/wp-json\/wp\/v2\/disponibilidad?post=8660"},{"taxonomy":"donde","embeddable":true,"href":"https:\/\/www.upm.es\/recursosidi\/wp-json\/wp\/v2\/donde?post=8660"},{"taxonomy":"infraestructura","embeddable":true,"href":"https:\/\/www.upm.es\/recursosidi\/wp-json\/wp\/v2\/infraestructura?post=8660"},{"taxonomy":"ods","embeddable":true,"href":"https:\/\/www.upm.es\/recursosidi\/wp-json\/wp\/v2\/ods?post=8660"},{"taxonomy":"origen","embeddable":true,"href":"https:\/\/www.upm.es\/recursosidi\/wp-json\/wp\/v2\/origen?post=8660"}],"curies":[{"name":"wp","href":"https:\/\/api.w.org\/{rel}","templated":true}]}}