{"id":8661,"date":"2021-11-25T14:16:44","date_gmt":"2021-11-25T13:16:44","guid":{"rendered":"https:\/\/www.upm.es\/recursosidi\/offers-resources\/sin%20categor\u00eda\/metodo-y-sistema-direccional-de-deteccion-de-defectos-a-tierra-en-redes-de-corriente-continua-de-cables-aislados\/"},"modified":"2022-08-10T02:15:46","modified_gmt":"2022-08-10T00:15:46","slug":"metodo-y-sistema-direccional-de-deteccion-de-defectos-a-tierra-en-redes-de-corriente-continua-de-cables-aislados","status":"publish","type":"product","link":"https:\/\/www.upm.es\/recursosidi\/offers-resources\/patentes\/metodo-y-sistema-direccional-de-deteccion-de-defectos-a-tierra-en-redes-de-corriente-continua-de-cables-aislados\/","title":{"rendered":"M\u00e9todo y sistema direccional de detecci\u00f3n de defectos a tierra en redes de corriente continua de cables aislados"},"content":{"rendered":"<h5>Descripci\u00f3n de la patente <\/h5>\n<p>M\u00e9todo y Sistema de detecci\u00f3n de defectos a tierra para redes de cables corriente continua<br \/>\nque comprende al menos una pantalla de puesta a tierra en un cable, un equipo de medida de corriente que circula por la pantalla y que obtiene una se\u00f1al de medida de intensidad, un dispositivo analizador de la se\u00f1al de medida y una<br \/>\nse\u00f1al de ajuste de la intensidad que circula por la pantalla, que a su vez comprende: medios para obtener un valor de polaridad de intensidad y un valor de intensidad de la se\u00f1al de medida; un divisor que compara la intensidad de la se\u00f1al de medida de intensidad con la se\u00f1al de ajuste; un comparador que compara la polaridad de intensidad con un signo de polaridad definido previamente; medios para generar una se\u00f1al de disparo, que indica un defecto en el cable, a partir de las se\u00f1ales de salida del divisor y del comparador.<\/p>\n<h5>Situaci\u00f3n <\/h5>\n<p>Concedida<\/p>\n<h5>N\u00famero de solicitud<\/h5>\n<p>P201431916<\/p>\n<h5>N\u00famero de publicaci\u00f3n<\/h5>\n<p>ES2537131<\/p>\n<h5>Fecha de presentaci\u00f3n <\/h5>\n<p>23\/12\/2014<\/p>\n<h5>Fecha de publicaci\u00f3n <\/h5>\n<p>02\/06\/2015<\/p>\n<h5>Fecha de concesi\u00f3n <\/h5>\n<p>30\/09\/2016<\/p>\n<div class=\"pdfprnt-buttons pdfprnt-buttons-product pdfprnt-bottom-left\"><a href=\"https:\/\/www.upm.es\/recursosidi\/wp-json\/wp\/v2\/product\/8661?print=pdf\" class=\"pdfprnt-button pdfprnt-button-pdf\" target=\"_blank\"><span class=\"pdfprnt-button-title pdfprnt-button-pdf-title\">Descargar ficha<\/span><\/a><\/div>","protected":false},"excerpt":{"rendered":"<p>Descripci\u00f3n de la patente M\u00e9todo y Sistema de detecci\u00f3n de defectos a tierra para redes de cables corriente continua que comprende al menos una pantalla&hellip;<\/p>\n","protected":false},"featured_media":0,"template":"","meta":{"_acf_changed":false},"product_cat":[3946],"product_tag":[],"comunidades-upm":[],"quien":[],"mapa":[],"disponibilidad":[],"donde":[{"term_id":374,"name":"Generaci\u00f3n el\u00e9ctrica con energ\u00eda e\u00f3lica","slug":"generacion-electrica-con-energia-eolica","term_group":0,"term_taxonomy_id":374,"taxonomy":"donde","description":"","parent":0,"count":70,"filter":"raw","term_order":"0"},{"term_id":656,"name":"Redes e instalaciones de baja y alta tensi\u00f3n","slug":"redes-e-instalaciones-de-baja-y-alta-tension","term_group":0,"term_taxonomy_id":656,"taxonomy":"donde","description":"","parent":0,"count":16,"filter":"raw","term_order":"0"}],"infraestructura":[],"ods":[],"origen":[{"term_id":180,"name":"Patente","slug":"patente","term_group":0,"term_taxonomy_id":180,"taxonomy":"origen","description":"","parent":0,"count":614,"filter":"raw","term_order":"0"}],"familia_tax":false,"quien_tax":false,"donde_tax":false,"year":"","contacto":"<strong>Principales: <\/strong><ul><li>EMILIO DAVID REBOLLO LOPEZ <blockquote><strong>emilio.rebollo.lopez@upm.es<\/strong><\/blockquote><\/li><li>Francisco Bl\u00e1nquez Delgado <blockquote><strong><\/strong><\/blockquote><\/li><li>RICARDO GRANIZO ARRABE <blockquote><strong>ricardo.granizo@upm.es<\/strong><\/blockquote><\/li><li>CARLOS ANTONIO PLATERO GAONA <blockquote><strong>carlosantonio.platero@upm.es<\/strong><\/blockquote><\/li><\/ul>","telefono":"","pagina_web":"","email":"","id_ficha_portal":"955","video":"","adjuntos":false,"adjuntos_portal":"https:\/\/www.upm.es\/S2i\/Acuse\/recuperarArchivo.jsp?id=955&id_archivo=6821&tipo=patente&extension=fichero ","inf":false,"departamento":"","acf":[],"lang":"es","translation":{"es":8661},"_links":{"self":[{"href":"https:\/\/www.upm.es\/recursosidi\/wp-json\/wp\/v2\/product\/8661"}],"collection":[{"href":"https:\/\/www.upm.es\/recursosidi\/wp-json\/wp\/v2\/product"}],"about":[{"href":"https:\/\/www.upm.es\/recursosidi\/wp-json\/wp\/v2\/types\/product"}],"wp:attachment":[{"href":"https:\/\/www.upm.es\/recursosidi\/wp-json\/wp\/v2\/media?parent=8661"}],"wp:term":[{"taxonomy":"product_cat","embeddable":true,"href":"https:\/\/www.upm.es\/recursosidi\/wp-json\/wp\/v2\/product_cat?post=8661"},{"taxonomy":"product_tag","embeddable":true,"href":"https:\/\/www.upm.es\/recursosidi\/wp-json\/wp\/v2\/product_tag?post=8661"},{"taxonomy":"comunidad_upm","embeddable":true,"href":"https:\/\/www.upm.es\/recursosidi\/wp-json\/wp\/v2\/comunidades-upm?post=8661"},{"taxonomy":"quien","embeddable":true,"href":"https:\/\/www.upm.es\/recursosidi\/wp-json\/wp\/v2\/quien?post=8661"},{"taxonomy":"mapa","embeddable":true,"href":"https:\/\/www.upm.es\/recursosidi\/wp-json\/wp\/v2\/mapa?post=8661"},{"taxonomy":"disponibilidad","embeddable":true,"href":"https:\/\/www.upm.es\/recursosidi\/wp-json\/wp\/v2\/disponibilidad?post=8661"},{"taxonomy":"donde","embeddable":true,"href":"https:\/\/www.upm.es\/recursosidi\/wp-json\/wp\/v2\/donde?post=8661"},{"taxonomy":"infraestructura","embeddable":true,"href":"https:\/\/www.upm.es\/recursosidi\/wp-json\/wp\/v2\/infraestructura?post=8661"},{"taxonomy":"ods","embeddable":true,"href":"https:\/\/www.upm.es\/recursosidi\/wp-json\/wp\/v2\/ods?post=8661"},{"taxonomy":"origen","embeddable":true,"href":"https:\/\/www.upm.es\/recursosidi\/wp-json\/wp\/v2\/origen?post=8661"}],"curies":[{"name":"wp","href":"https:\/\/api.w.org\/{rel}","templated":true}]}}