{"id":8662,"date":"2021-11-25T14:16:47","date_gmt":"2021-11-25T13:16:47","guid":{"rendered":"https:\/\/www.upm.es\/recursosidi\/offers-resources\/sin categor\u00eda\/metodo-para-amplificar-la-deteccion-de-dianas-en-una-matriz-de-cristal-liquido-alineado\/"},"modified":"2022-08-10T02:15:49","modified_gmt":"2022-08-10T00:15:49","slug":"metodo-para-amplificar-la-deteccion-de-dianas-en-una-matriz-de-cristal-liquido-alineado","status":"publish","type":"product","link":"https:\/\/www.upm.es\/recursosidi\/offers-resources\/patentes\/metodo-para-amplificar-la-deteccion-de-dianas-en-una-matriz-de-cristal-liquido-alineado\/","title":{"rendered":"M\u00e9todo para amplificar la detecci\u00f3n de dianas en una matriz de cristal l\u00edquido alineado"},"content":{"rendered":"<h5>Descripci\u00f3n de la patente <\/h5>\n<p>La presente invenci\u00f3n se refiere a un m\u00e9todo para amplificar la detecci\u00f3n de dianas en una<br \/>\nmatriz de cristal l\u00edquido alineado y a un dispositivo para la detecci\u00f3n amplificada de dianas que comprende: uno o m\u00e1s elementos de uni\u00f3n con la capacidad de formar un complejo con<br \/>\nuna diana, cristal l\u00edquido, y medios de polarizaci\u00f3n configurados para visualizar el<br \/>\nalineamiento del cristal l\u00edquido.<\/p>\n<h5>Situaci\u00f3n <\/h5>\n<p>Concedida<\/p>\n<h5>N\u00famero de solicitud<\/h5>\n<p>P201430918<\/p>\n<h5>N\u00famero de publicaci\u00f3n<\/h5>\n<p>ES 2499790_A1<\/p>\n<h5>Fecha de presentaci\u00f3n <\/h5>\n<p>17\/06\/2014<\/p>\n<h5>Fecha de publicaci\u00f3n <\/h5>\n<p>29\/09\/2014<\/p>\n<h5>Fecha de concesi\u00f3n <\/h5>\n<p>13\/07\/2015<\/p>\n<div class=\"pdfprnt-buttons pdfprnt-buttons-product pdfprnt-bottom-left\"><a href=\"https:\/\/www.upm.es\/recursosidi\/wp-json\/wp\/v2\/product\/8662?print=pdf\" class=\"pdfprnt-button pdfprnt-button-pdf\" target=\"_blank\"><span class=\"pdfprnt-button-title pdfprnt-button-pdf-title\">Descargar ficha<\/span><\/a><\/div>","protected":false},"excerpt":{"rendered":"<p>Descripci\u00f3n de la patente La presente invenci\u00f3n se refiere a un m\u00e9todo para amplificar la detecci\u00f3n de dianas en una matriz de cristal l\u00edquido alineado&hellip;<\/p>\n","protected":false},"featured_media":0,"template":"","meta":{"_acf_changed":false},"product_cat":[3946],"product_tag":[],"comunidades-upm":[],"quien":[],"mapa":[],"disponibilidad":[],"donde":[{"term_id":590,"name":"Centro de Materiales y Dispositivos Avanzados para Tecnolog\u00edas de Informaci\u00f3n y Comunicaciones (CEMDATIC)","slug":"centro-de-materiales-y-dispositivos-avanzados-para-tecnologias-de-informacion-y-comunicaciones-cemdatic","term_group":0,"term_taxonomy_id":590,"taxonomy":"donde","description":"","parent":0,"count":20,"filter":"raw","term_order":"0"},{"term_id":472,"name":"Grupo de Fot\u00f3nica Aplicada","slug":"grupo-de-fotonica-aplicada","term_group":0,"term_taxonomy_id":472,"taxonomy":"donde","description":"Las actividades del GFA se centran en la fabricaci&oacute;n y caracterizaci&oacute;n de dispositivos de Cristal L&iacute;quido y dispositivos emisivos org&aacute;nicos basados en OLEDs y PLEDs as&iacute; como en el estudio y caracterizaci&oacute;n de l&aacute;seres de semiconductor.\n&nbsp;\nLas&nbsp; <strong>l&iacute;neas de investigaci&oacute;n <\/strong>de nuestro grupo son:\n\nDispositivos de cristal l&iacute;quido. Fabricamos y caracterizamos dispositivos basados en cristales l&iacute;quidos nem&aacute;ticos, polim&eacute;ricos y liotr&oacute;picos con aplicaciones a dispositivos de seguridad documental, gu&iacute;as de onda activas y biosensores para detecci&oacute;n de pat&oacute;genos en &aacute;reas de salud y alimentaci&oacute;n\nRedes de fase &oacute;pticas para conmutaci&oacute;n y encaminamiento de haces luminosos. A destacar deflectores de haces l&aacute;ser 1D y 2D sin partes m&oacute;viles para uso en sat&eacute;lites.&nbsp;\nDispositivos OLED. Investigamos sobre nuevos materiales base u dopantes, algunos de ellos cristales l&iacute;quidos electroluminiscentes\nModelado y caracterizaci&oacute;n de diodos l&aacute;ser. Dispositivos de potencia para aplicaciones LIDAR y l&aacute;seres de bombeo.\n","parent":0,"count":12,"filter":"raw","term_order":"0"}],"infraestructura":[],"ods":[],"origen":[{"term_id":180,"name":"Patente","slug":"patente","term_group":0,"term_taxonomy_id":180,"taxonomy":"origen","description":"","parent":0,"count":614,"filter":"raw","term_order":"0"}],"familia_tax":false,"quien_tax":false,"donde_tax":false,"year":"","contacto":"<strong>Principales: <\/strong><ul><li>JOSE MANUEL OTON SANCHEZ <blockquote><strong>jm.oton@upm.es<\/strong><\/blockquote><\/li><li>MORTEN ANDREAS GEDAY  <blockquote><strong>morten.geday@upm.es<\/strong><\/blockquote><\/li><li>EVA OT\u00d3N MART\u00cdNEZ <blockquote><strong>eva.oton@upm.es<\/strong><\/blockquote><\/li><li>JOS\u00c9 MIGUEL ESCOLANO MOYANO <blockquote><strong>josemiguel.escolano@upm.es<\/strong><\/blockquote><\/li><li>PATXI XABIER QUINTANA ARREGUI <blockquote><strong>x.quintana@upm.es<\/strong><\/blockquote><\/li><\/ul>","telefono":"","pagina_web":"","email":"","id_ficha_portal":"876","video":"","adjuntos":false,"adjuntos_portal":"","inf":false,"departamento":"","acf":[],"lang":"es","translation":{"es":8662},"_links":{"self":[{"href":"https:\/\/www.upm.es\/recursosidi\/wp-json\/wp\/v2\/product\/8662"}],"collection":[{"href":"https:\/\/www.upm.es\/recursosidi\/wp-json\/wp\/v2\/product"}],"about":[{"href":"https:\/\/www.upm.es\/recursosidi\/wp-json\/wp\/v2\/types\/product"}],"wp:attachment":[{"href":"https:\/\/www.upm.es\/recursosidi\/wp-json\/wp\/v2\/media?parent=8662"}],"wp:term":[{"taxonomy":"product_cat","embeddable":true,"href":"https:\/\/www.upm.es\/recursosidi\/wp-json\/wp\/v2\/product_cat?post=8662"},{"taxonomy":"product_tag","embeddable":true,"href":"https:\/\/www.upm.es\/recursosidi\/wp-json\/wp\/v2\/product_tag?post=8662"},{"taxonomy":"comunidad_upm","embeddable":true,"href":"https:\/\/www.upm.es\/recursosidi\/wp-json\/wp\/v2\/comunidades-upm?post=8662"},{"taxonomy":"quien","embeddable":true,"href":"https:\/\/www.upm.es\/recursosidi\/wp-json\/wp\/v2\/quien?post=8662"},{"taxonomy":"mapa","embeddable":true,"href":"https:\/\/www.upm.es\/recursosidi\/wp-json\/wp\/v2\/mapa?post=8662"},{"taxonomy":"disponibilidad","embeddable":true,"href":"https:\/\/www.upm.es\/recursosidi\/wp-json\/wp\/v2\/disponibilidad?post=8662"},{"taxonomy":"donde","embeddable":true,"href":"https:\/\/www.upm.es\/recursosidi\/wp-json\/wp\/v2\/donde?post=8662"},{"taxonomy":"infraestructura","embeddable":true,"href":"https:\/\/www.upm.es\/recursosidi\/wp-json\/wp\/v2\/infraestructura?post=8662"},{"taxonomy":"ods","embeddable":true,"href":"https:\/\/www.upm.es\/recursosidi\/wp-json\/wp\/v2\/ods?post=8662"},{"taxonomy":"origen","embeddable":true,"href":"https:\/\/www.upm.es\/recursosidi\/wp-json\/wp\/v2\/origen?post=8662"}],"curies":[{"name":"wp","href":"https:\/\/api.w.org\/{rel}","templated":true}]}}