{"id":8664,"date":"2021-11-25T14:16:52","date_gmt":"2021-11-25T13:16:52","guid":{"rendered":"https:\/\/www.upm.es\/recursosidi\/offers-resources\/sin categor\u00eda\/sistema-de-supervision-para-deteccion-de-cortocircuito-de-un-elemento-de-maniobra-de-un-sistema-de-desexcitacion-rapida-para-maquinas-sincronas-con-excitacion-indirecta\/"},"modified":"2022-08-10T02:15:55","modified_gmt":"2022-08-10T00:15:55","slug":"sistema-de-supervision-para-deteccion-de-cortocircuito-de-un-elemento-de-maniobra-de-un-sistema-de-desexcitacion-rapida-para-maquinas-sincronas-con-excitacion-indirecta","status":"publish","type":"product","link":"https:\/\/www.upm.es\/recursosidi\/offers-resources\/patentes\/sistema-de-supervision-para-deteccion-de-cortocircuito-de-un-elemento-de-maniobra-de-un-sistema-de-desexcitacion-rapida-para-maquinas-sincronas-con-excitacion-indirecta\/","title":{"rendered":"Sistema de supervisi\u00f3n para detecci\u00f3n de cortocircuito de un elemento de maniobra de un sistema de desexcitaci\u00f3n r\u00e1pida para m\u00e1quinas s\u00edncronas con excitaci\u00f3n indirecta"},"content":{"rendered":"<h5>Descripci\u00f3n de la patente <\/h5>\n<p>Sistema de supervisi\u00f3n para detecci\u00f3n de cortocircuito de un elemento de maniobra de un sistema de desexcitaci\u00f3n r\u00e1pida para m\u00e1quinas s\u00edncronas con excitaci\u00f3n indirecta.<br \/>\nSistema de supervisi\u00f3n para detecci\u00f3n de cortocircuito de un elemento de maniobra de un sistema de desexcitaci\u00f3n r\u00e1pida para m\u00e1quinas s\u00edncronas con excitaci\u00f3n indirecta (1) a trav\u00e9s de una m\u00e1quina excitatriz (2) y puente rectificador giratorio<br \/>\n(8), caracterizado porque comprende:<br \/>\n&#8211; un subsistema de medida de la evoluci\u00f3n de la<br \/>\ntensi\u00f3n estat\u00f3rica (13) de la m\u00e1quina s\u00edncrona (1);<br \/>\n&#8211; un subsistema de procesado de datos para la<br \/>\nobtenci\u00f3n del tiempo de desexcitaci\u00f3n (17) a partir de<br \/>\nde la evoluci\u00f3n de la tensi\u00f3n estat\u00f3rica;<br \/>\n&#8211; un subsistema que compara el tiempo obtenido con<br \/>\nun tiempo umbral ajustable mediante un sistema de<br \/>\ncomparaci\u00f3n de tiempo (20) de forma que:<br \/>\n&#8211; en caso de funcionamiento correcto del sistema y\/o<br \/>\ndel elemento de maniobra, el tiempo obtenido es<br \/>\nmenor que el tiempo ajustado previamente;<br \/>\n&#8211; en caso de funcionamiento incorrecto del sistema<br \/>\ny\/o del elemento de maniobra, el tiempo obtenido es<br \/>\nmayor al tiempo ajustado previamente.<\/p>\n<h5>Situaci\u00f3n <\/h5>\n<p>Concedida<\/p>\n<h5>N\u00famero de solicitud<\/h5>\n<p>P201431210<\/p>\n<h5>N\u00famero de publicaci\u00f3n<\/h5>\n<p>ES2534811<\/p>\n<h5>Fecha de presentaci\u00f3n <\/h5>\n<p>07\/08\/2014<\/p>\n<h5>Fecha de publicaci\u00f3n <\/h5>\n<p>28\/04\/2015<\/p>\n<h5>Fecha de concesi\u00f3n <\/h5>\n<p>27\/01\/2017<\/p>\n<div class=\"pdfprnt-buttons pdfprnt-buttons-product pdfprnt-bottom-left\"><a href=\"https:\/\/www.upm.es\/recursosidi\/wp-json\/wp\/v2\/product\/8664?print=pdf\" class=\"pdfprnt-button pdfprnt-button-pdf\" target=\"_blank\"><span class=\"pdfprnt-button-title pdfprnt-button-pdf-title\">Descargar ficha<\/span><\/a><\/div>","protected":false},"excerpt":{"rendered":"<p>Descripci\u00f3n de la patente Sistema de supervisi\u00f3n para detecci\u00f3n de cortocircuito de un elemento de maniobra de un sistema de desexcitaci\u00f3n r\u00e1pida para m\u00e1quinas s\u00edncronas&hellip;<\/p>\n","protected":false},"featured_media":0,"template":"","meta":{"_acf_changed":false},"product_cat":[3946],"product_tag":[],"comunidades-upm":[],"quien":[],"mapa":[],"disponibilidad":[],"donde":[{"term_id":374,"name":"Generaci\u00f3n el\u00e9ctrica con energ\u00eda e\u00f3lica","slug":"generacion-electrica-con-energia-eolica","term_group":0,"term_taxonomy_id":374,"taxonomy":"donde","description":"","parent":0,"count":70,"filter":"raw","term_order":"0"}],"infraestructura":[],"ods":[],"origen":[{"term_id":180,"name":"Patente","slug":"patente","term_group":0,"term_taxonomy_id":180,"taxonomy":"origen","description":"","parent":0,"count":614,"filter":"raw","term_order":"0"}],"familia_tax":false,"quien_tax":false,"donde_tax":false,"year":"","contacto":"<strong>Principales: <\/strong><ul><li>FRANCISCO BLAZQUEZ GARCIA <blockquote><strong>francisco.blazquez@upm.es<\/strong><\/blockquote><\/li><li>EMILIO DAVID REBOLLO LOPEZ <blockquote><strong>emilio.rebollo.lopez@upm.es<\/strong><\/blockquote><\/li><li>Francisco Bl\u00e1nquez Delgado <blockquote><strong><\/strong><\/blockquote><\/li><li>CARLOS ANTONIO PLATERO GAONA <blockquote><strong>carlosantonio.platero@upm.es<\/strong><\/blockquote><\/li><\/ul><strong>Otros inventores UPM: <\/strong><ul><li>Francisco Puigmal P\u00e9rez<\/li><\/ul>","telefono":"","pagina_web":"","email":"","id_ficha_portal":"933","video":"","adjuntos":false,"adjuntos_portal":"https:\/\/www.upm.es\/S2i\/Acuse\/recuperarArchivo.jsp?id=933&id_archivo=7319&tipo=patente&extension=fichero ","inf":false,"departamento":"","acf":[],"lang":"es","translation":{"es":8664},"_links":{"self":[{"href":"https:\/\/www.upm.es\/recursosidi\/wp-json\/wp\/v2\/product\/8664"}],"collection":[{"href":"https:\/\/www.upm.es\/recursosidi\/wp-json\/wp\/v2\/product"}],"about":[{"href":"https:\/\/www.upm.es\/recursosidi\/wp-json\/wp\/v2\/types\/product"}],"wp:attachment":[{"href":"https:\/\/www.upm.es\/recursosidi\/wp-json\/wp\/v2\/media?parent=8664"}],"wp:term":[{"taxonomy":"product_cat","embeddable":true,"href":"https:\/\/www.upm.es\/recursosidi\/wp-json\/wp\/v2\/product_cat?post=8664"},{"taxonomy":"product_tag","embeddable":true,"href":"https:\/\/www.upm.es\/recursosidi\/wp-json\/wp\/v2\/product_tag?post=8664"},{"taxonomy":"comunidad_upm","embeddable":true,"href":"https:\/\/www.upm.es\/recursosidi\/wp-json\/wp\/v2\/comunidades-upm?post=8664"},{"taxonomy":"quien","embeddable":true,"href":"https:\/\/www.upm.es\/recursosidi\/wp-json\/wp\/v2\/quien?post=8664"},{"taxonomy":"mapa","embeddable":true,"href":"https:\/\/www.upm.es\/recursosidi\/wp-json\/wp\/v2\/mapa?post=8664"},{"taxonomy":"disponibilidad","embeddable":true,"href":"https:\/\/www.upm.es\/recursosidi\/wp-json\/wp\/v2\/disponibilidad?post=8664"},{"taxonomy":"donde","embeddable":true,"href":"https:\/\/www.upm.es\/recursosidi\/wp-json\/wp\/v2\/donde?post=8664"},{"taxonomy":"infraestructura","embeddable":true,"href":"https:\/\/www.upm.es\/recursosidi\/wp-json\/wp\/v2\/infraestructura?post=8664"},{"taxonomy":"ods","embeddable":true,"href":"https:\/\/www.upm.es\/recursosidi\/wp-json\/wp\/v2\/ods?post=8664"},{"taxonomy":"origen","embeddable":true,"href":"https:\/\/www.upm.es\/recursosidi\/wp-json\/wp\/v2\/origen?post=8664"}],"curies":[{"name":"wp","href":"https:\/\/api.w.org\/{rel}","templated":true}]}}